{"id":8775,"date":"2025-07-01T14:36:19","date_gmt":"2025-07-01T12:36:19","guid":{"rendered":"https:\/\/www.biokari.sk\/produkt\/bioco-kurkuma-extrakt-s-kadidlom-drevo-60ks\/"},"modified":"2026-01-27T08:41:47","modified_gmt":"2026-01-27T07:41:47","slug":"bioco-kurkuma-extrakt-s-kadidlom-drevo-60ks","status":"publish","type":"product","link":"https:\/\/www.biokari.sk\/en\/product\/bioco-kurkuma-extrakt-s-kadidlom-drevo-60ks\/","title":{"rendered":"Bioco kurkuma extrakt s kadidlom drevo 60ks"},"content":{"rendered":"<p data-start=\"140\" data-end=\"244\"><strong data-start=\"140\" data-end=\"155\">Dosage:<\/strong> Adults are recommended to take <strong data-start=\"184\" data-end=\"203\">1 kapsulu denne<\/strong>, zapi\u0165 dostato\u010dn\u00fdm mno\u017estvom tekutiny.<\/p>\n<p data-start=\"246\" data-end=\"551\"><strong data-start=\"246\" data-end=\"271\">Zlo\u017eenie v 1 kapsule:<\/strong><br data-start=\"271\" data-end=\"274\" \/><strong data-start=\"274\" data-end=\"287\">Vitamin C<\/strong> \u2013 80 mg (100 % NRV*)<br data-start=\"308\" data-end=\"311\" \/><strong data-start=\"311\" data-end=\"324\">Vitam\u00edn E<\/strong> \u2013 10 mg (83,3 % NRV*)<br data-start=\"346\" data-end=\"349\" \/><strong data-start=\"349\" data-end=\"384\">Extrakt z kore\u0148a kurkumy (50:1)<\/strong> \u2013 150 mg<br data-start=\"393\" data-end=\"396\" \/><strong data-start=\"396\" data-end=\"442\">Extrakt z kadidlovn\u00edka (Boswellia serrata)<\/strong> \u2013 100 mg, z toho <strong data-start=\"460\" data-end=\"483\">kyselina boswellov\u00e1<\/strong> \u2013 60 mg<br data-start=\"491\" data-end=\"494\" \/>*NRV \u2013 referen\u010dn\u00e1 hodnota denn\u00e9ho pr\u00edjmu pre dospel\u00fdch<\/p>\n<p data-start=\"553\" data-end=\"845\"><strong data-start=\"553\" data-end=\"566\">Composition:<\/strong> extrakt z kore\u0148a kurkumy (50:1) (150 mg\/kapsula); extrakt z kadidlovn\u00edka (100 mg\/kapsula); L-askorbov\u00e1 kyselina (vitam\u00edn C); \u017eelat\u00ednov\u00e1 kapsula; protihrudkuj\u00face l\u00e1tky (mastenca, oxid kremi\u010dit\u00fd); DL-alfa-tokoferyl-acet\u00e1t (vitam\u00edn E); farbiv\u00e1 (uhli\u010ditan v\u00e1penat\u00fd, oxidy \u017eeleza).<\/p>\n<p data-start=\"847\" data-end=\"939\"><strong data-start=\"847\" data-end=\"865\">Contents of the package:<\/strong> 30 g \/ 60 kaps\u00fal (60 kaps\u00fal po 0,5 g)<br data-start=\"903\" data-end=\"906\" \/><strong data-start=\"906\" data-end=\"926\">Ozn\u00e1menie OGY\u00c9I:<\/strong> 27520\/2021<\/p>\n<p data-start=\"941\" data-end=\"1539\"><strong data-start=\"941\" data-end=\"960\">Product Description:<\/strong> Na v\u00fdrobu pr\u00edpravku sa nepou\u017e\u00edva pr\u00e1\u0161kovan\u00fd kore\u0148 kurkumy, ale jeho <strong data-start=\"1029\" data-end=\"1086\">vysoko koncentrovan\u00fd extrakt s 50-n\u00e1sobnou \u00fa\u010dinnos\u0165ou<\/strong>, \u010do znamen\u00e1, \u017ee <strong data-start=\"1103\" data-end=\"1172\">1 kg extraktu z kore\u0148a kurkumy sa vyr\u00e1ba z 50 kg \u010derstv\u00e9ho kore\u0148a<\/strong>. V\u010faka tomu jedna kapsula obsahuje mno\u017estvo \u00fa\u010dinn\u00fdch l\u00e1tok, ktor\u00e9 zodpoved\u00e1 <strong data-start=\"1249\" data-end=\"1288\">7 500 mg (7,5 g) kurkumov\u00e9ho pr\u00e1\u0161ku<\/strong>. Okrem kurkumov\u00e9ho extraktu obsahuje pr\u00edpravok aj <strong data-start=\"1339\" data-end=\"1385\">extrakt z kadidlovn\u00edka (Boswellia serrata)<\/strong>, ktor\u00fd je bohat\u00fdm zdrojom cenn\u00fdch \u00fa\u010dinn\u00fdch l\u00e1tok \u2013 <strong data-start=\"1437\" data-end=\"1461\">kysel\u00edn boswellov\u00fdch<\/strong>, zn\u00e1mych svojimi priazniv\u00fdmi \u00fa\u010dinkami na k\u013aby, svaly a celkov\u00fa pohyblivos\u0165.<\/p>\n<p data-start=\"1541\" data-end=\"1667\"><strong data-start=\"1541\" data-end=\"1557\">Storage:<\/strong> Uchov\u00e1vajte mimo dosahu det\u00ed, v suchu, chr\u00e1nen\u00e9 pred slne\u010dn\u00fdm \u017eiaren\u00edm, pri izbovej teplote <strong data-start=\"1650\" data-end=\"1664\">(15\u201325 \u00b0C)<\/strong>.<\/p>\n<p data-start=\"1669\" data-end=\"1739\"><strong data-start=\"1669\" data-end=\"1695\">Minim\u00e1lna trvanlivos\u0165:<\/strong> d\u00e1tum je uveden\u00fd na spodnej strane obalu.<\/p>\n<p data-start=\"1741\" data-end=\"2265\"><strong data-start=\"1741\" data-end=\"1757\">Warning:<\/strong> Pr\u00edpravok m\u00e1 <strong data-start=\"1771\" data-end=\"1791\">\u017el\u010dopudn\u00e9 \u00fa\u010dinky<\/strong>, preto sa <strong data-start=\"1802\" data-end=\"1855\">neodpor\u00fa\u010da osob\u00e1m s pr\u00edtomnos\u0165ou \u017el\u010dov\u00fdch kame\u0148ov<\/strong>. U os\u00f4b u\u017e\u00edvaj\u00facich <strong data-start=\"1876\" data-end=\"1902\">lieky na riedenie krvi<\/strong> m\u00f4\u017ee zvy\u0161ova\u0165 riziko krv\u00e1cania. <strong data-start=\"1935\" data-end=\"1951\">Tehotn\u00e9 \u017eeny<\/strong> by pr\u00edpravok nemali u\u017e\u00edva\u0165 pre mo\u017en\u00e9 <strong data-start=\"1989\" data-end=\"2024\">stimuluj\u00face \u00fa\u010dinky na maternicu<\/strong>. V\u00fd\u017eivov\u00fd doplnok <strong data-start=\"2043\" data-end=\"2106\">nenahr\u00e1dza pestr\u00fa a vyv\u00e1\u017een\u00fa stravu ani zdrav\u00fd \u017eivotn\u00fd \u0161t\u00fdl<\/strong>. Uchov\u00e1vajte mimo dosahu det\u00ed! <strong data-start=\"2138\" data-end=\"2179\">Do not exceed the recommended daily dose!<\/strong> Neu\u017e\u00edvajte, ak ste <strong data-start=\"2199\" data-end=\"2231\">alergick\u00ed alebo precitliven\u00ed<\/strong> na ktor\u00fako\u013evek zlo\u017eku produktu.<\/p>\n<p data-start=\"2267\" data-end=\"2350\"><strong data-start=\"2267\" data-end=\"2350\">\u201eBioCo\u201c je registrovan\u00fd n\u00e1zov spolo\u010dnosti a neozna\u010duje ekologick\u00fa certifik\u00e1ciu.<\/strong><\/p>","protected":false},"excerpt":{"rendered":"<p>Na v\u00fdrobu pr\u00edpravku sa nepou\u017e\u00edva pr\u00e1\u0161kovan\u00fd kore\u0148 kurkumy, ale jeho vysoko koncentrovan\u00fd extrakt s 50-n\u00e1sobnou \u00fa\u010dinnos\u0165ou, \u010do znamen\u00e1, \u017ee 1 kg extraktu z kore\u0148a kurkumy sa vyr\u00e1ba z 50 kg \u010derstv\u00e9ho kore\u0148a. V\u010faka tomu jedna kapsula obsahuje mno\u017estvo \u00fa\u010dinn\u00fdch l\u00e1tok, ktor\u00e9 zodpoved\u00e1 7 500 mg (7,5 g) kurkumov\u00e9ho pr\u00e1\u0161ku. <a href=\"#tab-description\" class=\"more-link\">Read more<\/a><\/p>","protected":false},"featured_media":10609,"comment_status":"open","ping_status":"closed","template":"","meta":{"inline_featured_image":false},"product_brand":[305],"product_cat":[69,146,19],"product_tag":[311],"class_list":{"0":"post-8775","1":"product","2":"type-product","3":"status-publish","4":"has-post-thumbnail","6":"product_brand-bioco","7":"product_cat-vyzivove-doplnky","8":"product_cat-klby-a-reuma","9":"product_cat-ostatne","10":"product_tag-top-vyzivove-doplnky","12":"first","13":"instock","14":"taxable","15":"shipping-taxable","16":"purchasable","17":"product-type-simple"},"aioseo_notices":[],"_links":{"self":[{"href":"https:\/\/www.biokari.sk\/en\/wp-json\/wp\/v2\/product\/8775","targetHints":{"allow":["GET"]}}],"collection":[{"href":"https:\/\/www.biokari.sk\/en\/wp-json\/wp\/v2\/product"}],"about":[{"href":"https:\/\/www.biokari.sk\/en\/wp-json\/wp\/v2\/types\/product"}],"replies":[{"embeddable":true,"href":"https:\/\/www.biokari.sk\/en\/wp-json\/wp\/v2\/comments?post=8775"}],"wp:featuredmedia":[{"embeddable":true,"href":"https:\/\/www.biokari.sk\/en\/wp-json\/wp\/v2\/media\/10609"}],"wp:attachment":[{"href":"https:\/\/www.biokari.sk\/en\/wp-json\/wp\/v2\/media?parent=8775"}],"wp:term":[{"taxonomy":"product_brand","embeddable":true,"href":"https:\/\/www.biokari.sk\/en\/wp-json\/wp\/v2\/product_brand?post=8775"},{"taxonomy":"product_cat","embeddable":true,"href":"https:\/\/www.biokari.sk\/en\/wp-json\/wp\/v2\/product_cat?post=8775"},{"taxonomy":"product_tag","embeddable":true,"href":"https:\/\/www.biokari.sk\/en\/wp-json\/wp\/v2\/product_tag?post=8775"}],"curies":[{"name":"wp","href":"https:\/\/api.w.org\/{rel}","templated":true}]}}