{"id":8777,"date":"2025-07-01T14:36:20","date_gmt":"2025-07-01T12:36:20","guid":{"rendered":"https:\/\/www.biokari.sk\/produkt\/bioco-organicky-zinok-60ks\/"},"modified":"2026-04-25T19:02:10","modified_gmt":"2026-04-25T17:02:10","slug":"bioco-organicky-zinok-60ks","status":"publish","type":"product","link":"https:\/\/www.biokari.sk\/en\/product\/bioco-organicky-zinok-60ks\/","title":{"rendered":"Bioco Organick\u00fd zinok 60ks"},"content":{"rendered":"<p data-start=\"279\" data-end=\"336\">Balenie: 60 tabliet<\/p>\n<p data-start=\"338\" data-end=\"631\">Zinok je <strong data-start=\"347\" data-end=\"375\">esenci\u00e1lny stopov\u00fd prvok<\/strong>, ktor\u00fd prispieva k <strong data-start=\"395\" data-end=\"438\">spr\u00e1vnemu fungovaniu imunitn\u00e9ho syst\u00e9mu<\/strong>, k <strong data-start=\"442\" data-end=\"483\">ochrane buniek pred oxida\u010dn\u00fdm stresom<\/strong>, k <strong data-start=\"487\" data-end=\"534\">udr\u017eaniu zdrav\u00fdch vlasov, poko\u017eky a nechtov<\/strong> a k <strong data-start=\"539\" data-end=\"564\">spr\u00e1vnemu metabolizmu<\/strong> \u017eiv\u00edn. Podie\u013ea sa aj na spr\u00e1vnej funkcii <strong data-start=\"606\" data-end=\"630\">zraku, chuti a \u010duchu<\/strong>.<\/p>\n<p data-start=\"633\" data-end=\"726\">Produkt obsahuje zinok <strong data-start=\"656\" data-end=\"676\">vo forme citr\u00e1tu<\/strong>, ktor\u00fd je <strong data-start=\"687\" data-end=\"725\">organick\u00e1 a dobre vyu\u017eite\u013en\u00e1 forma<\/strong>.<\/p>\n<p data-start=\"728\" data-end=\"807\"><strong data-start=\"728\" data-end=\"757\">\u00da\u010dinn\u00e9 l\u00e1tky v 1 tablete:<\/strong><br data-start=\"757\" data-end=\"760\" \/>Zinok (ako citr\u00e1t zino\u010dnat\u00fd) 20 mg (200 % NRV*)<\/p>\n<p data-start=\"809\" data-end=\"857\">*NRV \u2013 Referen\u010dn\u00e1 v\u00fd\u017eivov\u00e1 hodnota pre dospel\u00fdch<\/p>\n<p data-start=\"859\" data-end=\"1013\"><strong data-start=\"859\" data-end=\"872\">Composition:<\/strong><br data-start=\"872\" data-end=\"875\" \/>Plnivo: mikrokry\u0161talick\u00e1 celul\u00f3za; maltodextr\u00edn; citr\u00e1t zino\u010dnat\u00fd; protihrudkuj\u00faca l\u00e1tka: oxid kremi\u010dit\u00fd; po\u0165ahov\u00e1 l\u00e1tka: mastn\u00e9 kyseliny.<\/p>\n<p data-start=\"1015\" data-end=\"1094\"><strong data-start=\"1015\" data-end=\"1041\">Recommended dosage:<\/strong><br data-start=\"1041\" data-end=\"1044\" \/>1 tableta denne, zapi\u0165 dostato\u010dn\u00fdm mno\u017estvom vody.<\/p>\n<p data-start=\"1096\" data-end=\"1293\"><strong data-start=\"1096\" data-end=\"1112\">Warnings:<\/strong><br data-start=\"1112\" data-end=\"1115\" \/>Neprekra\u010dova\u0165 odpor\u00fa\u010dan\u00fa denn\u00fa d\u00e1vku.<br data-start=\"1152\" data-end=\"1155\" \/>V\u00fd\u017eivov\u00fd doplnok sa nesmie pou\u017e\u00edva\u0165 ako n\u00e1hrada pestrej, vyv\u00e1\u017eenej stravy a zdrav\u00e9ho \u017eivotn\u00e9ho \u0161t\u00fdlu.<br data-start=\"1256\" data-end=\"1259\" \/>Uchov\u00e1va\u0165 mimo dosahu mal\u00fdch det\u00ed.<\/p>\n<p data-start=\"1295\" data-end=\"1358\"><strong data-start=\"1295\" data-end=\"1311\">Storage:<\/strong><br data-start=\"1311\" data-end=\"1314\" \/>Na suchom a chladnom mieste, dobre uzavret\u00e9.<\/p>","protected":false},"excerpt":{"rendered":"<p>Organick\u00fd zinok BioCo obsahuje iba zinok potrebn\u00fd na udr\u017eanie norm\u00e1lneho stavu vlasov, poko\u017eky a nechtov vo vysokom mno\u017estve 20 mg vo forme organicky viazan\u00e9ho citr\u00e1tu.<\/p>\n<p>V\u00fdrobok neobsahuje anorganick\u00e9 zl\u00fa\u010deniny zinku (napr. Oxid zino\u010dnat\u00fd).<\/p>\n<p>Zinok prispieva k udr\u017eaniu norm\u00e1lneho stavu vlasov, poko\u017ek&#8230; <a class=\"more-link\" href=\"#tab-description\">Read more<\/a><\/p>","protected":false},"featured_media":10436,"comment_status":"open","ping_status":"closed","template":"","meta":{"inline_featured_image":false},"product_brand":[305],"product_cat":[69,145,140],"product_tag":[],"class_list":{"0":"post-8777","1":"product","2":"type-product","3":"status-publish","4":"has-post-thumbnail","6":"product_brand-bioco","7":"product_cat-vyzivove-doplnky","8":"product_cat-krasa","9":"product_cat-posilnenie-imunity","11":"first","12":"instock","13":"taxable","14":"shipping-taxable","15":"purchasable","16":"product-type-simple"},"aioseo_notices":[],"_links":{"self":[{"href":"https:\/\/www.biokari.sk\/en\/wp-json\/wp\/v2\/product\/8777","targetHints":{"allow":["GET"]}}],"collection":[{"href":"https:\/\/www.biokari.sk\/en\/wp-json\/wp\/v2\/product"}],"about":[{"href":"https:\/\/www.biokari.sk\/en\/wp-json\/wp\/v2\/types\/product"}],"replies":[{"embeddable":true,"href":"https:\/\/www.biokari.sk\/en\/wp-json\/wp\/v2\/comments?post=8777"}],"wp:featuredmedia":[{"embeddable":true,"href":"https:\/\/www.biokari.sk\/en\/wp-json\/wp\/v2\/media\/10436"}],"wp:attachment":[{"href":"https:\/\/www.biokari.sk\/en\/wp-json\/wp\/v2\/media?parent=8777"}],"wp:term":[{"taxonomy":"product_brand","embeddable":true,"href":"https:\/\/www.biokari.sk\/en\/wp-json\/wp\/v2\/product_brand?post=8777"},{"taxonomy":"product_cat","embeddable":true,"href":"https:\/\/www.biokari.sk\/en\/wp-json\/wp\/v2\/product_cat?post=8777"},{"taxonomy":"product_tag","embeddable":true,"href":"https:\/\/www.biokari.sk\/en\/wp-json\/wp\/v2\/product_tag?post=8777"}],"curies":[{"name":"wp","href":"https:\/\/api.w.org\/{rel}","templated":true}]}}