{"id":8779,"date":"2025-07-01T14:36:24","date_gmt":"2025-07-01T12:36:24","guid":{"rendered":"https:\/\/www.biokari.sk\/produkt\/gal-bio-curcumin-kapsuly-30ks\/"},"modified":"2026-01-30T18:01:42","modified_gmt":"2026-01-30T17:01:42","slug":"gal-bio-curcumin-kapsuly-30ks","status":"publish","type":"product","link":"https:\/\/www.biokari.sk\/en\/product\/gal-bio-curcumin-kapsuly-30ks\/","title":{"rendered":"Gal Bio Curcumin kapsuly 30ks"},"content":{"rendered":"<p data-start=\"152\" data-end=\"505\">Tento pr\u00edpravok obsahuje <strong data-start=\"177\" data-end=\"250\">pr\u00edrodn\u00e9 \u00fa\u010dinn\u00e9 l\u00e1tky so siln\u00fdm protiz\u00e1palov\u00fdm a analgetick\u00fdm \u00fa\u010dinkom<\/strong>. Podporuje <strong data-start=\"262\" data-end=\"283\">pohyblivos\u0165 k\u013abov<\/strong>, mitigates <strong data-start=\"295\" data-end=\"318\">reumatick\u00e9 \u0165a\u017ekosti<\/strong>, prispieva k <strong data-start=\"332\" data-end=\"352\">elasticite k\u013abov<\/strong> a m\u00f4\u017ee pom\u00f4c\u0165 aj pri <strong data-start=\"374\" data-end=\"386\">opuchoch<\/strong>. Z\u00e1rove\u0148 podporuje <strong data-start=\"406\" data-end=\"425\">zdrav\u00e9 tr\u00e1venie<\/strong>, m\u00f4\u017ee u\u013eavi\u0165 pri <strong data-start=\"443\" data-end=\"469\">tr\u00e1viacich \u0165a\u017ekostiach<\/strong>, p\u00e1len\u00ed z\u00e1hy a podr\u00e1\u017edenom \u017eal\u00fadku.<\/p>\n<p data-start=\"507\" data-end=\"949\">Bio-Curcumin\u00ae BCM-95\u00ae predstavuje <strong data-start=\"541\" data-end=\"574\">patentovan\u00fd extrakt z kurkumy<\/strong>, ktor\u00fd umo\u017e\u0148uje vysok\u00fa mieru <strong data-start=\"604\" data-end=\"649\">vstrebania kurkuminoidov do krvn\u00e9ho obehu<\/strong>. Obsahuje kurkumov\u00fd <strong data-start=\"670\" data-end=\"689\">esenci\u00e1lny olej<\/strong>, <strong data-start=\"691\" data-end=\"723\">kompletn\u00fd extrakt zo z\u00e1zvoru<\/strong> a \u010fal\u0161ie prirodzen\u00e9 zlo\u017eky, ktor\u00e9 zvy\u0161uj\u00fa biologick\u00fa dostupnos\u0165 kurkum\u00ednu.<br data-start=\"798\" data-end=\"801\" \/>BioPerine\u00ae \u010dierne korenie m\u00f4\u017ee zv\u00fd\u0161i\u0165 vstreb\u00e1vanie a\u017e o <strong data-start=\"857\" data-end=\"867\">2000 %<\/strong>, zatia\u013e \u010do BCM-95\u00ae je v \u00fa\u010dinnosti a\u017e <strong data-start=\"905\" data-end=\"921\">6-kr\u00e1t lep\u0161\u00ed<\/strong> ne\u017e kombin\u00e1cia s piper\u00ednom.<\/p>\n<p data-start=\"951\" data-end=\"1295\"><strong data-start=\"951\" data-end=\"986\">Mo\u017en\u00e9 priazniv\u00e9 \u00fa\u010dinky kurkumy:<\/strong><br data-start=\"986\" data-end=\"989\" \/>\u2022 siln\u00fd <strong data-start=\"997\" data-end=\"1012\">antioxidant<\/strong>, neutralizuje vo\u013en\u00e9 radik\u00e1ly<br data-start=\"1041\" data-end=\"1044\" \/>\u2022 u\u013eavuje pri <strong data-start=\"1058\" data-end=\"1076\">z\u00e1paloch k\u013abov<\/strong> a reumatick\u00fdch \u0165a\u017ekostiach<br data-start=\"1103\" data-end=\"1106\" \/>\u2022 podporuje <strong data-start=\"1118\" data-end=\"1130\">Digestion<\/strong> a zdrav\u00fd \u017eal\u00fadok<br data-start=\"1147\" data-end=\"1150\" \/>\u2022 pom\u00e1ha pri <strong data-start=\"1163\" data-end=\"1196\">detoxik\u00e1cii pe\u010dene a obli\u010diek<\/strong><br data-start=\"1196\" data-end=\"1199\" \/>\u2022 prispieva k <strong data-start=\"1213\" data-end=\"1249\">ochrane srdcovo-cievneho syst\u00e9mu<\/strong><br data-start=\"1249\" data-end=\"1252\" \/>\u2022 pom\u00e1ha regulova\u0165 <strong data-start=\"1271\" data-end=\"1295\">hladinu cholesterolu<\/strong><\/p>\n<p data-start=\"1297\" data-end=\"1629\"><strong data-start=\"1297\" data-end=\"1331\">Odpor\u00fa\u010dan\u00e9 v t\u00fdchto pr\u00edpadoch:<\/strong><br data-start=\"1331\" data-end=\"1334\" \/>\u2022 z\u00e1palov\u00e9 ochorenia \u010driev<br data-start=\"1360\" data-end=\"1363\" \/>\u2022 ochorenia pe\u010dene a obli\u010diek<br data-start=\"1392\" data-end=\"1395\" \/>\u2022 tr\u00e1viace \u0165a\u017ekosti<br data-start=\"1414\" data-end=\"1417\" \/>\u2022 reumatizmus<br data-start=\"1430\" data-end=\"1433\" \/>\u2022 artr\u00f3za, bolesti k\u013abov<br data-start=\"1457\" data-end=\"1460\" \/>\u2022 artrit\u00edda<br data-start=\"1471\" data-end=\"1474\" \/>\u2022 poruchy nervov\u00e9ho syst\u00e9mu, depresia<br data-start=\"1511\" data-end=\"1514\" \/>\u2022 inzul\u00ednov\u00e1 rezistencia<br data-start=\"1538\" data-end=\"1541\" \/>\u2022 diabetes 2. typu<br data-start=\"1559\" data-end=\"1562\" \/>\u2022 Alzheimerova choroba<br data-start=\"1584\" data-end=\"1587\" \/>\u2022 PMS<br data-start=\"1592\" data-end=\"1595\" \/>\u2022 sprievodn\u00e9 javy pri r\u00e1dioterapii<\/p>\n<p data-start=\"1631\" data-end=\"1937\"><strong data-start=\"1631\" data-end=\"1661\">Active ingredients in 1 capsule:<\/strong><br data-start=\"1661\" data-end=\"1664\" \/>Kurkuma extrakty (Curcuma longa) 225 mg<br data-start=\"1703\" data-end=\"1706\" \/>Bio-Curcumin\u00ae BCM-95\u00ae 200 mg<br data-start=\"1734\" data-end=\"1737\" \/>Superkritick\u00fd extrakt z kurkumy (75 % turmer\u00f3nov) 25 mg<br data-start=\"1792\" data-end=\"1795\" \/>Z\u00e1zvorov\u00fd extrakt (Zingiber officinale) 50 mg<br data-start=\"1840\" data-end=\"1843\" \/>Z\u00e1zvorov\u00e1 silica [30\u201345 % zingib\u00e9r\u00e9nov] 5 mg<br data-start=\"1887\" data-end=\"1890\" \/>BioPerine\u00ae \u010dierne korenie (Piper nigrum) 2,5 mg<\/p>\n<p data-start=\"1939\" data-end=\"2182\"><strong data-start=\"1939\" data-end=\"1952\">Composition:<\/strong> Bio-Curcumin\u00ae BCM-95\u00ae (kurkumov\u00fd extrakt), mikrokry\u0161talick\u00e1 celul\u00f3za, \u017eelat\u00edna (obal kapsuly), extrakt zo z\u00e1zvoru, superkritick\u00fd extrakt z kurkumy, tapiokov\u00e1 maltodextr\u00edna, z\u00e1zvorov\u00e1 silica, BioPerine\u00ae extrakt z \u010dierneho korenia.<\/p>\n<p data-start=\"2184\" data-end=\"2255\"><strong data-start=\"2184\" data-end=\"2210\">Recommended dosage:<\/strong><br data-start=\"2210\" data-end=\"2213\" \/>Dospel\u00ed: 1 kapsula denne, <strong data-start=\"2239\" data-end=\"2254\">po\u010das jedla<\/strong>.<\/p>\n<p data-start=\"2257\" data-end=\"2487\"><strong data-start=\"2257\" data-end=\"2273\">Warnings:<\/strong><br data-start=\"2273\" data-end=\"2276\" \/>V\u00fd\u017eivov\u00fd doplnok sa nesmie pou\u017e\u00edva\u0165 ako n\u00e1hrada pestrej a vyv\u00e1\u017eenej stravy.<br data-start=\"2351\" data-end=\"2354\" \/>Do not exceed the recommended daily dose.<br data-start=\"2391\" data-end=\"2394\" \/>Nevhodn\u00e9 pre osoby alergick\u00e9 na niektor\u00fa zlo\u017eku v produktoch.<br data-start=\"2455\" data-end=\"2458\" \/>Uchov\u00e1vajte mimo dosahu det\u00ed.<\/p>\n<p data-start=\"2489\" data-end=\"2572\"><strong data-start=\"2489\" data-end=\"2505\">Storage:<\/strong><br data-start=\"2505\" data-end=\"2508\" \/>Na suchom, chladnom mieste, pri izbovej teplote, dobre uzavret\u00e9.<\/p>\n<p data-start=\"2574\" data-end=\"2596\"><strong data-start=\"2574\" data-end=\"2586\">Packaging:<\/strong> 30 kaps\u00fal<\/p>","protected":false},"excerpt":{"rendered":"<p>v balen\u00ed 30 kaps\u00fal s 225 mg bioakt\u00edvneho kurkum\u00ednu, je navrhnut\u00fd na podporu celkov\u00e9ho zdravia. Ka\u017ed\u00e1 kapsula obsahuje vysoko \u00fa\u010dinn\u00fd extrakt kurkumy (BCM-95\u00ae) s obsahom 95% kurkuminoidov, doplnen\u00fd o \u00e9terick\u00fd olej z kurkumy a extrakt zo z\u00e1zvoru. V\u010faka pridan\u00e9mu BioPerine\u00ae, extraktu z \u010dierneho korenia,&#8230; <a class=\"more-link\" href=\"#tab-description\">Read more<\/a><\/p>","protected":false},"featured_media":10427,"comment_status":"open","ping_status":"closed","template":"","meta":{"inline_featured_image":false},"product_brand":[113],"product_cat":[69],"product_tag":[],"class_list":{"0":"post-8779","1":"product","2":"type-product","3":"status-publish","4":"has-post-thumbnail","6":"product_brand-gal","7":"product_cat-vyzivove-doplnky","9":"first","10":"instock","11":"taxable","12":"shipping-taxable","13":"purchasable","14":"product-type-simple"},"aioseo_notices":[],"_links":{"self":[{"href":"https:\/\/www.biokari.sk\/en\/wp-json\/wp\/v2\/product\/8779","targetHints":{"allow":["GET"]}}],"collection":[{"href":"https:\/\/www.biokari.sk\/en\/wp-json\/wp\/v2\/product"}],"about":[{"href":"https:\/\/www.biokari.sk\/en\/wp-json\/wp\/v2\/types\/product"}],"replies":[{"embeddable":true,"href":"https:\/\/www.biokari.sk\/en\/wp-json\/wp\/v2\/comments?post=8779"}],"wp:featuredmedia":[{"embeddable":true,"href":"https:\/\/www.biokari.sk\/en\/wp-json\/wp\/v2\/media\/10427"}],"wp:attachment":[{"href":"https:\/\/www.biokari.sk\/en\/wp-json\/wp\/v2\/media?parent=8779"}],"wp:term":[{"taxonomy":"product_brand","embeddable":true,"href":"https:\/\/www.biokari.sk\/en\/wp-json\/wp\/v2\/product_brand?post=8779"},{"taxonomy":"product_cat","embeddable":true,"href":"https:\/\/www.biokari.sk\/en\/wp-json\/wp\/v2\/product_cat?post=8779"},{"taxonomy":"product_tag","embeddable":true,"href":"https:\/\/www.biokari.sk\/en\/wp-json\/wp\/v2\/product_tag?post=8779"}],"curies":[{"name":"wp","href":"https:\/\/api.w.org\/{rel}","templated":true}]}}