{"id":8783,"date":"2025-07-01T14:36:25","date_gmt":"2025-07-01T12:36:25","guid":{"rendered":"https:\/\/www.biokari.sk\/produkt\/bioco-q10-tabletky-50mg-30ks\/"},"modified":"2026-01-27T08:41:47","modified_gmt":"2026-01-27T07:41:47","slug":"bioco-q10-tabletky-50mg-30ks","status":"publish","type":"product","link":"https:\/\/www.biokari.sk\/en\/product\/bioco-q10-tabletky-50mg-30ks\/","title":{"rendered":"Bioco Q10 tabletky 50mg 30ks"},"content":{"rendered":"<p data-start=\"108\" data-end=\"517\">V\u00fdroba Q10 prebieha pomocou \u0161peci\u00e1lnej BioCo\u00ae technol\u00f3gie, ktor\u00e1 umo\u017e\u0148uje vytvori\u0165 vodn\u00fa emulziu p\u00f4vodne v tukoch rozpustn\u00e9ho koenz\u00fdmu Q10. T\u00fdm sa m\u00f4\u017ee zv\u00fd\u0161i\u0165 jeho biologick\u00e1 dostupnos\u0165 v organizme.<br data-start=\"355\" data-end=\"358\" \/>Vitam\u00edn C a sel\u00e9n prispievaj\u00fa k ochrane buniek pred oxida\u010dn\u00fdm stresom a k norm\u00e1lnej funkcii imunitn\u00e9ho syst\u00e9mu. Vitam\u00edn B1 prispieva k spr\u00e1vnej \u010dinnosti srdca.<\/p>\n<p data-start=\"519\" data-end=\"684\">Organick\u00e1 forma sel\u00e9nu m\u00e1 prirodzene jemne kyslast\u00fa v\u00f4\u0148u, ktor\u00e1 m\u00f4\u017ee ovplyvni\u0165 ar\u00f3mu v\u00fdrobku. Jej v\u00fdhodou je lep\u0161ia vyu\u017eite\u013enos\u0165 v porovnan\u00ed s anorganick\u00fdmi formami.<\/p>\n<p data-start=\"686\" data-end=\"713\"><strong data-start=\"686\" data-end=\"713\">Bez lakt\u00f3zy \u2022 Bez lepku<\/strong><\/p>\n<p data-start=\"715\" data-end=\"825\"><strong data-start=\"715\" data-end=\"740\">Odpor\u00fa\u010dan\u00e9 d\u00e1vkovanie<\/strong><br data-start=\"740\" data-end=\"743\" \/>Dospel\u00ed: 1\u20132 kapsuly denne, 1\u20132 kr\u00e1t za de\u0148, zapi\u0165 dostato\u010dn\u00fdm mno\u017estvom tekutiny.<\/p>\n<p data-start=\"827\" data-end=\"1171\"><strong data-start=\"827\" data-end=\"839\">Composition<\/strong><br data-start=\"839\" data-end=\"842\" \/>plnidlo (mikrokry\u0161talick\u00e1 celul\u00f3za), protihrudkuj\u00face l\u00e1tky (oxid kremi\u010dit\u00fd, hore\u010dnat\u00e9 soli mastn\u00fdch kysel\u00edn), emulg\u00e1tor (polyetyl\u00e9n-sorbitan-monoole\u00e1t), \u017eelat\u00edna, kyselina L-askorbov\u00e1, koenz\u00fdm Q10, DL-alfa-tokoferyl-acet\u00e1t, farbiv\u00e1 (uhli\u010ditan v\u00e1penat\u00fd, oxidy a hydroxidy \u017eeleza), beta-karot\u00e9n, tiam\u00ednmononitr\u00e1t, L-seleno-metion\u00edn<\/p>\n<p data-start=\"1173\" data-end=\"1455\"><strong data-start=\"1173\" data-end=\"1202\">Akt\u00edvne l\u00e1tky v 1 kapsule<\/strong><br data-start=\"1202\" data-end=\"1205\" \/>Vitam\u00edn B1: 1,1 mg \u2013 NRV 100 %<br data-start=\"1235\" data-end=\"1238\" \/>Vitam\u00edn C: 60 mg \u2013 NRV 75 %<br data-start=\"1265\" data-end=\"1268\" \/>Vitam\u00edn E: 10 mg \u2013 NRV 83,3 %<br data-start=\"1297\" data-end=\"1300\" \/>Sel\u00e9n (organick\u00e1 forma): 55 \u00b5g \u2013 NRV 100 %<br data-start=\"1342\" data-end=\"1345\" \/>Beta-karot\u00e9n: 2 mg<br data-start=\"1363\" data-end=\"1366\" \/>Koenz\u00fdm Q10 (vo vodnej emulzii): 50 mg<br data-start=\"1404\" data-end=\"1407\" \/><em data-start=\"1407\" data-end=\"1455\">NRV: Referen\u010dn\u00e1 v\u00fd\u017eivov\u00e1 hodnota pre dospel\u00fdch<\/em><\/p>\n<p data-start=\"1457\" data-end=\"1612\"><strong data-start=\"1457\" data-end=\"1472\">Storage<\/strong><br data-start=\"1472\" data-end=\"1475\" \/>Uchov\u00e1va\u0165 mimo dosahu det\u00ed, na suchom mieste, chr\u00e1nen\u00e9 pred slne\u010dn\u00fdm \u017eiaren\u00edm, pri teplote do 25 \u00b0C. Po pou\u017eit\u00ed d\u00f4kladne uzavrite vie\u010dko.<\/p>\n<p data-start=\"1614\" data-end=\"1685\"><strong data-start=\"1614\" data-end=\"1643\">Minimum shelf life to:<\/strong> uveden\u00e9 na obale<br data-start=\"1660\" data-end=\"1663\" \/><strong data-start=\"1663\" data-end=\"1675\">Packaging:<\/strong> 30 kaps\u00fal<\/p>\n<hr data-start=\"1687\" data-end=\"1690\" \/>","protected":false},"excerpt":{"rendered":"<p>Short description<\/p>\n<p>Koenz\u00fdm Q10 je siln\u00fd antioxidant, ktor\u00fd podporuje tvorbu energie vo v\u0161etk\u00fdch bunk\u00e1ch \u2013 najm\u00e4 v srdci a \u010fal\u0161\u00edch energeticky n\u00e1ro\u010dn\u00fdch org\u00e1noch. Tieto kapsuly:<\/p>\n<p>obsahuj\u00fa koenz\u00fdm Q10 v emulznej forme, \u010do zlep\u0161uje vstrebate\u013enos\u0165;<\/p>\n<p>s\u00fa obohaten\u00e9 vitam\u00ednom B1, C, E, sel\u00e9nom a beta-kar&#8230; <a class=\"more-link\" href=\"#tab-description\">Read more<\/a><\/p>","protected":false},"featured_media":10477,"comment_status":"open","ping_status":"closed","template":"","meta":{"inline_featured_image":false},"product_brand":[305],"product_cat":[69,142],"product_tag":[],"class_list":{"0":"post-8783","1":"product","2":"type-product","3":"status-publish","4":"has-post-thumbnail","6":"product_brand-bioco","7":"product_cat-vyzivove-doplnky","8":"product_cat-srdcovo-cievny-system","10":"first","11":"instock","12":"taxable","13":"shipping-taxable","14":"purchasable","15":"product-type-simple"},"aioseo_notices":[],"_links":{"self":[{"href":"https:\/\/www.biokari.sk\/en\/wp-json\/wp\/v2\/product\/8783","targetHints":{"allow":["GET"]}}],"collection":[{"href":"https:\/\/www.biokari.sk\/en\/wp-json\/wp\/v2\/product"}],"about":[{"href":"https:\/\/www.biokari.sk\/en\/wp-json\/wp\/v2\/types\/product"}],"replies":[{"embeddable":true,"href":"https:\/\/www.biokari.sk\/en\/wp-json\/wp\/v2\/comments?post=8783"}],"wp:featuredmedia":[{"embeddable":true,"href":"https:\/\/www.biokari.sk\/en\/wp-json\/wp\/v2\/media\/10477"}],"wp:attachment":[{"href":"https:\/\/www.biokari.sk\/en\/wp-json\/wp\/v2\/media?parent=8783"}],"wp:term":[{"taxonomy":"product_brand","embeddable":true,"href":"https:\/\/www.biokari.sk\/en\/wp-json\/wp\/v2\/product_brand?post=8783"},{"taxonomy":"product_cat","embeddable":true,"href":"https:\/\/www.biokari.sk\/en\/wp-json\/wp\/v2\/product_cat?post=8783"},{"taxonomy":"product_tag","embeddable":true,"href":"https:\/\/www.biokari.sk\/en\/wp-json\/wp\/v2\/product_tag?post=8783"}],"curies":[{"name":"wp","href":"https:\/\/api.w.org\/{rel}","templated":true}]}}