{"id":8789,"date":"2025-07-01T14:36:26","date_gmt":"2025-07-01T12:36:26","guid":{"rendered":"https:\/\/www.biokari.sk\/produkt\/gal-mata-priporna-kapsula-60ks\/"},"modified":"2026-04-23T19:01:17","modified_gmt":"2026-04-23T17:01:17","slug":"gal-mata-priporna-kapsula-60ks","status":"publish","type":"product","link":"https:\/\/www.biokari.sk\/en\/product\/gal-mata-priporna-kapsula-60ks\/","title":{"rendered":"Gal M\u00e4ta priporn\u00e1 &#8211; Kapsula 60ks"},"content":{"rendered":"<p data-start=\"377\" data-end=\"399\"><strong data-start=\"377\" data-end=\"399\">Balenie: 60 kaps\u00fal<\/strong><\/p>\n<p data-start=\"377\" data-end=\"399\">V\u00fd\u017eivov\u00fd doplnok s esenci\u00e1lnym olejom z m\u00e4ty piepornej v kapsul\u00e1ch, ktor\u00e9 s\u00fa <strong data-start=\"499\" data-end=\"534\">odoln\u00e9 vo\u010di \u017eal\u00fado\u010dnej kyseline<\/strong> a rozp\u00fa\u0161\u0165aj\u00fa sa a\u017e v <strong data-start=\"556\" data-end=\"572\">tenkom \u010dreve<\/strong>. T\u00fdmto sp\u00f4sobom sa minimalizuje pocit chladenia v \u017eal\u00fadku a zabezpe\u010d\u00ed sa \u0161etrn\u00e9 p\u00f4sobenie na tr\u00e1viaci syst\u00e9m.<\/p>\n<p data-start=\"684\" data-end=\"758\">Prispieva k pohodln\u00e9mu tr\u00e1veniu a k udr\u017eaniu rovnov\u00e1hy \u010drevnej mikrofl\u00f3ry.<\/p>\n<p data-start=\"760\" data-end=\"953\"><strong data-start=\"760\" data-end=\"778\">Odpor\u00fa\u010dan\u00fd pri<\/strong><br data-start=\"778\" data-end=\"781\" \/>dlhodob\u00fdch tr\u00e1viacich \u0165a\u017ekostiach<br data-start=\"814\" data-end=\"817\" \/>nad\u00favan\u00ed, plynatosti<br data-start=\"837\" data-end=\"840\" \/>nevo\u013enosti po jedle<br data-start=\"859\" data-end=\"862\" \/>pocitoch p\u00e1lenia z\u00e1hy<br data-start=\"883\" data-end=\"886\" \/>podr\u00e1\u017eden\u00ed \u017eal\u00fadka<br data-start=\"904\" data-end=\"907\" \/>\u010drevn\u00fdch k\u0155\u010doch<br data-start=\"922\" data-end=\"925\" \/>podpore \u010drevnej mikrofl\u00f3ry<\/p>\n<p data-start=\"955\" data-end=\"1080\"><strong data-start=\"955\" data-end=\"980\">Odpor\u00fa\u010dan\u00e9 d\u00e1vkovanie<\/strong><br data-start=\"980\" data-end=\"983\" \/>Dospel\u00ed: <strong data-start=\"992\" data-end=\"1011\">1 capsule daily<\/strong> nala\u010dno, 30\u201360 min\u00fat pred jedlom.<br data-start=\"1045\" data-end=\"1048\" \/>Nezv\u00fd\u0161i\u0165 odpor\u00fa\u010dan\u00fa denn\u00fa d\u00e1vku.<\/p>\n<p data-start=\"1082\" data-end=\"1192\"><strong data-start=\"1082\" data-end=\"1094\">Composition<\/strong><br data-start=\"1094\" data-end=\"1097\" \/>Mikrokry\u0161talick\u00e1 celul\u00f3za, HPMC (kapsulov\u00e1 obalov\u00e1 l\u00e1tka), m\u00e4tov\u00fd olej, tapiokov\u00fd maltodextr\u00edn.<\/p>\n<p data-start=\"1194\" data-end=\"1273\"><strong data-start=\"1194\" data-end=\"1247\">V\u00fd\u017eivov\u00e9 \u00fadaje \u2013 obsah akt\u00edvnej l\u00e1tky v 1 kapsule<\/strong><br data-start=\"1247\" data-end=\"1250\" \/>M\u00e4tov\u00fd olej: <strong data-start=\"1263\" data-end=\"1273\">100 mg<\/strong><\/p>\n<p data-start=\"1275\" data-end=\"1465\"><strong data-start=\"1275\" data-end=\"1290\">Upozornenia<\/strong><br data-start=\"1290\" data-end=\"1293\" \/>A dietary supplement is not a substitute for a varied and balanced diet or a healthy lifestyle.<br data-start=\"1370\" data-end=\"1373\" \/>Nevhodn\u00e9 po\u010das tehotenstva a doj\u010denia, ako aj pre deti.<br data-start=\"1428\" data-end=\"1431\" \/>Uchov\u00e1va\u0165 mimo dosahu mal\u00fdch det\u00ed.<\/p>\n<p data-start=\"1467\" data-end=\"1552\"><strong data-start=\"1467\" data-end=\"1482\">Storage<\/strong><br data-start=\"1482\" data-end=\"1485\" \/>Uchov\u00e1va\u0165 na suchom, chladnom mieste, chr\u00e1nen\u00e9 pred priamym slnkom.<\/p>","protected":false},"excerpt":{"rendered":"<p><a class=\"more-link\" href=\"#tab-description\">Read more<\/a><\/p>","protected":false},"featured_media":10448,"comment_status":"open","ping_status":"closed","template":"","meta":{"inline_featured_image":false},"product_brand":[113],"product_cat":[69,143],"product_tag":[],"class_list":{"0":"post-8789","1":"product","2":"type-product","3":"status-publish","4":"has-post-thumbnail","6":"product_brand-gal","7":"product_cat-vyzivove-doplnky","8":"product_cat-zaludok-a-crevna-cinnost","10":"first","11":"instock","12":"taxable","13":"shipping-taxable","14":"purchasable","15":"product-type-simple"},"aioseo_notices":[],"_links":{"self":[{"href":"https:\/\/www.biokari.sk\/en\/wp-json\/wp\/v2\/product\/8789","targetHints":{"allow":["GET"]}}],"collection":[{"href":"https:\/\/www.biokari.sk\/en\/wp-json\/wp\/v2\/product"}],"about":[{"href":"https:\/\/www.biokari.sk\/en\/wp-json\/wp\/v2\/types\/product"}],"replies":[{"embeddable":true,"href":"https:\/\/www.biokari.sk\/en\/wp-json\/wp\/v2\/comments?post=8789"}],"wp:featuredmedia":[{"embeddable":true,"href":"https:\/\/www.biokari.sk\/en\/wp-json\/wp\/v2\/media\/10448"}],"wp:attachment":[{"href":"https:\/\/www.biokari.sk\/en\/wp-json\/wp\/v2\/media?parent=8789"}],"wp:term":[{"taxonomy":"product_brand","embeddable":true,"href":"https:\/\/www.biokari.sk\/en\/wp-json\/wp\/v2\/product_brand?post=8789"},{"taxonomy":"product_cat","embeddable":true,"href":"https:\/\/www.biokari.sk\/en\/wp-json\/wp\/v2\/product_cat?post=8789"},{"taxonomy":"product_tag","embeddable":true,"href":"https:\/\/www.biokari.sk\/en\/wp-json\/wp\/v2\/product_tag?post=8789"}],"curies":[{"name":"wp","href":"https:\/\/api.w.org\/{rel}","templated":true}]}}