{"id":8795,"date":"2025-07-01T14:36:27","date_gmt":"2025-07-01T12:36:27","guid":{"rendered":"https:\/\/www.biokari.sk\/produkt\/dia-wellness-diabeticke-cestoviny-vellka-kocka-250g\/"},"modified":"2026-04-24T19:06:34","modified_gmt":"2026-04-24T17:06:34","slug":"dia-wellness-diabeticke-cestoviny-vellka-kocka-250g","status":"publish","type":"product","link":"https:\/\/www.biokari.sk\/en\/product\/dia-wellness-diabeticke-cestoviny-vellka-kocka-250g\/","title":{"rendered":"Dia-wellness Diabetick\u00e9 cestoviny &#8211; Ve\u013ek\u00e1 kocka 250g"},"content":{"rendered":"<p data-start=\"103\" data-end=\"121\"><strong data-start=\"103\" data-end=\"115\">Packaging:<\/strong> 250 g<\/p>\n<p data-start=\"123\" data-end=\"392\"><strong data-start=\"123\" data-end=\"136\">Composition:<\/strong><br data-start=\"136\" data-end=\"139\" \/>TL50 p\u0161eni\u010dn\u00e1 m\u00faka, m\u00fa\u010dny koncentr\u00e1t (rezistentn\u00fd \u0161krob [kukurica], p\u0161eni\u010dn\u00e1 bielkovina, rastlinn\u00e1 vl\u00e1knina, rastlinn\u00fd tuk [palma], stabiliz\u00e1tory: pekt\u00edn, guarov\u00e1 guma, maltodextr\u00edn, m\u00fa\u010dne \u010dinidlo: kyselina L-askorbov\u00e1, enz\u00fdmy [amyl\u00e1za, lip\u00e1za]), vajce.<\/p>\n<p data-start=\"394\" data-end=\"431\"><strong data-start=\"394\" data-end=\"407\">Allergens:<\/strong> lepok (p\u0161enica), vajcia<\/p>\n<p data-start=\"433\" data-end=\"698\"><strong data-start=\"433\" data-end=\"481\">Average nutritional values per 100 g of product:<\/strong><br data-start=\"481\" data-end=\"484\" \/>Energy: <strong data-start=\"493\" data-end=\"515\">1141 kJ \/ 272 kcal<\/strong><br data-start=\"515\" data-end=\"518\" \/>Tuky: <strong data-start=\"524\" data-end=\"533\">3,0 g<\/strong><br data-start=\"533\" data-end=\"536\" \/>\u2013 z toho nas\u00fdten\u00e9 mastn\u00e9 kyseliny: <strong data-start=\"571\" data-end=\"580\">0,6 g<\/strong><br data-start=\"580\" data-end=\"583\" \/>Sacharidy: <strong data-start=\"594\" data-end=\"604\">36,0 g<\/strong><br data-start=\"604\" data-end=\"607\" \/>\u2013 z toho cukry: <strong data-start=\"623\" data-end=\"632\" data-is-only-node=\"\">0,5 g<\/strong><br data-start=\"632\" data-end=\"635\" \/>Vl\u00e1knina: <strong data-start=\"645\" data-end=\"655\">24,8 g<\/strong><br data-start=\"655\" data-end=\"658\" \/>Bielkoviny: <strong data-start=\"670\" data-end=\"680\">13,3 g<\/strong><br data-start=\"680\" data-end=\"683\" \/>So\u013e: <strong data-start=\"688\" data-end=\"698\">0,20 g<\/strong><\/p>\n<p data-start=\"700\" data-end=\"979\"><strong data-start=\"700\" data-end=\"722\">Instructions for use:<\/strong><br data-start=\"722\" data-end=\"725\" \/>Cestovinu vlo\u017ete do <strong data-start=\"745\" data-end=\"793\">p\u00e4\u0165n\u00e1sobn\u00e9ho mno\u017estva vriacej, osolenej vody<\/strong> a za ob\u010dasn\u00e9ho mie\u0161ania varte <strong data-start=\"824\" data-end=\"838\">6\u201310 min\u00fat<\/strong> do m\u00e4kka.<br data-start=\"848\" data-end=\"851\" \/>Alternat\u00edva: od op\u00e4tovn\u00e9ho varu vari\u0165 <strong data-start=\"889\" data-end=\"901\">2 min\u00faty<\/strong>, potom odstavi\u0165 z platne, <strong data-start=\"928\" data-end=\"939\">prikry\u0165<\/strong> a necha\u0165 d\u00f4js\u0165 do po\u017eadovanej m\u00e4kkosti.<\/p>","protected":false},"excerpt":{"rendered":"<p> <a class=\"more-link\" href=\"#tab-description\">Read more<\/a><\/p>","protected":false},"featured_media":10441,"comment_status":"open","ping_status":"closed","template":"","meta":{"inline_featured_image":false},"product_brand":[304],"product_cat":[71,125],"product_tag":[],"class_list":{"0":"post-8795","1":"product","2":"type-product","3":"status-publish","4":"has-post-thumbnail","6":"product_brand-dia-wellness","7":"product_cat-potraviny","8":"product_cat-cestoviny","10":"first","11":"instock","12":"taxable","13":"shipping-taxable","14":"purchasable","15":"product-type-simple"},"aioseo_notices":[],"_links":{"self":[{"href":"https:\/\/www.biokari.sk\/en\/wp-json\/wp\/v2\/product\/8795","targetHints":{"allow":["GET"]}}],"collection":[{"href":"https:\/\/www.biokari.sk\/en\/wp-json\/wp\/v2\/product"}],"about":[{"href":"https:\/\/www.biokari.sk\/en\/wp-json\/wp\/v2\/types\/product"}],"replies":[{"embeddable":true,"href":"https:\/\/www.biokari.sk\/en\/wp-json\/wp\/v2\/comments?post=8795"}],"wp:featuredmedia":[{"embeddable":true,"href":"https:\/\/www.biokari.sk\/en\/wp-json\/wp\/v2\/media\/10441"}],"wp:attachment":[{"href":"https:\/\/www.biokari.sk\/en\/wp-json\/wp\/v2\/media?parent=8795"}],"wp:term":[{"taxonomy":"product_brand","embeddable":true,"href":"https:\/\/www.biokari.sk\/en\/wp-json\/wp\/v2\/product_brand?post=8795"},{"taxonomy":"product_cat","embeddable":true,"href":"https:\/\/www.biokari.sk\/en\/wp-json\/wp\/v2\/product_cat?post=8795"},{"taxonomy":"product_tag","embeddable":true,"href":"https:\/\/www.biokari.sk\/en\/wp-json\/wp\/v2\/product_tag?post=8795"}],"curies":[{"name":"wp","href":"https:\/\/api.w.org\/{rel}","templated":true}]}}