{"id":8817,"date":"2025-07-01T14:36:30","date_gmt":"2025-07-01T12:36:30","guid":{"rendered":"https:\/\/www.biokari.sk\/produkt\/gal-k-komplex-kvapky-20ml\/"},"modified":"2026-03-09T18:01:10","modified_gmt":"2026-03-09T17:01:10","slug":"gal-k-komplex-kvapky-20ml","status":"publish","type":"product","link":"https:\/\/www.biokari.sk\/en\/product\/gal-k-komplex-kvapky-20ml\/","title":{"rendered":"Gal K- komplex kvapky 20ml"},"content":{"rendered":"<p data-start=\"383\" data-end=\"698\">Vitam\u00edn K m\u00e1 d\u00f4le\u017eit\u00fa \u00falohu v organizme. Podporuje spr\u00e1vnu zr\u00e1\u017eanlivos\u0165 krvi a zabezpe\u010duje, aby sa v\u00e1pnik ukladal tam, kde je potrebn\u00fd, hlavne v kostiach a zuboch. Z\u00e1rove\u0148 br\u00e1ni jeho usadzovaniu v m\u00e4kk\u00fdch tkaniv\u00e1ch, cievach a obli\u010dk\u00e1ch. Produkt obsahuje vitam\u00edn K1 aj K2 v prirodzen\u00fdch a dobre vyu\u017eite\u013en\u00fdch form\u00e1ch.<\/p>\n<p data-start=\"700\" data-end=\"830\">Vitam\u00edn K podporuje zdravie srdcovo-cievneho syst\u00e9mu, pevnos\u0165 kost\u00ed a zubov a podie\u013ea sa na aktiv\u00e1cii d\u00f4le\u017eit\u00fdch bielkov\u00edn v tele.<\/p>\n<p data-start=\"832\" data-end=\"1048\"><strong data-start=\"832\" data-end=\"852\">\u00da\u010dinky v skratke<\/strong><br data-start=\"852\" data-end=\"855\" \/>pom\u00e1ha udr\u017eiava\u0165 spr\u00e1vnu zr\u00e1\u017eanlivos\u0165 krvi<br data-start=\"897\" data-end=\"900\" \/>prispieva k pevnosti kost\u00ed a zubov<br data-start=\"934\" data-end=\"937\" \/>zni\u017euje riziko kalcifik\u00e1cie ciev a podie\u013ea sa na ochrane srdca<br data-start=\"999\" data-end=\"1002\" \/>podporuje spr\u00e1vne vyu\u017eitie v\u00e1pnika v organizme<\/p>\n<p data-start=\"1050\" data-end=\"1170\"><strong data-start=\"1050\" data-end=\"1075\">Odpor\u00fa\u010dan\u00e9 d\u00e1vkovanie<\/strong><br data-start=\"1075\" data-end=\"1078\" \/>1 kapsula denne s jedlom a dostato\u010dn\u00fdm mno\u017estvom vody. Neprekra\u010dova\u0165 odpor\u00fa\u010dan\u00fa denn\u00fa d\u00e1vku.<\/p>\n<p data-start=\"1172\" data-end=\"1249\"><strong data-start=\"1172\" data-end=\"1184\">Composition<\/strong><br data-start=\"1184\" data-end=\"1187\" \/>Vitam\u00edn K1, vitam\u00edn K2 MK-7, pomocn\u00e9 l\u00e1tky rastlinn\u00e9ho p\u00f4vodu.<\/p>\n<p data-start=\"1251\" data-end=\"1489\"><strong data-start=\"1251\" data-end=\"1266\">Notice<\/strong><br data-start=\"1266\" data-end=\"1269\" \/>V\u00fd\u017eivov\u00fd doplnok nenahr\u00e1dza pestr\u00fa a vyv\u00e1\u017een\u00fa stravu ani zdrav\u00fd \u017eivotn\u00fd \u0161t\u00fdl. Nevhodn\u00e9 pre deti, tehotn\u00e9 a doj\u010diace \u017eeny. Uchov\u00e1va\u0165 mimo dosahu det\u00ed. Ak u\u017e\u00edvate lieky na riedenie krvi, pred pou\u017eit\u00edm sa pora\u010fte s lek\u00e1rom.<\/p>\n<p data-start=\"1491\" data-end=\"1580\"><strong data-start=\"1491\" data-end=\"1506\">Storage<\/strong><br data-start=\"1506\" data-end=\"1509\" \/>Na suchom a chladnom mieste, chr\u00e1nen\u00e9 pred slnkom, v\u017edy dobre uzavret\u00e9.<\/p>\n<p><strong>Composition:<\/strong><br \/>\nMCT olej z palmov\u00e9ho a kokosov\u00e9ho oleja, fyllochin\u00f3n (vitam\u00edn K1), menachin\u00f3n-7 (vitam\u00edn K2), pr\u00edrodn\u00fd antioxidant (vitam\u00edn E zo zmie\u0161an\u00fdch tokoferolov)<\/p>\n<p><strong>Volume:<\/strong> 20ml<\/p>","protected":false},"excerpt":{"rendered":"<p>predstavuje ide\u00e1lny sp\u00f4sob, ako podpori\u0165 zdravie va\u0161ich kost\u00ed. Unik\u00e1tna kombin\u00e1cia vitam\u00ednov K1 a K2 v bioakt\u00edvnej forme MK-7 je k\u013e\u00fa\u010dov\u00e1 pre prevenciu osteopor\u00f3zy, zlomen\u00edn a celkovo zlep\u0161uje stav kost\u00ed. Nedostatok vitam\u00ednu K2 m\u00f4\u017ee ma\u0165 za n\u00e1sledok v\u00e1\u017ene zdravotn\u00e9 probl\u00e9my vr\u00e1tane por\u00fach tepien a ost&#8230; <a class=\"more-link\" href=\"#tab-description\">Read more<\/a><\/p>","protected":false},"featured_media":10454,"comment_status":"open","ping_status":"closed","template":"","meta":{"inline_featured_image":false},"product_brand":[113],"product_cat":[69,146,140],"product_tag":[],"class_list":{"0":"post-8817","1":"product","2":"type-product","3":"status-publish","4":"has-post-thumbnail","6":"product_brand-gal","7":"product_cat-vyzivove-doplnky","8":"product_cat-klby-a-reuma","9":"product_cat-posilnenie-imunity","11":"first","12":"instock","13":"taxable","14":"shipping-taxable","15":"purchasable","16":"product-type-simple"},"aioseo_notices":[],"_links":{"self":[{"href":"https:\/\/www.biokari.sk\/en\/wp-json\/wp\/v2\/product\/8817","targetHints":{"allow":["GET"]}}],"collection":[{"href":"https:\/\/www.biokari.sk\/en\/wp-json\/wp\/v2\/product"}],"about":[{"href":"https:\/\/www.biokari.sk\/en\/wp-json\/wp\/v2\/types\/product"}],"replies":[{"embeddable":true,"href":"https:\/\/www.biokari.sk\/en\/wp-json\/wp\/v2\/comments?post=8817"}],"wp:featuredmedia":[{"embeddable":true,"href":"https:\/\/www.biokari.sk\/en\/wp-json\/wp\/v2\/media\/10454"}],"wp:attachment":[{"href":"https:\/\/www.biokari.sk\/en\/wp-json\/wp\/v2\/media?parent=8817"}],"wp:term":[{"taxonomy":"product_brand","embeddable":true,"href":"https:\/\/www.biokari.sk\/en\/wp-json\/wp\/v2\/product_brand?post=8817"},{"taxonomy":"product_cat","embeddable":true,"href":"https:\/\/www.biokari.sk\/en\/wp-json\/wp\/v2\/product_cat?post=8817"},{"taxonomy":"product_tag","embeddable":true,"href":"https:\/\/www.biokari.sk\/en\/wp-json\/wp\/v2\/product_tag?post=8817"}],"curies":[{"name":"wp","href":"https:\/\/api.w.org\/{rel}","templated":true}]}}