{"id":8821,"date":"2025-07-01T14:36:31","date_gmt":"2025-07-01T12:36:31","guid":{"rendered":"https:\/\/www.biokari.sk\/produkt\/gyorgytea-cajova-zmes-skorocel-50g\/"},"modified":"2026-04-20T19:01:57","modified_gmt":"2026-04-20T17:01:57","slug":"gyorgytea-cajova-zmes-skorocel-50g","status":"publish","type":"product","link":"https:\/\/www.biokari.sk\/en\/product\/gyorgytea-tea-blend-plantain-50g\/","title":{"rendered":"Gy\u00f6rgytea Tea blend - Fenugreek 50g"},"content":{"rendered":"<p data-start=\"0\" data-end=\"332\"><strong>P<\/strong>helps pollen allergy sufferers to survive a difficult period with almost no symptoms. It contains plants that regulate the activity of the immune system and support the body's defence mechanisms. The medicinal herbs in the mixture strengthen each other in their effect. A frequent question is whether the tea mixture is also suitable for <strong data-start=\"383\" data-end=\"417\">allergy to lance-leaved plantain<\/strong>. Gyuri b\u00e1csi explains when he recommends drinking tea <strong data-start=\"465\" data-end=\"479\">for allergy<\/strong>.<\/p>\n<p data-start=\"489\" data-end=\"504\"><strong data-start=\"489\" data-end=\"502\">Composition: <\/strong>spearmint, thyme, plantain leaf.<\/p>\n<p data-start=\"598\" data-end=\"740\"><strong data-start=\"598\" data-end=\"611\">Preparation: <\/strong>1 heaped tablespoon (3 g) of the tea mixture pour <strong data-start=\"660\" data-end=\"683\">2,5 dl boiling water<\/strong>,<br data-start=\"684\" data-end=\"687\" \/>drain after 15 minutes. <strong data-start=\"710\" data-end=\"738\">Do not use a metal strainer!<\/strong><\/p>\n<p data-start=\"747\" data-end=\"969\"><strong data-start=\"747\" data-end=\"760\">Usage: <\/strong>Drink at any time of the day, <strong data-start=\"789\" data-end=\"815\">preferably unflavoured<\/strong>.<br data-start=\"816\" data-end=\"819\" \/>Daily dose: <strong data-start=\"832\" data-end=\"849\">1 cup per day<\/strong>, it is possible to drink <strong data-start=\"864\" data-end=\"888\">unlimited time<\/strong>.<br data-start=\"889\" data-end=\"892\" \/>With pollen allergy, you need to start drinking <strong data-start=\"928\" data-end=\"966\">at the end of the winter period at the latest<\/strong>.<\/p>\n<p data-start=\"976\" data-end=\"998\"><strong data-start=\"976\" data-end=\"996\">Contraindications: <\/strong>not recommended during <strong data-start=\"1021\" data-end=\"1047\">pregnancy and breastfeeding<\/strong>, children from <strong data-start=\"1062\" data-end=\"1073\">6 years<\/strong> serve in diluted form (1 teaspoon of tea mixture per 2.5 dl of water).<\/p>\n<p><strong data-start=\"1157\" data-end=\"1178\">Package weight:<\/strong> 50<strong data-start=\"1179\" data-end=\"1188\">g<\/strong>.<\/p>","protected":false},"excerpt":{"rendered":"<p>Pom\u00e1ha \u013eu\u010fom trpiacim na pe\u013eov\u00fa alergiu pre\u017ei\u0165 \u0165a\u017ek\u00e9 obdobie takmer bez pr\u00edznakov. Obsahuje rastliny, ktor\u00e9 reguluj\u00fa \u010dinnos\u0165 imunitn\u00e9ho syst\u00e9mu a podporuj\u00fa obrann\u00e9 mechanizmy organizmu. Lie\u010div\u00e9 byliny v zmesi sa navz\u00e1jom vo svojom \u00fa\u010dinku posil\u0148uj\u00fa. \u010cast\u00e1 ot\u00e1zka je, \u010di je \u010dajov\u00e1 zmes vhodn\u00e1 aj pri alergii na skorocel kopijovit\u00fd. Gyuri b\u00e1csi vysvet\u013euje, kedy odpor\u00fa\u010da pi\u0165 \u010daj [&hellip;]<\/p>","protected":false},"featured_media":9636,"comment_status":"open","ping_status":"closed","template":"","meta":{"inline_featured_image":false},"product_brand":[],"product_cat":[148,153,149],"product_tag":[],"class_list":{"0":"post-8821","1":"product","2":"type-product","3":"status-publish","4":"has-post-thumbnail","6":"product_cat-liecive-rastliny","7":"product_cat-dychacie-cesty-liecive-rastliny","8":"product_cat-liecive-rastliny-posilnenie-imunity","10":"first","11":"instock","12":"taxable","13":"shipping-taxable","14":"purchasable","15":"product-type-simple"},"aioseo_notices":[],"_links":{"self":[{"href":"https:\/\/www.biokari.sk\/en\/wp-json\/wp\/v2\/product\/8821","targetHints":{"allow":["GET"]}}],"collection":[{"href":"https:\/\/www.biokari.sk\/en\/wp-json\/wp\/v2\/product"}],"about":[{"href":"https:\/\/www.biokari.sk\/en\/wp-json\/wp\/v2\/types\/product"}],"replies":[{"embeddable":true,"href":"https:\/\/www.biokari.sk\/en\/wp-json\/wp\/v2\/comments?post=8821"}],"wp:featuredmedia":[{"embeddable":true,"href":"https:\/\/www.biokari.sk\/en\/wp-json\/wp\/v2\/media\/9636"}],"wp:attachment":[{"href":"https:\/\/www.biokari.sk\/en\/wp-json\/wp\/v2\/media?parent=8821"}],"wp:term":[{"taxonomy":"product_brand","embeddable":true,"href":"https:\/\/www.biokari.sk\/en\/wp-json\/wp\/v2\/product_brand?post=8821"},{"taxonomy":"product_cat","embeddable":true,"href":"https:\/\/www.biokari.sk\/en\/wp-json\/wp\/v2\/product_cat?post=8821"},{"taxonomy":"product_tag","embeddable":true,"href":"https:\/\/www.biokari.sk\/en\/wp-json\/wp\/v2\/product_tag?post=8821"}],"curies":[{"name":"wp","href":"https:\/\/api.w.org\/{rel}","templated":true}]}}