{"id":8825,"date":"2025-07-01T14:36:32","date_gmt":"2025-07-01T12:36:32","guid":{"rendered":"https:\/\/www.biokari.sk\/produkt\/gyorgytea-cajova-zmes-hloh-50g\/"},"modified":"2026-04-28T19:01:54","modified_gmt":"2026-04-28T17:01:54","slug":"gyorgytea-cajova-zmes-hloh-50g","status":"publish","type":"product","link":"https:\/\/www.biokari.sk\/en\/product\/gyorgytea-cajova-zmes-hloh-50g\/","title":{"rendered":"Gy\u00f6rgytea \u010cajov\u00e1 zmes &#8211; Hloh 50g"},"content":{"rendered":"<p data-start=\"0\" data-end=\"429\">To\u013ekokr\u00e1t sa za 70 rokov rozozvu\u010d\u00ed \u013eudsk\u00e9 srdce. Denne a\u017e <strong data-start=\"96\" data-end=\"113\">100 000-kr\u00e1t.<\/strong> Po\u010das jedn\u00e9ho d\u0148a pre\u010derp\u00e1 pribli\u017ene <strong data-start=\"151\" data-end=\"171\">9000 litrov krvi<\/strong>, aby dodalo \u017eivotne d\u00f4le\u017eit\u00fd kysl\u00edk a \u017eiviny do <strong data-start=\"220\" data-end=\"242\">300 mili\u00e1rd buniek<\/strong> \u013eudsk\u00e9ho tela. Ak sa o\u0148 nestar\u00e1me, srdce sa unav\u00ed a zastav\u00ed. T\u00fato ne\u00fanavn\u00fa pr\u00e1cu m\u00f4\u017ee vykon\u00e1va\u0165 spr\u00e1vne len vtedy, ak krv m\u00f4\u017ee pr\u00fadi\u0165 cievami bez prek\u00e1\u017eok a ak s\u00fa srdcov\u00e9 svaly pru\u017en\u00e9.<\/p>\n<p data-start=\"431\" data-end=\"684\">Ke\u010f steny ciev str\u00e1caj\u00fa pru\u017enos\u0165, hovor\u00edme o <strong data-start=\"476\" data-end=\"495\">arterioskler\u00f3ze<\/strong> \u2013 chorobe, ktor\u00e1 je jednou z civiliza\u010dn\u00fdch epid\u00e9mi\u00ed dne\u0161nej doby. Na sten\u00e1ch tepien sa uklad\u00e1 tukov\u00e1 l\u00e1tka (cholesterol), ktor\u00e1 zu\u017euje ich prierez a sp\u00f4sobuje <strong data-start=\"655\" data-end=\"681\">zv\u00fd\u0161enie krvn\u00e9ho tlaku<\/strong>.<\/p>\n<p data-start=\"686\" data-end=\"1046\">Jednou z pr\u00ed\u010din vysok\u00e9ho krvn\u00e9ho tlaku m\u00f4\u017ee by\u0165 <strong data-start=\"734\" data-end=\"767\">nedostato\u010dn\u00e1 funkcia obli\u010diek<\/strong>, no vo v\u00e4\u010d\u0161ine pr\u00edpadov sa presn\u00e1 pr\u00ed\u010dina nezist\u00ed, preto\u017ee nie je pr\u00edtomn\u00e1 \u017eiadna org\u00e1nov\u00e1 porucha. Krvn\u00fd tlak mo\u017eno \u00fa\u010dinne zn\u00ed\u017ei\u0165 <strong data-start=\"899\" data-end=\"931\">di\u00e9tou s n\u00edzkym obsahom soli<\/strong> a <strong data-start=\"934\" data-end=\"966\">obmedzen\u00edm \u017eivo\u010d\u00ed\u0161nych tukov<\/strong>. K zlep\u0161eniu prispieva aj <strong data-start=\"993\" data-end=\"1043\">redukcia telesnej hmotnosti a pravideln\u00fd pohyb<\/strong>.<\/p>\n<p data-start=\"1048\" data-end=\"1289\">Pri zni\u017eovan\u00ed krvn\u00e9ho tlaku m\u00f4\u017eeme vyu\u017ei\u0165 aj <strong data-start=\"1093\" data-end=\"1120\">pomoc lie\u010div\u00fdch rastl\u00edn<\/strong> \u2013 na tento \u00fa\u010del je ur\u010den\u00e1 <strong data-start=\"1147\" data-end=\"1195\">\u010cajov\u00e1 zmes s hlohom (Priate\u013e krvn\u00e9ho tlaku)<\/strong>. T\u00e1to zmes podporuje \u010dinnos\u0165 <strong data-start=\"1225\" data-end=\"1246\">srdca aj obli\u010diek<\/strong>, \u010d\u00edm prispieva k zn\u00ed\u017eeniu krvn\u00e9ho tlaku.<\/p>\n<p data-start=\"1291\" data-end=\"1709\">Pri u\u017e\u00edvan\u00ed \u010dajovej zmesi je potrebn\u00e9 <strong data-start=\"1329\" data-end=\"1374\">pokra\u010dova\u0165 v liekoch predp\u00edsan\u00fdch lek\u00e1rom<\/strong> \u2013 zmenu lie\u010dby mo\u017eno urobi\u0165 len po konzult\u00e1cii s lek\u00e1rom. Pri krvnom tlaku <strong data-start=\"1450\" data-end=\"1466\">nad 150 mmHg<\/strong> sa odpor\u00fa\u010da pi\u0165 <strong data-start=\"1483\" data-end=\"1500\">1 \u0161\u00e1lku denne<\/strong>, a\u017e k\u00fdm hodnota neklesne pod 150. \u010caj je najlep\u0161ie konzumova\u0165 <strong data-start=\"1563\" data-end=\"1608\">pred jedlom, bez pr\u00edchute alebo sladidiel<\/strong>. Pri hodnote <strong data-start=\"1622\" data-end=\"1638\">pod 150 mmHg<\/strong> je mo\u017en\u00e9 prejs\u0165 na <strong data-start=\"1658\" data-end=\"1706\">jednozlo\u017ekov\u00fd \u010daj z kvitn\u00facej vetvi\u010dky hlohu<\/strong>.<\/p>\n<p data-start=\"1711\" data-end=\"1945\"><strong data-start=\"1711\" data-end=\"1729\">Pr\u00edprava \u010daju: <\/strong>Jednu zarovnan\u00fa polievkov\u00fa ly\u017eicu (3 g) \u010dajoviny zalejte 2,5 dl vriacej vody, nechajte l\u00fahova\u0165 15 min\u00fat a sce\u010fte. Nepou\u017e\u00edvajte kovov\u00e9 sitko. Odpor\u00fa\u010da sa pi\u0165 <strong data-start=\"1889\" data-end=\"1915\">1 \u0161\u00e1lku denne k\u00farovite<\/strong>, a\u017e do vymiznutia \u0165a\u017ekost\u00ed.<\/p>\n<p data-start=\"1947\" data-end=\"2046\"><strong data-start=\"1947\" data-end=\"1963\">Warning: <\/strong>Po\u010das tehotenstva, doj\u010denia a u det\u00ed <strong data-start=\"2003\" data-end=\"2018\">do 12 rokov<\/strong> sa pou\u017e\u00edvanie neodpor\u00fa\u010da.<\/p>\n<p data-start=\"2048\" data-end=\"2147\"><strong data-start=\"2048\" data-end=\"2061\">Composition: <\/strong>Kvitn\u00faca vetvi\u010dka hlohu (57 %), v\u0148a\u0165 kapsi\u010dky pastierskej, v\u0148a\u0165 prasli\u010dky ro\u013enej.<\/p>\n<p data-start=\"2149\" data-end=\"2383\" data-is-last-node=\"\" data-is-only-node=\"\"><br data-start=\"2171\" data-end=\"2174\" \/><strong data-start=\"2174\" data-end=\"2203\">Minimum shelf life to:<\/strong> vi\u010f d\u00e1tum uveden\u00fd na obale.<br data-start=\"2231\" data-end=\"2234\" \/><strong data-start=\"2234\" data-end=\"2250\">Storage:<\/strong> Po otvoren\u00ed uchov\u00e1vajte <strong data-start=\"2275\" data-end=\"2295\">out of reach of children<\/strong>, na <strong data-start=\"2300\" data-end=\"2328\">suchom a chladnom mieste<\/strong>, obal v\u017edy starostlivo uzavrite.<br data-start=\"2361\" data-end=\"2364\" \/><strong data-start=\"2364\" data-end=\"2377\">Weight:<\/strong> 50 g.<\/p>","protected":false},"excerpt":{"rendered":"<p>Ingrediencie:<br \/>\nhloh kvitn\u00faca kon\u00e1rov\u00e1 \u0161pi\u010dka (57%), v\u00fdhonok pastierskej kapsi\u010dky, v\u00fdhonok prasli\u010dky po\u013enej<\/p>\n<p>Ako to urob\u00edm?<br \/>\nZarovnan\u00fa polievkov\u00fa ly\u017eicu (3 g) \u010dajovn\u00edka povarte s 2,5 dl vody, po 15 min\u00fatach prefiltrujte. Nepou\u017e\u00edvajte kovov\u00fd filter.<\/p>\n<p>Kedy ho m\u00e1m konzumova\u0165?<br \/>\nKonzumujte pred jedlom, najle&#8230; <a class=\"more-link\" href=\"#tab-description\">Read more<\/a><\/p>","protected":false},"featured_media":10259,"comment_status":"open","ping_status":"closed","template":"","meta":{"inline_featured_image":false},"product_brand":[274],"product_cat":[148,151],"product_tag":[],"class_list":{"0":"post-8825","1":"product","2":"type-product","3":"status-publish","4":"has-post-thumbnail","6":"product_brand-gyorgytea","7":"product_cat-liecive-rastliny","8":"product_cat-srdcovo-cievny-system-liecive-rastliny","10":"first","11":"instock","12":"taxable","13":"shipping-taxable","14":"purchasable","15":"product-type-simple"},"aioseo_notices":[],"_links":{"self":[{"href":"https:\/\/www.biokari.sk\/en\/wp-json\/wp\/v2\/product\/8825","targetHints":{"allow":["GET"]}}],"collection":[{"href":"https:\/\/www.biokari.sk\/en\/wp-json\/wp\/v2\/product"}],"about":[{"href":"https:\/\/www.biokari.sk\/en\/wp-json\/wp\/v2\/types\/product"}],"replies":[{"embeddable":true,"href":"https:\/\/www.biokari.sk\/en\/wp-json\/wp\/v2\/comments?post=8825"}],"wp:featuredmedia":[{"embeddable":true,"href":"https:\/\/www.biokari.sk\/en\/wp-json\/wp\/v2\/media\/10259"}],"wp:attachment":[{"href":"https:\/\/www.biokari.sk\/en\/wp-json\/wp\/v2\/media?parent=8825"}],"wp:term":[{"taxonomy":"product_brand","embeddable":true,"href":"https:\/\/www.biokari.sk\/en\/wp-json\/wp\/v2\/product_brand?post=8825"},{"taxonomy":"product_cat","embeddable":true,"href":"https:\/\/www.biokari.sk\/en\/wp-json\/wp\/v2\/product_cat?post=8825"},{"taxonomy":"product_tag","embeddable":true,"href":"https:\/\/www.biokari.sk\/en\/wp-json\/wp\/v2\/product_tag?post=8825"}],"curies":[{"name":"wp","href":"https:\/\/api.w.org\/{rel}","templated":true}]}}