{"id":8829,"date":"2025-07-01T14:36:32","date_gmt":"2025-07-01T12:36:32","guid":{"rendered":"https:\/\/www.biokari.sk\/produkt\/gyorgytea-cajova-zmes-hviezdica-prostredna-50g\/"},"modified":"2026-04-28T19:01:54","modified_gmt":"2026-04-28T17:01:54","slug":"gyorgytea-cajova-zmes-hviezdica-prostredna-50g","status":"publish","type":"product","link":"https:\/\/www.biokari.sk\/en\/product\/gyorgytea-cajova-zmes-hviezdica-prostredna-50g\/","title":{"rendered":"Gy\u00f6rgytea \u010cajov\u00e1 zmes &#8211; Hviezdica prostredna 50g"},"content":{"rendered":"<p>Tento \u010daj odpor\u00fa\u010dame pri <strong>zv\u00fd\u0161enej hladine cholesterolu<\/strong> a ako <strong>podporu zdravia ciev<\/strong>.<\/p>\n\n\n\n<p><strong>Composition:<\/strong> v\u0148a\u0165 stavikrvu vt\u00e1\u010dieho (40 %), v\u0148a\u0165 veroniky lek\u00e1rskej, kvitn\u00face konce hlohu, v\u0148a\u0165 rebr\u00ed\u010dka oby\u010dajn\u00e9ho, list \u0161alvie lek\u00e1rskej.<\/p>\n\n\n\n<p><strong>Ako u\u017e\u00edva\u0165:<\/strong><br>Pite <strong>pred jedlom<\/strong>, najlep\u0161ie bez pr\u00edchute. Odpor\u00fa\u010da sa <strong>1 cup per day<\/strong>, k\u00farovito <strong>a\u017e do \u00fastupu \u0165a\u017ekost\u00ed<\/strong>.<\/p>\n\n\n\n<p><strong>Warnings:<\/strong><br>Nevhodn\u00e9 pre <strong>tehotn\u00e9 a doj\u010diace \u017eeny<\/strong> a pre <strong>deti do 12 rokov<\/strong>.<br>V\u00fd\u017eivov\u00fd doplnok sa nesmie pou\u017e\u00edva\u0165 ako n\u00e1hrada pestrej a vyv\u00e1\u017eenej stravy.<\/p>\n\n\n\n<p><strong>Podrobnej\u0161ie o pou\u017eit\u00fdch bylin\u00e1ch:<\/strong><br>Stavikrv vt\u00e1\u010d\u00ed m\u00e1 <strong>v\u00fdborn\u00e9 tukorozp\u00fa\u0161\u0165acie vlastnosti<\/strong>, podporuje <strong>tvorbu \u017el\u010de<\/strong> a zni\u017eovanie <strong>LDL cholesterolu<\/strong>.<br>Veronika lek\u00e1rska p\u00f4sob\u00ed <strong>\u017el\u010dopudne, detoxika\u010dne a zni\u017euje hladinu tukov v krvi<\/strong>, z\u00e1rove\u0148 <strong>podporuje mozgov\u00fd krvn\u00fd obeh<\/strong>.<br>Hloh pom\u00e1ha <strong>udr\u017eiava\u0165 pru\u017enos\u0165 cievnych stien<\/strong>, \u010d\u00edm podporuje spr\u00e1vnu regul\u00e1ciu krvn\u00e9ho tlaku.<br>Rebr\u00ed\u010dek oby\u010dajn\u00fd podporuje <strong>\u010dinnos\u0165 pe\u010dene a tvorbu \u017el\u010de<\/strong>.<br>\u0160alvia lek\u00e1rska m\u00e1 v\u00fdznamn\u00e9 <strong>protiz\u00e1palov\u00e9 a detoxika\u010dn\u00e9<\/strong> \u00fa\u010dinky.<\/p>\n\n\n\n<p>Udr\u017eiavanie norm\u00e1lneho cholesterolu m\u00f4\u017ee <strong>spomali\u0165 alebo zastavi\u0165<\/strong> tvorbu plakov v cievach, \u010do je d\u00f4le\u017eit\u00e9 pri prevencii <strong>ischemickej choroby srdca, cievnych pr\u00edhod a infarktu<\/strong>. Tento \u010daj odpor\u00fa\u010dame ako <strong>prirodzen\u00fa podporu zdravia ciev<\/strong> spolu so zdravou \u017eivotnou stravou.<\/p>\n\n\n\n<p><strong>Preparation:<\/strong><br>1 zarovnan\u00e1 polievkov\u00e1 ly\u017eica (3 g) \u010dajovej zmesi sa zaleje 2,5 dl vriacej vody, nech\u00e1 l\u00fahova\u0165 15 min\u00fat a preced\u00ed sa. <strong>Nepou\u017e\u00edvajte kovov\u00e9 sitko.<\/strong><\/p>\n\n\n\n<p><strong>Storage:<\/strong><br>Uchov\u00e1va\u0165 v suchu, chlade a dobre uzavret\u00e9.<br><strong>Mimo dosahu det\u00ed.<\/strong><br>Minim\u00e1lna trvanlivos\u0165: uveden\u00e1 na obale.<\/p>","protected":false},"excerpt":{"rendered":"<p>Ingrediencie:<br \/>\nv\u0148a\u0165 kuriatka (40%), v\u00fdhonok veroniky lek\u00e1rskej, kon\u00e1r z kvetu hlohu, v\u00fdhonok rebr\u00edka, list \u0161alvie lek\u00e1rskej<\/p>\n<p>Ako to urob\u00edm?<br \/>\nZarovnan\u00fa polievkov\u00fa ly\u017eicu (3 g) \u010dajovn\u00edka povarte s 2,5 dl vody, po 15 min\u00fatach prefiltrujte. Nepou\u017e\u00edvajte kovov\u00fd filter.<\/p>\n<p>Kedy ho m\u00e1m konzumova\u0165?<br \/>\nKonzumujte p&#8230; <a class=\"more-link\" href=\"#tab-description\">Read more<\/a><\/p>","protected":false},"featured_media":10424,"comment_status":"open","ping_status":"closed","template":"","meta":{"inline_featured_image":false},"product_brand":[274],"product_cat":[148,149,151],"product_tag":[],"class_list":{"0":"post-8829","1":"product","2":"type-product","3":"status-publish","4":"has-post-thumbnail","6":"product_brand-gyorgytea","7":"product_cat-liecive-rastliny","8":"product_cat-liecive-rastliny-posilnenie-imunity","9":"product_cat-srdcovo-cievny-system-liecive-rastliny","11":"first","12":"instock","13":"taxable","14":"shipping-taxable","15":"purchasable","16":"product-type-simple"},"aioseo_notices":[],"_links":{"self":[{"href":"https:\/\/www.biokari.sk\/en\/wp-json\/wp\/v2\/product\/8829","targetHints":{"allow":["GET"]}}],"collection":[{"href":"https:\/\/www.biokari.sk\/en\/wp-json\/wp\/v2\/product"}],"about":[{"href":"https:\/\/www.biokari.sk\/en\/wp-json\/wp\/v2\/types\/product"}],"replies":[{"embeddable":true,"href":"https:\/\/www.biokari.sk\/en\/wp-json\/wp\/v2\/comments?post=8829"}],"wp:featuredmedia":[{"embeddable":true,"href":"https:\/\/www.biokari.sk\/en\/wp-json\/wp\/v2\/media\/10424"}],"wp:attachment":[{"href":"https:\/\/www.biokari.sk\/en\/wp-json\/wp\/v2\/media?parent=8829"}],"wp:term":[{"taxonomy":"product_brand","embeddable":true,"href":"https:\/\/www.biokari.sk\/en\/wp-json\/wp\/v2\/product_brand?post=8829"},{"taxonomy":"product_cat","embeddable":true,"href":"https:\/\/www.biokari.sk\/en\/wp-json\/wp\/v2\/product_cat?post=8829"},{"taxonomy":"product_tag","embeddable":true,"href":"https:\/\/www.biokari.sk\/en\/wp-json\/wp\/v2\/product_tag?post=8829"}],"curies":[{"name":"wp","href":"https:\/\/api.w.org\/{rel}","templated":true}]}}