{"id":8833,"date":"2025-07-01T14:36:33","date_gmt":"2025-07-01T12:36:33","guid":{"rendered":"https:\/\/www.biokari.sk\/produkt\/gyorgytea-cajova-zmes-vrbovka-malokveta-50g\/"},"modified":"2026-04-30T19:01:22","modified_gmt":"2026-04-30T17:01:22","slug":"gyorgytea-cajova-zmes-vrbovka-malokveta-50g","status":"publish","type":"product","link":"https:\/\/www.biokari.sk\/en\/product\/gyorgytea-cajova-zmes-vrbovka-malokveta-50g\/","title":{"rendered":"Gy\u00f6rgytea \u010cajov\u00e1 zmes &#8211; V\u0155bovka malokvet\u00e1  50g"},"content":{"rendered":"<p data-start=\"204\" data-end=\"510\">Bylinn\u00e1 zmes odpor\u00fa\u010dan\u00e1 <strong data-start=\"228\" data-end=\"275\">na prevenciu a lie\u010dbu probl\u00e9mov s prostatou<\/strong> a <strong data-start=\"278\" data-end=\"309\">na podporu mu\u017eskej vitality<\/strong>.<br data-start=\"310\" data-end=\"313\" \/>Vzh\u013eadom na mno\u017estvo \u0161kodliv\u00edn, ktor\u00e9 sa dost\u00e1vaj\u00fa do organizmu a negat\u00edvne ovplyv\u0148uj\u00fa plodnos\u0165, je d\u00f4le\u017eit\u00e9, aby <strong data-start=\"427\" data-end=\"474\">mu\u017ei u\u017e od 35\u201340 rokov mysleli na prevenciu<\/strong> a zachovanie svojej mu\u017eskej sily.<\/p>\n<p data-start=\"512\" data-end=\"641\"><strong data-start=\"512\" data-end=\"525\">Composition:<\/strong> list alchemilky oby\u010dajnej, v\u0148a\u0165 v\u0155bovky malokvetej (20 %), v\u0148a\u0165 kapsi\u010dky pastierskej, v\u0148a\u0165 pamajor\u00e1nu oby\u010dajn\u00e9ho.<\/p>\n<p data-start=\"643\" data-end=\"817\"><strong data-start=\"643\" data-end=\"656\">Preparation:<\/strong> Jednu zarovnan\u00fa polievkov\u00fa ly\u017eicu (cca 3 g) \u010dajovej zmesi zalejte 2,5 dl vriacej vody, nechajte 15 min\u00fat l\u00fahova\u0165 a potom precedte (nepou\u017e\u00edvajte kovov\u00e9 sitko).<\/p>\n<p data-start=\"819\" data-end=\"1179\"><strong data-start=\"819\" data-end=\"839\">Sp\u00f4sob u\u017e\u00edvania:<\/strong><br data-start=\"839\" data-end=\"842\" \/>Na <strong data-start=\"845\" data-end=\"893\">dlhodob\u00fa podporu zdravej prostaty a potencie<\/strong> pite \u010daj u\u017e od 35\u201340 rokov, aspo\u0148 1\u00d7 t\u00fd\u017edenne.<br data-start=\"940\" data-end=\"943\" \/>Na <strong data-start=\"946\" data-end=\"959\">prevenciu<\/strong> sa odpor\u00fa\u010da pi\u0165 \u010daj <strong data-start=\"980\" data-end=\"1009\">pred jedlom, bez pr\u00edchute<\/strong>.<br data-start=\"1010\" data-end=\"1013\" \/>Na <strong data-start=\"1016\" data-end=\"1038\">zlep\u0161enie potencie<\/strong> pite 1 \u0161\u00e1lku denne, najlep\u0161ie v popolud\u0148aj\u0161\u00edch hodin\u00e1ch.<br data-start=\"1095\" data-end=\"1098\" \/>Pri \u0165a\u017ekostiach s prostatou mo\u017eno pi\u0165 denne 1 \u0161\u00e1lku a\u017e do vymiznutia pr\u00edznakov.<\/p>\n<p data-start=\"1181\" data-end=\"1404\">Zmes je vhodn\u00e1 aj pre <strong data-start=\"1203\" data-end=\"1224\">mu\u017eov s cukrovkou<\/strong>, najm\u00e4 t\u00fdch, ktor\u00ed u\u017e\u00edvaj\u00fa \u010daj <strong data-start=\"1256\" data-end=\"1277\">Diabess-Gy\u00f6rgytea<\/strong>. Na rozdiel od niektor\u00fdch liekov, ktor\u00e9 m\u00f4\u017eu ma\u0165 ne\u017eiaduce ved\u013eaj\u0161ie \u00fa\u010dinky, t\u00e1to bylinn\u00e1 zmes je <strong data-start=\"1376\" data-end=\"1401\">prirodzen\u00e1 a bezpe\u010dn\u00e1<\/strong>.<\/p>\n<p data-start=\"1406\" data-end=\"1834\"><strong data-start=\"1406\" data-end=\"1436\">\u00da\u010dinky jednotliv\u00fdch byl\u00edn:<\/strong><br data-start=\"1436\" data-end=\"1439\" \/>- <strong data-start=\"1441\" data-end=\"1464\">Alchemilka oby\u010dajn\u00e1<\/strong>: mo\u010dopudn\u00e1, spev\u0148uj\u00faca a protiz\u00e1palov\u00e1 rastlina.<br data-start=\"1513\" data-end=\"1516\" \/>- <strong data-start=\"1518\" data-end=\"1539\">V\u0155bovka malokvet\u00e1<\/strong>: priaznivo p\u00f4sob\u00ed na prostatu a mo\u010dov\u00e9 cesty.<br data-start=\"1585\" data-end=\"1588\" \/>- <strong data-start=\"1590\" data-end=\"1613\">Kapsi\u010dka pastierska<\/strong>: podporuje vylu\u010dovanie mo\u010du, p\u00f4sob\u00ed protiz\u00e1palovo a tradi\u010dne sa pou\u017e\u00edvala aj na posilnenie mu\u017eskej sily.<br data-start=\"1718\" data-end=\"1721\" \/>- <strong data-start=\"1723\" data-end=\"1755\">Pamajor\u00e1n oby\u010dajn\u00fd (oregano)<\/strong>: stimuluje tvorbu pohlavn\u00fdch horm\u00f3nov v mozgu a podporuje sexu\u00e1lnu vitalitu.<\/p>\n<p data-start=\"1836\" data-end=\"1885\"><strong data-start=\"1836\" data-end=\"1852\">Warning:<\/strong> Nevhodn\u00e9 pre deti do 12 rokov.<\/p>\n<p data-start=\"1887\" data-end=\"1907\"><strong data-start=\"1887\" data-end=\"1900\">Weight:<\/strong> 50 g<\/p>","protected":false},"excerpt":{"rendered":"<p>Gyuri b\u00e1csi pripravil z lie\u010div\u00fdch rastl\u00edn \u010dajov\u00fa zmes, ktor\u00e1 podporuje produkciu horm\u00f3nov potrebn\u00fdch pre spr\u00e1vne fungovanie pohlavn\u00fdch org\u00e1nov.<br \/>\nZlo\u017eenie \u010dajovej zmesi z vrbovky malokvetej (Mu\u017esk\u00fd \u010daj): listy alchemilky oby\u010dajnej, v\u00fdhonky vrbovky malokvetej, kapsi\u010dka pastierska, pamajor\u00e1n oby\u010dajn\u00fd.<br \/>\nP&#8230; <a class=\"more-link\" href=\"#tab-description\">Read more<\/a><\/p>","protected":false},"featured_media":10149,"comment_status":"open","ping_status":"closed","template":"","meta":{"inline_featured_image":false},"product_brand":[274],"product_cat":[148],"product_tag":[],"class_list":{"0":"post-8833","1":"product","2":"type-product","3":"status-publish","4":"has-post-thumbnail","6":"product_brand-gyorgytea","7":"product_cat-liecive-rastliny","9":"first","10":"instock","11":"taxable","12":"shipping-taxable","13":"purchasable","14":"product-type-simple"},"aioseo_notices":[],"_links":{"self":[{"href":"https:\/\/www.biokari.sk\/en\/wp-json\/wp\/v2\/product\/8833","targetHints":{"allow":["GET"]}}],"collection":[{"href":"https:\/\/www.biokari.sk\/en\/wp-json\/wp\/v2\/product"}],"about":[{"href":"https:\/\/www.biokari.sk\/en\/wp-json\/wp\/v2\/types\/product"}],"replies":[{"embeddable":true,"href":"https:\/\/www.biokari.sk\/en\/wp-json\/wp\/v2\/comments?post=8833"}],"wp:featuredmedia":[{"embeddable":true,"href":"https:\/\/www.biokari.sk\/en\/wp-json\/wp\/v2\/media\/10149"}],"wp:attachment":[{"href":"https:\/\/www.biokari.sk\/en\/wp-json\/wp\/v2\/media?parent=8833"}],"wp:term":[{"taxonomy":"product_brand","embeddable":true,"href":"https:\/\/www.biokari.sk\/en\/wp-json\/wp\/v2\/product_brand?post=8833"},{"taxonomy":"product_cat","embeddable":true,"href":"https:\/\/www.biokari.sk\/en\/wp-json\/wp\/v2\/product_cat?post=8833"},{"taxonomy":"product_tag","embeddable":true,"href":"https:\/\/www.biokari.sk\/en\/wp-json\/wp\/v2\/product_tag?post=8833"}],"curies":[{"name":"wp","href":"https:\/\/api.w.org\/{rel}","templated":true}]}}