{"id":8835,"date":"2025-07-01T14:36:34","date_gmt":"2025-07-01T12:36:34","guid":{"rendered":"https:\/\/www.biokari.sk\/produkt\/gyorgytea-cajova-zmes-kulzo-vrchu-bukk-50g\/"},"modified":"2026-04-20T19:01:58","modified_gmt":"2026-04-20T17:01:58","slug":"gyorgytea-cajova-zmes-kulzo-vrchu-bukk-50g","status":"publish","type":"product","link":"https:\/\/www.biokari.sk\/en\/product\/gyorgytea-cajova-zmes-kulzo-vrchu-bukk-50g\/","title":{"rendered":"Gy\u00f6rgytea \u010cajov\u00e1 zmes &#8211; K\u00falzo vrchu B\u00fckk 50g"},"content":{"rendered":"<p><strong>Balenie: 50 g<\/strong><\/p>\n\n\n\n<p>Gyuri b\u00e1csi v\u017edy hovoril, \u017ee pohorie Bukov\u00e9 vrchy je pod\u013ea neho <strong>najkraj\u0161\u00ed kraj Ma\u010farska<\/strong>. Tu \u017eil aj on s\u00e1m a odtia\u013e poch\u00e1dza aj recept na \u010daj <strong>\u201eB\u00fckki var\u00e1zs\u201c<\/strong>.<\/p>\n\n\n\n<p>V tejto \u010dajovej zmesi <strong>nie s\u00fa \u017eiadne umel\u00e9 farbiv\u00e1, ochucovadl\u00e1 ani adit\u00edva<\/strong>. Obsahuje iba tak\u00e9 byliny, ktor\u00e9 sa prirodzene vyskytuj\u00fa aj v Bukov\u00fdch vrchoch. Je to <strong>lahodn\u00fd, osvie\u017euj\u00faci \u010daj<\/strong>, ktor\u00fd m\u00f4\u017ee pi\u0165 ka\u017ed\u00fd, kto t\u00fa\u017ei po \u0161\u00e1lke chutn\u00e9ho n\u00e1poja. Vhodn\u00fd je <strong>po cel\u00fd rok<\/strong>, najm\u00e4 v\u0161ak <strong>na jar a na jese\u0148<\/strong>.<\/p>\n\n\n\n<p><strong>Composition:<\/strong> v\u0148a\u0165 rep\u00edka lek\u00e1rskeho, list ostru\u017einy malinovej, v\u0148a\u0165 koc\u00farnika vo\u0148av\u00e9ho<\/p>\n\n\n\n<p><strong>Preparation:<\/strong><br>Jednu zarovnan\u00fa polievkov\u00fa ly\u017eicu (3 g) \u010dajovej zmesi zalejte 2,5 dl vriacej vody, nechajte l\u00fahova\u0165 15 min\u00fat, potom sce\u010fte. <strong>Nepou\u017e\u00edvajte kovov\u00e9 sitko.<\/strong><\/p>\n\n\n\n<p><strong>Sp\u00f4sob u\u017e\u00edvania:<\/strong><br>Pite <strong>bez pr\u00edchute<\/strong>, kedyko\u013evek po\u010das d\u0148a. Odpor\u00fa\u010da sa <strong>1\u20132 \u0161\u00e1lky denne<\/strong>, aj dlhodobo. Deti <strong>od 3 rokov<\/strong> m\u00f4\u017eu \u010daj pi\u0165 <strong>zrieden\u00fd<\/strong> (1 \u010dajov\u00e1 ly\u017ei\u010dka na 2,5 dl vody).<\/p>\n\n\n\n<p><strong>Podrobnej\u0161ie o rastlin\u00e1ch:<\/strong><br>Rep\u00edk lek\u00e1rsky podporuje <strong>hojenie z\u00e1palov<\/strong>, pou\u017e\u00edva sa aj pri <strong>miernej hna\u010dke<\/strong>, kloktan\u00ed a na podporu <strong>hojenia slizn\u00edc<\/strong>.<br>List malinovn\u00edka m\u00e1 pr\u00edjemn\u00fa chu\u0165, m\u00f4\u017ee pom\u00f4c\u0165 pri <strong>jemn\u00fdch k\u0155\u010doch<\/strong>, z\u00e1paloch v \u00fastnej dutine a hltane a zmierni\u0165 <strong>\u013eah\u0161iu hna\u010dku<\/strong>.<br>Koc\u00farnik vo\u0148av\u00fd je odpor\u00fa\u010dan\u00fd pri <strong>nepokojnosti, podr\u00e1\u017edenosti, nap\u00e4t\u00ed<\/strong> a pri <strong>tr\u00e1viacich \u0165a\u017ekostiach<\/strong>.<\/p>\n\n\n\n<p><strong>Storage:<\/strong><br>Po otvoren\u00ed uchov\u00e1vajte <strong>out of reach of children<\/strong>, na suchom a chladnom mieste, dobre uzavret\u00e9.<\/p>\n\n\n\n<p><strong>Minim\u00e1lna trvanlivos\u0165:<\/strong> uveden\u00e1 na obale.<\/p>\n\n\n\n<p><\/p>","protected":false},"excerpt":{"rendered":"<p>Ingrediencie:<br \/>\nv\u00fdhonok lop\u00facha, list divej maliny, v\u00fdhonok m\u00e4ty vo\u0148avej<\/p>\n<p>Ako to urob\u00edm?<br \/>\nZarovnan\u00fa polievkov\u00fa ly\u017eicu (3 g) \u010dajovn\u00edka povarte s 2,5 dl vody, po 15 min\u00fatach prefiltrujte. Nepou\u017e\u00edvajte kovov\u00fd filter.<\/p>\n<p>Kedy ho m\u00e1m konzumova\u0165?<br \/>\nM\u00f4\u017ee sa konzumova\u0165 kedyko\u013evek po\u010das d\u0148a, najlep\u0161ie bez dochucova&#8230; <a class=\"more-link\" href=\"#tab-description\">Read more<\/a><\/p>","protected":false},"featured_media":10421,"comment_status":"open","ping_status":"closed","template":"","meta":{"inline_featured_image":false},"product_brand":[274],"product_cat":[148],"product_tag":[],"class_list":{"0":"post-8835","1":"product","2":"type-product","3":"status-publish","4":"has-post-thumbnail","6":"product_brand-gyorgytea","7":"product_cat-liecive-rastliny","9":"first","10":"instock","11":"taxable","12":"shipping-taxable","13":"purchasable","14":"product-type-simple"},"aioseo_notices":[],"_links":{"self":[{"href":"https:\/\/www.biokari.sk\/en\/wp-json\/wp\/v2\/product\/8835","targetHints":{"allow":["GET"]}}],"collection":[{"href":"https:\/\/www.biokari.sk\/en\/wp-json\/wp\/v2\/product"}],"about":[{"href":"https:\/\/www.biokari.sk\/en\/wp-json\/wp\/v2\/types\/product"}],"replies":[{"embeddable":true,"href":"https:\/\/www.biokari.sk\/en\/wp-json\/wp\/v2\/comments?post=8835"}],"wp:featuredmedia":[{"embeddable":true,"href":"https:\/\/www.biokari.sk\/en\/wp-json\/wp\/v2\/media\/10421"}],"wp:attachment":[{"href":"https:\/\/www.biokari.sk\/en\/wp-json\/wp\/v2\/media?parent=8835"}],"wp:term":[{"taxonomy":"product_brand","embeddable":true,"href":"https:\/\/www.biokari.sk\/en\/wp-json\/wp\/v2\/product_brand?post=8835"},{"taxonomy":"product_cat","embeddable":true,"href":"https:\/\/www.biokari.sk\/en\/wp-json\/wp\/v2\/product_cat?post=8835"},{"taxonomy":"product_tag","embeddable":true,"href":"https:\/\/www.biokari.sk\/en\/wp-json\/wp\/v2\/product_tag?post=8835"}],"curies":[{"name":"wp","href":"https:\/\/api.w.org\/{rel}","templated":true}]}}