{"id":8847,"date":"2025-07-01T14:36:36","date_gmt":"2025-07-01T12:36:36","guid":{"rendered":"https:\/\/www.biokari.sk\/produkt\/dia-wellness-nahrada-paleolitickeho-cukru-1-4-500g\/"},"modified":"2026-04-26T19:01:52","modified_gmt":"2026-04-26T17:01:52","slug":"dia-wellness-nahrada-paleolitickeho-cukru-1-4-500g","status":"publish","type":"product","link":"https:\/\/www.biokari.sk\/en\/product\/dia-wellness-nahrada-paleolitickeho-cukru-1-4-500g\/","title":{"rendered":"Dia-Wellness N\u00e1hrada paleolitick\u00e9ho cukru 1\/4 500g"},"content":{"rendered":"<p data-start=\"152\" data-end=\"451\">Tento produkt je vhodnou n\u00e1hradou repn\u00e9ho cukru pri pe\u010den\u00ed aj be\u017enom sladen\u00ed. <strong data-start=\"230\" data-end=\"291\">1 \u010dajov\u00e1 ly\u017ei\u010dka produktu nahr\u00e1dza 4 \u010dajov\u00e9 ly\u017ei\u010dky cukru<\/strong>, tak\u017ee na dosiahnutie rovnakej sladkosti sta\u010d\u00ed \u0161tvrtinov\u00e9 mno\u017estvo. Produkt <strong data-start=\"368\" data-end=\"413\">prakticky neza\u0165a\u017euje organizmus kal\u00f3riami<\/strong> a m\u00e1 <strong data-start=\"419\" data-end=\"450\">glykemick\u00fd index 0 (GI = 0)<\/strong>.<\/p>\n<p data-start=\"453\" data-end=\"915\">Obsiahnut\u00fd erytritol je <strong data-start=\"477\" data-end=\"505\">pr\u00edrodn\u00fd cukrov\u00fd alkohol<\/strong>, ktor\u00fd sa nach\u00e1dza aj v ovoc\u00ed (napr. hru\u0161ka, mel\u00f3n, hrozno). Chu\u0165ou aj vzh\u013eadom sa podob\u00e1 cukru, no <strong data-start=\"606\" data-end=\"648\">bez typick\u00fdch ved\u013eaj\u0161\u00edch \u00fa\u010dinkov cukru<\/strong>. M\u00e1 <strong data-start=\"653\" data-end=\"687\">chladiv\u00fa, pr\u00edjemne sladk\u00fa chu\u0165<\/strong> a <strong data-start=\"690\" data-end=\"714\">bez v\u00fdraznej dochuti<\/strong>. Organizmus ho <strong data-start=\"730\" data-end=\"750\">r\u00fdchlo vstreb\u00e1va<\/strong> a vylu\u010duje v nezmenenej forme. <strong data-start=\"782\" data-end=\"805\">Neza\u0165a\u017euje tr\u00e1venie<\/strong> a m\u00e1 v\u00fdrazne lep\u0161iu toleranciu ako in\u00e9 polyoly, preto <strong data-start=\"860\" data-end=\"892\">nesp\u00f4sobuje laxat\u00edvne \u00fa\u010dinky<\/strong> pri be\u017enej konzum\u00e1cii.<\/p>\n<p data-start=\"917\" data-end=\"1129\">Produkt je <strong data-start=\"928\" data-end=\"947\">tepelnestabiln\u00fd<\/strong>, vhodn\u00fd na sladeniu n\u00e1pojov, varenie aj pe\u010denie. V\u010faka tomu je ide\u00e1lny pre osoby v di\u00e9te, pri chudnut\u00ed alebo s n\u00edzkosacharidov\u00fdm stravovan\u00edm. M\u00f4\u017ee by\u0165 s\u00fa\u010das\u0165ou aj <strong data-start=\"1111\" data-end=\"1128\">candida di\u00e9ty<\/strong>.<\/p>\n<p data-start=\"1131\" data-end=\"1195\"><strong data-start=\"1131\" data-end=\"1144\">Composition:<\/strong> sladidlo: erytritol, steviol-glykozidy (zo st\u00e9vie)<\/p>\n<p data-start=\"1197\" data-end=\"1244\"><strong data-start=\"1197\" data-end=\"1244\">Priemern\u00e9 v\u00fd\u017eivov\u00e9 hodnoty na 100 g v\u00fdrobku<\/strong><\/p>\n<div class=\"_tableContainer_1rjym_1\">\n<div class=\"group _tableWrapper_1rjym_13 flex w-fit flex-col-reverse\">\n<table class=\"w-fit min-w-(--thread-content-width)\" data-start=\"1246\" data-end=\"1532\">\n<thead data-start=\"1246\" data-end=\"1277\">\n<tr data-start=\"1246\" data-end=\"1277\">\n<th data-start=\"1246\" data-end=\"1265\" data-col-size=\"sm\">V\u00fd\u017eivov\u00e1 hodnota<\/th>\n<th data-start=\"1265\" data-end=\"1277\" data-col-size=\"sm\">Quantity<\/th>\n<\/tr>\n<\/thead>\n<tbody data-start=\"1310\" data-end=\"1532\">\n<tr data-start=\"1310\" data-end=\"1341\">\n<td data-start=\"1310\" data-end=\"1320\" data-col-size=\"sm\">Energy<\/td>\n<td data-start=\"1320\" data-end=\"1341\" data-col-size=\"sm\"><strong data-start=\"1322\" data-end=\"1339\">0 kJ \/ 0 kcal<\/strong><\/td>\n<\/tr>\n<tr data-start=\"1342\" data-end=\"1362\">\n<td data-start=\"1342\" data-end=\"1349\" data-col-size=\"sm\">Fats<\/td>\n<td data-start=\"1349\" data-end=\"1362\" data-col-size=\"sm\"><strong data-start=\"1351\" data-end=\"1360\">0,0 g<\/strong><\/td>\n<\/tr>\n<tr data-start=\"1363\" data-end=\"1410\">\n<td data-start=\"1363\" data-end=\"1397\" data-col-size=\"sm\">z toho nas\u00fdten\u00e9 mastn\u00e9 kyseliny<\/td>\n<td data-col-size=\"sm\" data-start=\"1397\" data-end=\"1410\"><strong data-start=\"1399\" data-end=\"1408\">0,0 g<\/strong><\/td>\n<\/tr>\n<tr data-start=\"1411\" data-end=\"1437\">\n<td data-start=\"1411\" data-end=\"1423\" data-col-size=\"sm\">Carbohydrates<\/td>\n<td data-col-size=\"sm\" data-start=\"1423\" data-end=\"1437\"><strong data-start=\"1425\" data-end=\"1435\">99,4 g<\/strong><\/td>\n<\/tr>\n<tr data-start=\"1438\" data-end=\"1466\">\n<td data-start=\"1438\" data-end=\"1453\" data-col-size=\"sm\">z toho cukry<\/td>\n<td data-col-size=\"sm\" data-start=\"1453\" data-end=\"1466\"><strong data-start=\"1455\" data-end=\"1464\">0,0 g<\/strong><\/td>\n<\/tr>\n<tr data-start=\"1467\" data-end=\"1489\">\n<td data-start=\"1467\" data-end=\"1478\" data-col-size=\"sm\">Fibre<\/td>\n<td data-col-size=\"sm\" data-start=\"1478\" data-end=\"1489\"><strong data-start=\"1480\" data-end=\"1487\">0 g<\/strong><\/td>\n<\/tr>\n<tr data-start=\"1490\" data-end=\"1514\">\n<td data-start=\"1490\" data-end=\"1503\" data-col-size=\"sm\">Protein<\/td>\n<td data-start=\"1503\" data-end=\"1514\" data-col-size=\"sm\"><strong data-start=\"1505\" data-end=\"1512\">0 g<\/strong><\/td>\n<\/tr>\n<tr data-start=\"1515\" data-end=\"1532\">\n<td data-start=\"1515\" data-end=\"1521\" data-col-size=\"sm\">Salt<\/td>\n<td data-col-size=\"sm\" data-start=\"1521\" data-end=\"1532\">\n<p><strong data-start=\"1523\" data-end=\"1530\">0 g<\/strong><\/p>\n<\/td>\n<\/tr>\n<\/tbody>\n<\/table>\n<\/div>\n<\/div>\n\n\n<p><strong>Pozn\u00e1mka:<\/strong> Produkt obsahuje <strong>nestr\u00e1vite\u013en\u00e9 sacharidy<\/strong>.<\/p>\n\n\n\n<p><strong>Application:<\/strong> Na sladenie studen\u00fdch a tepl\u00fdch n\u00e1pojov, na varenie a pe\u010denie. Vhodn\u00e9 ako n\u00e1hrada bieleho cukru v pomere <strong>1 : 4<\/strong> (cukru).<\/p>\n\n\n\n<p><strong>Weight:<\/strong> 500 g<\/p>","protected":false},"excerpt":{"rendered":"<p>Short Description:<br \/>\nN\u00e1hrada paleolitick\u00e9ho cukru 1:4 od Dia-Wellness je n\u00edzkokalorick\u00e9 sladidlo, ktor\u00e9 sl\u00fa\u017ei ako ide\u00e1lna alternat\u00edva klasick\u00e9ho cukru. Je \u0161tvorn\u00e1sobne slad\u0161ie ako be\u017en\u00fd cukor, v\u010faka \u010domu posta\u010d\u00ed len \u0161tvrtinov\u00e9 mno\u017estvo. Vhodn\u00e9 pre diabetikov, osoby s reduk\u010dnou di\u00e9tou a v\u0161etk\u00fdch, ktor\u00ed dbaj&#8230; <a class=\"more-link\" href=\"#tab-description\">Read more<\/a><\/p>","protected":false},"featured_media":10414,"comment_status":"open","ping_status":"closed","template":"","meta":{"inline_featured_image":false},"product_brand":[304],"product_cat":[71,168],"product_tag":[],"class_list":{"0":"post-8847","1":"product","2":"type-product","3":"status-publish","4":"has-post-thumbnail","6":"product_brand-dia-wellness","7":"product_cat-potraviny","8":"product_cat-nahradne-sladidla","10":"first","11":"instock","12":"taxable","13":"shipping-taxable","14":"purchasable","15":"product-type-simple"},"aioseo_notices":[],"_links":{"self":[{"href":"https:\/\/www.biokari.sk\/en\/wp-json\/wp\/v2\/product\/8847","targetHints":{"allow":["GET"]}}],"collection":[{"href":"https:\/\/www.biokari.sk\/en\/wp-json\/wp\/v2\/product"}],"about":[{"href":"https:\/\/www.biokari.sk\/en\/wp-json\/wp\/v2\/types\/product"}],"replies":[{"embeddable":true,"href":"https:\/\/www.biokari.sk\/en\/wp-json\/wp\/v2\/comments?post=8847"}],"wp:featuredmedia":[{"embeddable":true,"href":"https:\/\/www.biokari.sk\/en\/wp-json\/wp\/v2\/media\/10414"}],"wp:attachment":[{"href":"https:\/\/www.biokari.sk\/en\/wp-json\/wp\/v2\/media?parent=8847"}],"wp:term":[{"taxonomy":"product_brand","embeddable":true,"href":"https:\/\/www.biokari.sk\/en\/wp-json\/wp\/v2\/product_brand?post=8847"},{"taxonomy":"product_cat","embeddable":true,"href":"https:\/\/www.biokari.sk\/en\/wp-json\/wp\/v2\/product_cat?post=8847"},{"taxonomy":"product_tag","embeddable":true,"href":"https:\/\/www.biokari.sk\/en\/wp-json\/wp\/v2\/product_tag?post=8847"}],"curies":[{"name":"wp","href":"https:\/\/api.w.org\/{rel}","templated":true}]}}