{"id":8853,"date":"2025-07-01T14:36:37","date_gmt":"2025-07-01T12:36:37","guid":{"rendered":"https:\/\/www.biokari.sk\/produkt\/gyorgytea-hviezdicny-caj-50g\/"},"modified":"2026-04-10T19:02:46","modified_gmt":"2026-04-10T17:02:46","slug":"gyorgytea-hviezdicny-caj-50g","status":"publish","type":"product","link":"https:\/\/www.biokari.sk\/en\/product\/gyorgytea-hviezdicny-caj-50g\/","title":{"rendered":"Gy\u00f6rgytea Hviezdicn\u00fd \u010daj 50g"},"content":{"rendered":"<p data-start=\"72\" data-end=\"131\"><strong data-start=\"72\" data-end=\"85\">Composition:<\/strong> v\u0148a\u0165 hviezdice prostrednej (Stellariae herba)<\/p>\n<p data-start=\"133\" data-end=\"298\"><strong data-start=\"133\" data-end=\"146\">Preparation:<\/strong> Jednu zarovnan\u00fa polievkov\u00fa ly\u017eicu (3 g) \u010dajovej zmesi zalejte 2,5 dl vriacej vody, nechajte l\u00fahova\u0165 15 min\u00fat a potom sce\u010fte. Nepou\u017e\u00edvajte kovov\u00e9 sitko.<\/p>\n<p data-start=\"300\" data-end=\"366\"><strong data-start=\"300\" data-end=\"320\">Sp\u00f4sob u\u017e\u00edvania:<\/strong> Pite <strong data-start=\"326\" data-end=\"341\">pred jedlom<\/strong>, najlep\u0161ie bez pr\u00edchute.<\/p>\n<p data-start=\"368\" data-end=\"528\"><strong data-start=\"368\" data-end=\"392\">Odpor\u00fa\u010dan\u00e9 mno\u017estvo:<\/strong> 1\u20132 \u0161\u00e1lky denne, k\u00farovito, do vymiznutia \u0165a\u017ekost\u00ed. <strong data-start=\"444\" data-end=\"478\">Neprekra\u010dova\u0165 odpor\u00fa\u010dan\u00fa d\u00e1vku<\/strong>, preto\u017ee m\u00f4\u017ee sp\u00f4sobi\u0165 <strong data-start=\"502\" data-end=\"527\">hna\u010dku alebo vracanie<\/strong>.<\/p>\n<p data-start=\"530\" data-end=\"607\"><strong data-start=\"530\" data-end=\"546\">Warnings:<\/strong> Nevhodn\u00e9 pre tehotn\u00e9 a doj\u010diace \u017eeny a pre deti do 12 rokov.<\/p>\n<p data-start=\"609\" data-end=\"712\"><strong data-start=\"609\" data-end=\"625\">Storage:<\/strong> Po otvoren\u00ed uchov\u00e1vajte mimo dosahu det\u00ed, na suchom a chladnom mieste, dobre uzavret\u00e9.<\/p>\n<p data-start=\"714\" data-end=\"732\"><strong data-start=\"714\" data-end=\"727\">Weight:<\/strong> 50 g<\/p>","protected":false},"excerpt":{"rendered":"<p>Ingrediencie:<br \/>\nkvitn\u00faci v\u00fdhonok slepa\u010dieho (Stellariae herba)<\/p>\n<p>Ako to urob\u00edm?<br \/>\nZarovnan\u00fa polievkov\u00fa ly\u017eicu (3 g) \u010dajovn\u00edka povarte s 2,5 dl vody, po 15 min\u00fatach prefiltrujte. Nepou\u017e\u00edvajte kovov\u00fd filter.<\/p>\n<p>Kedy ho m\u00e1m konzumova\u0165?<br \/>\nKonzumujte pred jedlom, najlep\u0161ie bez dochucovadiel.<\/p>\n<p>Ako dlho m\u00f4\u017eem pi\u0165?<br \/>\n&#8230; <a class=\"more-link\" href=\"#tab-description\">Read more<\/a><\/p>","protected":false},"featured_media":10402,"comment_status":"open","ping_status":"closed","template":"","meta":{"inline_featured_image":false},"product_brand":[274],"product_cat":[148,151],"product_tag":[],"class_list":{"0":"post-8853","1":"product","2":"type-product","3":"status-publish","4":"has-post-thumbnail","6":"product_brand-gyorgytea","7":"product_cat-liecive-rastliny","8":"product_cat-srdcovo-cievny-system-liecive-rastliny","10":"first","11":"instock","12":"taxable","13":"shipping-taxable","14":"purchasable","15":"product-type-simple"},"aioseo_notices":[],"_links":{"self":[{"href":"https:\/\/www.biokari.sk\/en\/wp-json\/wp\/v2\/product\/8853","targetHints":{"allow":["GET"]}}],"collection":[{"href":"https:\/\/www.biokari.sk\/en\/wp-json\/wp\/v2\/product"}],"about":[{"href":"https:\/\/www.biokari.sk\/en\/wp-json\/wp\/v2\/types\/product"}],"replies":[{"embeddable":true,"href":"https:\/\/www.biokari.sk\/en\/wp-json\/wp\/v2\/comments?post=8853"}],"wp:featuredmedia":[{"embeddable":true,"href":"https:\/\/www.biokari.sk\/en\/wp-json\/wp\/v2\/media\/10402"}],"wp:attachment":[{"href":"https:\/\/www.biokari.sk\/en\/wp-json\/wp\/v2\/media?parent=8853"}],"wp:term":[{"taxonomy":"product_brand","embeddable":true,"href":"https:\/\/www.biokari.sk\/en\/wp-json\/wp\/v2\/product_brand?post=8853"},{"taxonomy":"product_cat","embeddable":true,"href":"https:\/\/www.biokari.sk\/en\/wp-json\/wp\/v2\/product_cat?post=8853"},{"taxonomy":"product_tag","embeddable":true,"href":"https:\/\/www.biokari.sk\/en\/wp-json\/wp\/v2\/product_tag?post=8853"}],"curies":[{"name":"wp","href":"https:\/\/api.w.org\/{rel}","templated":true}]}}