{"id":8855,"date":"2025-07-01T14:36:37","date_gmt":"2025-07-01T12:36:37","guid":{"rendered":"https:\/\/www.biokari.sk\/produkt\/bioco-q10-tablety-100mg-30ks\/"},"modified":"2026-04-16T19:03:43","modified_gmt":"2026-04-16T17:03:43","slug":"bioco-q10-tablety-100mg-30ks","status":"publish","type":"product","link":"https:\/\/www.biokari.sk\/en\/product\/bioco-q10-tablety-100mg-30ks\/","title":{"rendered":"Bioco Q10 tablety 100mg 30ks"},"content":{"rendered":"<p data-start=\"255\" data-end=\"433\">V\u00fd\u017eivov\u00fd doplnok s obsahom <strong data-start=\"282\" data-end=\"332\">koenz\u00fdmu Q10 v najvy\u0161\u0161ej dennej d\u00e1vke (100 mg)<\/strong> dostupnej v doplnkoch v\u00fd\u017eivy, ktor\u00fd je <strong data-start=\"372\" data-end=\"408\">najm\u00e4 pre star\u0161iu vekov\u00fa skupinu<\/strong> mimoriadne odpor\u00fa\u010dan\u00fd.<\/p>\n<p data-start=\"435\" data-end=\"539\"><strong data-start=\"435\" data-end=\"450\">Dosage:<\/strong> Adults are recommended to take <strong data-start=\"479\" data-end=\"498\">1 kapsulu denne<\/strong>, zapi\u0165 dostato\u010dn\u00fdm mno\u017estvom tekutiny.<\/p>\n<p data-start=\"541\" data-end=\"898\"><strong data-start=\"541\" data-end=\"566\">Zlo\u017eenie v 1 kapsule:<\/strong><br data-start=\"566\" data-end=\"569\" \/><strong data-start=\"569\" data-end=\"592\">Vitam\u00edn B1 (tiam\u00edn)<\/strong> \u2013 1,1 mg (100 % NRV*)<br data-start=\"614\" data-end=\"617\" \/><strong data-start=\"617\" data-end=\"630\">Vitamin C<\/strong> \u2013 60 mg (75 % NRV*)<br data-start=\"650\" data-end=\"653\" \/><strong data-start=\"653\" data-end=\"666\">Vitam\u00edn E<\/strong> \u2013 10 mg (83,3 % NRV*)<br data-start=\"688\" data-end=\"691\" \/><strong data-start=\"691\" data-end=\"721\">Sel\u00e9n (v organickej forme)<\/strong> \u2013 55 \u00b5g (100 % NRV*)<br data-start=\"742\" data-end=\"745\" \/><strong data-start=\"745\" data-end=\"761\">Beta-karot\u00e9n<\/strong> \u2013 2 mg (-)<br data-start=\"772\" data-end=\"775\" \/><strong data-start=\"775\" data-end=\"790\">Coenzyme Q10<\/strong> (vo vodorozpustnej emulznej forme) \u2013 100 mg (-)<br data-start=\"838\" data-end=\"841\" \/>*NRV \u2013 referen\u010dn\u00e1 hodnota denn\u00e9ho pr\u00edjmu pre dospel\u00fdch<\/p>\n<p data-start=\"900\" data-end=\"1248\"><strong data-start=\"900\" data-end=\"913\">Composition:<\/strong> koenz\u00fdm Q10; emulg\u00e1tor (polioxyetyl\u00e9nsorbitan monoole\u00e1t); protihrudkuj\u00face l\u00e1tky (oxid kremi\u010dit\u00fd, soli mastn\u00fdch kysel\u00edn s hor\u010d\u00edkom); \u017eelat\u00edna; plnidlo (mikrokry\u0161talick\u00e1 celul\u00f3za); L-askorbov\u00e1 kyselina; DL-alfa-tokoferyl-acet\u00e1t; farbiv\u00e1 (uhli\u010ditan v\u00e1penat\u00fd, oxidy a hydroxidy \u017eeleza); beta-karot\u00e9n; tiam\u00ednmononitr\u00e1t; L-selenometion\u00edn.<\/p>\n<p data-start=\"1250\" data-end=\"1313\"><strong data-start=\"1250\" data-end=\"1268\">Contents of the package:<\/strong> 18,15 g \/ 30 kaps\u00fal (30 kaps\u00fal po 0,605 g)<\/p>\n<p data-start=\"1315\" data-end=\"1385\"><strong data-start=\"1315\" data-end=\"1341\">Minim\u00e1lna trvanlivos\u0165:<\/strong> d\u00e1tum je uveden\u00fd na spodnej strane obalu.<\/p>\n<p data-start=\"1387\" data-end=\"1521\"><strong data-start=\"1387\" data-end=\"1403\">Storage:<\/strong> Uchov\u00e1vajte mimo dosahu det\u00ed, v suchu, chr\u00e1nen\u00e9 pred priamym slne\u010dn\u00fdm \u017eiaren\u00edm, pri izbovej teplote <strong data-start=\"1504\" data-end=\"1518\">(15\u201325 \u00b0C)<\/strong>.<\/p>\n<p data-start=\"1523\" data-end=\"1779\"><strong data-start=\"1523\" data-end=\"1539\">Warning:<\/strong> Nutritional supplement <strong data-start=\"1557\" data-end=\"1620\">nenahr\u00e1dza pestr\u00fa a vyv\u00e1\u017een\u00fa stravu ani zdrav\u00fd \u017eivotn\u00fd \u0161t\u00fdl<\/strong>. Uchov\u00e1vajte mimo dosahu det\u00ed! <strong data-start=\"1652\" data-end=\"1693\">Do not exceed the recommended daily dose!<\/strong> Neu\u017e\u00edvajte, ak ste <strong data-start=\"1713\" data-end=\"1745\">alergick\u00ed alebo precitliven\u00ed<\/strong> na ktor\u00fako\u013evek zlo\u017eku produktu.<\/p>\n<p data-start=\"1781\" data-end=\"1866\"><strong data-start=\"1781\" data-end=\"1864\">\u201eBioCo\u201c je registrovan\u00fd n\u00e1zov spolo\u010dnosti a neozna\u010duje ekologick\u00fa certifik\u00e1ciu.<\/strong><\/p>\n<p data-start=\"2033\" data-end=\"2068\"><strong data-start=\"2033\" data-end=\"2068\">Vyroben\u00e9 a vyvinut\u00e9 v Ma\u010farsku.<\/strong><\/p>","protected":false},"excerpt":{"rendered":"<p>V\u00fd\u017eivov\u00fd doplnok s obsahom koenz\u00fdmu Q10 v najvy\u0161\u0161ej dennej d\u00e1vke (100 mg) dostupnej v doplnkoch v\u00fd\u017eivy, ktor\u00fd je najm\u00e4 pre star\u0161iu vekov\u00fa skupinu mimoriadne odpor\u00fa\u010dan\u00fd.<a href=\"#tab-description\" class=\"more-link\">Read more<\/a><\/p>","protected":false},"featured_media":10612,"comment_status":"open","ping_status":"closed","template":"","meta":{"inline_featured_image":false},"product_brand":[305],"product_cat":[69],"product_tag":[],"class_list":{"0":"post-8855","1":"product","2":"type-product","3":"status-publish","4":"has-post-thumbnail","6":"product_brand-bioco","7":"product_cat-vyzivove-doplnky","9":"first","10":"instock","11":"taxable","12":"shipping-taxable","13":"purchasable","14":"product-type-simple"},"aioseo_notices":[],"_links":{"self":[{"href":"https:\/\/www.biokari.sk\/en\/wp-json\/wp\/v2\/product\/8855","targetHints":{"allow":["GET"]}}],"collection":[{"href":"https:\/\/www.biokari.sk\/en\/wp-json\/wp\/v2\/product"}],"about":[{"href":"https:\/\/www.biokari.sk\/en\/wp-json\/wp\/v2\/types\/product"}],"replies":[{"embeddable":true,"href":"https:\/\/www.biokari.sk\/en\/wp-json\/wp\/v2\/comments?post=8855"}],"wp:featuredmedia":[{"embeddable":true,"href":"https:\/\/www.biokari.sk\/en\/wp-json\/wp\/v2\/media\/10612"}],"wp:attachment":[{"href":"https:\/\/www.biokari.sk\/en\/wp-json\/wp\/v2\/media?parent=8855"}],"wp:term":[{"taxonomy":"product_brand","embeddable":true,"href":"https:\/\/www.biokari.sk\/en\/wp-json\/wp\/v2\/product_brand?post=8855"},{"taxonomy":"product_cat","embeddable":true,"href":"https:\/\/www.biokari.sk\/en\/wp-json\/wp\/v2\/product_cat?post=8855"},{"taxonomy":"product_tag","embeddable":true,"href":"https:\/\/www.biokari.sk\/en\/wp-json\/wp\/v2\/product_tag?post=8855"}],"curies":[{"name":"wp","href":"https:\/\/api.w.org\/{rel}","templated":true}]}}