{"id":8857,"date":"2025-07-01T14:36:38","date_gmt":"2025-07-01T12:36:38","guid":{"rendered":"https:\/\/www.biokari.sk\/produkt\/gyorgytea-cajova-zmes-cakanka-obycajna-50g\/"},"modified":"2026-04-04T19:01:59","modified_gmt":"2026-04-04T17:01:59","slug":"gyorgytea-cajova-zmes-cakanka-obycajna-50g","status":"publish","type":"product","link":"https:\/\/www.biokari.sk\/en\/product\/gyorgytea-cajova-zmes-cakanka-obycajna-50g\/","title":{"rendered":"Gy\u00f6rgytea \u010cajov\u00e1 zmes &#8211; \u010cakanka oby\u010dajn\u00e1 50g"},"content":{"rendered":"<p data-start=\"350\" data-end=\"523\"><strong data-start=\"350\" data-end=\"363\">Preparation:<\/strong> jednu zarovnan\u00fa polievkov\u00fa ly\u017eicu (3 g) \u010dajovej zmesi <strong data-start=\"418\" data-end=\"448\">zalia\u0165 2,5 dl vriacej vody<\/strong>, necha\u0165 <strong data-start=\"457\" data-end=\"477\">l\u00fahova\u0165 15 min\u00fat<\/strong>, potom scedi\u0165. <em data-start=\"493\" data-end=\"521\">Nepou\u017e\u00edvajte kovov\u00e9 sitko.<\/em><\/p>\n<p data-start=\"525\" data-end=\"787\"><strong data-start=\"525\" data-end=\"538\">Usage:<\/strong> denne vypite <strong data-start=\"552\" data-end=\"572\">jednu \u0161\u00e1lku \u010daju<\/strong>, pri\u010dom <strong data-start=\"581\" data-end=\"601\">polovicu nala\u010dno<\/strong> a <strong data-start=\"604\" data-end=\"646\">druh\u00fa polovicu pop\u00edjajte do 15. hodiny<\/strong>, najlep\u0161ie <strong data-start=\"658\" data-end=\"690\">bez pr\u00edchute alebo sladidiel<\/strong>. Odpor\u00fa\u010da sa <strong data-start=\"704\" data-end=\"738\">1 \u0161\u00e1lka denne po\u010das 12 t\u00fd\u017ed\u0148ov<\/strong>, po ktorej nasleduje <strong data-start=\"760\" data-end=\"784\">4-t\u00fd\u017ed\u0148ov\u00e1 prest\u00e1vka<\/strong>.<\/p>\n<p data-start=\"789\" data-end=\"883\"><strong data-start=\"789\" data-end=\"805\">Warning:<\/strong> po\u010das <strong data-start=\"812\" data-end=\"858\">tehotenstva, doj\u010denia a u det\u00ed do 12 rokov<\/strong> sa \u010daj <strong data-start=\"866\" data-end=\"880\">neodpor\u00fa\u010da<\/strong>.<\/p>\n<p data-start=\"885\" data-end=\"1811\"><strong data-start=\"885\" data-end=\"909\">O bylink\u00e1ch v zmesi:<\/strong><br data-start=\"909\" data-end=\"912\" \/><strong data-start=\"912\" data-end=\"933\">Zlatoby\u013e oby\u010dajn\u00fd<\/strong> (aranyvessz\u0151) m\u00e1 <strong data-start=\"951\" data-end=\"1022\">\u017el\u010dov\u00e9 a pe\u010de\u0148ov\u00e9 \u010distiace, tr\u00e1venie podporuj\u00face a mo\u010dopudn\u00e9 \u00fa\u010dinky<\/strong>.<br data-start=\"1023\" data-end=\"1026\" \/><strong data-start=\"1026\" data-end=\"1047\">Kvet bazy \u010diernej<\/strong> bol pridan\u00fd pre svoje <strong data-start=\"1070\" data-end=\"1133\">mo\u010dopudn\u00e9, tr\u00e1venie podporuj\u00face a krvne \u010distiace vlastnosti<\/strong>, a je zn\u00e1my aj svoj\u00edm <strong data-start=\"1156\" data-end=\"1200\">\u00fa\u010dinkom pri zni\u017eovan\u00ed telesnej hmotnosti<\/strong>.<br data-start=\"1201\" data-end=\"1204\" \/><strong data-start=\"1204\" data-end=\"1224\">\u010cakanka oby\u010dajn\u00e1<\/strong> (mezei kat\u00e1ng) je <strong data-start=\"1243\" data-end=\"1286\">jednou z najd\u00f4le\u017eitej\u0161\u00edch rastl\u00edn zmesi<\/strong> v\u010faka <strong data-start=\"1293\" data-end=\"1335\">schopnosti podporova\u0165 spa\u013eovanie tukov<\/strong>.<br data-start=\"1336\" data-end=\"1339\" \/><strong data-start=\"1339\" data-end=\"1363\">Kvet trnky oby\u010dajnej<\/strong> je zn\u00e1my ako <strong data-start=\"1377\" data-end=\"1426\">v\u00fdborn\u00e9 mo\u010dopudn\u00e9 a tuky rozp\u00fa\u0161\u0165aj\u00face \u010dinidlo<\/strong>.<br data-start=\"1427\" data-end=\"1430\" \/><strong data-start=\"1430\" data-end=\"1450\">Kukuri\u010dn\u00e9 blizny<\/strong> p\u00f4sobia <strong data-start=\"1459\" data-end=\"1495\">na zn\u00ed\u017eenie hladiny cukru v krvi<\/strong>, podporuj\u00fa <strong data-start=\"1507\" data-end=\"1527\">spa\u013eovanie tukov<\/strong> a s\u00fa preto <strong data-start=\"1539\" data-end=\"1575\">d\u00f4le\u017eit\u00fdm pomocn\u00edkom pri di\u00e9tach<\/strong>.<br data-start=\"1576\" data-end=\"1579\" \/><strong data-start=\"1579\" data-end=\"1607\">V\u0148a\u0165 \u013eu\u013ekovca pr\u00edtuln\u00e9ho<\/strong> (gy\u00fajtov\u00e1nyf\u0171) m\u00e1 <strong data-start=\"1626\" data-end=\"1654\">\u010distiaci \u00fa\u010dinok na \u010drev\u00e1<\/strong>, podporuje <strong data-start=\"1666\" data-end=\"1694\">funkciu pe\u010dene a \u017el\u010dn\u00edka<\/strong>.<br data-start=\"1695\" data-end=\"1698\" \/><strong data-start=\"1698\" data-end=\"1720\">Kvet ag\u00e1tu bieleho<\/strong> m\u00e1 <strong data-start=\"1724\" data-end=\"1766\">zni\u017euj\u00faci \u00fa\u010dinok na \u017eal\u00fado\u010dn\u00fa kyselinu<\/strong> a t\u00fdm aj <strong data-start=\"1776\" data-end=\"1808\">mierne potl\u00e1\u010da chu\u0165 do jedla<\/strong>.<\/p>\n<p data-start=\"1813\" data-end=\"1833\"><strong data-start=\"1813\" data-end=\"1826\">Weight:<\/strong> 50 g<\/p>","protected":false},"excerpt":{"rendered":"<p>Ingrediencie:<br \/>\nkvitn\u00faci v\u00fdhonok galaj (Galii mollugonis herba)<\/p>\n<p>Ako to urob\u00edm?<br \/>\n\u010cajov\u00fa ly\u017ei\u010dku (1,5-2 g) \u010dajovn\u00edka povarte s 2,5 dl vody, po 10 min\u00fatach prefiltrujte. Nepou\u017e\u00edvajte kovov\u00fd filter.<\/p>\n<p>Kedy ho m\u00e1m konzumova\u0165?<br \/>\nKonzumujte r\u00e1no nala\u010dno, najlep\u0161ie bez dochucovadiel.<\/p>\n<p>Ako dlho m\u00f4\u017eem pi\u0165?<br \/>\nM\u00f4\u017ee sa&#8230; <a class=\"more-link\" href=\"#tab-description\">Read more<\/a><\/p>","protected":false},"featured_media":10191,"comment_status":"open","ping_status":"closed","template":"","meta":{"inline_featured_image":false},"product_brand":[274],"product_cat":[148,150,152],"product_tag":[],"class_list":{"0":"post-8857","1":"product","2":"type-product","3":"status-publish","4":"has-post-thumbnail","6":"product_brand-gyorgytea","7":"product_cat-liecive-rastliny","8":"product_cat-chudnutie-liecive-rastliny","9":"product_cat-zaludok-a-crevna-cinnost-liecive-rastliny","11":"first","12":"instock","13":"taxable","14":"shipping-taxable","15":"purchasable","16":"product-type-simple"},"aioseo_notices":[],"_links":{"self":[{"href":"https:\/\/www.biokari.sk\/en\/wp-json\/wp\/v2\/product\/8857","targetHints":{"allow":["GET"]}}],"collection":[{"href":"https:\/\/www.biokari.sk\/en\/wp-json\/wp\/v2\/product"}],"about":[{"href":"https:\/\/www.biokari.sk\/en\/wp-json\/wp\/v2\/types\/product"}],"replies":[{"embeddable":true,"href":"https:\/\/www.biokari.sk\/en\/wp-json\/wp\/v2\/comments?post=8857"}],"wp:featuredmedia":[{"embeddable":true,"href":"https:\/\/www.biokari.sk\/en\/wp-json\/wp\/v2\/media\/10191"}],"wp:attachment":[{"href":"https:\/\/www.biokari.sk\/en\/wp-json\/wp\/v2\/media?parent=8857"}],"wp:term":[{"taxonomy":"product_brand","embeddable":true,"href":"https:\/\/www.biokari.sk\/en\/wp-json\/wp\/v2\/product_brand?post=8857"},{"taxonomy":"product_cat","embeddable":true,"href":"https:\/\/www.biokari.sk\/en\/wp-json\/wp\/v2\/product_cat?post=8857"},{"taxonomy":"product_tag","embeddable":true,"href":"https:\/\/www.biokari.sk\/en\/wp-json\/wp\/v2\/product_tag?post=8857"}],"curies":[{"name":"wp","href":"https:\/\/api.w.org\/{rel}","templated":true}]}}