{"id":8869,"date":"2025-07-01T14:36:40","date_gmt":"2025-07-01T12:36:40","guid":{"rendered":"https:\/\/www.biokari.sk\/produkt\/bioco-organicky-chrom-tabletky-60ks\/"},"modified":"2026-04-09T19:02:20","modified_gmt":"2026-04-09T17:02:20","slug":"bioco-organicky-chrom-tabletky-60ks","status":"publish","type":"product","link":"https:\/\/www.biokari.sk\/en\/product\/bioco-organicky-chrom-tabletky-60ks\/","title":{"rendered":"Bioco Organick\u00fd chr\u00f3m tabletky 60ks"},"content":{"rendered":"<p data-start=\"101\" data-end=\"124\"><strong data-start=\"101\" data-end=\"113\">Packaging:<\/strong> 60 tabliet<\/p>\n<p data-start=\"442\" data-end=\"569\">Organick\u00e1 forma chr\u00f3mu z chr\u00f3m(III)-pikolin\u00e1tu m\u00e1 lep\u0161iu vyu\u017eite\u013enos\u0165 ako anorganick\u00e9 zl\u00fa\u010deniny chr\u00f3mu, napr\u00edklad chr\u00f3mchlorid.<\/p>\n<p data-start=\"693\" data-end=\"775\"><strong data-start=\"693\" data-end=\"707\">Dosage <\/strong>U\u017e\u00edva\u0165 <strong data-start=\"717\" data-end=\"736\">1 tabletu denne<\/strong>, zapi\u0165 dostato\u010dn\u00fdm mno\u017estvom tekutiny.<\/p>\n<p data-start=\"777\" data-end=\"937\"><strong data-start=\"777\" data-end=\"789\">Composition <\/strong>plnidlo (mikrokry\u0161talick\u00e1 celul\u00f3za), maltodextr\u00edn, le\u0161tiaca l\u00e1tka (mastn\u00e9 kyseliny), protihrudkuj\u00faca l\u00e1tka (oxid kremi\u010dit\u00fd), chr\u00f3m(III)-pikolin\u00e1t<\/p>\n<p data-start=\"939\" data-end=\"1051\"><strong data-start=\"939\" data-end=\"954\">Storage<\/strong><br data-start=\"954\" data-end=\"957\" \/>Uchov\u00e1va\u0165 <strong data-start=\"967\" data-end=\"987\">out of reach of children<\/strong>, v suchu, chr\u00e1ni\u0165 pred slne\u010dn\u00fdm \u017eiaren\u00edm, pri teplote do 25 \u00b0C.<\/p>\n<p data-start=\"1053\" data-end=\"1336\"><strong data-start=\"1053\" data-end=\"1077\">D\u00f4le\u017eit\u00e9 upozornenia<\/strong><br data-start=\"1077\" data-end=\"1080\" \/>V\u00fd\u017eivov\u00e9 doplnky s\u00fa potraviny pod\u013ea platnej legislat\u00edvy Eur\u00f3pskej \u00fanie. Sl\u00fa\u017eia na doplnenie be\u017enej stravy a obsahuj\u00fa koncentrovan\u00e9 \u017eiviny. Ich ozna\u010dovanie, prezent\u00e1cia a reklama <strong data-start=\"1258\" data-end=\"1335\">nesmie pripisova\u0165 vlastnosti na prevenciu, lie\u010dbu alebo vylie\u010denie chor\u00f4b<\/strong>.<\/p>\n<p data-start=\"1338\" data-end=\"1706\">Nutritional supplement <strong data-start=\"1355\" data-end=\"1394\">nenahr\u00e1dza pestr\u00fa a vyv\u00e1\u017een\u00fa stravu<\/strong> a zdrav\u00fd \u017eivotn\u00fd \u0161t\u00fdl. Produkt <strong data-start=\"1426\" data-end=\"1445\">nelie\u010di choroby<\/strong> a <strong data-start=\"1448\" data-end=\"1485\">nenahr\u00e1dza lek\u00e1rsku starostlivos\u0165<\/strong>. V pr\u00edpade ochorenia jeho u\u017e\u00edvanie konzultujte s lek\u00e1rom. <strong data-start=\"1544\" data-end=\"1585\">Do not exceed the recommended daily dose.<\/strong><br data-start=\"1585\" data-end=\"1588\" \/>Neu\u017e\u00edvajte, ak ste precitliven\u00fd alebo alergick\u00fd na ktor\u00fako\u013evek zlo\u017eku produktu. <strong data-start=\"1668\" data-end=\"1706\">Uchov\u00e1va\u0165 mimo dosahu mal\u00fdch det\u00ed.<\/strong><\/p>","protected":false},"excerpt":{"rendered":"<p>Short description<\/p>\n<p>V\u00fd\u017eivov\u00fd doplnok obsahuj\u00faci organicky viazan\u00fd chr\u00f3m (pikolin\u00e1t chr\u00f3mu III), v d\u00e1vke 250?\u00b5g na jednu tabletu. Chr\u00f3m prispieva k udr\u017eaniu norm\u00e1lnej hladiny gluk\u00f3zy v krvi a k spr\u00e1vnemu metabolizmu makro\u017eiv\u00edn (tuky, sacharidy, bielkoviny)?<\/p>\n<p>?? Zlo\u017eenie (1 tableta)<\/p>\n<p>Chr\u00f3m (pikolin\u00e1t ch&#8230; <a class=\"more-link\" href=\"#tab-description\">Read more<\/a><\/p>","protected":false},"featured_media":10459,"comment_status":"open","ping_status":"closed","template":"","meta":{"inline_featured_image":false},"product_brand":[305],"product_cat":[69,147],"product_tag":[],"class_list":{"0":"post-8869","1":"product","2":"type-product","3":"status-publish","4":"has-post-thumbnail","6":"product_brand-bioco","7":"product_cat-vyzivove-doplnky","8":"product_cat-pre-diabetikov","10":"first","11":"instock","12":"taxable","13":"shipping-taxable","14":"purchasable","15":"product-type-simple"},"aioseo_notices":[],"_links":{"self":[{"href":"https:\/\/www.biokari.sk\/en\/wp-json\/wp\/v2\/product\/8869","targetHints":{"allow":["GET"]}}],"collection":[{"href":"https:\/\/www.biokari.sk\/en\/wp-json\/wp\/v2\/product"}],"about":[{"href":"https:\/\/www.biokari.sk\/en\/wp-json\/wp\/v2\/types\/product"}],"replies":[{"embeddable":true,"href":"https:\/\/www.biokari.sk\/en\/wp-json\/wp\/v2\/comments?post=8869"}],"wp:featuredmedia":[{"embeddable":true,"href":"https:\/\/www.biokari.sk\/en\/wp-json\/wp\/v2\/media\/10459"}],"wp:attachment":[{"href":"https:\/\/www.biokari.sk\/en\/wp-json\/wp\/v2\/media?parent=8869"}],"wp:term":[{"taxonomy":"product_brand","embeddable":true,"href":"https:\/\/www.biokari.sk\/en\/wp-json\/wp\/v2\/product_brand?post=8869"},{"taxonomy":"product_cat","embeddable":true,"href":"https:\/\/www.biokari.sk\/en\/wp-json\/wp\/v2\/product_cat?post=8869"},{"taxonomy":"product_tag","embeddable":true,"href":"https:\/\/www.biokari.sk\/en\/wp-json\/wp\/v2\/product_tag?post=8869"}],"curies":[{"name":"wp","href":"https:\/\/api.w.org\/{rel}","templated":true}]}}