{"id":8879,"date":"2025-07-01T14:36:41","date_gmt":"2025-07-01T12:36:41","guid":{"rendered":"https:\/\/www.biokari.sk\/produkt\/dia-wellness-diabeticka-zmes-muky-na-palacinky-500g\/"},"modified":"2026-03-22T18:02:22","modified_gmt":"2026-03-22T17:02:22","slug":"dia-wellness-diabeticka-zmes-muky-na-palacinky-500g","status":"publish","type":"product","link":"https:\/\/www.biokari.sk\/en\/product\/dia-wellness-diabeticka-zmes-muky-na-palacinky-500g\/","title":{"rendered":"Dia-Wellness Diabetick\u00e1 zmes m\u00faky na Palacinky 500g"},"content":{"rendered":"<p data-start=\"104\" data-end=\"488\"><strong data-start=\"104\" data-end=\"117\">Composition:<\/strong> p\u0161eni\u010dn\u00e1 m\u00faka, lepok, rastlinn\u00fd olej (slne\u010dnicov\u00fd), ovsen\u00e1 m\u00faka, bielkovina (hrachov\u00e1), m\u00faka zo zlat\u00e9ho \u013eanov\u00e9ho semena, sladidlo: erytritol, steviol-glykozidy (zo st\u00e9vie), zahus\u0165ovadlo: konjacov\u00e1 m\u00faka, modifikovan\u00fd kukuri\u010dn\u00fd \u0161krob, potravinov\u00e1 vl\u00e1knina: p\u0161eni\u010dn\u00e9 otruby, p\u0161enica, so\u013e, kypriaca l\u00e1tka, bielkovina (inakt\u00edvny kvasnicov\u00fd extrakt), m\u00fa\u010dne \u010dinidlo: L-cyste\u00edn.<\/p>\n<p data-start=\"490\" data-end=\"744\"><strong data-start=\"490\" data-end=\"538\">Average nutritional values per 100 g of product:<\/strong><br data-start=\"538\" data-end=\"541\" \/>Energia: 1526 kJ \/ 365 kcal<br data-start=\"568\" data-end=\"571\" \/>Tuky: 7,5 g<br data-start=\"582\" data-end=\"585\" \/>z toho nas\u00fdten\u00e9 mastn\u00e9 kyseliny: 0,9 g<br data-start=\"623\" data-end=\"626\" \/>Sacharidy: 60,2 g<br data-start=\"643\" data-end=\"646\" \/>z toho cukry: 0,6 g<br data-start=\"665\" data-end=\"668\" \/>z toho polyoly: 1,5 g<br data-start=\"689\" data-end=\"692\" \/>Vl\u00e1knina: 2,5 g<br data-start=\"707\" data-end=\"710\" \/>Bielkoviny: 13,6 g<br data-start=\"728\" data-end=\"731\" \/>So\u013e: 0,37 g<\/p>\n<p data-start=\"746\" data-end=\"781\">Dbajte na pestr\u00fa a vyv\u00e1\u017een\u00fa stravu.<\/p>\n<p data-start=\"783\" data-end=\"949\">Potraviny obsahuj\u00face <strong data-start=\"804\" data-end=\"832\">erytritol namiesto cukru<\/strong> m\u00f4\u017eu po ich konzum\u00e1cii sp\u00f4sobi\u0165 <strong data-start=\"865\" data-end=\"903\">men\u0161\u00ed n\u00e1rast hladiny krvn\u00e9ho cukru<\/strong> v porovnan\u00ed s potravinami obsahuj\u00facimi cukor.<\/p>\n<p data-start=\"951\" data-end=\"1012\">Bielkoviny prispievaj\u00fa k <strong data-start=\"976\" data-end=\"1011\">udr\u017eaniu norm\u00e1lneho stavu kost\u00ed<\/strong>.<\/p>\n<p data-start=\"951\" data-end=\"1012\"><strong>Weight:<\/strong> 500g<\/p>","protected":false},"excerpt":{"rendered":"<p>Short description<\/p>\n<p>Zmes na pr\u00edpravu palaciniek so zn\u00ed\u017een\u00fdm obsahom sacharidov, ur\u010den\u00e1 pre diabetikov, osoby na n\u00edzkosacharidovej di\u00e9te a v\u0161etk\u00fdch, ktor\u00ed dbaj\u00fa na v\u00fd\u017eivu. Neobsahuje palmov\u00fd olej, m\u00e1 vy\u0161\u0161\u00ed podiel bielkov\u00edn a vl\u00e1kniny v\u010faka kombin\u00e1cii cez 40?% celozrnn\u00fdch a rastlinn\u00fdch pr\u00edsad?<\/p>\n<p>Composition<\/p>\n<p>&#8230; <a class=\"more-link\" href=\"#tab-description\">Read more<\/a><\/p>","protected":false},"featured_media":10381,"comment_status":"open","ping_status":"closed","template":"","meta":{"inline_featured_image":false},"product_brand":[],"product_cat":[71,166],"product_tag":[],"class_list":{"0":"post-8879","1":"product","2":"type-product","3":"status-publish","4":"has-post-thumbnail","6":"product_cat-potraviny","7":"product_cat-muky","9":"first","10":"instock","11":"taxable","12":"shipping-taxable","13":"purchasable","14":"product-type-simple"},"aioseo_notices":[],"_links":{"self":[{"href":"https:\/\/www.biokari.sk\/en\/wp-json\/wp\/v2\/product\/8879","targetHints":{"allow":["GET"]}}],"collection":[{"href":"https:\/\/www.biokari.sk\/en\/wp-json\/wp\/v2\/product"}],"about":[{"href":"https:\/\/www.biokari.sk\/en\/wp-json\/wp\/v2\/types\/product"}],"replies":[{"embeddable":true,"href":"https:\/\/www.biokari.sk\/en\/wp-json\/wp\/v2\/comments?post=8879"}],"wp:featuredmedia":[{"embeddable":true,"href":"https:\/\/www.biokari.sk\/en\/wp-json\/wp\/v2\/media\/10381"}],"wp:attachment":[{"href":"https:\/\/www.biokari.sk\/en\/wp-json\/wp\/v2\/media?parent=8879"}],"wp:term":[{"taxonomy":"product_brand","embeddable":true,"href":"https:\/\/www.biokari.sk\/en\/wp-json\/wp\/v2\/product_brand?post=8879"},{"taxonomy":"product_cat","embeddable":true,"href":"https:\/\/www.biokari.sk\/en\/wp-json\/wp\/v2\/product_cat?post=8879"},{"taxonomy":"product_tag","embeddable":true,"href":"https:\/\/www.biokari.sk\/en\/wp-json\/wp\/v2\/product_tag?post=8879"}],"curies":[{"name":"wp","href":"https:\/\/api.w.org\/{rel}","templated":true}]}}