{"id":8885,"date":"2025-07-01T14:36:42","date_gmt":"2025-07-01T12:36:42","guid":{"rendered":"https:\/\/www.biokari.sk\/produkt\/gal-shilajit-kapsuly-60ks\/"},"modified":"2026-03-17T18:01:39","modified_gmt":"2026-03-17T17:01:39","slug":"gal-shilajit-kapsuly-60ks","status":"publish","type":"product","link":"https:\/\/www.biokari.sk\/en\/product\/gal-shilajit-kapsuly-60ks\/","title":{"rendered":"Gal Shilajit kapsuly 60ks"},"content":{"rendered":"<p data-start=\"308\" data-end=\"998\">Pod\u013ea platnej legislat\u00edvy Eur\u00f3pskej \u00fanie s\u00fa v\u00fd\u017eivov\u00e9 doplnky potraviny, ktor\u00e9 sl\u00fa\u017eia na doplnenie be\u017enej stravy a obsahuj\u00fa koncentrovan\u00e9 \u017eiviny alebo l\u00e1tky s v\u00fd\u017eivov\u00fdm alebo fyziologick\u00fdm \u00fa\u010dinkom, jednotlivo alebo v kombin\u00e1cii. Tieto produkty <strong data-start=\"574\" data-end=\"591\">nie s\u00fa liekmi<\/strong>, <strong data-start=\"593\" data-end=\"634\">nemaj\u00fa lie\u010div\u00e9 ani prevent\u00edvne \u00fa\u010dinky<\/strong> a <strong data-start=\"637\" data-end=\"671\">nie s\u00fa ur\u010den\u00e9 na lie\u010dbu chor\u00f4b<\/strong>.<br data-start=\"672\" data-end=\"675\" \/>GAL Vital SynergyTech Kft. dodr\u017eiava pr\u00edslu\u0161n\u00e9 pr\u00e1vne predpisy a \u0161tandardy komunik\u00e1cie.<br data-start=\"762\" data-end=\"765\" \/>Inform\u00e1cie t\u00fdkaj\u00face sa l\u00e1tok obsiahnut\u00fdch v na\u0161ich produktoch s\u00fa zalo\u017een\u00e9 na aktu\u00e1lnych a relevantn\u00fdch vedeck\u00fdch poznatkoch, s cie\u013eom poskytova\u0165 odborn\u00e9 a korektn\u00e9 inform\u00e1cie pre z\u00e1ujemcov. Texty <strong data-start=\"961\" data-end=\"997\">nemaj\u00fa charakter predajnej v\u00fdzvy<\/strong>.<\/p>\n<p data-start=\"1000\" data-end=\"1271\"><strong data-start=\"1000\" data-end=\"1056\">Shilajit \u2013 pr\u00edrodn\u00fd extrakt z vysokohorsk\u00fdch oblast\u00ed<\/strong><br data-start=\"1056\" data-end=\"1059\" \/>Shilajit je pr\u00edrodn\u00e1 l\u00e1tka, ktor\u00e1 vznikala po\u010das mili\u00f3nov rokov v horsk\u00fdch oblastiach Himal\u00e1j\u00ed pod tlakom geologick\u00fdch procesov. V tradi\u010dn\u00fdch \u00c1zijsk\u00fdch syst\u00e9moch starostlivosti o telo m\u00e1 dlh\u00fa hist\u00f3riu pou\u017e\u00edvania.<\/p>\n<p data-start=\"1273\" data-end=\"1530\">Na v\u00fdrobu n\u00e1\u0161ho produktu pou\u017e\u00edvame <strong data-start=\"1308\" data-end=\"1338\">PrimaVie\u00ae shilajit-extrakt<\/strong>, vyvinut\u00fd v\u00fdskumn\u00fdm t\u00edmom pod veden\u00edm <strong data-start=\"1377\" data-end=\"1400\">Dr. Shibnath Ghosal<\/strong>. Extrakcia prebieha <strong data-start=\"1421\" data-end=\"1446\">v\u00fdhradne pomocou vody<\/strong>, bez chemick\u00fdch rozp\u00fa\u0161\u0165adiel, aby sa zachovali p\u00f4vodn\u00e9 zlo\u017eky v prirodzenom pomere.<\/p>\n<p data-start=\"1532\" data-end=\"1746\"><strong data-start=\"1532\" data-end=\"1564\">Akt\u00edvne zlo\u017eky v 2 kapsul\u00e1ch<\/strong><br data-start=\"1564\" data-end=\"1567\" \/>PrimaVie\u00ae Shilajit extrakt: <strong data-start=\"1595\" data-end=\"1605\">250 mg<\/strong><br data-start=\"1605\" data-end=\"1608\" \/>Fulvov\u00e9 a hum\u00ednov\u00e9 kyseliny: <strong data-start=\"1637\" data-end=\"1652\">min. 125 mg<\/strong><br data-start=\"1652\" data-end=\"1655\" \/>Dibenzo-alfa-pyr\u00f3nov\u00e9 chromoprote\u00edny: <strong data-start=\"1693\" data-end=\"1707\">min. 25 mg<\/strong><br data-start=\"1707\" data-end=\"1710\" \/>Dibenzo-alfa-pyr\u00f3ny: <strong data-start=\"1731\" data-end=\"1746\">min. 750 \u00b5g<\/strong><\/p>\n<p data-start=\"1748\" data-end=\"1853\"><strong data-start=\"1748\" data-end=\"1760\">Composition<\/strong><br data-start=\"1760\" data-end=\"1763\" \/>PrimaVie\u00ae shilajit-extrakt, tapiokov\u00fd \u0161krob, mikrokry\u0161talick\u00e1 celul\u00f3za, \u017eelat\u00edna (kapsula)<\/p>\n<p data-start=\"1855\" data-end=\"2028\"><strong data-start=\"1855\" data-end=\"1880\">Odpor\u00fa\u010dan\u00e9 d\u00e1vkovanie<\/strong><br data-start=\"1880\" data-end=\"1883\" \/>U\u017e\u00edva\u0165 <strong data-start=\"1890\" data-end=\"1905\">1\u20132 kapsuly<\/strong> po\u010das jedla, <strong data-start=\"1919\" data-end=\"1935\">2-kr\u00e1t denne<\/strong> (spolu 2\u20134 kapsuly denne).<br data-start=\"1962\" data-end=\"1965\" \/>Po 2\u20133 mesiacoch u\u017e\u00edvania sa odpor\u00fa\u010da <strong data-start=\"2003\" data-end=\"2027\">1\u20132 t\u00fd\u017edne prest\u00e1vka<\/strong>.<\/p>\n<p data-start=\"2030\" data-end=\"2199\"><strong data-start=\"2030\" data-end=\"2045\">Notice<\/strong><br data-start=\"2045\" data-end=\"2048\" \/>Neprekra\u010dova\u0165 odpor\u00fa\u010dan\u00fa denn\u00fa d\u00e1vku. V\u00fd\u017eivov\u00fd doplnok <strong data-start=\"2103\" data-end=\"2142\">nenahr\u00e1dza pestr\u00fa a vyv\u00e1\u017een\u00fa stravu<\/strong> ani zdrav\u00fd \u017eivotn\u00fd \u0161t\u00fdl. Uchov\u00e1va\u0165 <strong data-start=\"2178\" data-end=\"2198\">out of reach of children<\/strong>.<\/p>\n<p data-start=\"2201\" data-end=\"2395\"><strong data-start=\"2201\" data-end=\"2222\">\u010eal\u0161ie inform\u00e1cie<\/strong><br data-start=\"2222\" data-end=\"2225\" \/>Packaging: <strong data-start=\"2234\" data-end=\"2247\">60 kaps\u00fal<\/strong><br data-start=\"2247\" data-end=\"2250\" \/>Skladovanie: v suchu a chlade<br data-start=\"2279\" data-end=\"2282\" \/>Allergens: <strong data-start=\"2292\" data-end=\"2309\">bez alerg\u00e9nov<\/strong><br data-start=\"2309\" data-end=\"2312\" \/>\n<\/p>\n<p data-start=\"2201\" data-end=\"2395\"><strong>Quantity:<\/strong> 60pcs<\/p>","protected":false},"excerpt":{"rendered":"<p>Pred mnoh\u00fdmi mili\u00f3nmi rokov, ke\u010f Himal\u00e1je vznikli zr\u00e1\u017ekou indick\u00e9ho kontinentu s \u00c1ziou, sa tamoj\u0161ia d\u017eung\u013ea zachovala ako biomasa v hlbin\u00e1ch Himal\u00e1j\u00ed. Tento \u0161ilajit, ktor\u00fd je u\u017e tis\u00edce rokov uctievan\u00fd indick\u00fdmi, tibetsk\u00fdmi a mnoh\u00fdmi starovek\u00fdmi lek\u00e1rmi pre svoje omladzuj\u00face, tonizuj\u00face a detoxika\u010dn\u00e9&#8230; <a class=\"more-link\" href=\"#tab-description\">Read more<\/a><\/p>","protected":false},"featured_media":10481,"comment_status":"open","ping_status":"closed","template":"","meta":{"inline_featured_image":false},"product_brand":[113],"product_cat":[69],"product_tag":[],"class_list":{"0":"post-8885","1":"product","2":"type-product","3":"status-publish","4":"has-post-thumbnail","6":"product_brand-gal","7":"product_cat-vyzivove-doplnky","9":"first","10":"onbackorder","11":"taxable","12":"shipping-taxable","13":"purchasable","14":"product-type-simple"},"aioseo_notices":[],"_links":{"self":[{"href":"https:\/\/www.biokari.sk\/en\/wp-json\/wp\/v2\/product\/8885","targetHints":{"allow":["GET"]}}],"collection":[{"href":"https:\/\/www.biokari.sk\/en\/wp-json\/wp\/v2\/product"}],"about":[{"href":"https:\/\/www.biokari.sk\/en\/wp-json\/wp\/v2\/types\/product"}],"replies":[{"embeddable":true,"href":"https:\/\/www.biokari.sk\/en\/wp-json\/wp\/v2\/comments?post=8885"}],"wp:featuredmedia":[{"embeddable":true,"href":"https:\/\/www.biokari.sk\/en\/wp-json\/wp\/v2\/media\/10481"}],"wp:attachment":[{"href":"https:\/\/www.biokari.sk\/en\/wp-json\/wp\/v2\/media?parent=8885"}],"wp:term":[{"taxonomy":"product_brand","embeddable":true,"href":"https:\/\/www.biokari.sk\/en\/wp-json\/wp\/v2\/product_brand?post=8885"},{"taxonomy":"product_cat","embeddable":true,"href":"https:\/\/www.biokari.sk\/en\/wp-json\/wp\/v2\/product_cat?post=8885"},{"taxonomy":"product_tag","embeddable":true,"href":"https:\/\/www.biokari.sk\/en\/wp-json\/wp\/v2\/product_tag?post=8885"}],"curies":[{"name":"wp","href":"https:\/\/api.w.org\/{rel}","templated":true}]}}