{"id":8891,"date":"2025-07-01T14:36:43","date_gmt":"2025-07-01T12:36:43","guid":{"rendered":"https:\/\/www.biokari.sk\/produkt\/gyorgytea-cajova-zmes-rimbaba-obycajna-50g\/"},"modified":"2026-04-07T19:02:33","modified_gmt":"2026-04-07T17:02:33","slug":"gyorgytea-cajova-zmes-rimbaba-obycajna-50g","status":"publish","type":"product","link":"https:\/\/www.biokari.sk\/en\/product\/gyorgytea-cajova-zmes-rimbaba-obycajna-50g\/","title":{"rendered":"Gy\u00f6rgytea \u010cajov\u00e1 zmes &#8211; Rimbaba oby\u010dajn\u00e1 50g"},"content":{"rendered":"<p data-start=\"349\" data-end=\"403\">Balenie: 50 g<\/p>\n<p data-start=\"405\" data-end=\"670\">Bylinn\u00e1 zmes s obsahom <strong data-start=\"428\" data-end=\"449\">rimbasy oby\u010dajnej<\/strong>, ktor\u00e1 sa tradi\u010dne pou\u017e\u00edva pri udr\u017eiavan\u00ed <strong data-start=\"492\" data-end=\"522\">du\u0161evnej a telesnej pohody<\/strong> a <strong data-start=\"525\" data-end=\"553\">komfortu v oblasti hlavy<\/strong>. \u010eal\u0161ie pou\u017eit\u00e9 byliny prispievaj\u00fa k <strong data-start=\"591\" data-end=\"616\">prirodzenej relax\u00e1cii<\/strong>, <strong data-start=\"618\" data-end=\"646\">pohodliu d\u00fdchac\u00edch ciest<\/strong> a <strong data-start=\"649\" data-end=\"669\">rovnov\u00e1he v tele<\/strong>.<\/p>\n<p data-start=\"672\" data-end=\"824\"><strong data-start=\"672\" data-end=\"685\">Composition:<\/strong> v\u0148a\u0165 rimbasy oby\u010dajnej (40 %), v\u0148a\u0165 materinej d\u00fa\u0161ky, list m\u00e4ty piepornej, list brezy previsnutej, list alchemilky, v\u0148a\u0165 veroniky lek\u00e1rskej<\/p>\n<p data-start=\"826\" data-end=\"951\"><strong data-start=\"826\" data-end=\"839\">Preparation:<\/strong><br data-start=\"839\" data-end=\"842\" \/>1 zarovnan\u00fa polievkov\u00fa ly\u017eicu (3 g) zalejte 2,5 dl vriacej vody, nechajte <strong data-start=\"916\" data-end=\"936\">15 min\u00fat l\u00fahova\u0165<\/strong>, potom sce\u010fte.<\/p>\n<p data-start=\"953\" data-end=\"1105\"><strong data-start=\"953\" data-end=\"973\">Sp\u00f4sob u\u017e\u00edvania:<\/strong><br data-start=\"973\" data-end=\"976\" \/>Pite <strong data-start=\"981\" data-end=\"998\">1 \u0161\u00e1lku denne<\/strong>, dlhodobo. Pred pl\u00e1novan\u00fdm operat\u00edvnym z\u00e1krokom odpor\u00fa\u010dame <strong data-start=\"1058\" data-end=\"1079\">postupne zni\u017eova\u0165<\/strong> u\u017e\u00edvanie po\u010das 2 t\u00fd\u017ed\u0148ov.<\/p>\n<p data-start=\"1107\" data-end=\"1384\"><strong data-start=\"1107\" data-end=\"1123\">Warnings:<\/strong><br data-start=\"1123\" data-end=\"1126\" \/>Nevhodn\u00e9 pre <strong data-start=\"1139\" data-end=\"1166\">tehotn\u00e9 a doj\u010diace \u017eeny<\/strong>, osoby u\u017e\u00edvaj\u00face <strong data-start=\"1184\" data-end=\"1216\">siln\u00e9 lieky na riedenie krvi<\/strong> a <strong data-start=\"1219\" data-end=\"1239\">deti do 12 rokov<\/strong>.<br data-start=\"1240\" data-end=\"1243\" \/>V\u00fd\u017eivov\u00fd doplnok sa nesmie pou\u017e\u00edva\u0165 ako n\u00e1hrada pestrej, vyv\u00e1\u017eenej stravy a zdrav\u00e9ho \u017eivotn\u00e9ho \u0161t\u00fdlu.<br data-start=\"1344\" data-end=\"1347\" \/>Do not exceed the recommended daily dose.<\/p>\n<p data-start=\"1386\" data-end=\"1491\"><strong data-start=\"1386\" data-end=\"1402\">Storage:<\/strong><br data-start=\"1402\" data-end=\"1405\" \/>Po otvoren\u00ed uchov\u00e1vajte na suchom a chladnom mieste, dobre uzavret\u00e9, mimo dosahu det\u00ed.<\/p>\n<p data-start=\"1493\" data-end=\"1511\"><strong data-start=\"1493\" data-end=\"1506\">Weight:<\/strong> 50 g<\/p>","protected":false},"excerpt":{"rendered":"<p>Ingrediencie:<br \/>\nkvitn\u00faci v\u00fdhonok sedmokr\u00e1sky jesennej (40%), v\u00fdhonok tymianu po\u013en\u00e9ho, ??list m\u00e4ty piepornej, list brezy, list rozchodn\u00edka l\u00fa\u010dneho, v\u00fdhonok veroniky lek\u00e1rskej<\/p>\n<p>Ako to urob\u00edm?<br \/>\nZarovnan\u00fa polievkov\u00fa ly\u017eicu (3 g) \u010dajovn\u00edka povarte s 2,5 dl vody, po 15 min\u00fatach prefiltrujte. Nepou\u017e\u00edvajte kov&#8230; <a class=\"more-link\" href=\"#tab-description\">Read more<\/a><\/p>","protected":false},"featured_media":10434,"comment_status":"open","ping_status":"closed","template":"","meta":{"inline_featured_image":false},"product_brand":[274],"product_cat":[148],"product_tag":[],"class_list":{"0":"post-8891","1":"product","2":"type-product","3":"status-publish","4":"has-post-thumbnail","6":"product_brand-gyorgytea","7":"product_cat-liecive-rastliny","9":"first","10":"instock","11":"taxable","12":"shipping-taxable","13":"purchasable","14":"product-type-simple"},"aioseo_notices":[],"_links":{"self":[{"href":"https:\/\/www.biokari.sk\/en\/wp-json\/wp\/v2\/product\/8891","targetHints":{"allow":["GET"]}}],"collection":[{"href":"https:\/\/www.biokari.sk\/en\/wp-json\/wp\/v2\/product"}],"about":[{"href":"https:\/\/www.biokari.sk\/en\/wp-json\/wp\/v2\/types\/product"}],"replies":[{"embeddable":true,"href":"https:\/\/www.biokari.sk\/en\/wp-json\/wp\/v2\/comments?post=8891"}],"wp:featuredmedia":[{"embeddable":true,"href":"https:\/\/www.biokari.sk\/en\/wp-json\/wp\/v2\/media\/10434"}],"wp:attachment":[{"href":"https:\/\/www.biokari.sk\/en\/wp-json\/wp\/v2\/media?parent=8891"}],"wp:term":[{"taxonomy":"product_brand","embeddable":true,"href":"https:\/\/www.biokari.sk\/en\/wp-json\/wp\/v2\/product_brand?post=8891"},{"taxonomy":"product_cat","embeddable":true,"href":"https:\/\/www.biokari.sk\/en\/wp-json\/wp\/v2\/product_cat?post=8891"},{"taxonomy":"product_tag","embeddable":true,"href":"https:\/\/www.biokari.sk\/en\/wp-json\/wp\/v2\/product_tag?post=8891"}],"curies":[{"name":"wp","href":"https:\/\/api.w.org\/{rel}","templated":true}]}}