{"id":8899,"date":"2025-07-01T14:36:44","date_gmt":"2025-07-01T12:36:44","guid":{"rendered":"https:\/\/www.biokari.sk\/produkt\/gyorgytea-cajova-zmes-hviezdica-prostredna-100g\/"},"modified":"2026-04-28T19:01:54","modified_gmt":"2026-04-28T17:01:54","slug":"gyorgytea-cajova-zmes-hviezdica-prostredna-100g","status":"publish","type":"product","link":"https:\/\/www.biokari.sk\/en\/product\/gyorgytea-cajova-zmes-hviezdica-prostredna-100g\/","title":{"rendered":"Gy\u00f6rgytea \u010cajov\u00e1 zmes &#8211; Hviezdica prostredn\u00e1 100g"},"content":{"rendered":"<p data-start=\"234\" data-end=\"649\">Cholesterol je \u017eivotne d\u00f4le\u017eit\u00fd tuk v krvi, no jeho <strong data-start=\"286\" data-end=\"373\">nadmern\u00e9 mno\u017estvo zu\u017euje cievy, br\u00e1ni prietoku krvi a m\u00f4\u017ee sp\u00f4sobi\u0165 v\u00e1\u017ene ochorenia<\/strong>.<br data-start=\"374\" data-end=\"377\" \/>Vysok\u00e1 hladina cholesterolu m\u00f4\u017ee by\u0165 <strong data-start=\"414\" data-end=\"487\">d\u00f4sledkom cukrovky, zn\u00ed\u017eenej funkcie \u0161t\u00edtnej \u017e\u013eazy, ochoren\u00ed obli\u010diek<\/strong> or <strong data-start=\"494\" data-end=\"523\">genetick\u00fdch predispoz\u00edci\u00ed<\/strong>.<br data-start=\"524\" data-end=\"527\" \/>V tak\u00fdchto pr\u00edpadoch <strong data-start=\"548\" data-end=\"592\">pe\u010de\u0148 produkuje pr\u00edli\u0161 ve\u013ea cholesterolu<\/strong> alebo ch\u00fdbaj\u00fa receptory, ktor\u00e9 ho v pe\u010deni rozkladaj\u00fa.<\/p>\n<p data-start=\"651\" data-end=\"929\"><strong data-start=\"651\" data-end=\"705\">Bylinn\u00fd \u010daj s penia\u017etekmi ro\u013en\u00fdmi (Cievny priate\u013e)<\/strong> odpor\u00fa\u010dame na <strong data-start=\"720\" data-end=\"753\">zn\u00ed\u017eenie hladiny cholesterolu<\/strong> a <strong data-start=\"756\" data-end=\"784\">ochranu cievneho syst\u00e9mu<\/strong>. Na\u0161e cievy s\u00fa zvn\u00fatra pokryt\u00e9 tenkou vrstvou tukov, ktor\u00e1 zabezpe\u010duje hladk\u00fd prietok krvi \u2013 tento \u010daj pom\u00e1ha udr\u017ea\u0165 ich v rovnov\u00e1he a zdrav\u00ed.<\/p>\n<p data-start=\"931\" data-end=\"1089\"><strong data-start=\"931\" data-end=\"944\">Composition:<\/strong> v\u0148a\u0165 penia\u017etekov ro\u013en\u00fdch (40 %), v\u0148a\u0165 veroniky lek\u00e1rskej, kvitn\u00faca vetvi\u010dka hlohu oby\u010dajn\u00e9ho, v\u0148a\u0165 rebr\u00ed\u010dka oby\u010dajn\u00e9ho, list \u0161alvie lek\u00e1rskej.<\/p>\n<p data-start=\"1091\" data-end=\"1237\"><strong data-start=\"1091\" data-end=\"1104\">Preparation:<\/strong> Jednu zarovnan\u00fa polievkov\u00fa ly\u017eicu (cca 3 g) \u010dajovej zmesi zalejte 2,5 dl vriacej vody, nechajte 15 min\u00fat l\u00fahova\u0165 a potom precedte.<\/p>\n<p data-start=\"1239\" data-end=\"1317\"><strong data-start=\"1239\" data-end=\"1259\">Sp\u00f4sob u\u017e\u00edvania:<\/strong> Pite 1 \u0161\u00e1lku denne, k\u00farovito a\u017e do vymiznutia \u0165a\u017ekost\u00ed.<\/p>\n<p data-start=\"1319\" data-end=\"1398\"><strong data-start=\"1319\" data-end=\"1335\">Warning:<\/strong> Nevhodn\u00e9 po\u010das tehotenstva, doj\u010denia a pre deti do 12 rokov.<\/p>\n<p data-start=\"1400\" data-end=\"1421\"><strong data-start=\"1400\" data-end=\"1413\">Weight:<\/strong> 100 g<\/p>","protected":false},"excerpt":{"rendered":"<p>Ingrediencie:<br \/>\nv\u0148a\u0165 kuriatka (40%), v\u00fdhonok veroniky lek\u00e1rskej, kon\u00e1r z kvetu hlohu, v\u00fdhonok rebr\u00edka, list \u0161alvie lek\u00e1rskej<\/p>\n<p>Ako to urob\u00edm?<br \/>\nZarovnan\u00fa polievkov\u00fa ly\u017eicu (3 g) \u010dajovn\u00edka povarte s 2,5 dl vody, po 15 min\u00fatach prefiltrujte. Nepou\u017e\u00edvajte kovov\u00fd filter.<\/p>\n<p>Kedy ho m\u00e1m konzumova\u0165?<br \/>\nKonzumujte p&#8230; <a class=\"more-link\" href=\"#tab-description\">Read more<\/a><\/p>","protected":false},"featured_media":10152,"comment_status":"open","ping_status":"closed","template":"","meta":{"inline_featured_image":false},"product_brand":[274],"product_cat":[148,151],"product_tag":[],"class_list":{"0":"post-8899","1":"product","2":"type-product","3":"status-publish","4":"has-post-thumbnail","6":"product_brand-gyorgytea","7":"product_cat-liecive-rastliny","8":"product_cat-srdcovo-cievny-system-liecive-rastliny","10":"first","11":"instock","12":"taxable","13":"shipping-taxable","14":"purchasable","15":"product-type-simple"},"aioseo_notices":[],"_links":{"self":[{"href":"https:\/\/www.biokari.sk\/en\/wp-json\/wp\/v2\/product\/8899","targetHints":{"allow":["GET"]}}],"collection":[{"href":"https:\/\/www.biokari.sk\/en\/wp-json\/wp\/v2\/product"}],"about":[{"href":"https:\/\/www.biokari.sk\/en\/wp-json\/wp\/v2\/types\/product"}],"replies":[{"embeddable":true,"href":"https:\/\/www.biokari.sk\/en\/wp-json\/wp\/v2\/comments?post=8899"}],"wp:featuredmedia":[{"embeddable":true,"href":"https:\/\/www.biokari.sk\/en\/wp-json\/wp\/v2\/media\/10152"}],"wp:attachment":[{"href":"https:\/\/www.biokari.sk\/en\/wp-json\/wp\/v2\/media?parent=8899"}],"wp:term":[{"taxonomy":"product_brand","embeddable":true,"href":"https:\/\/www.biokari.sk\/en\/wp-json\/wp\/v2\/product_brand?post=8899"},{"taxonomy":"product_cat","embeddable":true,"href":"https:\/\/www.biokari.sk\/en\/wp-json\/wp\/v2\/product_cat?post=8899"},{"taxonomy":"product_tag","embeddable":true,"href":"https:\/\/www.biokari.sk\/en\/wp-json\/wp\/v2\/product_tag?post=8899"}],"curies":[{"name":"wp","href":"https:\/\/api.w.org\/{rel}","templated":true}]}}