{"id":8905,"date":"2025-07-01T14:36:45","date_gmt":"2025-07-01T12:36:45","guid":{"rendered":"https:\/\/www.biokari.sk\/produkt\/gyorgytea-cajova-zmes-ticho-lesu-50g\/"},"modified":"2026-03-05T18:01:15","modified_gmt":"2026-03-05T17:01:15","slug":"gyorgytea-cajova-zmes-ticho-lesu-50g","status":"publish","type":"product","link":"https:\/\/www.biokari.sk\/en\/product\/gyorgytea-cajova-zmes-ticho-lesu-50g\/","title":{"rendered":"Gy\u00f6rgytea \u010cajov\u00e1 zmes &#8211; Ticho lesu 50g"},"content":{"rendered":"<p data-start=\"126\" data-end=\"176\">Balenie: 50 g<\/p>\n<p data-start=\"178\" data-end=\"458\">Tento \u010daj odpor\u00fa\u010dame t\u00fdm, ktor\u00ed h\u013eadaj\u00fa <strong data-start=\"218\" data-end=\"242\">harm\u00f3niu tela a du\u0161e<\/strong> a chc\u00fa si dopria\u0165 pokojn\u00fa atmosf\u00e9ru v\u0161edn\u00fdch dn\u00ed. Jemne <strong data-start=\"299\" data-end=\"317\">uvo\u013e\u0148uje stres<\/strong>, m\u00e1 pr\u00edjemn\u00fa chu\u0165 a navodzuje <strong data-start=\"348\" data-end=\"380\">pokoj a ticho bukov\u00fdch lesov<\/strong>. Pom\u00e1ha udr\u017ea\u0165 <strong data-start=\"396\" data-end=\"418\">vn\u00fatorn\u00fa rovnov\u00e1hu<\/strong> aj v ru\u0161nom obdob\u00ed ka\u017edodenn\u00e9ho \u017eivota.<\/p>\n<p data-start=\"460\" data-end=\"596\"><strong data-start=\"460\" data-end=\"473\">Composition:<\/strong> v\u0148a\u0165 lipkavca vo\u0148av\u00e9ho, v\u0148a\u0165 pamajor\u00e1nu oby\u010dajn\u00e9ho, kvet levandule lek\u00e1rskej, v\u0148a\u0165 \u013eubovn\u00edka bodkovan\u00e9ho, kvet harman\u010deka.<\/p>\n<p data-start=\"598\" data-end=\"1242\"><strong data-start=\"598\" data-end=\"627\">\u00da\u010dinky pou\u017eit\u00fdch rastl\u00edn:<\/strong><br data-start=\"627\" data-end=\"630\" \/>Lipkavec vo\u0148av\u00fd podporuje <strong data-start=\"656\" data-end=\"670\">upokojenie<\/strong>, tradi\u010dne sa pou\u017e\u00edva pri <strong data-start=\"696\" data-end=\"736\">poruch\u00e1ch sp\u00e1nku, nervozite, migr\u00e9ne<\/strong> \u010di nap\u00e4t\u00ed.<br data-start=\"747\" data-end=\"750\" \/>Pamajor\u00e1n oby\u010dajn\u00fd m\u00e1 <strong data-start=\"772\" data-end=\"792\">mierne sedat\u00edvne<\/strong> a <strong data-start=\"795\" data-end=\"819\">spazmolytick\u00e9 \u00fa\u010dinky<\/strong>, pom\u00e1ha uvo\u013eni\u0165 nap\u00e4tie a zmier\u0148uje boles\u0165 hlavy.<br data-start=\"869\" data-end=\"872\" \/>Levandu\u013ea prispieva k <strong data-start=\"894\" data-end=\"925\">uvo\u013eneniu nervov\u00e9ho nap\u00e4tia<\/strong>, pom\u00e1ha pri <strong data-start=\"938\" data-end=\"972\">b\u00fa\u0161en\u00ed srdca, migr\u00e9ne, \u00fazkosti<\/strong>, podporuje lep\u0161\u00ed sp\u00e1nok.<br data-start=\"997\" data-end=\"1000\" \/>\u013dubovn\u00edk bodkovan\u00fd je vhodn\u00fd pri <strong data-start=\"1033\" data-end=\"1068\">\u00fazkosti a depres\u00edvnych n\u00e1lad\u00e1ch<\/strong>, p\u00f4sob\u00ed <strong data-start=\"1077\" data-end=\"1093\">proti stresu<\/strong> a zlep\u0161uje n\u00e1ladu.<br data-start=\"1112\" data-end=\"1115\" \/>Harman\u010dek lek\u00e1rsky m\u00e1 v\u00fdznamn\u00e9 <strong data-start=\"1146\" data-end=\"1188\">protiz\u00e1palov\u00e9 a imunostimula\u010dn\u00e9 \u00fa\u010dinky<\/strong>, no z\u00e1rove\u0148 p\u00f4sob\u00ed <strong data-start=\"1208\" data-end=\"1241\">uk\u013eud\u0148uj\u00faco na nervov\u00fd syst\u00e9m<\/strong>.<\/p>\n<p data-start=\"1244\" data-end=\"1411\"><strong data-start=\"1244\" data-end=\"1257\">Preparation:<\/strong><br data-start=\"1257\" data-end=\"1260\" \/>Jednu zarovnan\u00fa polievkov\u00fa ly\u017eicu (3 g) \u010dajovej zmesi zalejte 2,5 dl vriacej vody, nechajte l\u00fahova\u0165 15 min\u00fat a potom sce\u010fte. Nepou\u017e\u00edvajte kovov\u00e9 sitko.<\/p>\n<p data-start=\"1413\" data-end=\"1611\"><strong data-start=\"1413\" data-end=\"1433\">Sp\u00f4sob u\u017e\u00edvania:<\/strong><br data-start=\"1433\" data-end=\"1436\" \/>Pite bez pr\u00edchute, <strong data-start=\"1455\" data-end=\"1479\">kedyko\u013evek po\u010das d\u0148a<\/strong>. Odpor\u00fa\u010da sa <strong data-start=\"1493\" data-end=\"1510\">1 cup per day<\/strong>, dlhodobo. V zriedenej forme je mo\u017en\u00e9 pi\u0165 <strong data-start=\"1553\" data-end=\"1570\">2 \u0161\u00e1lky denne<\/strong> (1 polievkov\u00e1 ly\u017eica na 0,5 litra vody).<\/p>\n<p data-start=\"1613\" data-end=\"1760\"><strong data-start=\"1613\" data-end=\"1629\">Warnings:<\/strong><br data-start=\"1629\" data-end=\"1632\" \/>Nevhodn\u00e9 pre <strong data-start=\"1645\" data-end=\"1672\">tehotn\u00e9 a doj\u010diace \u017eeny<\/strong>, ako aj pre <strong data-start=\"1685\" data-end=\"1705\">deti do 12 rokov<\/strong>. V\u00fd\u017eivov\u00fd doplnok nenahr\u00e1dza pestr\u00fa a vyv\u00e1\u017een\u00fa stravu.<\/p>\n<p data-start=\"1762\" data-end=\"1878\"><strong data-start=\"1762\" data-end=\"1778\">Storage:<\/strong><br data-start=\"1778\" data-end=\"1781\" \/>Po otvoren\u00ed uchov\u00e1vajte na suchom a chladnom mieste, <strong data-start=\"1834\" data-end=\"1852\">dobre uzavret\u00e9<\/strong>, mimo dosahu mal\u00fdch det\u00ed.<\/p>","protected":false},"excerpt":{"rendered":"<p>Ingrediencie:<br \/>\nVo\u0148av\u00fd m\u00fcge kvitn\u00faci v\u00fdhonok, d\u017eb\u00e1n oby\u010dajn\u00fd, kvet levandule pravej, kvet \u013eubovn\u00edka bodkovan\u00e9ho, ??kvetenstvo harman\u010deka.<\/p>\n<p>Ako to urob\u00edm?<br \/>\nZarovnan\u00fa polievkov\u00fa ly\u017eicu (3 g) \u010dajovn\u00edka povarte s 2,5 dl vody, po 15 min\u00fatach prefiltrujte. Nepou\u017e\u00edvajte kovov\u00fd filter.<\/p>\n<p>Kedy ho m\u00e1m konzumova\u0165?&#8230; <a class=\"more-link\" href=\"#tab-description\">Read more<\/a><\/p>","protected":false},"featured_media":10417,"comment_status":"open","ping_status":"closed","template":"","meta":{"inline_featured_image":false},"product_brand":[274],"product_cat":[148],"product_tag":[],"class_list":{"0":"post-8905","1":"product","2":"type-product","3":"status-publish","4":"has-post-thumbnail","6":"product_brand-gyorgytea","7":"product_cat-liecive-rastliny","9":"first","10":"instock","11":"taxable","12":"shipping-taxable","13":"purchasable","14":"product-type-simple"},"aioseo_notices":[],"_links":{"self":[{"href":"https:\/\/www.biokari.sk\/en\/wp-json\/wp\/v2\/product\/8905","targetHints":{"allow":["GET"]}}],"collection":[{"href":"https:\/\/www.biokari.sk\/en\/wp-json\/wp\/v2\/product"}],"about":[{"href":"https:\/\/www.biokari.sk\/en\/wp-json\/wp\/v2\/types\/product"}],"replies":[{"embeddable":true,"href":"https:\/\/www.biokari.sk\/en\/wp-json\/wp\/v2\/comments?post=8905"}],"wp:featuredmedia":[{"embeddable":true,"href":"https:\/\/www.biokari.sk\/en\/wp-json\/wp\/v2\/media\/10417"}],"wp:attachment":[{"href":"https:\/\/www.biokari.sk\/en\/wp-json\/wp\/v2\/media?parent=8905"}],"wp:term":[{"taxonomy":"product_brand","embeddable":true,"href":"https:\/\/www.biokari.sk\/en\/wp-json\/wp\/v2\/product_brand?post=8905"},{"taxonomy":"product_cat","embeddable":true,"href":"https:\/\/www.biokari.sk\/en\/wp-json\/wp\/v2\/product_cat?post=8905"},{"taxonomy":"product_tag","embeddable":true,"href":"https:\/\/www.biokari.sk\/en\/wp-json\/wp\/v2\/product_tag?post=8905"}],"curies":[{"name":"wp","href":"https:\/\/api.w.org\/{rel}","templated":true}]}}