{"id":8907,"date":"2025-07-01T14:36:46","date_gmt":"2025-07-01T12:36:46","guid":{"rendered":"https:\/\/www.biokari.sk\/produkt\/gyorgytea-alkoholicky-extrakt-vrba-malokveta-50ml\/"},"modified":"2026-04-28T19:01:54","modified_gmt":"2026-04-28T17:01:54","slug":"gyorgytea-alkoholicky-extrakt-vrba-malokveta-50ml","status":"publish","type":"product","link":"https:\/\/www.biokari.sk\/en\/product\/gyorgytea-alkoholicky-extrakt-vrba-malokveta-50ml\/","title":{"rendered":"Gy\u00f6rgytea Alkoholick\u00fd extrakt &#8211; V\u0155ba malokvet\u00e1 50ml"},"content":{"rendered":"<p data-start=\"203\" data-end=\"495\">Pr\u00edpravok <strong data-start=\"213\" data-end=\"245\">zni\u017euje po\u010det no\u010dn\u00fdch mo\u010den\u00ed<\/strong> a <strong data-start=\"248\" data-end=\"284\">zvy\u0161uje mno\u017estvo vyl\u00fa\u010den\u00e9ho mo\u010du<\/strong>.<br data-start=\"285\" data-end=\"288\" \/>Najnov\u0161ie v\u00fdskumy potvrdili aj <strong data-start=\"319\" data-end=\"370\">pozit\u00edvny vplyv pri prevencii rakoviny prostaty<\/strong>.<br data-start=\"371\" data-end=\"374\" \/>Thanks to <strong data-start=\"380\" data-end=\"406\">protiz\u00e1palov\u00fdm \u00fa\u010dinkom<\/strong> je vhodn\u00fd aj pre <strong data-start=\"424\" data-end=\"492\">\u017eeny \u2013 pri z\u00e1pale mo\u010dov\u00e9ho mech\u00fara a prechladnut\u00ed mo\u010dov\u00fdch ciest<\/strong>.<\/p>\n<p data-start=\"497\" data-end=\"565\">Pr\u00edpravok je mo\u017en\u00e9 <strong data-start=\"516\" data-end=\"535\">dlhodobo u\u017e\u00edva\u0165<\/strong>, nem\u00e1 zn\u00e1me ved\u013eaj\u0161ie \u00fa\u010dinky.<\/p>\n<h4 data-start=\"572\" data-end=\"601\"><strong data-start=\"577\" data-end=\"601\">Recommended use:<\/strong>U\u017e\u00edvajte <strong data-start=\"611\" data-end=\"634\">3\u00d7 denne 20 kvapiek<\/strong> po jedle.<br data-start=\"644\" data-end=\"647\" \/>Vhodn\u00e9 <strong data-start=\"654\" data-end=\"669\">od 14 rokov<\/strong>.<\/h4>\n<h4 data-start=\"677\" data-end=\"700\"><strong data-start=\"682\" data-end=\"692\">Volume:<\/strong> 50 ml<\/h4>\n<p data-start=\"707\" data-end=\"833\">Podporuje zdrav\u00fa funkciu prostaty a mo\u010dov\u00fdch ciest<br \/>\nZni\u017euje no\u010dn\u00e9 mo\u010denie<br data-start=\"785\" data-end=\"788\" \/>Protiz\u00e1palov\u00fd \u00fa\u010dinok \u2013 vhodn\u00e9 aj pre \u017eeny<\/p>","protected":false},"excerpt":{"rendered":"<p>Ingrediencie:<br \/>\nvoda, etylalkohol, vetiver drobnokvet\u00fd (Epilobium parviflorum folium cum flore). Obsah alkoholu: 25 % (v\/v)<\/p>\n<p>Kedy ho m\u00e1m konzumova\u0165?<br \/>\n3 x 20 kvapiek denne po jedle. Neprekra\u010dujte odpor\u00fa\u010dan\u00fa denn\u00fa d\u00e1vku. V\u00fd\u017eivov\u00fd doplnok nenahr\u00e1dza vyv\u00e1\u017een\u00fa, pestr\u00fa stravu a zdrav\u00fd \u017eivotn\u00fd \u0161t\u00fdl.<\/p>\n<p>Existuj\u00fa&#8230; <a class=\"more-link\" href=\"#tab-description\">Read more<\/a><\/p>","protected":false},"featured_media":8908,"comment_status":"open","ping_status":"closed","template":"","meta":{"inline_featured_image":false},"product_brand":[274],"product_cat":[69],"product_tag":[],"class_list":{"0":"post-8907","1":"product","2":"type-product","3":"status-publish","4":"has-post-thumbnail","6":"product_brand-gyorgytea","7":"product_cat-vyzivove-doplnky","9":"first","10":"instock","11":"taxable","12":"shipping-taxable","13":"purchasable","14":"product-type-simple"},"aioseo_notices":[],"_links":{"self":[{"href":"https:\/\/www.biokari.sk\/en\/wp-json\/wp\/v2\/product\/8907","targetHints":{"allow":["GET"]}}],"collection":[{"href":"https:\/\/www.biokari.sk\/en\/wp-json\/wp\/v2\/product"}],"about":[{"href":"https:\/\/www.biokari.sk\/en\/wp-json\/wp\/v2\/types\/product"}],"replies":[{"embeddable":true,"href":"https:\/\/www.biokari.sk\/en\/wp-json\/wp\/v2\/comments?post=8907"}],"wp:featuredmedia":[{"embeddable":true,"href":"https:\/\/www.biokari.sk\/en\/wp-json\/wp\/v2\/media\/8908"}],"wp:attachment":[{"href":"https:\/\/www.biokari.sk\/en\/wp-json\/wp\/v2\/media?parent=8907"}],"wp:term":[{"taxonomy":"product_brand","embeddable":true,"href":"https:\/\/www.biokari.sk\/en\/wp-json\/wp\/v2\/product_brand?post=8907"},{"taxonomy":"product_cat","embeddable":true,"href":"https:\/\/www.biokari.sk\/en\/wp-json\/wp\/v2\/product_cat?post=8907"},{"taxonomy":"product_tag","embeddable":true,"href":"https:\/\/www.biokari.sk\/en\/wp-json\/wp\/v2\/product_tag?post=8907"}],"curies":[{"name":"wp","href":"https:\/\/api.w.org\/{rel}","templated":true}]}}