{"id":8921,"date":"2025-07-01T14:36:48","date_gmt":"2025-07-01T12:36:48","guid":{"rendered":"https:\/\/www.biokari.sk\/produkt\/gyorgytea-cajova-zmes-biely-agat-100g\/"},"modified":"2026-04-29T19:03:13","modified_gmt":"2026-04-29T17:03:13","slug":"gyorgytea-cajova-zmes-biely-agat-100g","status":"publish","type":"product","link":"https:\/\/www.biokari.sk\/en\/product\/gyorgytea-cajova-zmes-biely-agat-100g\/","title":{"rendered":"Gy\u00f6rgytea &#8211; \u010cajov\u00e1 zmes &#8211; Biel\u00fd ag\u00e1t 100g"},"content":{"rendered":"<p data-start=\"157\" data-end=\"917\">Nadmern\u00e1 tvorba \u017eal\u00fado\u010dnej kyseliny, zn\u00e1ma ako <strong data-start=\"254\" data-end=\"264\">reflux<\/strong>, je nepr\u00edjemn\u00fd stav, ktor\u00fd zni\u017euje kvalitu \u017eivota. Pacienti sa r\u00e1no \u010dasto budia s <strong data-start=\"347\" data-end=\"380\">nepr\u00edjemnou pachu\u0165ou v \u00fastach<\/strong>, po\u010das noci m\u00f4\u017ee doch\u00e1dza\u0165 k <strong data-start=\"410\" data-end=\"432\">\u0161kriabaniu v hrdle<\/strong> a naru\u0161eniu sp\u00e1nku. Cez de\u0148 pretrv\u00e1va <strong data-start=\"471\" data-end=\"482\">p\u00e1lenie<\/strong> v \u00fastach a hrdle, najm\u00e4 po jedle sa objavuje <strong data-start=\"528\" data-end=\"544\">p\u00e1lenie z\u00e1hy<\/strong> a diskomfort v oblasti \u017eal\u00fadka. Dlhodob\u00fd stav m\u00f4\u017ee vies\u0165 k <strong data-start=\"604\" data-end=\"631\">z\u00e1palu hrdla, hlasiviek<\/strong> a v z\u00e1va\u017enej\u0161\u00edch pr\u00edpadoch a\u017e k <strong data-start=\"664\" data-end=\"683\" data-is-only-node=\"\">vredom pa\u017eer\u00e1ka<\/strong>. Pr\u00ed\u010dinou m\u00f4\u017eu by\u0165 stres, \u00fazkos\u0165, nervozita, ale aj niektor\u00e9 lieky alebo chemik\u00e1lie. Terapiu mo\u017eno podpori\u0165 aj <strong data-start=\"795\" data-end=\"818\">pr\u00edrodn\u00fdmi met\u00f3dami<\/strong>, predov\u0161etk\u00fdm <strong data-start=\"833\" data-end=\"857\">lie\u010div\u00fdmi rastlinami<\/strong>, ako s\u00fa ak\u00e1cia biela, hluchavka biela \u010di rebr\u00ed\u010dek oby\u010dajn\u00fd.<\/p>\n<p data-start=\"919\" data-end=\"1061\"><strong data-start=\"919\" data-end=\"932\">Composition:<\/strong> kvet ag\u00e1tu bieleho (<strong data-start=\"953\" data-end=\"961\">40 %<\/strong>), v\u0148a\u0165 hluchavky bielej, v\u0148a\u0165 \u013eubovn\u00edka bodkovan\u00e9ho, v\u0148a\u0165 rebr\u00ed\u010dka oby\u010dajn\u00e9ho<br data-start=\"1039\" data-end=\"1042\" \/><strong data-start=\"1042\" data-end=\"1055\">Weight:<\/strong> 100 g<\/p>\n<p data-start=\"1063\" data-end=\"1202\"><strong data-start=\"1063\" data-end=\"1075\">Pr\u00edprava<\/strong><br data-start=\"1075\" data-end=\"1078\" \/>Jednu zarovnan\u00fa polievkov\u00fa ly\u017eicu (3 g) \u010dajovej zmesi zalia\u0165 2,5 dl hor\u00facej vody, <strong data-start=\"1160\" data-end=\"1187\">necha\u0165 l\u00fahova\u0165 15 min\u00fat<\/strong>, potom scedi\u0165.<\/p>\n<p data-start=\"1204\" data-end=\"1277\"><strong data-start=\"1204\" data-end=\"1216\">U\u017e\u00edvanie<\/strong><br data-start=\"1216\" data-end=\"1219\" \/>Pi\u0165 <strong data-start=\"1223\" data-end=\"1240\">1 \u0161\u00e1lku denne<\/strong>, k\u00farovito a\u017e do vymiznutia \u0165a\u017ekost\u00ed.<\/p>\n<p data-start=\"1279\" data-end=\"1478\"><strong data-start=\"1279\" data-end=\"1294\">Notice<\/strong><br data-start=\"1294\" data-end=\"1297\" \/>Tehotn\u00fdm a doj\u010diacim \u017een\u00e1m, ako aj <strong data-start=\"1332\" data-end=\"1367\">de\u0165om do 12 rokov sa neodpor\u00fa\u010da<\/strong>. V\u00fd\u017eivov\u00fd doplnok <strong data-start=\"1386\" data-end=\"1425\">nenahr\u00e1dza pestr\u00fa a vyv\u00e1\u017een\u00fa stravu a zdrav\u00fd \u017eivotn\u00fd \u0161t\u00fdl. Uchov\u00e1vajte mimo dosahu det\u00ed.\u00a0<\/strong><\/p>\n<p data-start=\"1279\" data-end=\"1478\"><strong>Weight:<\/strong> 100g<\/p>","protected":false},"excerpt":{"rendered":"<p>Refluxn\u00fd \u010daj<br \/>\nIngrediencie:<br \/>\nkvet bielej ak\u00e1cie (40%), v\u00fdhonok mace\u0161ky bielej, v\u00fdhonok kvetu \u013eubovn\u00edka bodkovan\u00e9ho, ??v\u00fdhonok kvetu rebr\u00edka<\/p>\n<p>Preparation:<br \/>\nZarovnan\u00fa polievkov\u00fa ly\u017eicu (3 g) \u010dajovn\u00edka povarte s 2,5 dl vody, po 15 min\u00fatach prefiltrujte. Nepou\u017e\u00edvajte kovov\u00fd filter.<\/p>\n<p>spotreba:<br \/>\nKonzumujte ve\u010der&#8230; <a class=\"more-link\" href=\"#tab-description\">Read more<\/a><\/p>","protected":false},"featured_media":0,"comment_status":"open","ping_status":"closed","template":"","meta":{"inline_featured_image":false},"product_brand":[274],"product_cat":[148,152],"product_tag":[],"class_list":{"0":"post-8921","1":"product","2":"type-product","3":"status-publish","5":"product_brand-gyorgytea","6":"product_cat-liecive-rastliny","7":"product_cat-zaludok-a-crevna-cinnost-liecive-rastliny","9":"first","10":"instock","11":"taxable","12":"shipping-taxable","13":"purchasable","14":"product-type-simple"},"aioseo_notices":[],"_links":{"self":[{"href":"https:\/\/www.biokari.sk\/en\/wp-json\/wp\/v2\/product\/8921","targetHints":{"allow":["GET"]}}],"collection":[{"href":"https:\/\/www.biokari.sk\/en\/wp-json\/wp\/v2\/product"}],"about":[{"href":"https:\/\/www.biokari.sk\/en\/wp-json\/wp\/v2\/types\/product"}],"replies":[{"embeddable":true,"href":"https:\/\/www.biokari.sk\/en\/wp-json\/wp\/v2\/comments?post=8921"}],"wp:attachment":[{"href":"https:\/\/www.biokari.sk\/en\/wp-json\/wp\/v2\/media?parent=8921"}],"wp:term":[{"taxonomy":"product_brand","embeddable":true,"href":"https:\/\/www.biokari.sk\/en\/wp-json\/wp\/v2\/product_brand?post=8921"},{"taxonomy":"product_cat","embeddable":true,"href":"https:\/\/www.biokari.sk\/en\/wp-json\/wp\/v2\/product_cat?post=8921"},{"taxonomy":"product_tag","embeddable":true,"href":"https:\/\/www.biokari.sk\/en\/wp-json\/wp\/v2\/product_tag?post=8921"}],"curies":[{"name":"wp","href":"https:\/\/api.w.org\/{rel}","templated":true}]}}