{"id":8927,"date":"2025-07-01T14:36:49","date_gmt":"2025-07-01T12:36:49","guid":{"rendered":"https:\/\/www.biokari.sk\/produkt\/gyorgytea-cajova-zmes-kamilka-100g\/"},"modified":"2026-04-20T19:01:58","modified_gmt":"2026-04-20T17:01:58","slug":"gyorgytea-cajova-zmes-kamilka-100g","status":"publish","type":"product","link":"https:\/\/www.biokari.sk\/en\/product\/gyorgytea-cajova-zmes-kamilka-100g\/","title":{"rendered":"Gy\u00f6rgytea \u010cajov\u00e1 zmes &#8211; Kamilka 100g"},"content":{"rendered":"<p data-start=\"0\" data-end=\"121\"><strong data-start=\"0\" data-end=\"58\">M\u00f4\u017ee pom\u00f4c\u0165 zmierni\u0165 skryt\u00e9 alebo ak\u00fatne z\u00e1paly v tele<\/strong>, ktor\u00e9 zohr\u00e1vaj\u00fa v\u00fdznamn\u00fa \u00falohu pri vzniku v\u00e4\u010d\u0161iny ochoren\u00ed.<\/p>\n<p data-start=\"123\" data-end=\"298\"><strong data-start=\"123\" data-end=\"136\">Composition:<\/strong> kvet harman\u010deka prav\u00e9ho (50 %), list \u0161alvie lek\u00e1rskej, list skorocelu kopijovit\u00e9ho, kvet necht\u00edka lek\u00e1rskeho, v\u0148a\u0165 rep\u00edka lek\u00e1rskeho, v\u0148a\u0165 rebr\u00ed\u010dka oby\u010dajn\u00e9ho.<\/p>\n<p data-start=\"300\" data-end=\"409\"><strong data-start=\"300\" data-end=\"323\">Kedy a ako \u010daj pi\u0165?<\/strong><br data-start=\"323\" data-end=\"326\" \/>Pite <strong data-start=\"331\" data-end=\"364\">1\u20133 \u0161\u00e1lky denne medzi jedlami<\/strong>, pod\u013ea potreby, a\u017e do vymiznutia \u0165a\u017ekost\u00ed.<\/p>\n<p data-start=\"411\" data-end=\"712\"><strong data-start=\"411\" data-end=\"434\">Kedy sa neodpor\u00fa\u010da?<\/strong><br data-start=\"434\" data-end=\"437\" \/>Po\u010das <strong data-start=\"443\" data-end=\"469\">pregnancy and breastfeeding<\/strong> sa nesmie prekro\u010di\u0165 denn\u00e1 d\u00e1vka <strong data-start=\"502\" data-end=\"513\">1 \u0161\u00e1lka<\/strong> a \u010daj mo\u017eno pi\u0165 <strong data-start=\"530\" data-end=\"558\">najviac 2 t\u00fd\u017edne po sebe<\/strong>, potom je potrebn\u00e9 <strong data-start=\"578\" data-end=\"609\">urobi\u0165 2-t\u00fd\u017ed\u0148ov\u00fa prest\u00e1vku<\/strong>.<br data-start=\"610\" data-end=\"613\" \/><strong data-start=\"613\" data-end=\"633\">De\u0165om od 6 rokov<\/strong> mo\u017eno pod\u00e1va\u0165 v <strong data-start=\"650\" data-end=\"669\">zriedenej forme<\/strong> (1 \u010dajov\u00e1 ly\u017ei\u010dka zmesi na 2,5 dl vody).<\/p>\n<p data-start=\"719\" data-end=\"749\"><strong data-start=\"719\" data-end=\"747\">Podrobnej\u0161ie o zlo\u017ek\u00e1ch:<\/strong><\/p>\n<ul data-start=\"750\" data-end=\"1792\">\n<li data-start=\"750\" data-end=\"1017\">\n<p data-start=\"752\" data-end=\"1017\"><strong data-start=\"752\" data-end=\"771\">Harman\u010dek prav\u00fd<\/strong> je jednou z najzn\u00e1mej\u0161\u00edch a naj\u00fa\u010dinnej\u0161\u00edch lie\u010div\u00fdch rastl\u00edn. Pou\u017e\u00edva sa <strong data-start=\"845\" data-end=\"928\">pri z\u00e1paloch hrdla, na inhal\u00e1ciu, na obklady a v\u00fdplachy pri z\u00e1paloch o\u010d\u00ed a ko\u017ee<\/strong>, ale aj <strong data-start=\"937\" data-end=\"976\">vn\u00fatorne pri tr\u00e1viacich \u0165a\u017ekostiach<\/strong>. Upokojuje poko\u017eku a zmier\u0148uje ekz\u00e9my.<\/p>\n<\/li>\n<li data-start=\"1018\" data-end=\"1166\">\n<p data-start=\"1020\" data-end=\"1166\"><strong data-start=\"1020\" data-end=\"1039\">\u0160alvia lek\u00e1rska<\/strong> m\u00e1 <strong data-start=\"1043\" data-end=\"1092\">s\u0165ahuj\u00face, dezinfek\u010dn\u00e9 a protiz\u00e1palov\u00e9 \u00fa\u010dinky<\/strong>, pom\u00e1ha pri z\u00e1paloch, ako aj pri <strong data-start=\"1126\" data-end=\"1163\">\u017eal\u00fado\u010dn\u00fdch a \u010drevn\u00fdch probl\u00e9moch<\/strong>.<\/p>\n<\/li>\n<li data-start=\"1167\" data-end=\"1289\">\n<p data-start=\"1169\" data-end=\"1289\"><strong data-start=\"1169\" data-end=\"1192\">Lance-leaved cinquefoil<\/strong> sa pou\u017e\u00edva najm\u00e4 <strong data-start=\"1210\" data-end=\"1252\">pri z\u00e1paloch hrdla, priedu\u0161iek a ka\u0161li<\/strong>, m\u00e1 protiz\u00e1palov\u00fd a hojiv\u00fd \u00fa\u010dinok.<\/p>\n<\/li>\n<li data-start=\"1290\" data-end=\"1475\">\n<p data-start=\"1292\" data-end=\"1475\"><strong data-start=\"1292\" data-end=\"1312\">Necht\u00edk lek\u00e1rsky<\/strong> m\u00e1 <strong data-start=\"1316\" data-end=\"1380\">antibakteri\u00e1lne, protiz\u00e1palov\u00e9, protiples\u0148ov\u00e9 a antiv\u00edrusov\u00e9<\/strong> vlastnosti. Pom\u00e1ha pri <strong data-start=\"1404\" data-end=\"1439\">z\u00e1paloch, ran\u00e1ch a pop\u00e1lenin\u00e1ch<\/strong> \u2013 vonkaj\u0161ie aj vn\u00fatorn\u00e9 pou\u017eitie.<\/p>\n<\/li>\n<li data-start=\"1476\" data-end=\"1600\">\n<p data-start=\"1478\" data-end=\"1600\"><strong data-start=\"1478\" data-end=\"1496\">Burdock<\/strong> je vhodn\u00fd pri <strong data-start=\"1511\" data-end=\"1552\">z\u00e1paloch hrdla, \u010driev, \u00fastnych r\u00e1nach<\/strong> a v\u010faka trieslovin\u00e1m m\u00e1 <strong data-start=\"1577\" data-end=\"1597\">s\u0165ahuj\u00faci \u00fa\u010dinok<\/strong>.<\/p>\n<\/li>\n<li data-start=\"1601\" data-end=\"1792\">\n<p data-start=\"1603\" data-end=\"1792\"><strong data-start=\"1603\" data-end=\"1624\">Rebr\u00ed\u010dek oby\u010dajn\u00fd<\/strong> m\u00e1 <strong data-start=\"1628\" data-end=\"1663\">protiz\u00e1palov\u00e9 a antibakteri\u00e1lne<\/strong> \u00fa\u010dinky, pou\u017e\u00edva sa pri <strong data-start=\"1687\" data-end=\"1716\">z\u00e1paloch \u017eensk\u00fdch org\u00e1nov<\/strong>, na <strong data-start=\"1721\" data-end=\"1761\">hojenie r\u00e1n, pomlia\u017eden\u00edn, krv\u00e1cania<\/strong> a na <strong data-start=\"1767\" data-end=\"1789\">zmiernenie alergi\u00ed<\/strong>.<\/p>\n<\/li>\n<\/ul>\n<p data-start=\"1799\" data-end=\"1983\"><strong data-start=\"1799\" data-end=\"1812\">Preparation: <\/strong>Jednu zarovnan\u00fa <strong data-start=\"1831\" data-end=\"1858\">polievkov\u00fa ly\u017eicu (3 g)<\/strong> \u010dajovej zmesi zalejte <strong data-start=\"1881\" data-end=\"1904\">2,5 dl boiling water<\/strong>, nechajte l\u00fahova\u0165 <strong data-start=\"1923\" data-end=\"1935\">15 min\u00fat<\/strong>, potom sce\u010fte. <strong data-start=\"1951\" data-end=\"1981\">Nepou\u017e\u00edvajte kovov\u00e9 sitko.<\/strong><\/p>\n<p data-start=\"1985\" data-end=\"2249\"><strong data-start=\"1985\" data-end=\"1998\">Application: <\/strong>Pri zn\u00e1mych z\u00e1palov\u00fdch \u0165a\u017ekostiach pite <strong data-start=\"2041\" data-end=\"2074\">1\u20133 \u0161\u00e1lky denne medzi jedlami<\/strong>, k\u00fdm sympt\u00f3my neust\u00fapia.<br data-start=\"2099\" data-end=\"2102\" \/>Na <strong data-start=\"2105\" data-end=\"2118\">prevenciu<\/strong> posta\u010dia <strong data-start=\"2128\" data-end=\"2150\">2\u20133 \u0161\u00e1lky t\u00fd\u017edenne<\/strong>.<br data-start=\"2151\" data-end=\"2154\" \/>\u010caj je mo\u017en\u00e9 pou\u017ei\u0165 aj na <strong data-start=\"2180\" data-end=\"2247\">inhal\u00e1ciu, kloktanie, obklady, v\u00fdplachy alebo prida\u0165 do k\u00fape\u013ea.<\/strong><\/p>\n<p data-start=\"2251\" data-end=\"2485\"><strong data-start=\"2251\" data-end=\"2271\">Contraindications: <\/strong>Po\u010das tehotenstva a doj\u010denia neprekra\u010dujte 1 \u0161\u00e1lku denne a pou\u017e\u00edvajte najviac 2 t\u00fd\u017edne, potom si dajte 2-t\u00fd\u017ed\u0148ov\u00fa prest\u00e1vku.<br data-start=\"2398\" data-end=\"2401\" \/><strong data-start=\"2401\" data-end=\"2420\">Deti od 6 rokov<\/strong> m\u00f4\u017eu pi\u0165 zrieden\u00fd \u010daj (1 \u010dajov\u00e1 ly\u017ei\u010dka zmesi na 2,5 dl vody).<\/p>\n<p data-start=\"2251\" data-end=\"2485\">Minim\u00e1lna trvanlivos\u0165: uveden\u00e1 na obale.<br data-start=\"2552\" data-end=\"2555\" \/><strong data-start=\"2555\" data-end=\"2571\">Storage:<\/strong> Po otvoren\u00ed uchov\u00e1vajte <strong data-start=\"2596\" data-end=\"2626\">na suchom, chladnom mieste<\/strong>, dobre uzavret\u00e9, <strong data-start=\"2644\" data-end=\"2665\">mimo dosahu det\u00ed.<\/strong><\/p>\n<p data-start=\"2669\" data-end=\"2688\" data-is-last-node=\"\" data-is-only-node=\"\"><strong data-start=\"2669\" data-end=\"2682\">Weight:<\/strong> 100 g<\/p>","protected":false},"excerpt":{"rendered":"<p>Protiz\u00e1palov\u00e9<br \/>\nIngrediencie:<br \/>\nkvety harman\u010deka (50%), listy \u0161alvie lek\u00e1rskej, listy skorocelu kopijovit\u00e9ho, necht\u00edk, kore\u0148 lop\u00facha, kore\u0148 rebr\u00edka<\/p>\n<p>Ako to urob\u00edm?<br \/>\nZarovnan\u00fa polievkov\u00fa ly\u017eicu (3 g) \u010dajovn\u00edka povarte s 2,5 dl vody, po 15 min\u00fatach prefiltrujte. Nepou\u017e\u00edvajte kovov\u00fd filter.<\/p>\n<p>Kedy ho konzumu&#8230; <a class=\"more-link\" href=\"#tab-description\">Read more<\/a><\/p>","protected":false},"featured_media":10290,"comment_status":"open","ping_status":"closed","template":"","meta":{"inline_featured_image":false},"product_brand":[274],"product_cat":[148,149],"product_tag":[],"class_list":{"0":"post-8927","1":"product","2":"type-product","3":"status-publish","4":"has-post-thumbnail","6":"product_brand-gyorgytea","7":"product_cat-liecive-rastliny","8":"product_cat-liecive-rastliny-posilnenie-imunity","10":"first","11":"instock","12":"taxable","13":"shipping-taxable","14":"purchasable","15":"product-type-simple"},"aioseo_notices":[],"_links":{"self":[{"href":"https:\/\/www.biokari.sk\/en\/wp-json\/wp\/v2\/product\/8927","targetHints":{"allow":["GET"]}}],"collection":[{"href":"https:\/\/www.biokari.sk\/en\/wp-json\/wp\/v2\/product"}],"about":[{"href":"https:\/\/www.biokari.sk\/en\/wp-json\/wp\/v2\/types\/product"}],"replies":[{"embeddable":true,"href":"https:\/\/www.biokari.sk\/en\/wp-json\/wp\/v2\/comments?post=8927"}],"wp:featuredmedia":[{"embeddable":true,"href":"https:\/\/www.biokari.sk\/en\/wp-json\/wp\/v2\/media\/10290"}],"wp:attachment":[{"href":"https:\/\/www.biokari.sk\/en\/wp-json\/wp\/v2\/media?parent=8927"}],"wp:term":[{"taxonomy":"product_brand","embeddable":true,"href":"https:\/\/www.biokari.sk\/en\/wp-json\/wp\/v2\/product_brand?post=8927"},{"taxonomy":"product_cat","embeddable":true,"href":"https:\/\/www.biokari.sk\/en\/wp-json\/wp\/v2\/product_cat?post=8927"},{"taxonomy":"product_tag","embeddable":true,"href":"https:\/\/www.biokari.sk\/en\/wp-json\/wp\/v2\/product_tag?post=8927"}],"curies":[{"name":"wp","href":"https:\/\/api.w.org\/{rel}","templated":true}]}}