{"id":8929,"date":"2025-07-01T14:36:50","date_gmt":"2025-07-01T12:36:50","guid":{"rendered":"https:\/\/www.biokari.sk\/produkt\/gyorgytea-cajova-zmes-medovka-lekarska-100g\/"},"modified":"2026-04-29T15:52:30","modified_gmt":"2026-04-29T13:52:30","slug":"gyorgytea-cajova-zmes-medovka-lekarska-100g","status":"publish","type":"product","link":"https:\/\/www.biokari.sk\/en\/product\/gyorgytea-cajova-zmes-medovka-lekarska-100g\/","title":{"rendered":"Gy\u00f6rgytea \u010cajov\u00e1 zmes &#8211; Medovka lek\u00e1rska 100g"},"content":{"rendered":"<p><strong>Zachova\u0165 si zdravie je na\u0161\u00edm vlastn\u00fdm z\u00e1ujmom<\/strong> \u2013 preto je potrebn\u00e9 \u017ei\u0165 <strong>zdravo<\/strong>, <strong>spr\u00e1vne sa stravova\u0165<\/strong>, <strong>dostato\u010dne sa h\u00fdba\u0165<\/strong> a <strong>zbavi\u0165 sa \u0161kodliv\u00fdch n\u00e1vykov<\/strong>. Oplat\u00ed sa <strong>vedome dba\u0165 na prevenciu chor\u00f4b a posilnenie zdravia<\/strong>, na \u010do <strong>Gyuri b\u00e1csi odpor\u00fa\u010da medovkov\u00fa bylinn\u00fa zmes<\/strong> - <strong>\u201eOchranca zdravia\u201c<\/strong>, ktor\u00e1 <strong>priaznivo p\u00f4sob\u00ed na \u010dinnos\u0165 srdca a pe\u010dene<\/strong>, <strong>podporuje detoxik\u00e1ciu organizmu<\/strong>, <strong>predch\u00e1dza vzniku ochoren\u00ed k\u013abov<\/strong> a m\u00e1 <strong>uk\u013eud\u0148uj\u00face a antistresov\u00e9 \u00fa\u010dinky<\/strong>.<\/p>\n\n\n\n<p><strong>Composition:<\/strong> v\u0148a\u0165 rep\u00edka lek\u00e1rskeho, v\u0148a\u0165 zlatej pr\u00fatovky, list medovky lek\u00e1rskej (14 %), list ostru\u017einy lesnej, list m\u00e4ty pravej, kvitn\u00faca v\u0148a\u0165 hlohu oby\u010dajn\u00e9ho, list maliny lesnej, v\u0148a\u0165 materinej d\u00fa\u0161ky po\u013enej, v\u0148a\u0165 m\u00e4ty klasnatej, v\u0148a\u0165 oregana.<\/p>\n\n\n\n<p><strong>Preparation:<\/strong> jednu zarovnan\u00fa polievkov\u00fa ly\u017eicu (3 g) \u010dajovej zmesi <strong>zalia\u0165 2,5 dl vriacej vody<\/strong>, necha\u0165 <strong>l\u00fahova\u0165 15 min\u00fat<\/strong>, potom scedi\u0165.<\/p>\n\n\n\n<p><strong>Usage:<\/strong> pi\u0165 <strong>1\u20132 \u0161\u00e1lky denne<\/strong>, \u010daj je mo\u017en\u00e9 <strong>u\u017e\u00edva\u0165 dlhodobo bez obmedzenia<\/strong>.<\/p>\n\n\n\n<p><strong>Warning:<\/strong> po\u010das <strong>tehotenstva, doj\u010denia a do 12 rokov<\/strong> sa \u010daj <strong>neodpor\u00fa\u010da<\/strong>.<\/p>\n\n\n\n<p><strong>Weight:<\/strong> 100 g<\/p>","protected":false},"excerpt":{"rendered":"<p>Ingrediencie:<br \/>\nv\u00fdhonok lop\u00facha, v\u00fdhonok zlatobyle, list citr\u00f3novej tr\u00e1vy (14 %), list \u010dernice lesnej, list m\u00e4ty kopijovej, kon\u00e1r hlohu kvitn\u00faceho, list lesnej maliny, v\u00fdhonok tymianu po\u013en\u00e9ho, ??v\u00fdhonok m\u00e4ty strapcovitej, v\u00fdhonok vidla<\/p>\n<p>Ako to urob\u00edm?<br \/>\nZarovnan\u00fa polievkov\u00fa ly\u017eicu (3 g) \u010dajovn\u00edka povar&#8230; <a class=\"more-link\" href=\"#tab-description\">Read more<\/a><\/p>","protected":false},"featured_media":10188,"comment_status":"open","ping_status":"closed","template":"","meta":{"inline_featured_image":false},"product_brand":[274],"product_cat":[148,153,149,151,152],"product_tag":[],"class_list":{"0":"post-8929","1":"product","2":"type-product","3":"status-publish","4":"has-post-thumbnail","6":"product_brand-gyorgytea","7":"product_cat-liecive-rastliny","8":"product_cat-dychacie-cesty-liecive-rastliny","9":"product_cat-liecive-rastliny-posilnenie-imunity","10":"product_cat-srdcovo-cievny-system-liecive-rastliny","11":"product_cat-zaludok-a-crevna-cinnost-liecive-rastliny","13":"first","14":"instock","15":"taxable","16":"shipping-taxable","17":"purchasable","18":"product-type-simple"},"aioseo_notices":[],"_links":{"self":[{"href":"https:\/\/www.biokari.sk\/en\/wp-json\/wp\/v2\/product\/8929","targetHints":{"allow":["GET"]}}],"collection":[{"href":"https:\/\/www.biokari.sk\/en\/wp-json\/wp\/v2\/product"}],"about":[{"href":"https:\/\/www.biokari.sk\/en\/wp-json\/wp\/v2\/types\/product"}],"replies":[{"embeddable":true,"href":"https:\/\/www.biokari.sk\/en\/wp-json\/wp\/v2\/comments?post=8929"}],"wp:featuredmedia":[{"embeddable":true,"href":"https:\/\/www.biokari.sk\/en\/wp-json\/wp\/v2\/media\/10188"}],"wp:attachment":[{"href":"https:\/\/www.biokari.sk\/en\/wp-json\/wp\/v2\/media?parent=8929"}],"wp:term":[{"taxonomy":"product_brand","embeddable":true,"href":"https:\/\/www.biokari.sk\/en\/wp-json\/wp\/v2\/product_brand?post=8929"},{"taxonomy":"product_cat","embeddable":true,"href":"https:\/\/www.biokari.sk\/en\/wp-json\/wp\/v2\/product_cat?post=8929"},{"taxonomy":"product_tag","embeddable":true,"href":"https:\/\/www.biokari.sk\/en\/wp-json\/wp\/v2\/product_tag?post=8929"}],"curies":[{"name":"wp","href":"https:\/\/api.w.org\/{rel}","templated":true}]}}