{"id":8933,"date":"2025-07-01T14:36:50","date_gmt":"2025-07-01T12:36:50","guid":{"rendered":"https:\/\/www.biokari.sk\/produkt\/dia-wellness-zmes-muky-ch10-500g\/"},"modified":"2026-03-05T18:01:15","modified_gmt":"2026-03-05T17:01:15","slug":"dia-wellness-zmes-muky-ch10-500g","status":"publish","type":"product","link":"https:\/\/www.biokari.sk\/en\/product\/dia-wellness-zmes-muky-ch10-500g\/","title":{"rendered":"Dia-Wellness Zmes m\u00faky CH10 500g"},"content":{"rendered":"<p data-start=\"141\" data-end=\"276\"><strong data-start=\"141\" data-end=\"212\">Bohat\u00e9 na vl\u00e1kninu. Bohat\u00e9 na bielkoviny. Zn\u00ed\u017een\u00fd obsah sacharidov.<\/strong><br data-start=\"212\" data-end=\"215\" \/>Bielkoviny prispievaj\u00fa k <strong data-start=\"240\" data-end=\"275\">udr\u017eaniu norm\u00e1lneho stavu kost\u00ed<\/strong>.<\/p>\n<p data-start=\"278\" data-end=\"574\"><strong data-start=\"278\" data-end=\"291\">Composition:<\/strong> p\u0161eni\u010dn\u00e1 bielkovina, potravinov\u00e1 vl\u00e1knina, hrachov\u00e1 bielkovina, p\u0161eni\u010dn\u00e9 otruby, zahus\u0165ovadlo: polydextr\u00f3za, hydrolyzovan\u00fd kolag\u00e9n 2 %, zahus\u0165ovadl\u00e1: guarov\u00e1 guma, xant\u00e1nov\u00e1 guma, gellanov\u00e1 guma, kyselina mlie\u010dna (E270), emulg\u00e1tor: E471, m\u00fa\u010dne \u010dinidlo: kyselina L-askorbov\u00e1, enz\u00fdmy.<\/p>\n<p data-start=\"576\" data-end=\"605\"><strong data-start=\"576\" data-end=\"589\">Allergens:<\/strong> lepok (p\u0161enica)<\/p>\n<p data-start=\"607\" data-end=\"654\"><strong data-start=\"607\" data-end=\"654\">Priemern\u00e9 v\u00fd\u017eivov\u00e9 hodnoty na 100 g v\u00fdrobku<\/strong><\/p>\n<div class=\"_tableContainer_1rjym_1\">\n<div class=\"group _tableWrapper_1rjym_13 flex w-fit flex-col-reverse\">\n<table class=\"w-fit min-w-(--thread-content-width)\" data-start=\"656\" data-end=\"955\">\n<thead data-start=\"656\" data-end=\"687\">\n<tr data-start=\"656\" data-end=\"687\">\n<th data-start=\"656\" data-end=\"675\" data-col-size=\"sm\">V\u00fd\u017eivov\u00e1 hodnota<\/th>\n<th data-start=\"675\" data-end=\"687\" data-col-size=\"sm\">Quantity<\/th>\n<\/tr>\n<\/thead>\n<tbody data-start=\"720\" data-end=\"955\">\n<tr data-start=\"720\" data-end=\"756\">\n<td data-start=\"720\" data-end=\"730\" data-col-size=\"sm\">Energy<\/td>\n<td data-start=\"730\" data-end=\"756\" data-col-size=\"sm\"><strong data-start=\"732\" data-end=\"754\">1115 kJ \/ 267 kcal<\/strong><\/td>\n<\/tr>\n<tr data-start=\"757\" data-end=\"777\">\n<td data-start=\"757\" data-end=\"764\" data-col-size=\"sm\">Fats<\/td>\n<td data-start=\"764\" data-end=\"777\" data-col-size=\"sm\"><strong data-start=\"766\" data-end=\"775\">3,0 g<\/strong><\/td>\n<\/tr>\n<tr data-start=\"778\" data-end=\"825\">\n<td data-start=\"778\" data-end=\"812\" data-col-size=\"sm\">z toho nas\u00fdten\u00e9 mastn\u00e9 kyseliny<\/td>\n<td data-col-size=\"sm\" data-start=\"812\" data-end=\"825\"><strong data-start=\"814\" data-end=\"823\">0,0 g<\/strong><\/td>\n<\/tr>\n<tr data-start=\"826\" data-end=\"851\">\n<td data-start=\"826\" data-end=\"838\" data-col-size=\"sm\">Carbohydrates<\/td>\n<td data-start=\"838\" data-end=\"851\" data-col-size=\"sm\"><strong data-start=\"840\" data-end=\"849\">7,3 g<\/strong><\/td>\n<\/tr>\n<tr data-start=\"852\" data-end=\"880\">\n<td data-start=\"852\" data-end=\"867\" data-col-size=\"sm\">z toho cukry<\/td>\n<td data-start=\"867\" data-end=\"880\" data-col-size=\"sm\"><strong data-start=\"869\" data-end=\"878\">2,0 g<\/strong><\/td>\n<\/tr>\n<tr data-start=\"881\" data-end=\"906\">\n<td data-start=\"881\" data-end=\"892\" data-col-size=\"sm\">Fibre<\/td>\n<td data-start=\"892\" data-end=\"906\" data-col-size=\"sm\"><strong data-start=\"894\" data-end=\"904\">29,2 g<\/strong><\/td>\n<\/tr>\n<tr data-start=\"907\" data-end=\"934\">\n<td data-start=\"907\" data-end=\"920\" data-col-size=\"sm\">Protein<\/td>\n<td data-col-size=\"sm\" data-start=\"920\" data-end=\"934\"><strong data-start=\"922\" data-end=\"932\">38,0 g<\/strong><\/td>\n<\/tr>\n<tr data-start=\"935\" data-end=\"955\">\n<td data-start=\"935\" data-end=\"941\" data-col-size=\"sm\">Salt<\/td>\n<td data-col-size=\"sm\" data-start=\"941\" data-end=\"955\"><strong data-start=\"943\" data-end=\"953\">0,17 g<\/strong><\/td>\n<\/tr>\n<\/tbody>\n<\/table>\n<\/div>\n<\/div>\n\n\n<p><strong>Recommended use:<\/strong><br>Vhodn\u00e9 na <strong>be\u017en\u00e9 kuchynsk\u00e9 pou\u017eitie<\/strong> ako <strong>n\u00e1hrada p\u0161eni\u010dnej m\u00faky<\/strong>.<\/p>\n\n\n\n<p><strong>Pr\u00edprava chleba:<\/strong><br>250 g CH-10 m\u00fa\u010dnej zmesi premie\u0161a\u0165 s 5 g soli, 10 g \u010derstv\u00e9ho dro\u017edia a 2,2\u20132,5 dl vody. Cesto dobre vypracova\u0165 a necha\u0165 <strong>10 min\u00fat odpo\u010d\u00edva\u0165<\/strong>. Vytvarova\u0165 bochn\u00edk alebo veku a necha\u0165 <strong>kysn\u00fa\u0165 30\u201340 min\u00fat<\/strong> na teplom mieste. Piec\u0165 <strong>20\u201325 min\u00fat pri 190\u2013200 \u00b0C<\/strong>.<\/p>\n\n\n\n<p><strong>Weight:<\/strong> 500 g<\/p>","protected":false},"excerpt":{"rendered":"<p>Short Description:<br \/>\n\u0160peci\u00e1lne navrhnut\u00e1 m\u00fa\u010dna zmes s ve\u013emi n\u00edzkym obsahom sacharidov (len 10?% oproti be\u017enej m\u00fake), ide\u00e1lna pre diabetikov a priaznivcov n\u00edzkosacharidov\u00e9ho stravovania. Zmes umo\u017e\u0148uje pr\u00edpravu pe\u010diva aj pokrmov s v\u00fdrazne zn\u00ed\u017een\u00fdm glykemick\u00fdm indexom, bez kompromisnej chute a \u0161trukt\u00fary.<\/p>\n<p>Zlo&#8230; <a class=\"more-link\" href=\"#tab-description\">Read more<\/a><\/p>","protected":false},"featured_media":10412,"comment_status":"open","ping_status":"closed","template":"","meta":{"inline_featured_image":false},"product_brand":[304],"product_cat":[71,166],"product_tag":[],"class_list":{"0":"post-8933","1":"product","2":"type-product","3":"status-publish","4":"has-post-thumbnail","6":"product_brand-dia-wellness","7":"product_cat-potraviny","8":"product_cat-muky","10":"first","11":"instock","12":"taxable","13":"shipping-taxable","14":"purchasable","15":"product-type-simple"},"aioseo_notices":[],"_links":{"self":[{"href":"https:\/\/www.biokari.sk\/en\/wp-json\/wp\/v2\/product\/8933","targetHints":{"allow":["GET"]}}],"collection":[{"href":"https:\/\/www.biokari.sk\/en\/wp-json\/wp\/v2\/product"}],"about":[{"href":"https:\/\/www.biokari.sk\/en\/wp-json\/wp\/v2\/types\/product"}],"replies":[{"embeddable":true,"href":"https:\/\/www.biokari.sk\/en\/wp-json\/wp\/v2\/comments?post=8933"}],"wp:featuredmedia":[{"embeddable":true,"href":"https:\/\/www.biokari.sk\/en\/wp-json\/wp\/v2\/media\/10412"}],"wp:attachment":[{"href":"https:\/\/www.biokari.sk\/en\/wp-json\/wp\/v2\/media?parent=8933"}],"wp:term":[{"taxonomy":"product_brand","embeddable":true,"href":"https:\/\/www.biokari.sk\/en\/wp-json\/wp\/v2\/product_brand?post=8933"},{"taxonomy":"product_cat","embeddable":true,"href":"https:\/\/www.biokari.sk\/en\/wp-json\/wp\/v2\/product_cat?post=8933"},{"taxonomy":"product_tag","embeddable":true,"href":"https:\/\/www.biokari.sk\/en\/wp-json\/wp\/v2\/product_tag?post=8933"}],"curies":[{"name":"wp","href":"https:\/\/api.w.org\/{rel}","templated":true}]}}