{"id":8935,"date":"2025-07-01T14:36:51","date_gmt":"2025-07-01T12:36:51","guid":{"rendered":"https:\/\/www.biokari.sk\/produkt\/gyorgytea-list-zihlava-50g\/"},"modified":"2026-04-28T19:01:55","modified_gmt":"2026-04-28T17:01:55","slug":"gyorgytea-list-zihlava-50g","status":"publish","type":"product","link":"https:\/\/www.biokari.sk\/en\/product\/gyorgytea-list-zihlava-50g\/","title":{"rendered":"Gy\u00f6rgytea List \u017eihlava 50g"},"content":{"rendered":"<p data-start=\"197\" data-end=\"580\">Bylinn\u00fd \u010daj z listu \u017eih\u013eavy dvojdomej patr\u00ed medzi <strong data-start=\"247\" data-end=\"302\">najlep\u0161ie rastlinn\u00e9 prostriedky na pre\u010distenie krvi<\/strong>.<br data-start=\"303\" data-end=\"306\" \/>Podporuje <strong data-start=\"316\" data-end=\"372\">odstra\u0148ovanie tox\u00ednov a odpadov\u00fdch l\u00e1tok z organizmu<\/strong>, stimuluje <strong data-start=\"384\" data-end=\"404\">\u010dinnos\u0165 obli\u010diek<\/strong>, reduces <strong data-start=\"414\" data-end=\"449\">hladinu kyseliny mo\u010dovej v krvi<\/strong> a t\u00fdm prispieva k lie\u010dbe <strong data-start=\"475\" data-end=\"521\">dny, z\u00e1palov k\u013abov a reumatick\u00fdch ochoren\u00ed<\/strong>.<br data-start=\"522\" data-end=\"525\" \/>M\u00e1 <strong data-start=\"528\" data-end=\"577\">protiz\u00e1palov\u00e9, mo\u010dopudn\u00e9 a posil\u0148uj\u00face \u00fa\u010dinky<\/strong>.<\/p>\n<p data-start=\"582\" data-end=\"953\">Pravideln\u00e9 pitie \u017eih\u013eavov\u00e9ho \u010daju sa odpor\u00fa\u010da osob\u00e1m so <strong data-start=\"638\" data-end=\"692\">sklonom k tvorbe obli\u010dkov\u00e9ho alebo mo\u010dov\u00e9ho piesku<\/strong>, preto\u017ee pom\u00e1ha v\u010dasn\u00e9mu vylu\u010dovaniu usaden\u00edn.<br data-start=\"739\" data-end=\"742\" \/>Pou\u017e\u00edva sa aj pri <strong data-start=\"760\" data-end=\"798\">\u017eal\u00fado\u010dn\u00fdch a \u010drevn\u00fdch \u0165a\u017ekostiach<\/strong>, m\u00e1 <strong data-start=\"803\" data-end=\"836\">o\u010dis\u0165uj\u00face a s\u0165ahuj\u00face \u00fa\u010dinky<\/strong>, zlep\u0161uje tr\u00e1venie a v\u010faka obsahu <strong data-start=\"871\" data-end=\"911\">vitam\u00ednov a miner\u00e1lov (najm\u00e4 \u017eeleza)<\/strong> operates <strong data-start=\"919\" data-end=\"950\">posil\u0148uj\u00faco a povzbudzuj\u00faco<\/strong>.<\/p>\n<p data-start=\"955\" data-end=\"1212\">\u010caj pripraven\u00fd z kore\u0148a \u017eih\u013eavy <strong data-start=\"987\" data-end=\"1021\">zabra\u0148uje zv\u00e4\u010d\u0161ovaniu prostaty<\/strong>, <strong data-start=\"1023\" data-end=\"1059\">zvy\u0161uje mno\u017estvo vyl\u00fa\u010den\u00e9ho mo\u010du<\/strong> a <strong data-start=\"1062\" data-end=\"1088\">zlep\u0161uje prietok mo\u010dom<\/strong>. M\u00e1 aj <strong data-start=\"1096\" data-end=\"1153\">hypoglykemick\u00e9 \u00fa\u010dinky (zn\u00ed\u017eenie hladiny cukru v krvi)<\/strong> a <strong data-start=\"1156\" data-end=\"1177\">posil\u0148uje imunitu<\/strong>. \u00da\u010dinn\u00fd je aj pri <strong data-start=\"1196\" data-end=\"1209\">alergi\u00e1ch<\/strong>.<\/p>\n<p data-start=\"1214\" data-end=\"1270\"><strong data-start=\"1214\" data-end=\"1227\">Composition:<\/strong> list \u017eih\u013eavy dvojdomej (Urticae folium).<\/p>\n<p data-start=\"1272\" data-end=\"1446\"><strong data-start=\"1272\" data-end=\"1285\">Preparation:<\/strong> Jednu zarovnan\u00fa polievkov\u00fa ly\u017eicu (cca 3 g) \u010dajovej zmesi zalejte 2,5 dl vriacej vody, nechajte 15 min\u00fat l\u00fahova\u0165 a potom precedte (nepou\u017e\u00edvajte kovov\u00e9 sitko).<\/p>\n<p data-start=\"1448\" data-end=\"2178\"><strong data-start=\"1448\" data-end=\"1468\">Sp\u00f4sob u\u017e\u00edvania:<\/strong> Pite 1\u20133 \u0161\u00e1lky denne po\u010das 6 t\u00fd\u017ed\u0148ov, potom je potrebn\u00e1 4-t\u00fd\u017ed\u0148ov\u00e1 prest\u00e1vka. Odpor\u00fa\u010da sa pi\u0165 <strong data-start=\"1563\" data-end=\"1585\">r\u00e1no, bez pr\u00edchute<\/strong>.<br data-start=\"1586\" data-end=\"1589\" \/>Na <strong data-start=\"1592\" data-end=\"1607\">o\u010distu krvi<\/strong> sa odpor\u00fa\u010da jarn\u00e1 alebo jesenn\u00e1 k\u00fara trvaj\u00faca 6 t\u00fd\u017ed\u0148ov.<br data-start=\"1664\" data-end=\"1667\" \/>Na <strong data-start=\"1670\" data-end=\"1689\">mo\u010dopudn\u00e9 \u00fa\u010dely<\/strong> pite 1 \u0161\u00e1lku r\u00e1no, pri intenz\u00edvnej k\u00fare a\u017e 0,5 litra denne (rozdelen\u00e9 na dve d\u00e1vky).<br data-start=\"1774\" data-end=\"1777\" \/>Na <strong data-start=\"1780\" data-end=\"1800\">zni\u017eenie teploty<\/strong> 3 \u0161\u00e1lky denne medzi jedlami.<br data-start=\"1829\" data-end=\"1832\" \/>Pri <strong data-start=\"1836\" data-end=\"1866\">z\u00e1paloch tr\u00e1viaceho traktu<\/strong> 1 \u0161\u00e1lka denne po\u010das 3\u20134 dn\u00ed.<br data-start=\"1895\" data-end=\"1898\" \/>Na <strong data-start=\"1901\" data-end=\"1916\">tvorbu krvi<\/strong> 1 \u0161\u00e1lka r\u00e1no nala\u010dno.<br data-start=\"1938\" data-end=\"1941\" \/>Na <strong data-start=\"1944\" data-end=\"1968\">probl\u00e9my s prostatou<\/strong> 1 \u0161\u00e1lka r\u00e1no.<br data-start=\"1982\" data-end=\"1985\" \/>Na <strong data-start=\"1988\" data-end=\"2010\">zlep\u0161enie tr\u00e1venia<\/strong> 1 \u0161\u00e1lka denne po\u010das 1 mesiaca.<br data-start=\"2041\" data-end=\"2044\" \/>Na <strong data-start=\"2047\" data-end=\"2080\">pe\u010de\u0148ov\u00e9 a \u017el\u010dn\u00edkov\u00e9 \u0165a\u017ekosti<\/strong> 1 \u0161\u00e1lka obde\u0148 nala\u010dno po\u010das 1 mesiaca.<br data-start=\"2119\" data-end=\"2122\" \/>Na <strong data-start=\"2125\" data-end=\"2146\">ochorenia sleziny<\/strong> 1 \u0161\u00e1lka denne po\u010das 1 t\u00fd\u017ed\u0148a.<\/p>\n<p data-start=\"2180\" data-end=\"2512\"><strong data-start=\"2180\" data-end=\"2203\">Outdoor use:<\/strong> \u010caj mo\u017eno pou\u017ei\u0165 na kloktanie pri z\u00e1pale hrdla, na obklady pri ko\u017en\u00fdch vyr\u00e1\u017ekach, ako sedac\u00ed k\u00fape\u013e pri hemoroidoch a reume, na oplachovanie vlasov proti vypad\u00e1vaniu, lupin\u00e1m a masteniu. Posil\u0148uje vlasov\u00e9 korienky, nechty a spojivov\u00e9 tkanivo. \u010cerstv\u00e1 \u0161\u0165ava uti\u0161uje svrbenie a je vhodn\u00e1 pri u\u0161tipnut\u00ed hmyzom.<\/p>\n<p data-start=\"2514\" data-end=\"2721\"><strong data-start=\"2514\" data-end=\"2530\">Warning:<\/strong> Nevhodn\u00e9 pre deti do 12 rokov. Nie je ur\u010den\u00e9 na odstr\u00e1nenie opuchov sp\u00f4soben\u00fdch zlyh\u00e1van\u00edm srdca alebo obli\u010diek. Nepite nepretr\u017eite dlh\u0161ie ako 6 t\u00fd\u017ed\u0148ov, potom urobte 4-t\u00fd\u017ed\u0148ov\u00fa prest\u00e1vku.<\/p>\n<p data-start=\"2723\" data-end=\"2830\"><strong data-start=\"2723\" data-end=\"2739\">Storage:<\/strong> Po otvoren\u00ed uchov\u00e1vajte mimo dosahu det\u00ed, na suchom a chladnom mieste, dobre uzatvoren\u00e9.<\/p>\n<p data-start=\"2832\" data-end=\"2852\"><strong data-start=\"2832\" data-end=\"2845\">Weight:<\/strong> 50 g<\/p>","protected":false},"excerpt":{"rendered":"<p>\u017dih\u013eava dvojdom\u00e1<br \/>\n(Urtica dioica)<\/p>\n<p>Priazniv\u00e9 \u00fa\u010dinky<\/p>\n<p>Jedna z naj\u00fa\u010dinnej\u0161\u00edch byliniek na \u010distenie krvi. Zni\u017euje hladinu kyseliny mo\u010dovej v krvi, preto p\u00f4sob\u00ed priaznivo pri artrit\u00edde, z\u00e1paloch k\u013abov \u010di reumatick\u00fdch ochoreniach. Pou\u017e\u00edva sa aj pri zni\u017eovan\u00ed hor\u00fa\u010dky, chudokrvnosti a vyr\u00e1\u017ekach.<\/p>\n<p>Pr\u00edprava<\/p>\n<p>&#8230; <a class=\"more-link\" href=\"#tab-description\">Read more<\/a><\/p>","protected":false},"featured_media":10147,"comment_status":"open","ping_status":"closed","template":"","meta":{"inline_featured_image":false},"product_brand":[274],"product_cat":[148,150,153,154,149,152],"product_tag":[],"class_list":{"0":"post-8935","1":"product","2":"type-product","3":"status-publish","4":"has-post-thumbnail","6":"product_brand-gyorgytea","7":"product_cat-liecive-rastliny","8":"product_cat-chudnutie-liecive-rastliny","9":"product_cat-dychacie-cesty-liecive-rastliny","10":"product_cat-krasa-liecive-rastliny","11":"product_cat-liecive-rastliny-posilnenie-imunity","12":"product_cat-zaludok-a-crevna-cinnost-liecive-rastliny","14":"first","15":"instock","16":"taxable","17":"shipping-taxable","18":"purchasable","19":"product-type-simple"},"aioseo_notices":[],"_links":{"self":[{"href":"https:\/\/www.biokari.sk\/en\/wp-json\/wp\/v2\/product\/8935","targetHints":{"allow":["GET"]}}],"collection":[{"href":"https:\/\/www.biokari.sk\/en\/wp-json\/wp\/v2\/product"}],"about":[{"href":"https:\/\/www.biokari.sk\/en\/wp-json\/wp\/v2\/types\/product"}],"replies":[{"embeddable":true,"href":"https:\/\/www.biokari.sk\/en\/wp-json\/wp\/v2\/comments?post=8935"}],"wp:featuredmedia":[{"embeddable":true,"href":"https:\/\/www.biokari.sk\/en\/wp-json\/wp\/v2\/media\/10147"}],"wp:attachment":[{"href":"https:\/\/www.biokari.sk\/en\/wp-json\/wp\/v2\/media?parent=8935"}],"wp:term":[{"taxonomy":"product_brand","embeddable":true,"href":"https:\/\/www.biokari.sk\/en\/wp-json\/wp\/v2\/product_brand?post=8935"},{"taxonomy":"product_cat","embeddable":true,"href":"https:\/\/www.biokari.sk\/en\/wp-json\/wp\/v2\/product_cat?post=8935"},{"taxonomy":"product_tag","embeddable":true,"href":"https:\/\/www.biokari.sk\/en\/wp-json\/wp\/v2\/product_tag?post=8935"}],"curies":[{"name":"wp","href":"https:\/\/api.w.org\/{rel}","templated":true}]}}