{"id":8937,"date":"2025-07-01T14:36:51","date_gmt":"2025-07-01T12:36:51","guid":{"rendered":"https:\/\/www.biokari.sk\/produkt\/gyorgytea-list-brezy-50g\/"},"modified":"2026-04-16T23:26:00","modified_gmt":"2026-04-16T21:26:00","slug":"gyorgytea-list-brezy-50g","status":"publish","type":"product","link":"https:\/\/www.biokari.sk\/en\/product\/gyorgytea-list-brezy-50g\/","title":{"rendered":"Gy\u00f6rgytea List brezy 50g"},"content":{"rendered":"<p data-start=\"76\" data-end=\"129\"><strong data-start=\"76\" data-end=\"89\">Composition:<\/strong> list brezy previsnutej (Betulae folium)<\/p>\n<p data-start=\"131\" data-end=\"296\"><strong data-start=\"131\" data-end=\"144\">Preparation:<\/strong> Jednu zarovnan\u00fa polievkov\u00fa ly\u017eicu (3 g) \u010dajovej zmesi zalejte 2,5 dl vriacej vody, nechajte l\u00fahova\u0165 15 min\u00fat a potom sce\u010fte. Nepou\u017e\u00edvajte kovov\u00e9 sitko.<\/p>\n<p data-start=\"298\" data-end=\"354\"><strong data-start=\"298\" data-end=\"318\">Sp\u00f4sob u\u017e\u00edvania:<\/strong> Pite <strong data-start=\"324\" data-end=\"339\">pred jedlom<\/strong>, bez pr\u00edchute.<\/p>\n<p data-start=\"356\" data-end=\"427\"><strong data-start=\"356\" data-end=\"380\">Odpor\u00fa\u010dan\u00e9 mno\u017estvo:<\/strong> 1\u20133 \u0161\u00e1lky denne, k\u00farovito, do \u00fastupu \u0165a\u017ekost\u00ed.<\/p>\n<p data-start=\"429\" data-end=\"677\"><strong data-start=\"429\" data-end=\"445\">Warnings:<\/strong> Nevhodn\u00e9 pre tehotn\u00e9 a doj\u010diace \u017eeny a pre deti do 12 rokov. <strong data-start=\"507\" data-end=\"524\">Neodpor\u00fa\u010da sa<\/strong> pri srdcovom zlyh\u00e1van\u00ed alebo pri opuchoch sp\u00f4soben\u00fdch <strong data-start=\"579\" data-end=\"622\">srdcovou \u010di obli\u010dkovou nedostato\u010dnos\u0165ou<\/strong>. V\u00fd\u017eivov\u00fd doplnok nenahr\u00e1dza pestr\u00fa a vyv\u00e1\u017een\u00fa stravu.<\/p>\n<p data-start=\"679\" data-end=\"782\"><strong data-start=\"679\" data-end=\"695\">Storage:<\/strong> Po otvoren\u00ed uchov\u00e1vajte dobre uzavret\u00e9, mimo dosahu det\u00ed, na suchom a chladnom mieste.<\/p>\n<p data-start=\"784\" data-end=\"802\"><strong data-start=\"784\" data-end=\"797\">Weight:<\/strong> 50 g<\/p>","protected":false},"excerpt":{"rendered":"<p>Breza previsnut\u00e1<br \/>\n(Betula pendula)<\/p>\n<p>Priazniv\u00e9 \u00fa\u010dinky<\/p>\n<p>Reguluje \u010dinnos\u0165 obli\u010diek, odvod\u0148uje, zabra\u0148uje usadzovaniu obli\u010dkov\u00e9ho piesku a vzniku obli\u010dkov\u00fdch kame\u0148ov. P\u00f4sob\u00ed priaznivo na spr\u00e1vnu funkciu mo\u010dov\u00fdch ciest.<\/p>\n<p>Pr\u00edprava<\/p>\n<p>Nie kopcovit\u00fa polievkov\u00fa ly\u017eicu (3 g) \u010dajovej zmesi zalia\u0165 2,5 deci hor\u00fac&#8230; <a class=\"more-link\" href=\"#tab-description\">Read more<\/a><\/p>","protected":false},"featured_media":10409,"comment_status":"open","ping_status":"closed","template":"","meta":{"inline_featured_image":false},"product_brand":[274],"product_cat":[148],"product_tag":[],"class_list":{"0":"post-8937","1":"product","2":"type-product","3":"status-publish","4":"has-post-thumbnail","6":"product_brand-gyorgytea","7":"product_cat-liecive-rastliny","9":"first","10":"instock","11":"taxable","12":"shipping-taxable","13":"purchasable","14":"product-type-simple"},"aioseo_notices":[],"_links":{"self":[{"href":"https:\/\/www.biokari.sk\/en\/wp-json\/wp\/v2\/product\/8937","targetHints":{"allow":["GET"]}}],"collection":[{"href":"https:\/\/www.biokari.sk\/en\/wp-json\/wp\/v2\/product"}],"about":[{"href":"https:\/\/www.biokari.sk\/en\/wp-json\/wp\/v2\/types\/product"}],"replies":[{"embeddable":true,"href":"https:\/\/www.biokari.sk\/en\/wp-json\/wp\/v2\/comments?post=8937"}],"wp:featuredmedia":[{"embeddable":true,"href":"https:\/\/www.biokari.sk\/en\/wp-json\/wp\/v2\/media\/10409"}],"wp:attachment":[{"href":"https:\/\/www.biokari.sk\/en\/wp-json\/wp\/v2\/media?parent=8937"}],"wp:term":[{"taxonomy":"product_brand","embeddable":true,"href":"https:\/\/www.biokari.sk\/en\/wp-json\/wp\/v2\/product_brand?post=8937"},{"taxonomy":"product_cat","embeddable":true,"href":"https:\/\/www.biokari.sk\/en\/wp-json\/wp\/v2\/product_cat?post=8937"},{"taxonomy":"product_tag","embeddable":true,"href":"https:\/\/www.biokari.sk\/en\/wp-json\/wp\/v2\/product_tag?post=8937"}],"curies":[{"name":"wp","href":"https:\/\/api.w.org\/{rel}","templated":true}]}}