{"id":8945,"date":"2025-07-01T14:36:53","date_gmt":"2025-07-01T12:36:53","guid":{"rendered":"https:\/\/www.biokari.sk\/produkt\/bioco-cardiovit-kapsuly-60ks\/"},"modified":"2026-04-16T19:03:44","modified_gmt":"2026-04-16T17:03:44","slug":"bioco-cardiovit-kapsuly-60ks","status":"publish","type":"product","link":"https:\/\/www.biokari.sk\/en\/product\/bioco-cardiovit-kapsuly-60ks\/","title":{"rendered":"Bioco Cardiovit kapsuly 60ks"},"content":{"rendered":"<p data-start=\"58\" data-end=\"391\"><strong data-start=\"58\" data-end=\"119\">\u0160peci\u00e1lna v\u00fd\u017eiva \u2013 potravina na osobitn\u00e9 medic\u00ednske \u00fa\u010dely<\/strong> so zlo\u017een\u00edm prisp\u00f4soben\u00fdm potreb\u00e1m os\u00f4b so <strong data-start=\"163\" data-end=\"195\">srdcovo-cievnymi ochoreniami<\/strong>. Pou\u017eitie pr\u00edpravku sa odpor\u00fa\u010da pre osoby trpiace srdcovo-cievnymi ochoreniami \u2013 ako doplnkov\u00fd zdroj \u017eiv\u00edn, ktor\u00e9 m\u00f4\u017eu prispie\u0165 k spr\u00e1vnej \u010dinnosti srdca a cievneho syst\u00e9mu popri be\u017enej strave.<\/p>\n<p data-start=\"393\" data-end=\"921\">Pr\u00edpravok obsahuje <strong data-start=\"412\" data-end=\"487\">koenz\u00fdm Q10, kyselinu listov\u00fa, vitam\u00edny B1, B6, B12, biot\u00edn a vitam\u00edn C<\/strong>.<br data-start=\"488\" data-end=\"491\" \/><strong data-start=\"491\" data-end=\"505\">Vitam\u00edn B1<\/strong> m\u00f4\u017ee prispieva\u0165 k spr\u00e1vnej \u010dinnosti srdca, <strong data-start=\"549\" data-end=\"573\">vitam\u00edny B6, B12 a C<\/strong> k zn\u00ed\u017eeniu \u00fanavy a vy\u010derpania.<br data-start=\"604\" data-end=\"607\" \/><strong data-start=\"607\" data-end=\"627\">Folic acid<\/strong>, <strong data-start=\"629\" data-end=\"650\">vitam\u00edny B6 a B12<\/strong> m\u00f4\u017eu prispieva\u0165 k spr\u00e1vnemu metabolizmu homocyste\u00ednu.<br data-start=\"704\" data-end=\"707\" \/><strong data-start=\"707\" data-end=\"739\">Vitam\u00edny B6, B12, C a biot\u00edn<\/strong> sa m\u00f4\u017eu podie\u013ea\u0165 na norm\u00e1lnych energetick\u00fdch metabolick\u00fdch procesoch.<br data-start=\"809\" data-end=\"812\" \/><strong data-start=\"812\" data-end=\"825\">Vitamin C<\/strong> prispieva k norm\u00e1lnej tvorbe kolag\u00e9nu a t\u00fdm aj k udr\u017eiavaniu norm\u00e1lneho stavu a funkcie ciev.<\/p>\n<p data-start=\"923\" data-end=\"1114\"><strong data-start=\"923\" data-end=\"938\">Dosage:<\/strong> Pre dospel\u00fdch sa odpor\u00fa\u010da u\u017e\u00edva\u0165 <strong data-start=\"972\" data-end=\"991\">1 kapsulu denne<\/strong>, najlep\u0161ie r\u00e1no po jedle a zapi\u0165 dostato\u010dn\u00fdm mno\u017estvom vody. Balenie obsahuje mno\u017estvo kaps\u00fal posta\u010duj\u00face na <strong data-start=\"1101\" data-end=\"1111\">60 dn\u00ed<\/strong>.<\/p>\n<p data-start=\"1116\" data-end=\"1496\"><strong data-start=\"1116\" data-end=\"1129\">Composition: <\/strong>Koenz\u00fdm Q10; emulg\u00e1tor (polyoetyl\u00e9n-sorbitan-monoole\u00e1t); protihrudkuj\u00face l\u00e1tky (oxid kremi\u010dit\u00fd, mastenec, hore\u010dnat\u00e9 soli mastn\u00fdch kysel\u00edn); kyselina L-askorbov\u00e1; \u017eelat\u00ednov\u00e1 kapsula; plnidlo (mikrokry\u0161talick\u00e1 celul\u00f3za); tiam\u00edn-mononitr\u00e1t; pyridox\u00edn-hydrochlorid; farbiv\u00e1 (uhli\u010ditan v\u00e1penat\u00fd, oxidy \u017eeleza); pteroylmonoglut\u00e1mov\u00e1 kyselina; D-biot\u00edn; kyanokobalam\u00edn.<\/p>\n<p data-start=\"1498\" data-end=\"1754\">*<em data-start=\"1499\" data-end=\"1545\">\u00da\u010dinn\u00e9 l\u00e1tky v 1 kapsule (1 d\u00e1vke) (NRV%):<\/em><br data-start=\"1545\" data-end=\"1548\" \/>Vitam\u00edn B1 \u2013 8 mg (*727,3 %)<br data-start=\"1576\" data-end=\"1579\" \/>Vitam\u00edn B6 \u2013 7 mg (*500 %)<br data-start=\"1605\" data-end=\"1608\" \/>Vitam\u00edn B12 \u2013 25 \u00b5g (*1000 %)<br data-start=\"1637\" data-end=\"1640\" \/>Kyselina listov\u00e1 \u2013 800 \u00b5g (*400 %)<br data-start=\"1674\" data-end=\"1677\" \/>Biot\u00edn \u2013 50 \u00b5g (*100 %)<br data-start=\"1700\" data-end=\"1703\" \/>Vitam\u00edn C \u2013 80 mg (*100 %)<br data-start=\"1729\" data-end=\"1732\" data-is-only-node=\"\" \/>Koenz\u00fdm Q10 \u2013 100 mg<\/p>\n<p data-start=\"1781\" data-end=\"1916\"><strong data-start=\"1781\" data-end=\"1807\">Minim\u00e1lna trvanlivos\u0165:<\/strong> pozri d\u00e1tum uveden\u00fd na obale.<br data-start=\"1837\" data-end=\"1840\" \/><strong data-start=\"1840\" data-end=\"1856\">Storage:<\/strong> Uchov\u00e1vajte na suchom, chladnom mieste, mimo dosahu det\u00ed.<\/p>\n<p data-start=\"1918\" data-end=\"1942\"><strong data-start=\"1918\" data-end=\"1934\">Distrib\u00fator:<\/strong> BioCo<\/p>\n<p data-start=\"1944\" data-end=\"2326\">V\u00fd\u017eivov\u00e9 doplnky s\u00fa pod\u013ea platn\u00fdch predpisov Eur\u00f3pskej \u00fanie pova\u017eovan\u00e9 za <strong data-start=\"2018\" data-end=\"2031\">food<\/strong>, ktor\u00fdch cie\u013eom je dop\u013a\u0148a\u0165 be\u017en\u00fa stravu a ktor\u00e9 obsahuj\u00fa koncentrovan\u00e9 zdroje \u017eiv\u00edn. Hoci v\u00fd\u017eivov\u00e9 doplnky m\u00f4\u017eu ma\u0165 priazniv\u00e9 fyziologick\u00e9 \u00fa\u010dinky, ktor\u00e9 sa m\u00f4\u017eu u jednotlivcov l\u00ed\u0161i\u0165, <strong data-start=\"2215\" data-end=\"2324\">pri ich ozna\u010dovan\u00ed, prezent\u00e1cii a reklame nie je dovolen\u00e9 uv\u00e1dza\u0165, \u017ee lie\u010dia alebo predch\u00e1dzaj\u00fa chorob\u00e1m.<\/strong><\/p>\n<p data-start=\"2328\" data-end=\"2732\" data-is-last-node=\"\" data-is-only-node=\"\">Tento v\u00fdrobok <strong data-start=\"2342\" data-end=\"2406\">nenahr\u00e1dza pestr\u00fa a vyv\u00e1\u017een\u00fa stravu ani zdrav\u00fd \u017eivotn\u00fd \u0161t\u00fdl!<\/strong> Product <strong data-start=\"2415\" data-end=\"2434\">nelie\u010di choroby<\/strong> a <strong data-start=\"2437\" data-end=\"2494\">nie je ur\u010den\u00fd na nahradenie lek\u00e1rskej starostlivosti!<\/strong> V pr\u00edpade ochorenia sa o jeho pou\u017e\u00edvan\u00ed pora\u010fte so svoj\u00edm lek\u00e1rom.<br data-start=\"2561\" data-end=\"2564\" \/><strong data-start=\"2564\" data-end=\"2605\">Do not exceed the recommended daily dose!<\/strong><br data-start=\"2605\" data-end=\"2608\" \/>Neu\u017e\u00edvajte pr\u00edpravok, ak ste precitliven\u00fd alebo alergick\u00fd na niektor\u00fa zo zlo\u017eiek.<br data-start=\"2689\" data-end=\"2692\" \/><strong data-start=\"2692\" data-end=\"2732\" data-is-last-node=\"\">Keep out of reach of small children!<\/strong><\/p>\n<p data-start=\"2328\" data-end=\"2732\" data-is-last-node=\"\" data-is-only-node=\"\"><strong>Quantity:<\/strong> 80ks<\/p>\n\n\n<p><\/p>","protected":false},"excerpt":{"rendered":"<p>Short description<\/p>\n<p>V\u00fd\u017eivov\u00fd doplnok s koenz\u00fdmom Q10 (100?mg) a kombin\u00e1ciou k\u013e\u00fa\u010dov\u00fdch vitam\u00ednov (B1, B6, B12, fol\u00e1t, biot\u00edn a C-vitam\u00edn). Ur\u010den\u00fd na podporu srdcovej funkcie, energetick\u00e9ho metabolizmu a zn\u00ed\u017eenie \u00fanavy. Odpor\u00fa\u010da sa pri zv\u00fd\u0161enej z\u00e1\u0165a\u017ei srdca a ciev v r\u00e1mci vyv\u00e1\u017een\u00e9ho \u017eivotn\u00e9ho \u0161t\u00fdlu<\/p>\n<p>Zlo\u017eeni&#8230; <a class=\"more-link\" href=\"#tab-description\">Read more<\/a><\/p>","protected":false},"featured_media":8946,"comment_status":"open","ping_status":"closed","template":"","meta":{"inline_featured_image":false},"product_brand":[],"product_cat":[69],"product_tag":[],"class_list":{"0":"post-8945","1":"product","2":"type-product","3":"status-publish","4":"has-post-thumbnail","6":"product_cat-vyzivove-doplnky","8":"first","9":"onbackorder","10":"taxable","11":"shipping-taxable","12":"purchasable","13":"product-type-simple"},"aioseo_notices":[],"_links":{"self":[{"href":"https:\/\/www.biokari.sk\/en\/wp-json\/wp\/v2\/product\/8945","targetHints":{"allow":["GET"]}}],"collection":[{"href":"https:\/\/www.biokari.sk\/en\/wp-json\/wp\/v2\/product"}],"about":[{"href":"https:\/\/www.biokari.sk\/en\/wp-json\/wp\/v2\/types\/product"}],"replies":[{"embeddable":true,"href":"https:\/\/www.biokari.sk\/en\/wp-json\/wp\/v2\/comments?post=8945"}],"wp:featuredmedia":[{"embeddable":true,"href":"https:\/\/www.biokari.sk\/en\/wp-json\/wp\/v2\/media\/8946"}],"wp:attachment":[{"href":"https:\/\/www.biokari.sk\/en\/wp-json\/wp\/v2\/media?parent=8945"}],"wp:term":[{"taxonomy":"product_brand","embeddable":true,"href":"https:\/\/www.biokari.sk\/en\/wp-json\/wp\/v2\/product_brand?post=8945"},{"taxonomy":"product_cat","embeddable":true,"href":"https:\/\/www.biokari.sk\/en\/wp-json\/wp\/v2\/product_cat?post=8945"},{"taxonomy":"product_tag","embeddable":true,"href":"https:\/\/www.biokari.sk\/en\/wp-json\/wp\/v2\/product_tag?post=8945"}],"curies":[{"name":"wp","href":"https:\/\/api.w.org\/{rel}","templated":true}]}}