{"id":8951,"date":"2025-07-01T14:36:54","date_gmt":"2025-07-01T12:36:54","guid":{"rendered":"https:\/\/www.biokari.sk\/produkt\/valentines-gourmet-chrumkave-arasidove-maslo-250g\/"},"modified":"2026-04-28T19:01:55","modified_gmt":"2026-04-28T17:01:55","slug":"valentines-gourmet-chrumkave-arasidove-maslo-250g","status":"publish","type":"product","link":"https:\/\/www.biokari.sk\/en\/product\/valentines-gourmet-chrumkave-arasidove-maslo-250g\/","title":{"rendered":"Valentines Gourmet chrumkav\u00e9 ara\u0161idov\u00e9 maslo 250g"},"content":{"rendered":"<p><strong>Valentine\u2019s Ara\u0161idov\u00e9 maslo<\/strong> je pr\u00e9miov\u00e9 ara\u0161idov\u00e9 maslo vyroben\u00e9 zo 100 % ara\u0161idov. Orechy pra\u017e\u00edme suchou met\u00f3dou, preto nie je potrebn\u00e9 prid\u00e1va\u0165 \u017eiadny \u010fal\u0161\u00ed olej. Produkt neobsahuje \u017eiadne pr\u00eddavn\u00e9 l\u00e1tky, so\u013e ani cukor \u2013 v\u00fdhradne 100 % ara\u0161idy. Ara\u0161idy poch\u00e1dzaj\u00fa z Argent\u00edny a spracov\u00e1vame ich priamo v Ma\u010farsku. \u010cerstvo pra\u017een\u00e9 ara\u0161idy sa okam\u017eite mel\u00fa, \u010d\u00edm z\u00edskavame mimoriadne pln\u00fa, lahodn\u00fa a \u010derstv\u00fa chu\u0165. V\u010faka viacstup\u0148ov\u00e9mu mletiu dosahujeme jedine\u010dne jemn\u00fa \u0161trukt\u00faru a konzistenciu, ktor\u00fa nemo\u017eno porovna\u0165 so \u017eiadnym in\u00fdm ara\u0161idov\u00fdm maslom. Svojou hebkos\u0165ou pripom\u00edna med. Pri v\u00fdrobe odstra\u0148ujeme tenk\u00fa hned\u00fa \u0161upku z ara\u0161idov, aby sme predi\u0161li horkastej \u010di zatuchnutej chuti, ktor\u00e1 sa \u010dasto vyskytuje pri in\u00fdch produktoch. <strong>Valentine\u2019s Ara\u0161idov\u00e9 maslo<\/strong> svojou jedine\u010dnou, bohatou chu\u0165ou ur\u010dite nesklame.<\/p>\n\n\n\n<p>Na rozdiel od v\u00e4\u010d\u0161iny ara\u0161idov\u00fdch masiel n\u00e1\u0161 kr\u00e9m neobsahuje pridan\u00fd cukor, so\u013e ani olej, zato je pln\u00fd <strong>vitam\u00ednov, miner\u00e1lov, zdrav\u00fdch nenas\u00fdten\u00fdch mastn\u00fdch kysel\u00edn<\/strong> a v neposlednom rade aj <strong>bielkov\u00edn<\/strong>.<\/p>\n\n\n\n<p><strong>V \u010dom sa l\u00ed\u0161i od in\u00fdch chrumkav\u00fdch ara\u0161idov\u00fdch masiel?<\/strong><br>Ostatn\u00ed v\u00fdrobcovia \u010dasto ukon\u010dia mletie sk\u00f4r, tak\u017ee vznikne hrub\u0161ia hmota s k\u00faskami. My v\u0161ak najsk\u00f4r vymie\u0161ame maslo do \u00faplnej jemnosti a a\u017e potom do\u0148 prid\u00e1vame k\u00fasky ara\u0161idov s ve\u013ekos\u0165ou 3\u20136 mm, \u010do zaru\u010duje jedine\u010dn\u00fd, nezamenite\u013en\u00fd chu\u0165ov\u00fd z\u00e1\u017eitok.<\/p>\n\n\n\n<p><strong>Pre\u010do je ara\u0161idov\u00e9 maslo prospe\u0161n\u00e9?<\/strong><br>Obsahuje 100 % pr\u00edrodn\u00e9 ara\u0161idy, je bohat\u00e9 na \u017eiviny a bielkoviny (25 %), prispieva k rastu a udr\u017eaniu svalovej hmoty, obsahuje zdrav\u00e9 <strong>omega-3 a omega-6 mastn\u00e9 kyseliny<\/strong>, m\u00e1 vysok\u00fd obsah vl\u00e1kniny, neobsahuje pridan\u00fd olej, cukor ani so\u013e, m\u00e1 <strong>bohat\u00fa, jemn\u00fa, \u010derstv\u00fa chu\u0165<\/strong> a v\u00fdnimo\u010dne hladk\u00fa konzistenciu. Vyroben\u00e9 v Ma\u010farsku. Posil\u0148uje imunitn\u00fd syst\u00e9m, pom\u00e1ha zni\u017eova\u0165 hladinu cholesterolu, zni\u017euje riziko cukrovky, podporuje spa\u013eovanie tukov a p\u00f4sob\u00ed ako siln\u00fd antioxidant.<\/p>\n\n\n\n<p><strong>Kto m\u00f4\u017ee konzumova\u0165 ara\u0161idov\u00e9 maslo?<\/strong><br>Vhodn\u00e9 pre ka\u017ed\u00e9ho \u2013 pre \u0161portovcov aj pre \u013eud\u00ed, ktor\u00ed sa chc\u00fa stravova\u0165 zdravo. Je prirodzen\u00fdm zdrojom energie zo zdrav\u00fdch tukov, sacharidov a bielkov\u00edn. M\u00f4\u017eete ho konzumova\u0165 kedyko\u013evek po\u010das d\u0148a pod\u013ea svojho jed\u00e1lni\u010dka \u2013 priamo z n\u00e1doby, na celozrnnom chlebe, v ovsenej ka\u0161i, smoothie, kokteiloch alebo kol\u00e1\u010doch. Obsahuje 25 % bielkov\u00edn, bohat\u00e9 je na mono- a polynenas\u00fdten\u00e9 mastn\u00e9 kyseliny, ktor\u00e9 podporuj\u00fa rast svalovej hmoty, zdrav\u00fa hladinu cholesterolu a redukciu tuku. Vysok\u00fd obsah vl\u00e1kniny navy\u0161e zni\u017euje pocit hladu. Ide\u00e1lna vo\u013eba aj pre vegetari\u00e1nov a veg\u00e1nov. Produkt je <strong>bez pridan\u00fdch l\u00e1tok, bez lepku, bez cukru, bez soli, bez palmov\u00e9ho oleja<\/strong> \u2013 jednoducho \u201ev\u0161etkofree\u201c. <em>(Iba v pr\u00edpade alergie na ara\u0161idy sa konzum\u00e1cia neodpor\u00fa\u010da.)<\/em><\/p>\n\n\n\n<p><strong>Ako ovplyv\u0148uje tr\u00e9ning a \u0161portov\u00fd v\u00fdkon?<\/strong><br>Je bohat\u00e9 na energiu a bielkoviny zo zdrav\u00fdch zdrojov, m\u00e1 n\u00edzky obsah cukrov a sacharidov a v\u00fdborn\u00fd aminokyselinov\u00fd profil. V 100 g obsahuje 190 mg hor\u010d\u00edka a 3 mg zinku. Hor\u010d\u00edk prispieva k synt\u00e9ze bielkov\u00edn a spr\u00e1vnej \u010dinnosti svalov, zinok podporuje udr\u017eiavanie optim\u00e1lnej hladiny testoster\u00f3nu.<\/p>\n\n\n\n<p><strong>Jemn\u00e9 alebo extra jemn\u00e9?<\/strong><br>Na\u0161e ara\u0161idov\u00e9 maslo prech\u00e1dza viacer\u00fdmi stup\u0148ami mletia, v\u010faka \u010domu z\u00edskava mimoriadne hladk\u00fa, extra jemn\u00fa konzistenciu, \u013eahko sa rozotiera alebo leje ako med. Nepou\u017e\u00edvame hned\u00fa \u0161upku ara\u0161idov, ktor\u00e1 m\u00e1 horkast\u00fa pr\u00edchu\u0165 \u2013 tak si m\u00f4\u017eete naplno vychutna\u0165 svie\u017eu, \u010dist\u00fa chu\u0165 pra\u017een\u00fdch ara\u0161idov.<\/p>\n\n\n\n<p><strong>Ako pou\u017e\u00edva\u0165?<\/strong><br>Mimoriadne univerz\u00e1lny produkt \u2013 konzumujte priamo z n\u00e1doby, na pe\u010dive, v ovsenej ka\u0161i, smoothie, kokteiloch alebo dezertoch. V USA je ara\u0161idov\u00e9 maslo u\u017e desa\u0165ro\u010dia z\u00e1kladnou potravinou podobne ako d\u017eem v Eur\u00f3pe.<\/p>\n\n\n\n<p><strong>Kvalita a p\u00f4vod:<\/strong><br>Klimatick\u00e9 podmienky Ma\u010farska nie s\u00fa vhodn\u00e9 na pestovanie ara\u0161idov, preto surovina poch\u00e1dza priamo z Argent\u00edny \u2013 kol\u00edsky ara\u0161idov. V\u0161etky \u010fal\u0161ie kroky spracovania prebiehaj\u00fa v Ma\u010farsku. Produkt sa vyr\u00e1ba v mal\u00fdch d\u00e1vkach, pod\u013ea najpr\u00edsnej\u0161\u00edch hygienick\u00fdch predpisov, \u010do zaru\u010duje najvy\u0161\u0161iu kvalitu.<\/p>\n\n\n\n<p><strong>Ot\u00e1zky a odpovede:<\/strong><br><strong>Ak\u00e9 m\u00e1 zlo\u017eenie?<\/strong><br>V\u00fdhradne 100 % pra\u017een\u00e9 ara\u0161idy \u2013 bez ak\u00fdchko\u013evek pridan\u00fdch l\u00e1tok, palmov\u00e9ho oleja, cukru \u010di soli.<\/p>\n\n\n\n<p><strong>M\u00f4\u017eem ho konzumova\u0165 po\u010das di\u00e9ty?<\/strong><br>M\u00e1 vysok\u00fa energetick\u00fa hodnotu, preto odpor\u00fa\u010dame primeran\u00e9 mno\u017estvo, no je vynikaj\u00facou alternat\u00edvou k slan\u00fdm a sladk\u00fdm pochutin\u00e1m. Obsahuje esenci\u00e1lne mastn\u00e9 kyseliny, ktor\u00e9 podporuj\u00fa spa\u013eovanie tukov.<\/p>\n\n\n\n<p><strong>Kedy je najvhodnej\u0161ie ho konzumova\u0165?<\/strong><br>Kedyko\u013evek po\u010das d\u0148a \u2013 ide\u00e1lne aj pred tr\u00e9ningom ako zdroj energie.<\/p>\n\n\n\n<p><strong>Je to ako Nutella?<\/strong><br>Nie, je \u00faplne in\u00e9. Nutella je z lieskov\u00fdch orechov, zatia\u013e \u010do toto maslo z ara\u0161idov. Navy\u0161e Nutella obsahuje minim\u00e1lne mno\u017estvo orechov, zato ve\u013ea cukru a palmov\u00e9ho oleja.<\/p>\n\n\n\n<p><strong>Application:<\/strong><br>Konzumujte priamo z n\u00e1doby, natierajte na ob\u013e\u00faben\u00e9 jedl\u00e1, pridajte do smoothie alebo pou\u017eite na pe\u010denie.<\/p>\n\n\n\n<p>Ke\u010f\u017ee produkt <strong>neobsahuje konzerva\u010dn\u00e9 l\u00e1tky ani pr\u00edsady<\/strong>, m\u00f4\u017ee sa sta\u0165, \u017ee sa olej prirodzene oddel\u00ed a vyst\u00fapi na povrch \u2013 ide o norm\u00e1lny jav, ktor\u00fd nijako neovplyv\u0148uje kvalitu. Pred konzum\u00e1ciou kr\u00e9m jednoducho premie\u0161ajte.<\/p>\n\n\n\n<p><strong>Composition:<\/strong> 100 % sucho pra\u017een\u00e9 ara\u0161idy<\/p>\n\n\n\n<p><strong>V\u00fd\u017eivov\u00e9 hodnoty na 100 g:<\/strong><br>Energia: 2491 kJ \/ 602 kcal<br>Tuky: 49,5 g<br>\u2013 z toho nas\u00fdten\u00e9 mastn\u00e9 kyseliny: 5,5 g<br>Sacharidy: 10,0 g<br>\u2013 z toho cukry: 4,7 g<br>Bielkoviny: 24,7 g<br>Vl\u00e1knina: 9,7 g<br>Sod\u00edk: 0,01 g<\/p>\n\n\n\n<p><strong>Allergen warning:<\/strong> Produkt sa vyr\u00e1ba v prev\u00e1dzke, kde sa sprac\u00favaj\u00fa orechy, s\u00f3ja, obilniny, lepok a sezam, av\u0161ak \u00faplne oddelene, tak\u017ee neobsahuje ich stopy.<\/p>\n\n\n\n<p><strong>Storage:<\/strong> Uchov\u00e1vajte na suchom a chladnom mieste, chr\u00e1nen\u00e9 pred priamym slne\u010dn\u00fdm \u017eiaren\u00edm. Po otvoren\u00ed skladujte v chladni\u010dke a spotrebujte do 3 mesiacov.<\/p>\n\n\n\n<p><strong>Weight:<\/strong> 250g<\/p>","protected":false},"excerpt":{"rendered":"<p>&#8230; <a class=\"more-link\" href=\"#tab-description\">Read more<\/a><\/p>","protected":false},"featured_media":10254,"comment_status":"open","ping_status":"closed","template":"","meta":{"inline_featured_image":false},"product_brand":[],"product_cat":[71],"product_tag":[280,281],"class_list":{"0":"post-8951","1":"product","2":"type-product","3":"status-publish","4":"has-post-thumbnail","6":"product_cat-potraviny","7":"product_tag-bezglutenove","8":"product_tag-veganske","10":"first","11":"instock","12":"taxable","13":"shipping-taxable","14":"purchasable","15":"product-type-simple"},"aioseo_notices":[],"_links":{"self":[{"href":"https:\/\/www.biokari.sk\/en\/wp-json\/wp\/v2\/product\/8951","targetHints":{"allow":["GET"]}}],"collection":[{"href":"https:\/\/www.biokari.sk\/en\/wp-json\/wp\/v2\/product"}],"about":[{"href":"https:\/\/www.biokari.sk\/en\/wp-json\/wp\/v2\/types\/product"}],"replies":[{"embeddable":true,"href":"https:\/\/www.biokari.sk\/en\/wp-json\/wp\/v2\/comments?post=8951"}],"wp:featuredmedia":[{"embeddable":true,"href":"https:\/\/www.biokari.sk\/en\/wp-json\/wp\/v2\/media\/10254"}],"wp:attachment":[{"href":"https:\/\/www.biokari.sk\/en\/wp-json\/wp\/v2\/media?parent=8951"}],"wp:term":[{"taxonomy":"product_brand","embeddable":true,"href":"https:\/\/www.biokari.sk\/en\/wp-json\/wp\/v2\/product_brand?post=8951"},{"taxonomy":"product_cat","embeddable":true,"href":"https:\/\/www.biokari.sk\/en\/wp-json\/wp\/v2\/product_cat?post=8951"},{"taxonomy":"product_tag","embeddable":true,"href":"https:\/\/www.biokari.sk\/en\/wp-json\/wp\/v2\/product_tag?post=8951"}],"curies":[{"name":"wp","href":"https:\/\/api.w.org\/{rel}","templated":true}]}}