{"id":8959,"date":"2025-07-01T14:36:55","date_gmt":"2025-07-01T12:36:55","guid":{"rendered":"https:\/\/www.biokari.sk\/produkt\/gyorgytea-imelo-biele-70g\/"},"modified":"2026-04-20T19:01:58","modified_gmt":"2026-04-20T17:01:58","slug":"gyorgytea-imelo-biele-70g","status":"publish","type":"product","link":"https:\/\/www.biokari.sk\/en\/product\/gyorgytea-imelo-biele-70g\/","title":{"rendered":"Gy\u00f6rgytea Imelo Biele 70g"},"content":{"rendered":"<p data-start=\"135\" data-end=\"571\">Pou\u017e\u00edva sa ve\u013emi \u0161irokospektr\u00e1lne. Naj\u010dastej\u0161ie pri prekrven\u00ed, vysokom krvnom tlaku, art\u00e9rioskler\u00f3ze a na regul\u00e1ciu srdcov\u00e9ho rytmu. Zlep\u0161uje priepustnos\u0165 ciev, \u010d\u00edm p\u00f4sob\u00ed proti z\u00e1vratom, hu\u010daniu v u\u0161iach, k\u0155\u010dov\u00fdm \u017eil\u00e1m a zlep\u0161uje schopnos\u0165 koncentr\u00e1cie. M\u00e1 mo\u010dopudn\u00fd \u00fa\u010dinok. Zastavuje krv\u00e1canie v\u0161etk\u00e9ho druhu \u2013 r\u00e1n, maternicov\u00e9, p\u013e\u00facne \u010di nosov\u00e9 krv\u00e1canie. Pom\u00e1ha pri ka\u0161li, \u010diernom ka\u0161li, astmatick\u00fdch a in\u00fdch k\u0155\u010doch.<\/p>\n<p data-start=\"573\" data-end=\"860\">V\u010faka upokojuj\u00facim \u00fa\u010dinkom sa pou\u017e\u00edva na prevenciu epileptick\u00fdch z\u00e1chvatov a pri bolestiach hlavy. Zlep\u0161uje \u010dinnos\u0165 imunitn\u00e9ho syst\u00e9mu. Posil\u0148uje svalstvo maternice, zvy\u0161uje \u0161ancu uhniezdenia vaj\u00ed\u010dka a t\u00fdm aj po\u010datia. Mierne zni\u017euje hladinu cukru v krvi, odpor\u00fa\u010da sa aj pre diabetikov.<\/p>\n<p data-start=\"862\" data-end=\"919\"><strong data-start=\"862\" data-end=\"875\">Composition: <\/strong>imelo biele \u2013 v\u0148a\u0165 (Visci albae stipes)<\/p>\n<p data-start=\"921\" data-end=\"1211\"><strong data-start=\"921\" data-end=\"934\">Application: <\/strong>Z imela nikdy nepripravujeme hor\u00faci \u010daj!<br data-start=\"977\" data-end=\"980\" \/>1 \u010dajov\u00fa ly\u017ei\u010dku (1,5\u20132 g) v\u0148ate imela zalejte 2,5 dl studenej, m\u00e4kkej vody a nechajte l\u00fahova\u0165 2 hodiny. Potom sce\u010fte (nepou\u017e\u00edvajte kovov\u00e9 sitko). Konzumuje sa studen\u00e9 alebo mierne ohriate, bez dochucovania, kedyko\u013evek po\u010das d\u0148a.<\/p>\n<p data-start=\"1213\" data-end=\"1237\"><strong data-start=\"1213\" data-end=\"1235\">Internal use:<\/strong><\/p>\n<ul data-start=\"1238\" data-end=\"1481\">\n<li data-start=\"1238\" data-end=\"1300\">\n<p data-start=\"1240\" data-end=\"1300\">Pri vysokom krvnom tlaku a art\u00e9rioskler\u00f3ze: 1 \u0161\u00e1lka denne.<\/p>\n<\/li>\n<li data-start=\"1301\" data-end=\"1359\">\n<p data-start=\"1303\" data-end=\"1359\">Srdcov\u00fdm pacientom: 1\u20133\u00d7 t\u00fd\u017edenne 1 \u0161\u00e1lka pred span\u00edm.<\/p>\n<\/li>\n<li data-start=\"1360\" data-end=\"1407\">\n<p data-start=\"1362\" data-end=\"1407\">Pri kol\u00edsavom tlaku: 2\u20133\u00d7 t\u00fd\u017edenne nala\u010dno.<\/p>\n<\/li>\n<li data-start=\"1408\" data-end=\"1481\">\n<p data-start=\"1410\" data-end=\"1481\">Ako prevencia: 2\u20133 \u0161\u00e1lky mesa\u010dne pripraven\u00e9 vy\u0161\u0161ie uveden\u00fdm sp\u00f4sobom.<\/p>\n<\/li>\n<\/ul>\n<p data-start=\"1618\" data-end=\"1823\"><br data-start=\"1640\" data-end=\"1643\" \/><strong>Minim\u00e1lna trvanlivos\u0165:<\/strong> vi\u010f d\u00e1tum uveden\u00fd na obale.<br data-start=\"1693\" data-end=\"1696\" \/><strong>Storage:<\/strong> Po otvoren\u00ed uchov\u00e1va\u0165 v suchu a chlade (pri izbovej teplote), dobre uzavret\u00e9. Uchov\u00e1va\u0165 mimo dosahu mal\u00fdch det\u00ed!<\/p>","protected":false},"excerpt":{"rendered":"<p>Pou\u017e\u00edva sa ve\u013emi \u0161irokospektr\u00e1lne. Naj\u010dastej\u0161ie pri prekrven\u00ed, vysokom krvnom tlaku, art\u00e9rioskler\u00f3ze a na regul\u00e1ciu srdcov\u00e9ho rytmu. Zlep\u0161uje priepustnos\u0165 ciev, \u010d\u00edm p\u00f4sob\u00ed proti z\u00e1vratom, hu\u010daniu v u\u0161iach, k\u0155\u010dov\u00fdm \u017eil\u00e1m a zlep\u0161uje schopnos\u0165 koncentr\u00e1cie. M\u00e1 mo\u010dopudn\u00fd \u00fa\u010dinok. Zastavuje krv\u00e1canie v\u0161etk\u00e9ho druhu \u2013 r\u00e1n, maternicov\u00e9, p\u013e\u00facne \u010di nosov\u00e9 krv\u00e1canie. Pom\u00e1ha pri ka\u0161li, \u010diernom ka\u0161li, astmatick\u00fdch a in\u00fdch k\u0155\u010doch. [&hellip;]<\/p>","protected":false},"featured_media":10107,"comment_status":"open","ping_status":"closed","template":"","meta":{"inline_featured_image":false},"product_brand":[274],"product_cat":[148],"product_tag":[],"class_list":{"0":"post-8959","1":"product","2":"type-product","3":"status-publish","4":"has-post-thumbnail","6":"product_brand-gyorgytea","7":"product_cat-liecive-rastliny","9":"first","10":"instock","11":"taxable","12":"shipping-taxable","13":"purchasable","14":"product-type-simple"},"aioseo_notices":[],"_links":{"self":[{"href":"https:\/\/www.biokari.sk\/en\/wp-json\/wp\/v2\/product\/8959","targetHints":{"allow":["GET"]}}],"collection":[{"href":"https:\/\/www.biokari.sk\/en\/wp-json\/wp\/v2\/product"}],"about":[{"href":"https:\/\/www.biokari.sk\/en\/wp-json\/wp\/v2\/types\/product"}],"replies":[{"embeddable":true,"href":"https:\/\/www.biokari.sk\/en\/wp-json\/wp\/v2\/comments?post=8959"}],"wp:featuredmedia":[{"embeddable":true,"href":"https:\/\/www.biokari.sk\/en\/wp-json\/wp\/v2\/media\/10107"}],"wp:attachment":[{"href":"https:\/\/www.biokari.sk\/en\/wp-json\/wp\/v2\/media?parent=8959"}],"wp:term":[{"taxonomy":"product_brand","embeddable":true,"href":"https:\/\/www.biokari.sk\/en\/wp-json\/wp\/v2\/product_brand?post=8959"},{"taxonomy":"product_cat","embeddable":true,"href":"https:\/\/www.biokari.sk\/en\/wp-json\/wp\/v2\/product_cat?post=8959"},{"taxonomy":"product_tag","embeddable":true,"href":"https:\/\/www.biokari.sk\/en\/wp-json\/wp\/v2\/product_tag?post=8959"}],"curies":[{"name":"wp","href":"https:\/\/api.w.org\/{rel}","templated":true}]}}