{"id":8961,"date":"2025-07-01T14:36:55","date_gmt":"2025-07-01T12:36:55","guid":{"rendered":"https:\/\/www.biokari.sk\/produkt\/gyorgytea-lubovnik-bodkovany-50g\/"},"modified":"2026-03-09T18:01:11","modified_gmt":"2026-03-09T17:01:11","slug":"gyorgytea-lubovnik-bodkovany-50g","status":"publish","type":"product","link":"https:\/\/www.biokari.sk\/en\/product\/gyorgytea-lubovnik-bodkovany-50g\/","title":{"rendered":"Gy\u00f6rgytea \u013dubovn\u00edk bodkovan\u00fd 50g"},"content":{"rendered":"<p data-start=\"105\" data-end=\"391\">\u013dubovn\u00edk bodkovan\u00fd je \u010doraz zn\u00e1mej\u0161ia a ve\u013emi cenn\u00e1 lie\u010div\u00e1 rastlina. Pou\u017e\u00edva sa pri nervozite a depresi\u00e1ch. Okrem toho m\u00e1 \u017el\u010dopudn\u00fd, spazmolytick\u00fd (uvo\u013e\u0148uj\u00faci k\u0155\u010de), mo\u010dopudn\u00fd \u00fa\u010dinok a pom\u00e1ha rozp\u00fa\u0161\u0165a\u0165 hlieny. Zlep\u0161uje tr\u00e1venie a m\u00e1 \u00fa\u010dinky na zn\u00ed\u017eenie kyslosti \u017eal\u00fadka.<\/p>\n<p data-start=\"393\" data-end=\"453\"><strong data-start=\"393\" data-end=\"406\">Composition: <\/strong>\u013eubovn\u00edk bodkovan\u00fd \u2013 v\u0148a\u0165 (Hyperici herba)<\/p>\n<p data-start=\"455\" data-end=\"602\"><strong data-start=\"455\" data-end=\"468\">Preparation: <\/strong>1 zarovnan\u00fa polievkov\u00fa ly\u017eicu (3 g) \u010dajovej zmesi zalia\u0165 2,5 dl vriacej vody, l\u00fahova\u0165 15 min\u00fat a scedi\u0165. Nepou\u017e\u00edva\u0165 kovov\u00e9 sitko.<\/p>\n<p data-start=\"604\" data-end=\"692\"><strong data-start=\"604\" data-end=\"619\">Dosage: <\/strong>1 \u0161\u00e1lka denne po\u010das 2 t\u00fd\u017ed\u0148ov, potom si urobi\u0165 4-t\u00fd\u017ed\u0148ov\u00fa prest\u00e1vku.<\/p>\n<p data-start=\"694\" data-end=\"1095\"><strong data-start=\"694\" data-end=\"714\">Contraindications: <\/strong>Nevhodn\u00e9 pre osoby do 18 rokov, po\u010das tehotenstva a pre \u013eud\u00ed so \u017el\u010dov\u00fdmi kame\u0148mi. M\u00f4\u017ee zn\u00ed\u017ei\u0165 \u00fa\u010dinnos\u0165 hormon\u00e1lnej antikoncepcie a sp\u00f4sobi\u0165 fotosenzitivitu (citlivos\u0165 na svetlo). Pred pou\u017eit\u00edm sa pora\u010fte s lek\u00e1rom, ak u\u017e\u00edvate siln\u00e9 riedidl\u00e1 krvi, lieky na srdce, sedat\u00edva alebo antidepres\u00edva. Neodpor\u00fa\u010da sa osob\u00e1m, ktor\u00e9 pravidelne u\u017e\u00edvaj\u00fa lieky alebo in\u00e9 rastlinn\u00e9 pr\u00edpravky.<\/p>\n<p data-start=\"694\" data-end=\"1095\"><strong>Weight:<\/strong> 50g<\/p>","protected":false},"excerpt":{"rendered":"<p>\u013dubovn\u00edk bodkovan\u00fd je \u010doraz zn\u00e1mej\u0161ia a ve\u013emi cenn\u00e1 lie\u010div\u00e1 rastlina. Pou\u017e\u00edva sa pri nervozite a depresi\u00e1ch. Okrem toho m\u00e1 \u017el\u010dopudn\u00fd, spazmolytick\u00fd (uvo\u013e\u0148uj\u00faci k\u0155\u010de), mo\u010dopudn\u00fd \u00fa\u010dinok a pom\u00e1ha rozp\u00fa\u0161\u0165a\u0165 hlieny. Zlep\u0161uje tr\u00e1venie a m\u00e1 \u00fa\u010dinky na zn\u00ed\u017eenie kyslosti \u017eal\u00fadka. Zlo\u017eenie: \u013eubovn\u00edk bodkovan\u00fd \u2013 v\u0148a\u0165 (Hyperici herba) Pr\u00edprava: 1 zarovnan\u00fa polievkov\u00fa ly\u017eicu (3 g) \u010dajovej zmesi zalia\u0165 [&hellip;]<\/p>","protected":false},"featured_media":10109,"comment_status":"open","ping_status":"closed","template":"","meta":{"inline_featured_image":false},"product_brand":[274],"product_cat":[148],"product_tag":[],"class_list":{"0":"post-8961","1":"product","2":"type-product","3":"status-publish","4":"has-post-thumbnail","6":"product_brand-gyorgytea","7":"product_cat-liecive-rastliny","9":"first","10":"instock","11":"taxable","12":"shipping-taxable","13":"purchasable","14":"product-type-simple"},"aioseo_notices":[],"_links":{"self":[{"href":"https:\/\/www.biokari.sk\/en\/wp-json\/wp\/v2\/product\/8961","targetHints":{"allow":["GET"]}}],"collection":[{"href":"https:\/\/www.biokari.sk\/en\/wp-json\/wp\/v2\/product"}],"about":[{"href":"https:\/\/www.biokari.sk\/en\/wp-json\/wp\/v2\/types\/product"}],"replies":[{"embeddable":true,"href":"https:\/\/www.biokari.sk\/en\/wp-json\/wp\/v2\/comments?post=8961"}],"wp:featuredmedia":[{"embeddable":true,"href":"https:\/\/www.biokari.sk\/en\/wp-json\/wp\/v2\/media\/10109"}],"wp:attachment":[{"href":"https:\/\/www.biokari.sk\/en\/wp-json\/wp\/v2\/media?parent=8961"}],"wp:term":[{"taxonomy":"product_brand","embeddable":true,"href":"https:\/\/www.biokari.sk\/en\/wp-json\/wp\/v2\/product_brand?post=8961"},{"taxonomy":"product_cat","embeddable":true,"href":"https:\/\/www.biokari.sk\/en\/wp-json\/wp\/v2\/product_cat?post=8961"},{"taxonomy":"product_tag","embeddable":true,"href":"https:\/\/www.biokari.sk\/en\/wp-json\/wp\/v2\/product_tag?post=8961"}],"curies":[{"name":"wp","href":"https:\/\/api.w.org\/{rel}","templated":true}]}}