{"id":8967,"date":"2025-07-01T14:36:56","date_gmt":"2025-07-01T12:36:56","guid":{"rendered":"https:\/\/www.biokari.sk\/produkt\/dia-wellnes-nahrada-cukru-na-zavaranie-500g\/"},"modified":"2026-04-24T19:06:35","modified_gmt":"2026-04-24T17:06:35","slug":"dia-wellnes-nahrada-cukru-na-zavaranie-500g","status":"publish","type":"product","link":"https:\/\/www.biokari.sk\/en\/product\/dia-wellnes-nahrada-cukru-na-zavaranie-500g\/","title":{"rendered":"Dia-wellnes N\u00e1hrada cukru na zav\u00e1ranie 500g"},"content":{"rendered":"<p data-start=\"87\" data-end=\"213\"><strong data-start=\"87\" data-end=\"166\">N\u00e1hrada zav\u00e1racieho cukru \u2013 vhodn\u00e1 na pr\u00edpravu d\u017eemov a komp\u00f3tov bez cukru.<\/strong><br data-start=\"166\" data-end=\"169\" \/>Obsahuje zahus\u0165ovadlo a konzerva\u010dn\u00fa l\u00e1tku.<\/p>\n<p data-start=\"215\" data-end=\"485\">Dbajte na vyv\u00e1\u017een\u00fa a pestr\u00fa stravu!<br data-start=\"250\" data-end=\"253\" \/>Konzum\u00e1cia potrav\u00edn obsahuj\u00facich erytritol, xylitol a sukral\u00f3zu namiesto cukru sp\u00f4sobuje po konzum\u00e1cii men\u0161\u00ed vzostup hladiny gluk\u00f3zy v krvi ako konzum\u00e1cia potrav\u00edn obsahuj\u00facich cukor! Nadmern\u00e1 konzum\u00e1cia m\u00f4\u017ee ma\u0165 laxat\u00edvne \u00fa\u010dinky!<\/p>\n<p data-start=\"487\" data-end=\"509\"><strong data-start=\"487\" data-end=\"499\">BALENIE: <\/strong>500 g<\/p>\n<p data-start=\"511\" data-end=\"695\"><strong data-start=\"511\" data-end=\"524\">ZLO\u017dENIE: <\/strong>sladidlo: erytritol, xylitol, steviol-glukozamidy, sukral\u00f3za; vl\u00e1knina (\u010dakanka, kukurica), tapiokov\u00fd \u0161krob, zahus\u0165ovadlo: pekt\u00edn, konzerva\u010dn\u00e1 l\u00e1tka: sorban draseln\u00fd.<\/p>\n<p data-start=\"697\" data-end=\"1004\"><strong data-start=\"697\" data-end=\"710\">POU\u017dITIE:<\/strong><br data-start=\"710\" data-end=\"713\" \/>1500 g ovocia, 500 g Dia-Wellness n\u00e1hrady zav\u00e1racieho cukru, 6 g kyseliny citr\u00f3novej.<br data-start=\"798\" data-end=\"801\" \/>Pou\u017eitie: Ovocie zmie\u0161ame s Dia-Wellness n\u00e1hradou zav\u00e1racieho cukru, privedieme do varu a po 5 min\u00fatach varenia prid\u00e1me kyselinu citr\u00f3nov\u00fa. Hor\u00face pln\u00edme do poh\u00e1rov, ktor\u00e9 oto\u010d\u00edme hore dnom na 5 min\u00fat.<\/p>\n<p data-start=\"1006\" data-end=\"1056\"><strong data-start=\"1006\" data-end=\"1054\">PRIEMERN\u00c9 V\u00dd\u017dIVOV\u00c9 HODNOTY na 100 g v\u00fdrobku:<\/strong><\/p>\n<ul data-start=\"1057\" data-end=\"1280\">\n<li data-start=\"1057\" data-end=\"1087\">\n<p data-start=\"1059\" data-end=\"1087\">Energia: 681 kJ \/ 165 kcal<\/p>\n<\/li>\n<li data-start=\"1088\" data-end=\"1149\">\n<p data-start=\"1090\" data-end=\"1103\">Tuky: 0,0 g<\/p>\n<ul data-start=\"1107\" data-end=\"1149\">\n<li data-start=\"1107\" data-end=\"1149\">\n<p data-start=\"1109\" data-end=\"1149\">z toho nas\u00fdten\u00e9 mastn\u00e9 kyseliny: 0,0 g<\/p>\n<\/li>\n<\/ul>\n<\/li>\n<li data-start=\"1150\" data-end=\"1221\">\n<p data-start=\"1152\" data-end=\"1171\">Sacharidy: 71,7 g<\/p>\n<ul data-start=\"1175\" data-end=\"1221\">\n<li data-start=\"1175\" data-end=\"1198\">\n<p data-start=\"1177\" data-end=\"1198\">z toho cukry: 2,4 g<\/p>\n<\/li>\n<li data-start=\"1202\" data-end=\"1221\">\n<p data-start=\"1204\" data-end=\"1221\">polyoly: 65,8 g<\/p>\n<\/li>\n<\/ul>\n<\/li>\n<li data-start=\"1222\" data-end=\"1242\">\n<p data-start=\"1224\" data-end=\"1242\">Vl\u00e1knina: 26,5 g<\/p>\n<\/li>\n<li data-start=\"1243\" data-end=\"1264\">\n<p data-start=\"1245\" data-end=\"1264\">Bielkoviny: 0,0 g<\/p>\n<\/li>\n<li data-start=\"1265\" data-end=\"1280\">\n<p data-start=\"1267\" data-end=\"1280\">So\u013e: 0,02 g<\/p>\n<\/li>\n<\/ul>","protected":false},"excerpt":{"rendered":"<p>N\u00e1hrada zav\u00e1racieho cukru \u2013 vhodn\u00e1 na pr\u00edpravu d\u017eemov a komp\u00f3tov bez cukru.Obsahuje zahus\u0165ovadlo a konzerva\u010dn\u00fa l\u00e1tku. Dbajte na vyv\u00e1\u017een\u00fa a pestr\u00fa stravu!Konzum\u00e1cia potrav\u00edn obsahuj\u00facich erytritol, xylitol a sukral\u00f3zu namiesto cukru sp\u00f4sobuje po konzum\u00e1cii men\u0161\u00ed vzostup hladiny gluk\u00f3zy v krvi ako konzum\u00e1cia potrav\u00edn obsahuj\u00facich cukor! Nadmern\u00e1 konzum\u00e1cia m\u00f4\u017ee ma\u0165 laxat\u00edvne \u00fa\u010dinky! BALENIE: 500 g ZLO\u017dENIE: sladidlo: [&hellip;]<\/p>","protected":false},"featured_media":10105,"comment_status":"open","ping_status":"closed","template":"","meta":{"inline_featured_image":false},"product_brand":[],"product_cat":[71],"product_tag":[],"class_list":{"0":"post-8967","1":"product","2":"type-product","3":"status-publish","4":"has-post-thumbnail","6":"product_cat-potraviny","8":"first","9":"instock","10":"taxable","11":"shipping-taxable","12":"purchasable","13":"product-type-simple"},"aioseo_notices":[],"_links":{"self":[{"href":"https:\/\/www.biokari.sk\/en\/wp-json\/wp\/v2\/product\/8967","targetHints":{"allow":["GET"]}}],"collection":[{"href":"https:\/\/www.biokari.sk\/en\/wp-json\/wp\/v2\/product"}],"about":[{"href":"https:\/\/www.biokari.sk\/en\/wp-json\/wp\/v2\/types\/product"}],"replies":[{"embeddable":true,"href":"https:\/\/www.biokari.sk\/en\/wp-json\/wp\/v2\/comments?post=8967"}],"wp:featuredmedia":[{"embeddable":true,"href":"https:\/\/www.biokari.sk\/en\/wp-json\/wp\/v2\/media\/10105"}],"wp:attachment":[{"href":"https:\/\/www.biokari.sk\/en\/wp-json\/wp\/v2\/media?parent=8967"}],"wp:term":[{"taxonomy":"product_brand","embeddable":true,"href":"https:\/\/www.biokari.sk\/en\/wp-json\/wp\/v2\/product_brand?post=8967"},{"taxonomy":"product_cat","embeddable":true,"href":"https:\/\/www.biokari.sk\/en\/wp-json\/wp\/v2\/product_cat?post=8967"},{"taxonomy":"product_tag","embeddable":true,"href":"https:\/\/www.biokari.sk\/en\/wp-json\/wp\/v2\/product_tag?post=8967"}],"curies":[{"name":"wp","href":"https:\/\/api.w.org\/{rel}","templated":true}]}}