{"id":8981,"date":"2025-07-01T14:36:59","date_gmt":"2025-07-01T12:36:59","guid":{"rendered":"https:\/\/www.biokari.sk\/produkt\/dia-wellness-diabeticke-cestoviny-tarhona-250g\/"},"modified":"2026-04-24T19:06:35","modified_gmt":"2026-04-24T17:06:35","slug":"dia-wellness-diabeticke-cestoviny-tarhona-250g","status":"publish","type":"product","link":"https:\/\/www.biokari.sk\/en\/product\/dia-wellness-diabeticke-cestoviny-tarhona-250g\/","title":{"rendered":"Dia-Wellness Diabetick\u00e9 cestoviny &#8211; Tarho\u0148a 250g"},"content":{"rendered":"<p data-start=\"145\" data-end=\"601\">Dia-Wellness 4-vaje\u010dn\u00e9 strojov\u00e9 tarho\u0148a je v\u00fdbornou vo\u013ebou pre t\u00fdch, ktor\u00ed chc\u00fa zaradi\u0165 tradi\u010dn\u00e9 chute do svojho zdrav\u0161ieho jed\u00e1lni\u010dka. V\u010faka recept\u00fare bohatej na vl\u00e1kninu a so zn\u00ed\u017een\u00fdm obsahom sacharidov je \u013eahko zaradite\u013en\u00e1 do di\u00e9tnych a n\u00edzkosacharidov\u00fdch jed\u00e1l. Chu\u0165ou a konzistenciou pripom\u00edna klasick\u00fa tarho\u0148u, preto je ide\u00e1lna ako pr\u00edloha, do polievok alebo do jed\u00e1l z jedn\u00e9ho hrnca. Chutn\u00e1, s\u00fdta a vedom\u00e1 vo\u013eba na ka\u017ed\u00fd de\u0148.<\/p>\n<p data-start=\"603\" data-end=\"634\"><strong data-start=\"603\" data-end=\"632\">\u010co je dobr\u00e9 o nej vedie\u0165?<\/strong><\/p>\n<ul data-start=\"635\" data-end=\"818\">\n<li data-start=\"635\" data-end=\"648\">\n<p data-start=\"637\" data-end=\"648\">4-vaje\u010dn\u00e1<\/p>\n<\/li>\n<li data-start=\"649\" data-end=\"684\">\n<p data-start=\"651\" data-end=\"684\">Bohat\u00e1 na vl\u00e1kninu a bielkoviny<\/p>\n<\/li>\n<li data-start=\"685\" data-end=\"719\">\n<p data-start=\"687\" data-end=\"719\">So zn\u00ed\u017een\u00fdm obsahom sacharidov<\/p>\n<\/li>\n<li data-start=\"720\" data-end=\"762\">\n<p data-start=\"722\" data-end=\"762\">Obsahuje pomaly vstrebate\u013en\u00e9 sacharidy<\/p>\n<\/li>\n<li data-start=\"763\" data-end=\"790\">\n<p data-start=\"765\" data-end=\"790\">\u010cas varenia: 6\u201310 min\u00fat<\/p>\n<\/li>\n<li data-start=\"791\" data-end=\"818\">\n<p data-start=\"793\" data-end=\"818\">Bez konzerva\u010dn\u00fdch l\u00e1tok<\/p>\n<\/li>\n<\/ul>\n<p data-start=\"820\" data-end=\"1200\"><strong data-start=\"820\" data-end=\"861\">Pre\u010do si vybra\u0165 v\u00fdrobky Dia-Wellness?<\/strong><br data-start=\"861\" data-end=\"864\" \/>Vedom\u00e1 v\u00fd\u017eiva m\u00f4\u017ee zachova\u0165 p\u00f4\u017eitok z tradi\u010dn\u00fdch jed\u00e1l. Cie\u013eom v\u00fdrobkov Dia-Wellness je pon\u00faknu\u0165 alternat\u00edvu k be\u017en\u00fdm potravin\u00e1m s ni\u017e\u0161\u00edm obsahom sacharidov a vy\u0161\u0161\u00edm obsahom vl\u00e1kniny. Tak si ka\u017ed\u00fd m\u00f4\u017ee vychutna\u0165 ob\u013e\u00faben\u00e9 chute bez kompromisov v zdrav\u0161om \u017eivotnom \u0161t\u00fdle. Zna\u010dka je oddan\u00e1 kvalite, chuti a spo\u013eahlivosti pre cel\u00fa rodinu.<\/p>\n<p data-start=\"1202\" data-end=\"1455\"><strong data-start=\"1202\" data-end=\"1224\">N\u00e1vod na pr\u00edpravu: <\/strong>Cestovinu vlo\u017e\u00edme do p\u00e4\u0165n\u00e1sobn\u00e9ho mno\u017estva vriacej osolenej vody a za ob\u010dasn\u00e9ho mie\u0161ania var\u00edme 6\u201310 min\u00fat do m\u00e4kka. Alebo: od op\u00e4tovn\u00e9ho zovretia var\u00edme 2 min\u00faty, potom odstav\u00edme z oh\u0148a, prikryjeme a nech\u00e1me napu\u010da\u0165 do m\u00e4kka.<\/p>\n<p data-start=\"1457\" data-end=\"1770\"><strong data-start=\"1457\" data-end=\"1470\">Composition: <\/strong>Zmes m\u00faky (vl\u00e1knina \u2013 bambus, p\u0161enica, stabiliz\u00e1tor: modifikovan\u00fd kukuri\u010dn\u00fd \u0161krob, \u013eanov\u00e1 m\u00faka, p\u0161eni\u010dn\u00fd prote\u00edn, zahus\u0165ovadlo: pekt\u00edn, rastlinn\u00fd olej: repka, kyselina: kyselina mlie\u010dna, emulg\u00e1tor: E471, zlep\u0161uj\u00faca pr\u00edsada do m\u00faky: kyselina askorbov\u00e1, enz\u00fdm)), p\u0161eni\u010dn\u00e1 m\u00faka TL, slepa\u010die vajcia.<\/p>\n<p data-start=\"1772\" data-end=\"1802\"><strong data-start=\"1772\" data-end=\"1791\">Country of origin:<\/strong> Ma\u010farsko<\/p>\n<p data-start=\"1772\" data-end=\"1802\"><strong>Weight:<\/strong> 200g<\/p>","protected":false},"excerpt":{"rendered":"<p>Dia-Wellness 4-vaje\u010dn\u00e9 strojov\u00e9 tarho\u0148a je v\u00fdbornou vo\u013ebou pre t\u00fdch, ktor\u00ed chc\u00fa zaradi\u0165 tradi\u010dn\u00e9 chute do svojho zdrav\u0161ieho jed\u00e1lni\u010dka. V\u010faka recept\u00fare bohatej na vl\u00e1kninu a so zn\u00ed\u017een\u00fdm obsahom sacharidov je \u013eahko zaradite\u013en\u00e1 do di\u00e9tnych a n\u00edzkosacharidov\u00fdch jed\u00e1l. Chu\u0165ou a konzistenciou pripom\u00edna klasick\u00fa tarho\u0148u, preto je ide\u00e1lna ako pr\u00edloha, do polievok alebo do jed\u00e1l z jedn\u00e9ho hrnca. [&hellip;]<\/p>","protected":false},"featured_media":8982,"comment_status":"open","ping_status":"closed","template":"","meta":{"inline_featured_image":false},"product_brand":[],"product_cat":[71],"product_tag":[],"class_list":{"0":"post-8981","1":"product","2":"type-product","3":"status-publish","4":"has-post-thumbnail","6":"product_cat-potraviny","8":"first","9":"instock","10":"taxable","11":"shipping-taxable","12":"purchasable","13":"product-type-simple"},"aioseo_notices":[],"_links":{"self":[{"href":"https:\/\/www.biokari.sk\/en\/wp-json\/wp\/v2\/product\/8981","targetHints":{"allow":["GET"]}}],"collection":[{"href":"https:\/\/www.biokari.sk\/en\/wp-json\/wp\/v2\/product"}],"about":[{"href":"https:\/\/www.biokari.sk\/en\/wp-json\/wp\/v2\/types\/product"}],"replies":[{"embeddable":true,"href":"https:\/\/www.biokari.sk\/en\/wp-json\/wp\/v2\/comments?post=8981"}],"wp:featuredmedia":[{"embeddable":true,"href":"https:\/\/www.biokari.sk\/en\/wp-json\/wp\/v2\/media\/8982"}],"wp:attachment":[{"href":"https:\/\/www.biokari.sk\/en\/wp-json\/wp\/v2\/media?parent=8981"}],"wp:term":[{"taxonomy":"product_brand","embeddable":true,"href":"https:\/\/www.biokari.sk\/en\/wp-json\/wp\/v2\/product_brand?post=8981"},{"taxonomy":"product_cat","embeddable":true,"href":"https:\/\/www.biokari.sk\/en\/wp-json\/wp\/v2\/product_cat?post=8981"},{"taxonomy":"product_tag","embeddable":true,"href":"https:\/\/www.biokari.sk\/en\/wp-json\/wp\/v2\/product_tag?post=8981"}],"curies":[{"name":"wp","href":"https:\/\/api.w.org\/{rel}","templated":true}]}}