{"id":8983,"date":"2025-07-01T14:36:59","date_gmt":"2025-07-01T12:36:59","guid":{"rendered":"https:\/\/www.biokari.sk\/produkt\/dia-wellness-marhulovy-lekvar-380g\/"},"modified":"2026-04-30T19:01:23","modified_gmt":"2026-04-30T17:01:23","slug":"dia-wellness-marhulovy-lekvar-380g","status":"publish","type":"product","link":"https:\/\/www.biokari.sk\/en\/product\/dia-wellness-marhulovy-lekvar-380g\/","title":{"rendered":"Dia-Wellness Marhu\u013eov\u00fd lekv\u00e1r 380g"},"content":{"rendered":"<p data-start=\"76\" data-end=\"370\"><strong data-start=\"76\" data-end=\"89\">Composition:<\/strong> marhu\u013ea (37 %), vl\u00e1knina: oligofrukt\u00f3za; plnidlo: polydextr\u00f3za; pr\u00edrodn\u00fd sirup z ovocia*, jablkov\u00e9 pyr\u00e9 (9,5 %), zahus\u0165ovadlo: E440, kyselina: kyselina jabl\u010dn\u00e1, ar\u00f3ma, so\u013e, konzervant: sorban draseln\u00fd, farbiv\u00e1: E161b, E120, antioxidant: kyselina L-askorbov\u00e1, sladidlo: sukral\u00f3za<\/p>\n<p data-start=\"372\" data-end=\"485\"><strong data-start=\"372\" data-end=\"388\">Storage:<\/strong> Uchov\u00e1vajte na suchom, chladnom mieste, chr\u00e1nen\u00e9 pred slne\u010dn\u00fdm \u017eiaren\u00edm, pri teplote do 21 \u00b0C.<\/p>\n<p data-start=\"487\" data-end=\"784\"><strong data-start=\"487\" data-end=\"500\">D\u00f4le\u017eit\u00e9!<\/strong> Po otvoren\u00ed skladova\u0165 na suchom, chladnom mieste, chr\u00e1nen\u00e9 pred slne\u010dn\u00fdm \u017eiaren\u00edm. Pred pou\u017eit\u00edm premie\u0161a\u0165!<br data-start=\"608\" data-end=\"611\" \/>Potraviny obsahuj\u00face sukral\u00f3zu namiesto cukru sp\u00f4sobuj\u00fa po konzum\u00e1cii men\u0161\u00ed n\u00e1rast hladiny cukru v krvi ne\u017e potraviny obsahuj\u00face cukor. Dbajte na vyv\u00e1\u017een\u00fa a pestr\u00fa stravu!<\/p>\n<p data-start=\"786\" data-end=\"807\"><strong data-start=\"786\" data-end=\"799\">Weight:<\/strong> 380 g<\/p>\n<p data-start=\"814\" data-end=\"864\"><strong data-start=\"814\" data-end=\"862\">Average nutritional values per 100 g of product:<\/strong><\/p>\n<ul data-start=\"865\" data-end=\"1084\">\n<li data-start=\"865\" data-end=\"895\">\n<p data-start=\"867\" data-end=\"895\">Energia: 715 kJ \/ 171 kcal<\/p>\n<\/li>\n<li data-start=\"896\" data-end=\"957\">\n<p data-start=\"898\" data-end=\"911\">Tuky: 1,4 g<\/p>\n<ul data-start=\"915\" data-end=\"957\">\n<li data-start=\"915\" data-end=\"957\">\n<p data-start=\"917\" data-end=\"957\">z toho nas\u00fdten\u00e9 mastn\u00e9 kyseliny: 0,8 g<\/p>\n<\/li>\n<\/ul>\n<\/li>\n<li data-start=\"958\" data-end=\"1007\">\n<p data-start=\"960\" data-end=\"979\">Sacharidy: 41,8 g<\/p>\n<ul data-start=\"983\" data-end=\"1007\">\n<li data-start=\"983\" data-end=\"1007\">\n<p data-start=\"985\" data-end=\"1007\">z toho cukry: 16,2 g<\/p>\n<\/li>\n<\/ul>\n<\/li>\n<li data-start=\"1008\" data-end=\"1026\">\n<p data-start=\"1010\" data-end=\"1026\">Polyoly: 0,0 g<\/p>\n<\/li>\n<li data-start=\"1027\" data-end=\"1047\">\n<p data-start=\"1029\" data-end=\"1047\">Vl\u00e1knina: 32,1 g<\/p>\n<\/li>\n<li data-start=\"1048\" data-end=\"1069\">\n<p data-start=\"1050\" data-end=\"1069\">Bielkoviny: 0,5 g<\/p>\n<\/li>\n<li data-start=\"1070\" data-end=\"1084\">\n<p data-start=\"1072\" data-end=\"1084\">So\u013e: 0,5 g<\/p>\n<\/li>\n<\/ul>","protected":false},"excerpt":{"rendered":"<p>Zlo\u017eenie: marhu\u013ea (37 %), vl\u00e1knina: oligofrukt\u00f3za; plnidlo: polydextr\u00f3za; pr\u00edrodn\u00fd sirup z ovocia*, jablkov\u00e9 pyr\u00e9 (9,5 %), zahus\u0165ovadlo: E440, kyselina: kyselina jabl\u010dn\u00e1, ar\u00f3ma, so\u013e, konzervant: sorban draseln\u00fd, farbiv\u00e1: E161b, E120, antioxidant: kyselina L-askorbov\u00e1, sladidlo: sukral\u00f3za Skladovanie: Uchov\u00e1vajte na suchom, chladnom mieste, chr\u00e1nen\u00e9 pred slne\u010dn\u00fdm \u017eiaren\u00edm, pri teplote do 21 \u00b0C. D\u00f4le\u017eit\u00e9! Po otvoren\u00ed skladova\u0165 na suchom, [&hellip;]<\/p>","protected":false},"featured_media":10085,"comment_status":"open","ping_status":"closed","template":"","meta":{"inline_featured_image":false},"product_brand":[],"product_cat":[71,170],"product_tag":[],"class_list":{"0":"post-8983","1":"product","2":"type-product","3":"status-publish","4":"has-post-thumbnail","6":"product_cat-potraviny","7":"product_cat-dzemy","9":"first","10":"instock","11":"taxable","12":"shipping-taxable","13":"purchasable","14":"product-type-simple"},"aioseo_notices":[],"_links":{"self":[{"href":"https:\/\/www.biokari.sk\/en\/wp-json\/wp\/v2\/product\/8983","targetHints":{"allow":["GET"]}}],"collection":[{"href":"https:\/\/www.biokari.sk\/en\/wp-json\/wp\/v2\/product"}],"about":[{"href":"https:\/\/www.biokari.sk\/en\/wp-json\/wp\/v2\/types\/product"}],"replies":[{"embeddable":true,"href":"https:\/\/www.biokari.sk\/en\/wp-json\/wp\/v2\/comments?post=8983"}],"wp:featuredmedia":[{"embeddable":true,"href":"https:\/\/www.biokari.sk\/en\/wp-json\/wp\/v2\/media\/10085"}],"wp:attachment":[{"href":"https:\/\/www.biokari.sk\/en\/wp-json\/wp\/v2\/media?parent=8983"}],"wp:term":[{"taxonomy":"product_brand","embeddable":true,"href":"https:\/\/www.biokari.sk\/en\/wp-json\/wp\/v2\/product_brand?post=8983"},{"taxonomy":"product_cat","embeddable":true,"href":"https:\/\/www.biokari.sk\/en\/wp-json\/wp\/v2\/product_cat?post=8983"},{"taxonomy":"product_tag","embeddable":true,"href":"https:\/\/www.biokari.sk\/en\/wp-json\/wp\/v2\/product_tag?post=8983"}],"curies":[{"name":"wp","href":"https:\/\/api.w.org\/{rel}","templated":true}]}}