{"id":8987,"date":"2025-07-01T14:37:00","date_gmt":"2025-07-01T12:37:00","guid":{"rendered":"https:\/\/www.biokari.sk\/produkt\/bioco-organicky-horcik-b6-vitamin-90ks\/"},"modified":"2026-04-25T19:02:11","modified_gmt":"2026-04-25T17:02:11","slug":"bioco-organicky-horcik-b6-vitamin-90ks","status":"publish","type":"product","link":"https:\/\/www.biokari.sk\/en\/product\/bioco-organicky-horcik-b6-vitamin-90ks\/","title":{"rendered":"Bioco Organick\u00fd hor\u010d\u00edk + B6 vitam\u00edn 90ks"},"content":{"rendered":"<p data-start=\"153\" data-end=\"214\">\u00dadaje v \u0161pecifika\u010dnej tabu\u013eke sa vz\u0165ahuj\u00fa na <strong data-start=\"198\" data-end=\"211\">1 tabletu<\/strong>.<\/p>\n<p data-start=\"216\" data-end=\"333\">Pr\u00edpravok obsahuje hor\u010d\u00edk v\u00fdhradne v <strong data-start=\"253\" data-end=\"273\">organickej v\u00e4zbe<\/strong> (vo forme citr\u00e1tu hore\u010dnat\u00e9ho), ktor\u00fd sa dobre vstreb\u00e1va.<\/p>\n<p data-start=\"335\" data-end=\"613\">Hor\u010d\u00edk a vitam\u00edn B6 m\u00f4\u017eu prispie\u0165 k spr\u00e1vnemu fungovaniu nervov\u00e9ho syst\u00e9mu, pom\u00e1haj\u00fa zni\u017eova\u0165 \u00fanavu a vy\u010derpanie a podporuj\u00fa udr\u017eiavanie norm\u00e1lnych psychologick\u00fdch funkci\u00ed.<br data-start=\"507\" data-end=\"510\" \/>Hor\u010d\u00edk prispieva k spr\u00e1vnej \u010dinnosti svalov, podie\u013ea sa na udr\u017eiavan\u00ed norm\u00e1lneho stavu kost\u00ed a zubov.<\/p>\n<p data-start=\"620\" data-end=\"734\"><strong data-start=\"620\" data-end=\"633\">Composition: <\/strong>citr\u00e1t hore\u010dnat\u00fd; plnidlo (izomalt); povlakov\u00e1 l\u00e1tka (kyselina stearov\u00e1); pyridox\u00edn-hydrochlorid<\/p>\n<p data-start=\"741\" data-end=\"760\"><strong data-start=\"741\" data-end=\"758\">Active ingredients:<\/strong><\/p>\n<div class=\"_tableContainer_1rjym_1\">\n<div class=\"group _tableWrapper_1rjym_13 flex w-fit flex-col-reverse\">\n<table class=\"w-fit min-w-(--thread-content-width)\" data-start=\"762\" data-end=\"966\">\n<thead data-start=\"762\" data-end=\"803\">\n<tr data-start=\"762\" data-end=\"803\">\n<th data-start=\"762\" data-end=\"770\" data-col-size=\"sm\">Substance<\/th>\n<th data-start=\"770\" data-end=\"784\" data-col-size=\"sm\">v 1 tablete<\/th>\n<th data-start=\"784\" data-end=\"803\" data-col-size=\"sm\">v 2 tablet\u00e1ch<\/th>\n<\/tr>\n<\/thead>\n<tbody data-start=\"847\" data-end=\"966\">\n<tr data-start=\"847\" data-end=\"905\">\n<td data-start=\"847\" data-end=\"856\" data-col-size=\"sm\">Magnesium<\/td>\n<td data-start=\"856\" data-end=\"879\" data-col-size=\"sm\">100 mg (26,7 % NRV*)<\/td>\n<td data-start=\"879\" data-end=\"905\" data-col-size=\"sm\">200 mg (53,3 % NRV*)<\/td>\n<\/tr>\n<tr data-start=\"906\" data-end=\"966\">\n<td data-start=\"906\" data-end=\"919\" data-col-size=\"sm\">Vitam\u00edn B6<\/td>\n<td data-start=\"919\" data-end=\"941\" data-col-size=\"sm\">2 mg (142,9 % NRV*)<\/td>\n<td data-start=\"941\" data-end=\"966\" data-col-size=\"sm\">4 mg (285,7 % NRV*)<\/td>\n<\/tr>\n<\/tbody>\n<\/table>\n<\/div>\n<\/div>\n\n\n<p>*% NRV \u2013 referen\u010dn\u00e1 hodnota pr\u00edjmu vitam\u00ednov a miner\u00e1lnych l\u00e1tok pre dospel\u00fdch<\/p>\n\n\n\n<p><strong>Recommended dosage:<\/strong> 1\u20132 tablety denne, zapi\u0165 dostato\u010dn\u00fdm mno\u017estvom tekutiny.<\/p>\n\n\n\n<p><strong>Storage:<\/strong> Uchov\u00e1vajte mimo dosahu det\u00ed, na suchom, chladnom a tmavom mieste. Obal v\u017edy d\u00f4kladne uzatvorte!<\/p>","protected":false},"excerpt":{"rendered":"<p>\u00dadaje v \u0161pecifika\u010dnej tabu\u013eke sa vz\u0165ahuj\u00fa na 1 tabletu. Pr\u00edpravok obsahuje hor\u010d\u00edk v\u00fdhradne v organickej v\u00e4zbe (vo forme citr\u00e1tu hore\u010dnat\u00e9ho), ktor\u00fd sa dobre vstreb\u00e1va. Hor\u010d\u00edk a vitam\u00edn B6 m\u00f4\u017eu prispie\u0165 k spr\u00e1vnemu fungovaniu nervov\u00e9ho syst\u00e9mu, pom\u00e1haj\u00fa zni\u017eova\u0165 \u00fanavu a vy\u010derpanie a podporuj\u00fa udr\u017eiavanie norm\u00e1lnych psychologick\u00fdch funkci\u00ed.Hor\u010d\u00edk prispieva k spr\u00e1vnej \u010dinnosti svalov, podie\u013ea sa na udr\u017eiavan\u00ed [&hellip;]<\/p>","protected":false},"featured_media":10083,"comment_status":"open","ping_status":"closed","template":"","meta":{"inline_featured_image":false},"product_brand":[],"product_cat":[69],"product_tag":[],"class_list":{"0":"post-8987","1":"product","2":"type-product","3":"status-publish","4":"has-post-thumbnail","6":"product_cat-vyzivove-doplnky","8":"first","9":"instock","10":"taxable","11":"shipping-taxable","12":"purchasable","13":"product-type-simple"},"aioseo_notices":[],"_links":{"self":[{"href":"https:\/\/www.biokari.sk\/en\/wp-json\/wp\/v2\/product\/8987","targetHints":{"allow":["GET"]}}],"collection":[{"href":"https:\/\/www.biokari.sk\/en\/wp-json\/wp\/v2\/product"}],"about":[{"href":"https:\/\/www.biokari.sk\/en\/wp-json\/wp\/v2\/types\/product"}],"replies":[{"embeddable":true,"href":"https:\/\/www.biokari.sk\/en\/wp-json\/wp\/v2\/comments?post=8987"}],"wp:featuredmedia":[{"embeddable":true,"href":"https:\/\/www.biokari.sk\/en\/wp-json\/wp\/v2\/media\/10083"}],"wp:attachment":[{"href":"https:\/\/www.biokari.sk\/en\/wp-json\/wp\/v2\/media?parent=8987"}],"wp:term":[{"taxonomy":"product_brand","embeddable":true,"href":"https:\/\/www.biokari.sk\/en\/wp-json\/wp\/v2\/product_brand?post=8987"},{"taxonomy":"product_cat","embeddable":true,"href":"https:\/\/www.biokari.sk\/en\/wp-json\/wp\/v2\/product_cat?post=8987"},{"taxonomy":"product_tag","embeddable":true,"href":"https:\/\/www.biokari.sk\/en\/wp-json\/wp\/v2\/product_tag?post=8987"}],"curies":[{"name":"wp","href":"https:\/\/api.w.org\/{rel}","templated":true}]}}