{"id":8989,"date":"2025-07-01T14:37:00","date_gmt":"2025-07-01T12:37:00","guid":{"rendered":"https:\/\/www.biokari.sk\/produkt\/gyorgytea-hloh-50g\/"},"modified":"2026-03-31T19:00:54","modified_gmt":"2026-03-31T17:00:54","slug":"gyorgytea-hloh-50g","status":"publish","type":"product","link":"https:\/\/www.biokari.sk\/en\/product\/gyorgytea-hloh-50g\/","title":{"rendered":"Gy\u00f6rgytea Hloh 50g"},"content":{"rendered":"<ul data-start=\"146\" data-end=\"1171\">\n<li data-start=\"146\" data-end=\"200\">\n<p data-start=\"148\" data-end=\"200\">V\u00fdborn\u00e9 posil\u0148uj\u00face a upokojuj\u00face \u00fa\u010dinky na srdce.<\/p>\n<\/li>\n<li data-start=\"201\" data-end=\"352\">\n<p data-start=\"203\" data-end=\"352\">Podporuje prekrvenie srdcov\u00e9ho svalu, p\u00f4sob\u00ed ako vazodilatans a prispieva k zn\u00ed\u017eeniu krvn\u00e9ho tlaku, odpor\u00fa\u010da sa pri ochoreniach vencovit\u00fdch tepien.<\/p>\n<\/li>\n<li data-start=\"353\" data-end=\"433\">\n<p data-start=\"355\" data-end=\"433\">Pom\u00e1ha zmier\u0148ova\u0165 probl\u00e9my s krvn\u00fdm obehom, spoma\u013euje vznik art\u00e9rioskler\u00f3zy.<\/p>\n<\/li>\n<li data-start=\"434\" data-end=\"541\">\n<p data-start=\"436\" data-end=\"541\">Odpor\u00fa\u010da sa pri srdcov\u00fdch \u0165a\u017ekostiach vo vy\u0161\u0161om veku a pri degenerat\u00edvnych ochoreniach srdcov\u00e9ho svalu.<\/p>\n<\/li>\n<li data-start=\"542\" data-end=\"613\">\n<p data-start=\"544\" data-end=\"613\">Na \u00fa\u010dely prevencie je d\u00f4le\u017eit\u00e9 jeho dlhodob\u00e9 a pravideln\u00e9 u\u017e\u00edvanie.<\/p>\n<\/li>\n<li data-start=\"614\" data-end=\"728\">\n<p data-start=\"616\" data-end=\"728\">Dlhodob\u00e9 pou\u017e\u00edvanie je \u00faplne bezpe\u010dn\u00e9, nevznik\u00e1 n\u00e1vyk, \u00fa\u010dinn\u00e1 l\u00e1tka nie je toxick\u00e1 a nehromad\u00ed sa v organizme.<\/p>\n<\/li>\n<li data-start=\"729\" data-end=\"769\">\n<p data-start=\"731\" data-end=\"769\">M\u00f4\u017ee sa u\u017e\u00edva\u0165 aj po\u010das tehotenstva.<\/p>\n<\/li>\n<li data-start=\"770\" data-end=\"879\">\n<p data-start=\"772\" data-end=\"879\">P\u00f4sob\u00ed na centr\u00e1lny nervov\u00fd syst\u00e9m, mo\u017eno ho pou\u017ei\u0165 pri z\u00e1vratoch, \u00fazkosti, b\u00fa\u0161en\u00ed srdca a d\u00fdchavi\u010dnosti.<\/p>\n<\/li>\n<li data-start=\"880\" data-end=\"915\">\n<p data-start=\"882\" data-end=\"915\">\u00da\u010dinn\u00fd aj proti nervov\u00fdm k\u0155\u010dom.<\/p>\n<\/li>\n<li data-start=\"916\" data-end=\"975\">\n<p data-start=\"918\" data-end=\"975\">M\u00e1 \u00fa\u010dinky proti stresu, upokojuj\u00face a mierne sedat\u00edvne.<\/p>\n<\/li>\n<li data-start=\"976\" data-end=\"1008\">\n<p data-start=\"978\" data-end=\"1008\">Zni\u017euje riziko n\u00e1valov krvi.<\/p>\n<\/li>\n<li data-start=\"1009\" data-end=\"1047\">\n<p data-start=\"1011\" data-end=\"1047\">Pou\u017e\u00edva sa aj pri hu\u010dan\u00ed v u\u0161iach.<\/p>\n<\/li>\n<li data-start=\"1048\" data-end=\"1171\">\n<p data-start=\"1050\" data-end=\"1171\">V obdob\u00ed klimakt\u00e9ria zmier\u0148uje v\u00fdkyvy n\u00e1lady a n\u00e1valy tepla \u2013 odpor\u00fa\u010da sa spolu s \u010dajovou zmesou z rebr\u00ed\u010dka oby\u010dajn\u00e9ho.<\/p>\n<\/li>\n<\/ul>\n<p data-start=\"1173\" data-end=\"1325\"><strong data-start=\"1173\" data-end=\"1186\">Preparation:<\/strong><br data-start=\"1186\" data-end=\"1189\" \/>1 zarovnan\u00fa polievkov\u00fa ly\u017eicu (3 g) \u010dajoviny zalia\u0165 2,5 dl vriacej vody, l\u00fahova\u0165 15 min\u00fat a potom scedi\u0165. <em data-start=\"1295\" data-end=\"1323\">Nepou\u017e\u00edvajte kovov\u00e9 sitko.<\/em><\/p>\n<p data-start=\"1327\" data-end=\"1342\"><strong data-start=\"1327\" data-end=\"1340\">Application:\u00a0<\/strong><\/p>\n<ul data-start=\"1343\" data-end=\"1696\">\n<li data-start=\"1343\" data-end=\"1363\">\n<p data-start=\"1345\" data-end=\"1363\">Mo\u017eno pi\u0165 denne.<\/p>\n<\/li>\n<li data-start=\"1364\" data-end=\"1439\">\n<p data-start=\"1366\" data-end=\"1439\">Ak sa u\u017e\u00edva pre upokojuj\u00face \u00fa\u010dinky, odpor\u00fa\u010da sa pi\u0165 vla\u017en\u00fd pred span\u00edm.<\/p>\n<\/li>\n<li data-start=\"1440\" data-end=\"1505\">\n<p data-start=\"1442\" data-end=\"1505\">Ak sa u\u017e\u00edva ako mo\u010dopudn\u00fd prostriedok, je vhodn\u00e9 pi\u0165 cez de\u0148.<\/p>\n<\/li>\n<li data-start=\"1506\" data-end=\"1595\">\n<p data-start=\"1508\" data-end=\"1595\">Pri srdcov\u00fdch \u0165a\u017ekostiach alebo ak\u00fatnych probl\u00e9moch mo\u017eno pi\u0165 1\u20132 \u0161\u00e1lky denne v k\u00fare.<\/p>\n<\/li>\n<li data-start=\"1596\" data-end=\"1644\">\n<p data-start=\"1598\" data-end=\"1644\">Pi\u0165 pred jedlom, najlep\u0161ie bez dochucovania.<\/p>\n<\/li>\n<li data-start=\"1645\" data-end=\"1696\">\n<p data-start=\"1647\" data-end=\"1696\">Na prevent\u00edvne \u00fa\u010dely posta\u010duje aj raz t\u00fd\u017edenne.<\/p>\n<\/li>\n<\/ul>\n<p data-start=\"1698\" data-end=\"1729\"><strong data-start=\"1698\" data-end=\"1727\">\u010eal\u0161ie mo\u017enosti vyu\u017eitia:<\/strong><\/p>\n<ul data-start=\"1730\" data-end=\"2185\">\n<li data-start=\"1730\" data-end=\"1799\">\n<p data-start=\"1732\" data-end=\"1799\">Z plodov hlohu mo\u017eno pripravi\u0165 lik\u00e9r alebo tzv. \u201esrdcov\u00fd lekv\u00e1r\u201c.<\/p>\n<\/li>\n<li data-start=\"1800\" data-end=\"2185\">\n<p data-start=\"1802\" data-end=\"2185\"><strong data-start=\"1802\" data-end=\"1835\">Tinkt\u00fara na posilnenie srdca:<\/strong> \u0161\u00e1lka kvitn\u00facich koncov\u00fdch v\u00fdhonkov hlohu, 2 \u0161\u00e1lky \u010dere\u0161\u0148ovej p\u00e1lenky. Kvitn\u00face konce roztla\u010di\u0165 v ma\u017eiari, zalia\u0165 p\u00e1lenkou a necha\u0165 l\u00fahova\u0165 mesiac na tmavom mieste. Precedi\u0165 a pi\u0165 2\u00d7 denne 1 mokka ly\u017ei\u010dku po dobu 20 dn\u00ed pred jedlom. \u00da\u010dinn\u00e1 pri prevencii arytmi\u00ed, vysok\u00e9ho krvn\u00e9ho tlaku a nervov\u00e9ho b\u00fa\u0161enia srdca. K\u00faru je vhodn\u00e9 opakova\u0165 ka\u017ed\u00fd rok.<\/p>\n<\/li>\n<\/ul>\n<p data-start=\"2187\" data-end=\"2316\"><strong data-start=\"2187\" data-end=\"2207\">Contraindications: <\/strong>Nevhodn\u00e9 pre deti do 12 rokov. Neodpor\u00fa\u010da sa pri n\u00edzkom krvnom tlaku, vzh\u013eadom na jeho zni\u017euj\u00faci \u00fa\u010dinok.<\/p>\n<p data-start=\"2318\" data-end=\"2337\"><strong data-start=\"2318\" data-end=\"2330\">Packaging:<\/strong> 50 g<\/p>","protected":false},"excerpt":{"rendered":"<p>V\u00fdborn\u00e9 posil\u0148uj\u00face a upokojuj\u00face \u00fa\u010dinky na srdce. Podporuje prekrvenie srdcov\u00e9ho svalu, p\u00f4sob\u00ed ako vazodilatans a prispieva k zn\u00ed\u017eeniu krvn\u00e9ho tlaku, odpor\u00fa\u010da sa pri ochoreniach vencovit\u00fdch tepien. Pom\u00e1ha zmier\u0148ova\u0165 probl\u00e9my s krvn\u00fdm obehom, spoma\u013euje vznik art\u00e9rioskler\u00f3zy. Odpor\u00fa\u010da sa pri srdcov\u00fdch \u0165a\u017ekostiach vo vy\u0161\u0161om veku a pri degenerat\u00edvnych ochoreniach srdcov\u00e9ho svalu. Na \u00fa\u010dely prevencie je d\u00f4le\u017eit\u00e9 jeho [&hellip;]<\/p>","protected":false},"featured_media":10079,"comment_status":"open","ping_status":"closed","template":"","meta":{"inline_featured_image":false},"product_brand":[],"product_cat":[148],"product_tag":[],"class_list":{"0":"post-8989","1":"product","2":"type-product","3":"status-publish","4":"has-post-thumbnail","6":"product_cat-liecive-rastliny","8":"first","9":"instock","10":"taxable","11":"shipping-taxable","12":"purchasable","13":"product-type-simple"},"aioseo_notices":[],"_links":{"self":[{"href":"https:\/\/www.biokari.sk\/en\/wp-json\/wp\/v2\/product\/8989","targetHints":{"allow":["GET"]}}],"collection":[{"href":"https:\/\/www.biokari.sk\/en\/wp-json\/wp\/v2\/product"}],"about":[{"href":"https:\/\/www.biokari.sk\/en\/wp-json\/wp\/v2\/types\/product"}],"replies":[{"embeddable":true,"href":"https:\/\/www.biokari.sk\/en\/wp-json\/wp\/v2\/comments?post=8989"}],"wp:featuredmedia":[{"embeddable":true,"href":"https:\/\/www.biokari.sk\/en\/wp-json\/wp\/v2\/media\/10079"}],"wp:attachment":[{"href":"https:\/\/www.biokari.sk\/en\/wp-json\/wp\/v2\/media?parent=8989"}],"wp:term":[{"taxonomy":"product_brand","embeddable":true,"href":"https:\/\/www.biokari.sk\/en\/wp-json\/wp\/v2\/product_brand?post=8989"},{"taxonomy":"product_cat","embeddable":true,"href":"https:\/\/www.biokari.sk\/en\/wp-json\/wp\/v2\/product_cat?post=8989"},{"taxonomy":"product_tag","embeddable":true,"href":"https:\/\/www.biokari.sk\/en\/wp-json\/wp\/v2\/product_tag?post=8989"}],"curies":[{"name":"wp","href":"https:\/\/api.w.org\/{rel}","templated":true}]}}