{"id":8995,"date":"2025-07-01T14:37:01","date_gmt":"2025-07-01T12:37:01","guid":{"rendered":"https:\/\/www.biokari.sk\/produkt\/bioco-prostamen-tabletky-80ks\/"},"modified":"2026-04-27T19:02:07","modified_gmt":"2026-04-27T17:02:07","slug":"bioco-prostamen-tabletky-80ks","status":"publish","type":"product","link":"https:\/\/www.biokari.sk\/en\/product\/bioco-prostamen-tabletky-80ks\/","title":{"rendered":"Bioco Prostamen tabletky 80ks"},"content":{"rendered":"<p data-start=\"112\" data-end=\"196\"><strong data-start=\"112\" data-end=\"146\">V\u00fd\u017eivov\u00fd doplnok pre mu\u017eov 45+<\/strong><br data-start=\"146\" data-end=\"149\" \/><strong data-start=\"149\" data-end=\"194\">Podpora zdravia prostaty a mo\u010dov\u00fdch ciest<\/strong><\/p>\n<p data-start=\"198\" data-end=\"342\"><strong data-start=\"198\" data-end=\"222\">Recommended use: <\/strong>U\u017e\u00edvanie je ur\u010den\u00e9 predov\u0161etk\u00fdm pre mu\u017eov nad 45 rokov na podporu spr\u00e1vneho fungovania prostaty a mo\u010dov\u00e9ho syst\u00e9mu.<\/p>\n<p data-start=\"344\" data-end=\"587\">Extrakt zo serenoy plazivej (sabalov\u00e1 palma) m\u00f4\u017ee prispie\u0165 k zachovaniu zdravia prostaty. Extrakt z v\u0155bovky malokvetej podporuje spr\u00e1vne fungovanie mo\u010dov\u00e9ho syst\u00e9mu u mu\u017eov nad 45 rokov. Extrakt z kore\u0148a \u017eih\u013eavy prispieva k zdraviu prostaty.<\/p>\n<p data-start=\"589\" data-end=\"769\">Zinok zohr\u00e1va \u00falohu pri udr\u017eiavan\u00ed norm\u00e1lnej plodnosti a reprodukcie a prispieva k udr\u017eaniu norm\u00e1lnej hladiny testoster\u00f3nu v krvi.<br data-start=\"719\" data-end=\"722\" \/>Sel\u00e9n sa podie\u013ea na norm\u00e1lnej spermatogen\u00e9ze.<\/p>\n<p data-start=\"771\" data-end=\"811\">Obsah extraktov v 1 tablete zodpoved\u00e1:<\/p>\n<ul data-start=\"812\" data-end=\"941\">\n<li data-start=\"812\" data-end=\"855\">\n<p data-start=\"814\" data-end=\"855\">3200 mg su\u0161en\u00fdch plodov sabalovej palmy<\/p>\n<\/li>\n<li data-start=\"856\" data-end=\"900\">\n<p data-start=\"858\" data-end=\"900\">1500 mg su\u0161enej v\u0148ate v\u0155bovky malokvetej<\/p>\n<\/li>\n<li data-start=\"901\" data-end=\"941\">\n<p data-start=\"903\" data-end=\"941\">min. 2100 mg su\u0161en\u00e9ho kore\u0148a \u017eih\u013eavy<\/p>\n<\/li>\n<\/ul>\n<p data-start=\"943\" data-end=\"1031\"><strong data-start=\"943\" data-end=\"958\">Dosage: <\/strong>Dospel\u00ed mu\u017ei: 1 tableta denne, zapi\u0165 dostato\u010dn\u00fdm mno\u017estvom tekutiny.<\/p>\n<p data-start=\"1033\" data-end=\"1065\"><strong data-start=\"1033\" data-end=\"1045\">Packaging:<\/strong> 80 tabliet \/ 92 g<\/p>\n<h3 data-start=\"1072\" data-end=\"1106\"><strong data-start=\"1076\" data-end=\"1104\">\u00da\u010dinn\u00e9 l\u00e1tky v 1 tablete<\/strong><\/h3>\n<div class=\"_tableContainer_1rjym_1\">\n<div class=\"group _tableWrapper_1rjym_13 flex w-fit flex-col-reverse\">\n<table class=\"w-fit min-w-(--thread-content-width)\" data-start=\"1108\" data-end=\"1383\">\n<thead data-start=\"1108\" data-end=\"1139\">\n<tr data-start=\"1108\" data-end=\"1139\">\n<th data-start=\"1108\" data-end=\"1116\" data-col-size=\"sm\">Substance<\/th>\n<th data-start=\"1116\" data-end=\"1127\" data-col-size=\"sm\">Quantity<\/th>\n<th data-start=\"1127\" data-end=\"1139\" data-col-size=\"sm\">% NRV*<\/th>\n<\/tr>\n<\/thead>\n<tbody data-start=\"1172\" data-end=\"1383\">\n<tr data-start=\"1172\" data-end=\"1217\">\n<td data-start=\"1172\" data-end=\"1198\" data-col-size=\"sm\">Zinok (organick\u00e1 forma)<\/td>\n<td data-start=\"1198\" data-end=\"1206\" data-col-size=\"sm\">10 mg<\/td>\n<td data-start=\"1206\" data-end=\"1217\" data-col-size=\"sm\">100 %<\/td>\n<\/tr>\n<tr data-start=\"1218\" data-end=\"1245\">\n<td data-start=\"1218\" data-end=\"1226\" data-col-size=\"sm\">Selenium<\/td>\n<td data-start=\"1226\" data-end=\"1234\" data-col-size=\"sm\">55 \u00b5g<\/td>\n<td data-start=\"1234\" data-end=\"1245\" data-col-size=\"sm\">100 %<\/td>\n<\/tr>\n<tr data-start=\"1246\" data-end=\"1291\">\n<td data-start=\"1246\" data-end=\"1275\" data-col-size=\"sm\">Extrakt zo sabalovej palmy<\/td>\n<td data-start=\"1275\" data-end=\"1284\" data-col-size=\"sm\">320 mg<\/td>\n<td data-start=\"1284\" data-end=\"1291\" data-col-size=\"sm\">-<\/td>\n<\/tr>\n<tr data-start=\"1292\" data-end=\"1339\">\n<td data-start=\"1292\" data-end=\"1323\" data-col-size=\"sm\">Extrakt z v\u0155bovky malokvetej<\/td>\n<td data-start=\"1323\" data-end=\"1332\" data-col-size=\"sm\">150 mg<\/td>\n<td data-start=\"1332\" data-end=\"1339\" data-col-size=\"sm\">-<\/td>\n<\/tr>\n<tr data-start=\"1340\" data-end=\"1383\">\n<td data-start=\"1340\" data-end=\"1367\" data-col-size=\"sm\">Extrakt z kore\u0148a \u017eih\u013eavy<\/td>\n<td data-start=\"1367\" data-end=\"1376\" data-col-size=\"sm\">175 mg<\/td>\n<td data-start=\"1376\" data-end=\"1383\" data-col-size=\"sm\">-<\/td>\n<\/tr>\n<\/tbody>\n<\/table>\n<\/div>\n<\/div>\n\n\n<p>*% NRV: referen\u010dn\u00e1 hodnota pr\u00edjmu pre dospel\u00fdch<\/p>\n\n\n\n<p><strong>Composition:<\/strong> extrakt z plodov sabalovej palmy (Serenoa repens) 10:1 (320 mg\/tableta); plnidlo: mikrokry\u0161talick\u00e1 celul\u00f3za; extrakt z kore\u0148a \u017eih\u013eavy (Urtica dioica) 12\u201316:1 (175 mg\/tableta); extrakt z v\u0148ate v\u0155bovky malokvetej (Epilobium parviflorum) 10:1 (150 mg\/tableta); maltodextr\u00edn; povlakov\u00e1 l\u00e1tka (mastn\u00e9 kyseliny); citr\u00e1t zino\u010dnat\u00fd; protihrudkuj\u00faca l\u00e1tka (oxid kremi\u010dit\u00fd); siri\u010ditan sodn\u00fd.<\/p>\n\n\n\n<p><strong>Storage:<\/strong> Uchov\u00e1vajte mimo dosahu det\u00ed, na suchom mieste, chr\u00e1nen\u00e9 pred priamym slne\u010dn\u00fdm \u017eiaren\u00edm, pri izbovej teplote (15\u201325 \u00b0C).<\/p>\n\n\n\n<p><strong>Minimum shelf life to:<\/strong> pozri na spodnej strane obalu.<\/p>\n\n\n\n<p><strong>Warning:<\/strong> Pr\u00edpravok obsahuje extrakt zo sabalovej palmy, ktor\u00fd m\u00f4\u017ee interagova\u0165 s estrog\u00e9novou substitu\u010dnou terapiou, hormon\u00e1lnou antikoncepciou alebo antiepileptikami. Nie je ur\u010den\u00fd pre deti, tehotn\u00e9 a doj\u010diace \u017eeny. V\u00fd\u017eivov\u00fd doplnok nie je n\u00e1hradou pestrej a vyv\u00e1\u017eenej stravy a zdrav\u00e9ho \u017eivotn\u00e9ho \u0161t\u00fdlu. Uchov\u00e1vajte mimo dosahu det\u00ed! Odpor\u00fa\u010dan\u00fa denn\u00fa d\u00e1vku neprekra\u010dujte! Neu\u017e\u00edvajte pr\u00edpravok, ak ste precitliven\u00ed alebo alergick\u00ed na niektor\u00fa zo zlo\u017eiek.<\/p>\n\n\n\n<p><strong>\u201eBioCo\u201c je registrovan\u00fd n\u00e1zov spolo\u010dnosti, neozna\u010duje ekologick\u00fa certifik\u00e1ciu.<\/strong><\/p>","protected":false},"excerpt":{"rendered":"<p>V\u00fd\u017eivov\u00fd doplnok pre mu\u017eov 45+Podpora zdravia prostaty a mo\u010dov\u00fdch ciest Odpor\u00fa\u010dan\u00e9 pou\u017eitie: U\u017e\u00edvanie je ur\u010den\u00e9 predov\u0161etk\u00fdm pre mu\u017eov nad 45 rokov na podporu spr\u00e1vneho fungovania prostaty a mo\u010dov\u00e9ho syst\u00e9mu. Extrakt zo serenoy plazivej (sabalov\u00e1 palma) m\u00f4\u017ee prispie\u0165 k zachovaniu zdravia prostaty. Extrakt z v\u0155bovky malokvetej podporuje spr\u00e1vne fungovanie mo\u010dov\u00e9ho syst\u00e9mu u mu\u017eov nad 45 rokov. [&hellip;]<\/p>","protected":false},"featured_media":10077,"comment_status":"open","ping_status":"closed","template":"","meta":{"inline_featured_image":false},"product_brand":[],"product_cat":[69],"product_tag":[],"class_list":{"0":"post-8995","1":"product","2":"type-product","3":"status-publish","4":"has-post-thumbnail","6":"product_cat-vyzivove-doplnky","8":"first","9":"instock","10":"taxable","11":"shipping-taxable","12":"purchasable","13":"product-type-simple"},"aioseo_notices":[],"_links":{"self":[{"href":"https:\/\/www.biokari.sk\/en\/wp-json\/wp\/v2\/product\/8995","targetHints":{"allow":["GET"]}}],"collection":[{"href":"https:\/\/www.biokari.sk\/en\/wp-json\/wp\/v2\/product"}],"about":[{"href":"https:\/\/www.biokari.sk\/en\/wp-json\/wp\/v2\/types\/product"}],"replies":[{"embeddable":true,"href":"https:\/\/www.biokari.sk\/en\/wp-json\/wp\/v2\/comments?post=8995"}],"wp:featuredmedia":[{"embeddable":true,"href":"https:\/\/www.biokari.sk\/en\/wp-json\/wp\/v2\/media\/10077"}],"wp:attachment":[{"href":"https:\/\/www.biokari.sk\/en\/wp-json\/wp\/v2\/media?parent=8995"}],"wp:term":[{"taxonomy":"product_brand","embeddable":true,"href":"https:\/\/www.biokari.sk\/en\/wp-json\/wp\/v2\/product_brand?post=8995"},{"taxonomy":"product_cat","embeddable":true,"href":"https:\/\/www.biokari.sk\/en\/wp-json\/wp\/v2\/product_cat?post=8995"},{"taxonomy":"product_tag","embeddable":true,"href":"https:\/\/www.biokari.sk\/en\/wp-json\/wp\/v2\/product_tag?post=8995"}],"curies":[{"name":"wp","href":"https:\/\/api.w.org\/{rel}","templated":true}]}}