{"id":8997,"date":"2025-07-01T14:37:02","date_gmt":"2025-07-01T12:37:02","guid":{"rendered":"https:\/\/www.biokari.sk\/produkt\/gyorgytea-list-orecha-100g\/"},"modified":"2026-04-28T19:01:55","modified_gmt":"2026-04-28T17:01:55","slug":"gyorgytea-list-orecha-100g","status":"publish","type":"product","link":"https:\/\/www.biokari.sk\/en\/product\/gyorgytea-list-orecha-100g\/","title":{"rendered":"Gy\u00f6rgytea List Orecha 100g"},"content":{"rendered":"<p data-start=\"153\" data-end=\"651\">Orech je jednou z cenn\u00fdch rastl\u00edn, ktorej v\u0161etky \u010dasti sa vyu\u017e\u00edvaj\u00fa. Nielen plody a drevo, ale aj listy maj\u00fa v\u00fdznamn\u00e9 \u00fa\u010dinky. Odvar z listov sa pou\u017e\u00edva zvonka pri ko\u017en\u00fdch vyr\u00e1\u017ekach, vredoch, omrzlin\u00e1ch ako obklad, pri hemoroidoch vo forme sedacieho k\u00fape\u013ea, pri z\u00e1pale hrdla ako kloktadlo. Odpor\u00fa\u010da sa tie\u017e pri z\u00e1pale o\u010d\u00ed a tvorbe z\u00e1kalu. \u010caj sa u\u017e\u00edva pri \u017eal\u00fado\u010dno-\u010drevnom kataroch, vysokom krvnom tlaku, \u010drevn\u00fdch parazitoch, ako krv \u010distiaci a chu\u0165 do jedla zlep\u0161uj\u00faci prostriedok.<\/p>\n<p data-start=\"653\" data-end=\"1086\">Zvonka sa pou\u017e\u00edva pri gynekologick\u00fdch probl\u00e9moch (biely v\u00fdtok, z\u00e1paly maternice), ekz\u00e9moch, alergi\u00e1ch, lupin\u00e1ch a vypad\u00e1van\u00ed vlasov, vredoch z k\u0155\u010dov\u00fdch \u017e\u00edl, opuchu vie\u010dok, ang\u00edne a hnisav\u00fdch ran\u00e1ch. V Anglicku sa pou\u017e\u00edval aj prevent\u00edvne proti v\u0161iam a rozto\u010dom.<br data-start=\"913\" data-end=\"916\" \/>Pom\u00e1ha pri poten\u00ed r\u00fak a n\u00f4h, po\u0161t\u00edpan\u00ed hmyzom, \u00fapale, ko\u017en\u00fdch z\u00e1paloch, pop\u00e1lenin\u00e1ch a vyr\u00e1\u017ekach. K\u00fape\u013e z listov orecha zjem\u0148uje a spev\u0148uje poko\u017eku, zmier\u0148uje svrbenie.<\/p>\n<p data-start=\"1088\" data-end=\"1379\">Lie\u010di vredy na noh\u00e1ch pri diabete (tzv. diabetick\u00e1 noha). Um\u00fdvanie alebo obklady siln\u00fdm \u010dajom z orechov\u00fdch listov pom\u00e1haj\u00fa zlep\u0161i\u0165 stav a predch\u00e1dza\u0165 amput\u00e1cii. Pri nosov\u00fdch polypoch je \u00fa\u010dinn\u00e9 vdychovanie \u010daju z listov. Um\u00fdvanie o\u010d\u00ed \u010dajom zlep\u0161uje zrak a odstra\u0148uje usadeniny na o\u010dnom dne.<\/p>\n<p data-start=\"1381\" data-end=\"1612\"><strong data-start=\"1381\" data-end=\"1394\">Preparation: <\/strong>Na vn\u00fatorn\u00e9 pou\u017eitie pod\u013ea s\u00fa\u010dasn\u00e9ho stanoviska OGY\u00c9I je potrebn\u00e9 \u010daj pripravi\u0165 kr\u00e1tkym varen\u00edm. 1 zarovnan\u00fa polievkov\u00fa ly\u017eicu (3 g) listu vari\u0165 2\u20133 min\u00faty v 2,5 dl vody, potom scedi\u0165. <em data-start=\"1582\" data-end=\"1610\">Nepou\u017e\u00edvajte kovov\u00e9 sitko.<\/em><\/p>\n<p data-start=\"1614\" data-end=\"1738\"><strong data-start=\"1614\" data-end=\"1627\">Usage: <\/strong>Pi\u0165 pred jedlom, bez pr\u00edchute. Odpor\u00fa\u010da sa 1\u20133 \u0161\u00e1lky denne, najviac 6 t\u00fd\u017ed\u0148ov, potom 4-t\u00fd\u017ed\u0148ov\u00e1 prest\u00e1vka.<\/p>\n<p data-start=\"1740\" data-end=\"1899\"><strong data-start=\"1740\" data-end=\"1760\">Contraindications: <\/strong>Vn\u00fatorn\u00e9 u\u017e\u00edvanie sa neodpor\u00fa\u010da po\u010das tehotenstva, doj\u010denia a de\u0165om do 12 rokov. Nevhodn\u00e9 pri u\u017e\u00edvan\u00ed siln\u00fdch liekov na riedenie krvi.<\/p>\n<p data-start=\"1901\" data-end=\"1949\"><strong data-start=\"1901\" data-end=\"1914\">Composition: <\/strong>List orecha (Juglandis folium)<\/p>\n<p data-start=\"1951\" data-end=\"2108\"><strong data-start=\"1951\" data-end=\"1973\">Further information: <\/strong>Minim\u00e1lna trvanlivos\u0165: vi\u010f d\u00e1tum uveden\u00fd na obale.<br data-start=\"2026\" data-end=\"2029\" \/>Skladovanie: Uchov\u00e1va\u0165 na suchom, chladnom a tmavom mieste, mimo dosahu det\u00ed.<\/p>\n\n\n<p><strong>Weight:<\/strong> 100g<\/p>","protected":false},"excerpt":{"rendered":"<p>Orech je jednou z cenn\u00fdch rastl\u00edn, ktorej v\u0161etky \u010dasti sa vyu\u017e\u00edvaj\u00fa. Nielen plody a drevo, ale aj listy maj\u00fa v\u00fdznamn\u00e9 \u00fa\u010dinky. Odvar z listov sa pou\u017e\u00edva zvonka pri ko\u017en\u00fdch vyr\u00e1\u017ekach, vredoch, omrzlin\u00e1ch ako obklad, pri hemoroidoch vo forme sedacieho k\u00fape\u013ea, pri z\u00e1pale hrdla ako kloktadlo. Odpor\u00fa\u010da sa tie\u017e pri z\u00e1pale o\u010d\u00ed a tvorbe z\u00e1kalu. \u010caj [&hellip;]<\/p>","protected":false},"featured_media":10072,"comment_status":"open","ping_status":"closed","template":"","meta":{"inline_featured_image":false},"product_brand":[],"product_cat":[148],"product_tag":[],"class_list":{"0":"post-8997","1":"product","2":"type-product","3":"status-publish","4":"has-post-thumbnail","6":"product_cat-liecive-rastliny","8":"first","9":"onbackorder","10":"taxable","11":"shipping-taxable","12":"purchasable","13":"product-type-simple"},"aioseo_notices":[],"_links":{"self":[{"href":"https:\/\/www.biokari.sk\/en\/wp-json\/wp\/v2\/product\/8997","targetHints":{"allow":["GET"]}}],"collection":[{"href":"https:\/\/www.biokari.sk\/en\/wp-json\/wp\/v2\/product"}],"about":[{"href":"https:\/\/www.biokari.sk\/en\/wp-json\/wp\/v2\/types\/product"}],"replies":[{"embeddable":true,"href":"https:\/\/www.biokari.sk\/en\/wp-json\/wp\/v2\/comments?post=8997"}],"wp:featuredmedia":[{"embeddable":true,"href":"https:\/\/www.biokari.sk\/en\/wp-json\/wp\/v2\/media\/10072"}],"wp:attachment":[{"href":"https:\/\/www.biokari.sk\/en\/wp-json\/wp\/v2\/media?parent=8997"}],"wp:term":[{"taxonomy":"product_brand","embeddable":true,"href":"https:\/\/www.biokari.sk\/en\/wp-json\/wp\/v2\/product_brand?post=8997"},{"taxonomy":"product_cat","embeddable":true,"href":"https:\/\/www.biokari.sk\/en\/wp-json\/wp\/v2\/product_cat?post=8997"},{"taxonomy":"product_tag","embeddable":true,"href":"https:\/\/www.biokari.sk\/en\/wp-json\/wp\/v2\/product_tag?post=8997"}],"curies":[{"name":"wp","href":"https:\/\/api.w.org\/{rel}","templated":true}]}}