{"id":9006,"date":"2025-07-01T14:37:03","date_gmt":"2025-07-01T12:37:03","guid":{"rendered":"https:\/\/www.biokari.sk\/produkt\/gyorgytea-alkoholovy-extrakt-echinacea-50ml\/"},"modified":"2026-04-01T19:02:32","modified_gmt":"2026-04-01T17:02:32","slug":"gyorgytea-alkoholovy-extrakt-echinacea-50ml","status":"publish","type":"product","link":"https:\/\/www.biokari.sk\/en\/product\/gyorgytea-alkoholovy-extrakt-echinacea-50ml\/","title":{"rendered":"Gy\u00f6rgytea Alkoholov\u00fd extrakt &#8211; Echinacea 50ml"},"content":{"rendered":"<h4 data-start=\"95\" data-end=\"112\"><strong data-start=\"98\" data-end=\"110\">Composition:\u00a0<\/strong>ar\u00f3ma, etyl-alkohol, \u0161\u00edpka (Rosa canina), echinacea \u00fazkolist\u00e1 (Echinacea angustifolia), skorocel kopijovit\u00fd (Plantago lanceolata), rakytn\u00edk re\u0161etliakov\u00fd \u2013 plod (Hippophaea rhamnoides)<\/h4>\n<h4 data-start=\"300\" data-end=\"332\"><strong data-start=\"300\" data-end=\"319\">Alcohol content:<\/strong> 25 % (v\/v)<\/h4>\n<h4 data-start=\"339\" data-end=\"369\"><strong data-start=\"342\" data-end=\"367\">Odpor\u00fa\u010dan\u00e9 d\u00e1vkovanie<\/strong><\/h4>\n<h4 data-start=\"370\" data-end=\"401\">3\u00d7 denne 20 kvapiek po jedle.<\/h4>\n<h4 data-start=\"403\" data-end=\"442\">Do not exceed the recommended daily dose!<\/h4>\n<h4 data-start=\"449\" data-end=\"469\"><strong data-start=\"452\" data-end=\"467\">Upozornenia<\/strong><\/h4>\n<ul data-start=\"470\" data-end=\"892\">\n<li data-start=\"470\" data-end=\"551\">\n<h4 data-start=\"472\" data-end=\"551\">A dietary supplement is not a substitute for a varied and balanced diet or a healthy lifestyle.<\/h4>\n<\/li>\n<li data-start=\"552\" data-end=\"644\">\n<h4 data-start=\"554\" data-end=\"644\">Po otvoren\u00ed skladujte na suchom a chladnom mieste pri izbovej teplote, dobre uzatvoren\u00e9.<\/h4>\n<\/li>\n<li data-start=\"645\" data-end=\"685\">\n<h4 data-start=\"647\" data-end=\"685\">Keep out of reach of small children!<\/h4>\n<\/li>\n<li data-start=\"686\" data-end=\"796\">\n<h4 data-start=\"688\" data-end=\"796\">Pr\u00edpravok obsahuje etyl-alkohol \u2013 zoh\u013eadnite to pri veden\u00ed motorov\u00fdch vozidiel alebo pri pr\u00e1ci vo v\u00fd\u0161kach.<\/h4>\n<\/li>\n<li data-start=\"797\" data-end=\"857\">\n<h4 data-start=\"799\" data-end=\"857\">U\u017e\u00edvanie po\u010das tehotenstva a doj\u010denia sa <strong data-start=\"840\" data-end=\"854\">neodpor\u00fa\u010da<\/strong>.<\/h4>\n<\/li>\n<li data-start=\"858\" data-end=\"892\">\n<h4 data-start=\"860\" data-end=\"892\">Nevhodn\u00e9 pre deti do 14 rokov.<\/h4>\n<\/li>\n<\/ul>\n<p data-start=\"899\" data-end=\"919\"><strong data-start=\"899\" data-end=\"911\">Packaging:<\/strong> 50 ml<\/p>","protected":false},"excerpt":{"rendered":"<p>Zlo\u017eenie:\u00a0ar\u00f3ma, etyl-alkohol, \u0161\u00edpka (Rosa canina), echinacea \u00fazkolist\u00e1 (Echinacea angustifolia), skorocel kopijovit\u00fd (Plantago lanceolata), rakytn\u00edk re\u0161etliakov\u00fd \u2013 plod (Hippophaea rhamnoides) Obsah alkoholu: 25 % (v\/v) Odpor\u00fa\u010dan\u00e9 d\u00e1vkovanie 3\u00d7 denne 20 kvapiek po jedle. Neprekra\u010dujte odpor\u00fa\u010dan\u00fa denn\u00fa d\u00e1vku! Upozornenia V\u00fd\u017eivov\u00fd doplnok nenahr\u00e1dza pestr\u00fa a vyv\u00e1\u017een\u00fa stravu ani zdrav\u00fd \u017eivotn\u00fd \u0161t\u00fdl. Po otvoren\u00ed skladujte na suchom a chladnom [&hellip;]<\/p>","protected":false},"featured_media":10063,"comment_status":"open","ping_status":"closed","template":"","meta":{"inline_featured_image":false},"product_brand":[],"product_cat":[69,146],"product_tag":[],"class_list":{"0":"post-9006","1":"product","2":"type-product","3":"status-publish","4":"has-post-thumbnail","6":"product_cat-vyzivove-doplnky","7":"product_cat-klby-a-reuma","9":"first","10":"instock","11":"taxable","12":"shipping-taxable","13":"purchasable","14":"product-type-simple"},"aioseo_notices":[],"_links":{"self":[{"href":"https:\/\/www.biokari.sk\/en\/wp-json\/wp\/v2\/product\/9006","targetHints":{"allow":["GET"]}}],"collection":[{"href":"https:\/\/www.biokari.sk\/en\/wp-json\/wp\/v2\/product"}],"about":[{"href":"https:\/\/www.biokari.sk\/en\/wp-json\/wp\/v2\/types\/product"}],"replies":[{"embeddable":true,"href":"https:\/\/www.biokari.sk\/en\/wp-json\/wp\/v2\/comments?post=9006"}],"wp:featuredmedia":[{"embeddable":true,"href":"https:\/\/www.biokari.sk\/en\/wp-json\/wp\/v2\/media\/10063"}],"wp:attachment":[{"href":"https:\/\/www.biokari.sk\/en\/wp-json\/wp\/v2\/media?parent=9006"}],"wp:term":[{"taxonomy":"product_brand","embeddable":true,"href":"https:\/\/www.biokari.sk\/en\/wp-json\/wp\/v2\/product_brand?post=9006"},{"taxonomy":"product_cat","embeddable":true,"href":"https:\/\/www.biokari.sk\/en\/wp-json\/wp\/v2\/product_cat?post=9006"},{"taxonomy":"product_tag","embeddable":true,"href":"https:\/\/www.biokari.sk\/en\/wp-json\/wp\/v2\/product_tag?post=9006"}],"curies":[{"name":"wp","href":"https:\/\/api.w.org\/{rel}","templated":true}]}}