{"id":9010,"date":"2025-07-01T14:37:04","date_gmt":"2025-07-01T12:37:04","guid":{"rendered":"https:\/\/www.biokari.sk\/produkt\/gal-vitamin-aj-pre-tehotne-a-dojciace-zeny-plus-30-davok\/"},"modified":"2026-03-10T18:00:56","modified_gmt":"2026-03-10T17:00:56","slug":"gal-vitamin-aj-pre-tehotne-a-dojciace-zeny-plus-30-davok","status":"publish","type":"product","link":"https:\/\/www.biokari.sk\/en\/product\/gal-vitamin-aj-pre-tehotne-a-dojciace-zeny-plus-30-davok\/","title":{"rendered":"Gal Vitam\u00edn aj pre tehotn\u00e9 a doj\u010diace \u017eeny &#8211; Plus 30 d\u00e1vok"},"content":{"rendered":"<p data-start=\"148\" data-end=\"443\">N\u00e1\u0161 produkt <strong data-start=\"160\" data-end=\"178\">GAL+ Babav\u00e1r\u00f3\u00ae<\/strong> sme vyvinuli na z\u00e1klade najnov\u0161\u00edch vedeck\u00fdch poznatkov, s d\u00f4razom na prirodzenos\u0165 a realistick\u00e9 denn\u00e9 d\u00e1vky. Obsahuje v\u0161etky vitam\u00edny, miner\u00e1ly a stopov\u00e9 prvky v <strong data-start=\"341\" data-end=\"378\">ide\u00e1lnej forme, mno\u017estve a pomere<\/strong>, podobne ako by sme ich z\u00edskavali z pestrej a v\u00fd\u017eivnej stravy.<\/p>\n<p data-start=\"445\" data-end=\"778\">Tam, kde je to vhodn\u00e9, vitam\u00edny a miner\u00e1ly poch\u00e1dzaj\u00fa \u010diasto\u010dne z organick\u00e9ho (bio) pestovania lie\u010div\u00fdch a aromatick\u00fdch rastl\u00edn. Pri ur\u010dovan\u00ed mno\u017estiev sme dbali na to, aby denn\u00e1 d\u00e1vka v\u017edy obsahovala \u00fa\u010dinn\u00e9 mno\u017estvo, no z\u00e1rove\u0148 nikdy neprekro\u010dila hranicu \u201e\u017eivotn\u00fdch d\u00e1vok\u201c, teda tak\u00fdch, ktor\u00e9 by u\u017e stravou nebolo mo\u017en\u00e9 dosiahnu\u0165.<\/p>\n<p data-start=\"780\" data-end=\"919\">Z\u00e1rove\u0148 je nesmierne d\u00f4le\u017eit\u00e9, aby ni\u010d nebr\u00e1nilo zdrav\u00e9mu v\u00fdvoju nov\u00e9ho \u017eivota. V na\u0161om produkte preto nen\u00e1jdete \u017eiadne nevhodn\u00e9 pr\u00edsady.<\/p>\n<h2 data-start=\"926\" data-end=\"952\"><strong data-start=\"929\" data-end=\"952\">Odpor\u00fa\u010dan\u00e9 u\u017e\u00edvanie<\/strong><\/h2>\n<p data-start=\"953\" data-end=\"1110\">U\u017e\u00edvanie odpor\u00fa\u010dame u\u017e od f\u00e1zy pl\u00e1novania die\u0165a\u0165a, ide\u00e1lne <strong data-start=\"1012\" data-end=\"1048\">minim\u00e1lne 3 mesiace pred po\u010dat\u00edm<\/strong>, po\u010das cel\u00e9ho tehotenstva a doj\u010denia, a pr\u00edpadne aj dlh\u0161ie.<\/p>\n<p data-start=\"1112\" data-end=\"1370\"><strong data-start=\"1115\" data-end=\"1125\">Iron<\/strong> neu\u017e\u00edvajte, iba ak m\u00e1te preuk\u00e1zan\u00fd nedostatok. Aj vtedy odpor\u00fa\u010dame po 1\u20132 mesiacoch u\u017e\u00edvania GAL+ Babav\u00e1r\u00f3\u00ae skontrolova\u0165 hladiny, preto\u017ee sa m\u00f4\u017eu upravi\u0165 aj bez doplnkov\u00e9ho \u017eeleza, najm\u00e4 ak pravidelne konzumujete pe\u010de\u0148 alebo laktotransferr\u00edn.<\/p>\n<p data-start=\"1372\" data-end=\"1501\">\u00a0<strong data-start=\"1375\" data-end=\"1389\">Vitam\u00edn B3<\/strong> v\u00fdrobok neobsahuje, ke\u010f\u017ee v strave ho m\u00e1 v\u00e4\u010d\u0161ina \u013eud\u00ed dostatok a nadbytok by u mnoh\u00fdch nemusel by\u0165 prospe\u0161n\u00fd.<\/p>\n<h2 data-start=\"1508\" data-end=\"1526\"><strong data-start=\"1511\" data-end=\"1526\">Denn\u00e1 d\u00e1vka<\/strong><\/h2>\n<ul data-start=\"1527\" data-end=\"1667\">\n<li data-start=\"1527\" data-end=\"1571\">\n<p data-start=\"1529\" data-end=\"1571\">1 ks <em data-start=\"1534\" data-end=\"1561\">Lipofiln\u00e1 olejov\u00e1 kapsula<\/em> (hned\u00e1)<\/p>\n<\/li>\n<li data-start=\"1572\" data-end=\"1617\">\n<p data-start=\"1574\" data-end=\"1617\">2 ks <em data-start=\"1579\" data-end=\"1608\">Hydrofiln\u00e1 pr\u00e1\u0161kov\u00e1 kapsula<\/em> (\u017elt\u00e1)<\/p>\n<\/li>\n<li data-start=\"1618\" data-end=\"1667\">\n<p data-start=\"1620\" data-end=\"1667\">5 ml (4,4 g) <em data-start=\"1633\" data-end=\"1665\">komplement\u00e1rny n\u00e1pojov\u00fd pr\u00e1\u0161ok<\/em><\/p>\n<\/li>\n<\/ul>\n<h2 data-start=\"1674\" data-end=\"1696\"><strong data-start=\"1677\" data-end=\"1696\">Sp\u00f4sob u\u017e\u00edvania<\/strong><\/h2>\n<p data-start=\"1698\" data-end=\"1752\"><strong data-start=\"1698\" data-end=\"1750\">Lipofiln\u00e9 olejov\u00e9 a hydrofiln\u00e9 pr\u00e1\u0161kov\u00e9 kapsuly:<\/strong><\/p>\n<ul data-start=\"1753\" data-end=\"2076\">\n<li data-start=\"1753\" data-end=\"1862\">\n<p data-start=\"1755\" data-end=\"1862\">U\u017e\u00edva\u0165 po\u010das jedla, zapite mal\u00fdm mno\u017estvom tekutiny, najlep\u0161ie pri ra\u0148ajk\u00e1ch alebo obede, nie pri ve\u010deri.<\/p>\n<\/li>\n<li data-start=\"1863\" data-end=\"2012\">\n<p data-start=\"1865\" data-end=\"2012\">V\u0161etky 3 kapsuly mo\u017eno u\u017ei\u0165 naraz, no pre vysok\u00fd obsah vitam\u00ednov a miner\u00e1lov je v\u00fdhodnej\u0161ie rozdeli\u0165 2 rovnak\u00e9 hydrofiln\u00e9 kapsuly do dvoch jed\u00e1l.<\/p>\n<\/li>\n<li data-start=\"2013\" data-end=\"2076\">\n<p data-start=\"2015\" data-end=\"2076\">T\u00fdm sa zni\u017euje riziko tr\u00e1viacich \u0165a\u017ekost\u00ed u citliv\u00fdch os\u00f4b.<\/p>\n<\/li>\n<\/ul>\n<p data-start=\"2078\" data-end=\"2115\"><strong data-start=\"2078\" data-end=\"2113\">Komplement\u00e1rny n\u00e1pojov\u00fd pr\u00e1\u0161ok:<\/strong><\/p>\n<ul data-start=\"2116\" data-end=\"2364\">\n<li data-start=\"2116\" data-end=\"2138\">\n<p data-start=\"2118\" data-end=\"2138\">Rozpusti\u0165 vo vode.<\/p>\n<\/li>\n<li data-start=\"2139\" data-end=\"2228\">\n<p data-start=\"2141\" data-end=\"2228\">Mo\u017eno vypi\u0165 naraz, ale pre lep\u0161ie vstreb\u00e1vanie je vhodn\u00e9 rozdeli\u0165 do viacer\u00fdch d\u00e1vok.<\/p>\n<\/li>\n<li data-start=\"2229\" data-end=\"2282\">\n<p data-start=\"2231\" data-end=\"2282\">Po rozpusten\u00ed je potrebn\u00e9 skonzumova\u0165 do 8 hod\u00edn.<\/p>\n<\/li>\n<li data-start=\"2283\" data-end=\"2364\">\n<p data-start=\"2285\" data-end=\"2364\">Odpor\u00fa\u010dame pripravi\u0165 2 d\u00e1vky denne (r\u00e1no a popoludn\u00ed), ka\u017ed\u00fa z 2,5 ml pr\u00e1\u0161ku.<\/p>\n<\/li>\n<\/ul>\n<h2 data-start=\"2371\" data-end=\"2395\"><strong data-start=\"2374\" data-end=\"2395\">\u010eal\u0161ie inform\u00e1cie<\/strong><\/h2>\n<p data-start=\"2396\" data-end=\"2545\">Z produktu bol vyraden\u00fd <strong data-start=\"2420\" data-end=\"2430\">chol\u00edn<\/strong>, ke\u010f\u017ee pod\u013ea sk\u00fasenost\u00ed a nov\u00fdch vedeck\u00fdch poznatkov je optim\u00e1lna forma a sp\u00f4sob dop\u013a\u0148ania chol\u00ednu individu\u00e1lny.<\/p>\n<ul data-start=\"2546\" data-end=\"2835\">\n<li data-start=\"2546\" data-end=\"2626\">\n<p data-start=\"2548\" data-end=\"2626\">Niekomu viac vyhovuje <strong data-start=\"2570\" data-end=\"2581\">lecit\u00edn<\/strong>, in\u00e9mu <strong data-start=\"2589\" data-end=\"2607\">chol\u00ednov\u00e9 soli<\/strong> alebo in\u00e9 formy.<\/p>\n<\/li>\n<li data-start=\"2627\" data-end=\"2835\">\n<p data-start=\"2629\" data-end=\"2835\">Pri dostato\u010dnej konzum\u00e1cii <strong data-start=\"2656\" data-end=\"2694\">quinoi, vaje\u010dn\u00fdch \u017e\u013atkov \u010di pe\u010dene<\/strong> m\u00f4\u017ee by\u0165 jeho suplement\u00e1cia dokonca zbyto\u010dn\u00e1.<br data-start=\"2740\" data-end=\"2743\" \/>Viac inform\u00e1ci\u00ed o chol\u00edne a individu\u00e1lnych potreb\u00e1ch n\u00e1jdete na str\u00e1nke: <strong data-start=\"2816\" data-end=\"2832\">kolin.gal.hu<\/strong>.<\/p>\n<\/li>\n<\/ul>\n<p data-start=\"2837\" data-end=\"2996\">Ak by ste sa radi dozvedeli viac o vlastnostiach pou\u017eit\u00fdch surov\u00edn a ich vedeckom pozad\u00ed, n\u00e1jdete to v sekcii <strong data-start=\"2947\" data-end=\"2968\">\u201eVedeck\u00e9 pozadie\u201c<\/strong> na na\u0161ej webovej str\u00e1nke.<\/p>\n<h2 data-start=\"3003\" data-end=\"3021\"><strong data-start=\"3006\" data-end=\"3021\">Upozornenia<\/strong><\/h2>\n<ul data-start=\"3022\" data-end=\"3179\">\n<li data-start=\"3022\" data-end=\"3063\">\n<p data-start=\"3024\" data-end=\"3063\">Do not exceed the recommended daily dose!<\/p>\n<\/li>\n<li data-start=\"3064\" data-end=\"3145\">\n<p data-start=\"3066\" data-end=\"3145\">A dietary supplement is not a substitute for a varied and balanced diet or a healthy lifestyle.<\/p>\n<\/li>\n<li data-start=\"3146\" data-end=\"3179\">\n<p data-start=\"3148\" data-end=\"3179\">Uchov\u00e1vajte mimo dosahu det\u00ed.<\/p>\n<\/li>\n<\/ul>","protected":false},"excerpt":{"rendered":"<p>N\u00e1\u0161 produkt GAL+ Babav\u00e1r\u00f3\u00ae sme vyvinuli na z\u00e1klade najnov\u0161\u00edch vedeck\u00fdch poznatkov, s d\u00f4razom na prirodzenos\u0165 a realistick\u00e9 denn\u00e9 d\u00e1vky. Obsahuje v\u0161etky vitam\u00edny, miner\u00e1ly a stopov\u00e9 prvky v ide\u00e1lnej forme, mno\u017estve a pomere, podobne ako by sme ich z\u00edskavali z pestrej a v\u00fd\u017eivnej stravy. Tam, kde je to vhodn\u00e9, vitam\u00edny a miner\u00e1ly poch\u00e1dzaj\u00fa \u010diasto\u010dne z organick\u00e9ho [&hellip;]<\/p>","protected":false},"featured_media":10054,"comment_status":"open","ping_status":"closed","template":"","meta":{"inline_featured_image":false},"product_brand":[113],"product_cat":[69],"product_tag":[],"class_list":{"0":"post-9010","1":"product","2":"type-product","3":"status-publish","4":"has-post-thumbnail","6":"product_brand-gal","7":"product_cat-vyzivove-doplnky","9":"first","10":"instock","11":"taxable","12":"shipping-taxable","13":"purchasable","14":"product-type-simple"},"aioseo_notices":[],"_links":{"self":[{"href":"https:\/\/www.biokari.sk\/en\/wp-json\/wp\/v2\/product\/9010","targetHints":{"allow":["GET"]}}],"collection":[{"href":"https:\/\/www.biokari.sk\/en\/wp-json\/wp\/v2\/product"}],"about":[{"href":"https:\/\/www.biokari.sk\/en\/wp-json\/wp\/v2\/types\/product"}],"replies":[{"embeddable":true,"href":"https:\/\/www.biokari.sk\/en\/wp-json\/wp\/v2\/comments?post=9010"}],"wp:featuredmedia":[{"embeddable":true,"href":"https:\/\/www.biokari.sk\/en\/wp-json\/wp\/v2\/media\/10054"}],"wp:attachment":[{"href":"https:\/\/www.biokari.sk\/en\/wp-json\/wp\/v2\/media?parent=9010"}],"wp:term":[{"taxonomy":"product_brand","embeddable":true,"href":"https:\/\/www.biokari.sk\/en\/wp-json\/wp\/v2\/product_brand?post=9010"},{"taxonomy":"product_cat","embeddable":true,"href":"https:\/\/www.biokari.sk\/en\/wp-json\/wp\/v2\/product_cat?post=9010"},{"taxonomy":"product_tag","embeddable":true,"href":"https:\/\/www.biokari.sk\/en\/wp-json\/wp\/v2\/product_tag?post=9010"}],"curies":[{"name":"wp","href":"https:\/\/api.w.org\/{rel}","templated":true}]}}