{"id":9014,"date":"2025-07-01T14:37:05","date_gmt":"2025-07-01T12:37:05","guid":{"rendered":"https:\/\/www.biokari.sk\/produkt\/dia-wellness-orieskovy-krem-380g\/"},"modified":"2026-04-11T19:02:36","modified_gmt":"2026-04-11T17:02:36","slug":"dia-wellness-orieskovy-krem-380g","status":"publish","type":"product","link":"https:\/\/www.biokari.sk\/en\/product\/dia-wellness-orieskovy-krem-380g\/","title":{"rendered":"Dia-wellness Orie\u0161kov\u00fd kr\u00e9m 380g"},"content":{"rendered":"<p data-start=\"87\" data-end=\"136\"><strong data-start=\"87\" data-end=\"134\">Bohat\u00e9 na vl\u00e1kninu! Vyroben\u00e9 so sladidlami.<\/strong><\/p>\n<p data-start=\"138\" data-end=\"190\">Hmotnos\u0165: 380 g, sklenen\u00fd poh\u00e1r s kovov\u00fdm vie\u010dkom.<\/p>\n<p data-start=\"192\" data-end=\"368\">Konzum\u00e1cia potrav\u00edn obsahuj\u00facich maltitol a sukral\u00f3zu namiesto cukru sp\u00f4sobuje po ich konzum\u00e1cii men\u0161\u00ed n\u00e1rast hladiny cukru v krvi ako konzum\u00e1cia potrav\u00edn obsahuj\u00facich cukor.<\/p>\n<p data-start=\"370\" data-end=\"454\">Dbajte na vyv\u00e1\u017een\u00fa a pestr\u00fa stravu. Nadmern\u00e1 konzum\u00e1cia m\u00f4\u017ee ma\u0165 laxat\u00edvne \u00fa\u010dinky.<\/p>\n<h3 data-start=\"461\" data-end=\"477\"><strong data-start=\"465\" data-end=\"477\">Composition<\/strong><\/h3>\n<p data-start=\"478\" data-end=\"719\">rastlinn\u00e9 oleje a tuky (palma, shea, slne\u010dnica), vl\u00e1knina: \u010dakanka, kukurica, sladidl\u00e1: maltitol, sukral\u00f3za; ara\u0161idov\u00e1 pasta 10,4 %, kakaov\u00fd pr\u00e1\u0161ok so zv\u00fd\u0161en\u00fdm obsahom tuku 7 %, mlie\u010dna bielkovina, ar\u00f3ma, emulg\u00e1tory: E322 (s\u00f3ja), E476, so\u013e<\/p>\n<h3 data-start=\"726\" data-end=\"776\"><strong data-start=\"730\" data-end=\"776\">Priemern\u00e9 v\u00fd\u017eivov\u00e9 hodnoty v 100 g v\u00fdrobku<\/strong><\/h3>\n<ul data-start=\"777\" data-end=\"995\">\n<li data-start=\"777\" data-end=\"808\">\n<p data-start=\"779\" data-end=\"808\">Energia: 2107 kJ \/ 504 kcal<\/p>\n<\/li>\n<li data-start=\"809\" data-end=\"867\">\n<p data-start=\"811\" data-end=\"867\">Tuky: 42,3 g<br data-start=\"823\" data-end=\"826\" \/>z toho nas\u00fdten\u00e9 mastn\u00e9 kyseliny: 28,1 g<\/p>\n<\/li>\n<li data-start=\"868\" data-end=\"936\">\n<p data-start=\"870\" data-end=\"936\">Sacharidy: 24,4 g<br data-start=\"887\" data-end=\"890\" \/>z toho cukry: 3,0 g<br data-start=\"909\" data-end=\"912\" \/>z toho polyoly: 19,9 g<\/p>\n<\/li>\n<li data-start=\"937\" data-end=\"957\">\n<p data-start=\"939\" data-end=\"957\">Vl\u00e1knina: 19,6 g<\/p>\n<\/li>\n<li data-start=\"958\" data-end=\"979\">\n<p data-start=\"960\" data-end=\"979\">Bielkoviny: 3,7 g<\/p>\n<\/li>\n<li data-start=\"980\" data-end=\"995\">\n<p data-start=\"982\" data-end=\"995\">So\u013e: 0,08 g<\/p>\n<\/li>\n<\/ul>\n<h3 data-start=\"1002\" data-end=\"1018\"><strong data-start=\"1006\" data-end=\"1018\">Alerg\u00e9ny<\/strong><\/h3>\n<p data-start=\"1019\" data-end=\"1042\">ara\u0161idy, mlieko, s\u00f3ja<\/p>\n<p data-start=\"1049\" data-end=\"1229\"><strong data-start=\"1049\" data-end=\"1227\">Konzum\u00e1cia potrav\u00edn obsahuj\u00facich maltitol a sukral\u00f3zu namiesto cukru sp\u00f4sobuje po ich konzum\u00e1cii men\u0161\u00ed n\u00e1rast hladiny cukru v krvi ako konzum\u00e1cia potrav\u00edn obsahuj\u00facich cukor.<\/strong><\/p>\n<p data-start=\"1231\" data-end=\"1317\">Dbajte na vyv\u00e1\u017een\u00fa a pestr\u00fa stravu!<br data-start=\"1266\" data-end=\"1269\" \/>Nadmern\u00e1 konzum\u00e1cia m\u00f4\u017ee ma\u0165 laxat\u00edvne \u00fa\u010dinky!<\/p>\n<h3 data-start=\"1324\" data-end=\"1343\"><strong data-start=\"1328\" data-end=\"1343\">Storage<\/strong><\/h3>\n<p data-start=\"1344\" data-end=\"1529\">Skladujte na suchom a chladnom mieste, chr\u00e1nenom pred slne\u010dn\u00fdm \u017eiaren\u00edm, pri teplote do 21 \u00b0C.<br data-start=\"1438\" data-end=\"1441\" \/>Po otvoren\u00ed uchov\u00e1vajte na suchom a chladnom mieste, chr\u00e1nenom pred slne\u010dn\u00fdm \u017eiaren\u00edm.<\/p>","protected":false},"excerpt":{"rendered":"<p>Bohat\u00e9 na vl\u00e1kninu! Vyroben\u00e9 so sladidlami. Hmotnos\u0165: 380 g, sklenen\u00fd poh\u00e1r s kovov\u00fdm vie\u010dkom. Konzum\u00e1cia potrav\u00edn obsahuj\u00facich maltitol a sukral\u00f3zu namiesto cukru sp\u00f4sobuje po ich konzum\u00e1cii men\u0161\u00ed n\u00e1rast hladiny cukru v krvi ako konzum\u00e1cia potrav\u00edn obsahuj\u00facich cukor. Dbajte na vyv\u00e1\u017een\u00fa a pestr\u00fa stravu. Nadmern\u00e1 konzum\u00e1cia m\u00f4\u017ee ma\u0165 laxat\u00edvne \u00fa\u010dinky. Zlo\u017eenie rastlinn\u00e9 oleje a tuky (palma, [&hellip;]<\/p>","protected":false},"featured_media":10053,"comment_status":"open","ping_status":"closed","template":"","meta":{"inline_featured_image":false},"product_brand":[],"product_cat":[71],"product_tag":[],"class_list":{"0":"post-9014","1":"product","2":"type-product","3":"status-publish","4":"has-post-thumbnail","6":"product_cat-potraviny","8":"first","9":"instock","10":"taxable","11":"shipping-taxable","12":"purchasable","13":"product-type-simple"},"aioseo_notices":[],"_links":{"self":[{"href":"https:\/\/www.biokari.sk\/en\/wp-json\/wp\/v2\/product\/9014","targetHints":{"allow":["GET"]}}],"collection":[{"href":"https:\/\/www.biokari.sk\/en\/wp-json\/wp\/v2\/product"}],"about":[{"href":"https:\/\/www.biokari.sk\/en\/wp-json\/wp\/v2\/types\/product"}],"replies":[{"embeddable":true,"href":"https:\/\/www.biokari.sk\/en\/wp-json\/wp\/v2\/comments?post=9014"}],"wp:featuredmedia":[{"embeddable":true,"href":"https:\/\/www.biokari.sk\/en\/wp-json\/wp\/v2\/media\/10053"}],"wp:attachment":[{"href":"https:\/\/www.biokari.sk\/en\/wp-json\/wp\/v2\/media?parent=9014"}],"wp:term":[{"taxonomy":"product_brand","embeddable":true,"href":"https:\/\/www.biokari.sk\/en\/wp-json\/wp\/v2\/product_brand?post=9014"},{"taxonomy":"product_cat","embeddable":true,"href":"https:\/\/www.biokari.sk\/en\/wp-json\/wp\/v2\/product_cat?post=9014"},{"taxonomy":"product_tag","embeddable":true,"href":"https:\/\/www.biokari.sk\/en\/wp-json\/wp\/v2\/product_tag?post=9014"}],"curies":[{"name":"wp","href":"https:\/\/api.w.org\/{rel}","templated":true}]}}