{"id":9018,"date":"2025-07-01T14:37:06","date_gmt":"2025-07-01T12:37:06","guid":{"rendered":"https:\/\/www.biokari.sk\/produkt\/gal-jod-komplex-kvapky-100ml\/"},"modified":"2026-04-02T19:03:27","modified_gmt":"2026-04-02T17:03:27","slug":"gal-jod-komplex-kvapky-100ml","status":"publish","type":"product","link":"https:\/\/www.biokari.sk\/en\/product\/gal-jod-komplex-kvapky-100ml\/","title":{"rendered":"Gal J\u00f3d komplex &#8211; kvapky 100ml"},"content":{"rendered":"<p data-start=\"102\" data-end=\"402\"><strong data-start=\"102\" data-end=\"217\">J\u00f3d je jednou zo zlo\u017eiek horm\u00f3nov produkovan\u00fdch \u0161t\u00edtnou \u017e\u013eazou, preto je nevyhnutn\u00fd pre jej spr\u00e1vne fungovanie.<\/strong><br data-start=\"217\" data-end=\"220\" \/>Ide o \u017eivotne d\u00f4le\u017eit\u00fd miner\u00e1l, ktor\u00fd sa podie\u013ea aj na procesoch energetick\u00e9ho metabolizmu.<br data-start=\"311\" data-end=\"314\" \/>Pri autoimunitn\u00fdch ochoreniach \u0161t\u00edtnej \u017e\u013eazy je u\u017e\u00edvanie j\u00f3du vysoko kontraindikovan\u00e9.<\/p>\n<p data-start=\"482\" data-end=\"947\">J\u00f3d je esenci\u00e1lny stopov\u00fd prvok nevyhnutn\u00fd pre \u010dloveka, pri\u010dom organizmus potrebuje jeho dve formy: jodid a element\u00e1rny j\u00f3d.<br data-start=\"606\" data-end=\"609\" \/>Najlep\u0161ie pr\u00edrodn\u00e9 aj syntetick\u00e9 zdroje j\u00f3du obsahuj\u00fa obe formy, av\u0161ak element\u00e1rny j\u00f3d m\u00e1 pre mnoh\u00fdch nepr\u00edjemn\u00fa chu\u0165 a z\u00e1pach a navy\u0161e je ve\u013emi prchav\u00fd. Tento komplex sme preto vytvorili tak, \u017ee v z\u00e1kladnom stave element\u00e1rny j\u00f3d neobsahuje \u2013 uvo\u013en\u00ed sa a\u017e po kontakte so \u017eal\u00fado\u010dnou kyselinou. Jodid ost\u00e1va pr\u00edtomn\u00fd aj po tejto premenne.<\/p>\n<p data-start=\"949\" data-end=\"1083\"><strong data-start=\"952\" data-end=\"983\">Upozornenie pri kombin\u00e1cii: <\/strong>Ak u\u017e\u00edvate vitam\u00edn C alebo acetylcyste\u00edn, u\u017e\u00edvajte oddelene, minim\u00e1lne s polhodinov\u00fdm odstupom!<\/p>\n<p data-start=\"1085\" data-end=\"1132\"><strong data-start=\"1085\" data-end=\"1130\">Obsah \u00fa\u010dinnej l\u00e1tky v 1 d\u00e1vke (1 kvapka):<\/strong><\/p>\n<ul data-start=\"1133\" data-end=\"1197\">\n<li data-start=\"1133\" data-end=\"1197\">\n<p data-start=\"1135\" data-end=\"1197\">J\u00f3d (z jodidu draseln\u00e9ho a jodi\u010dnanu draseln\u00e9ho): <strong data-start=\"1185\" data-end=\"1195\">600 \u03bcg<\/strong><\/p>\n<\/li>\n<\/ul>\n<p data-start=\"1199\" data-end=\"1244\"><strong data-start=\"1199\" data-end=\"1211\">Packaging:<\/strong> 100 ml = pribli\u017ene 2000 d\u00e1vok.<\/p>\n<p data-start=\"1246\" data-end=\"1318\"><strong data-start=\"1246\" data-end=\"1259\">Composition:<\/strong> jodid draseln\u00fd, jodi\u010dnan draseln\u00fd, s\u00f3da bikarb\u00f3na, voda.<\/p>\n<p data-start=\"1320\" data-end=\"1453\"><strong data-start=\"1320\" data-end=\"1346\">Recommended dosage: <\/strong>1 kvapka denne. Najlep\u0161ie pred alebo po\u010das jedla, po prv\u00fdch 1\u20132 s\u00fastach, nakvapkan\u00e9 do poh\u00e1ra s vodou.<\/p>\n<p data-start=\"1455\" data-end=\"1477\"><strong data-start=\"1455\" data-end=\"1475\">Contraindications: <\/strong>auton\u00f3mne hormon\u00e1lne produkuj\u00face tkanivo v \u0161t\u00edtnej \u017e\u013eaze (patologick\u00e9 uzly) alebo vo vaje\u010dn\u00edkoch, n\u00edzky pr\u00edjem sel\u00e9nu.<\/p>","protected":false},"excerpt":{"rendered":"<p>J\u00f3d je jednou zo zlo\u017eiek horm\u00f3nov produkovan\u00fdch \u0161t\u00edtnou \u017e\u013eazou, preto je nevyhnutn\u00fd pre jej spr\u00e1vne fungovanie.Ide o \u017eivotne d\u00f4le\u017eit\u00fd miner\u00e1l, ktor\u00fd sa podie\u013ea aj na procesoch energetick\u00e9ho metabolizmu.Pri autoimunitn\u00fdch ochoreniach \u0161t\u00edtnej \u017e\u013eazy je u\u017e\u00edvanie j\u00f3du vysoko kontraindikovan\u00e9. J\u00f3d je esenci\u00e1lny stopov\u00fd prvok nevyhnutn\u00fd pre \u010dloveka, pri\u010dom organizmus potrebuje jeho dve formy: jodid a element\u00e1rny j\u00f3d.Najlep\u0161ie [&hellip;]<\/p>","protected":false},"featured_media":10050,"comment_status":"open","ping_status":"closed","template":"","meta":{"inline_featured_image":false},"product_brand":[113],"product_cat":[69],"product_tag":[],"class_list":{"0":"post-9018","1":"product","2":"type-product","3":"status-publish","4":"has-post-thumbnail","6":"product_brand-gal","7":"product_cat-vyzivove-doplnky","9":"first","10":"instock","11":"taxable","12":"shipping-taxable","13":"purchasable","14":"product-type-simple"},"aioseo_notices":[],"_links":{"self":[{"href":"https:\/\/www.biokari.sk\/en\/wp-json\/wp\/v2\/product\/9018","targetHints":{"allow":["GET"]}}],"collection":[{"href":"https:\/\/www.biokari.sk\/en\/wp-json\/wp\/v2\/product"}],"about":[{"href":"https:\/\/www.biokari.sk\/en\/wp-json\/wp\/v2\/types\/product"}],"replies":[{"embeddable":true,"href":"https:\/\/www.biokari.sk\/en\/wp-json\/wp\/v2\/comments?post=9018"}],"wp:featuredmedia":[{"embeddable":true,"href":"https:\/\/www.biokari.sk\/en\/wp-json\/wp\/v2\/media\/10050"}],"wp:attachment":[{"href":"https:\/\/www.biokari.sk\/en\/wp-json\/wp\/v2\/media?parent=9018"}],"wp:term":[{"taxonomy":"product_brand","embeddable":true,"href":"https:\/\/www.biokari.sk\/en\/wp-json\/wp\/v2\/product_brand?post=9018"},{"taxonomy":"product_cat","embeddable":true,"href":"https:\/\/www.biokari.sk\/en\/wp-json\/wp\/v2\/product_cat?post=9018"},{"taxonomy":"product_tag","embeddable":true,"href":"https:\/\/www.biokari.sk\/en\/wp-json\/wp\/v2\/product_tag?post=9018"}],"curies":[{"name":"wp","href":"https:\/\/api.w.org\/{rel}","templated":true}]}}