{"id":9024,"date":"2025-07-01T14:37:07","date_gmt":"2025-07-01T12:37:07","guid":{"rendered":"https:\/\/www.biokari.sk\/produkt\/dia-wellness-ribezlovy-lekvar-380g\/"},"modified":"2026-04-30T19:01:24","modified_gmt":"2026-04-30T17:01:24","slug":"dia-wellness-ribezlovy-lekvar-380g","status":"publish","type":"product","link":"https:\/\/www.biokari.sk\/en\/product\/dia-wellness-ribezlovy-lekvar-380g\/","title":{"rendered":"Dia-Wellness R\u00edbezlov\u00fd lekv\u00e1r 380g"},"content":{"rendered":"<p data-start=\"81\" data-end=\"300\"><strong data-start=\"81\" data-end=\"94\">Composition:<\/strong> \u010derven\u00fd r\u00edbez\u013eov\u00fd plod (50 %), pr\u00edrodn\u00fd sirup z ovocia, inul\u00edn, zahus\u0165ovadlo: polydextr\u00f3za, oligofrukt\u00f3za, zahus\u0165ovadlo: pekt\u00edn, kyselina: kyselina citr\u00f3nov\u00e1, ar\u00f3my, farbivo: karm\u00ednov\u00e1 \u010derve\u0148, vitam\u00edn C.<\/p>\n<p data-start=\"302\" data-end=\"331\"><strong data-start=\"302\" data-end=\"323\">Package weight:<\/strong> 380 g<\/p>\n<p data-start=\"333\" data-end=\"567\"><strong data-start=\"333\" data-end=\"381\">Average nutritional values per 100 g of product:<\/strong><br data-start=\"381\" data-end=\"384\" \/>Energia: 374 kJ \/ 89 kcal<br data-start=\"409\" data-end=\"412\" \/>Tuky: 0,1 g<br data-start=\"423\" data-end=\"426\" \/>\u2013 z toho nas\u00fdten\u00e9 mastn\u00e9 kyseliny: 0,01 g<br data-start=\"467\" data-end=\"470\" \/>Sacharidy: 21,0 g<br data-start=\"487\" data-end=\"490\" \/>\u2013 z toho cukry: 19,0 g<br data-start=\"512\" data-end=\"515\" \/>Vl\u00e1knina: 19,0 g<br data-start=\"531\" data-end=\"534\" \/>Bielkoviny: 0,3 g<br data-start=\"551\" data-end=\"554\" \/>So\u013e: 0,06 g<\/p>","protected":false},"excerpt":{"rendered":"<p>Zlo\u017eenie: \u010derven\u00fd r\u00edbez\u013eov\u00fd plod (50 %), pr\u00edrodn\u00fd sirup z ovocia, inul\u00edn, zahus\u0165ovadlo: polydextr\u00f3za, oligofrukt\u00f3za, zahus\u0165ovadlo: pekt\u00edn, kyselina: kyselina citr\u00f3nov\u00e1, ar\u00f3my, farbivo: karm\u00ednov\u00e1 \u010derve\u0148, vitam\u00edn C. Hmotnos\u0165 balenia: 380 g Priemern\u00e9 v\u00fd\u017eivov\u00e9 hodnoty na 100 g v\u00fdrobku:Energia: 374 kJ \/ 89 kcalTuky: 0,1 g\u2013 z toho nas\u00fdten\u00e9 mastn\u00e9 kyseliny: 0,01 gSacharidy: 21,0 g\u2013 z toho cukry: [&hellip;]<\/p>","protected":false},"featured_media":10043,"comment_status":"open","ping_status":"closed","template":"","meta":{"inline_featured_image":false},"product_brand":[],"product_cat":[71],"product_tag":[],"class_list":{"0":"post-9024","1":"product","2":"type-product","3":"status-publish","4":"has-post-thumbnail","6":"product_cat-potraviny","8":"first","9":"instock","10":"taxable","11":"shipping-taxable","12":"purchasable","13":"product-type-simple"},"aioseo_notices":[],"_links":{"self":[{"href":"https:\/\/www.biokari.sk\/en\/wp-json\/wp\/v2\/product\/9024","targetHints":{"allow":["GET"]}}],"collection":[{"href":"https:\/\/www.biokari.sk\/en\/wp-json\/wp\/v2\/product"}],"about":[{"href":"https:\/\/www.biokari.sk\/en\/wp-json\/wp\/v2\/types\/product"}],"replies":[{"embeddable":true,"href":"https:\/\/www.biokari.sk\/en\/wp-json\/wp\/v2\/comments?post=9024"}],"wp:featuredmedia":[{"embeddable":true,"href":"https:\/\/www.biokari.sk\/en\/wp-json\/wp\/v2\/media\/10043"}],"wp:attachment":[{"href":"https:\/\/www.biokari.sk\/en\/wp-json\/wp\/v2\/media?parent=9024"}],"wp:term":[{"taxonomy":"product_brand","embeddable":true,"href":"https:\/\/www.biokari.sk\/en\/wp-json\/wp\/v2\/product_brand?post=9024"},{"taxonomy":"product_cat","embeddable":true,"href":"https:\/\/www.biokari.sk\/en\/wp-json\/wp\/v2\/product_cat?post=9024"},{"taxonomy":"product_tag","embeddable":true,"href":"https:\/\/www.biokari.sk\/en\/wp-json\/wp\/v2\/product_tag?post=9024"}],"curies":[{"name":"wp","href":"https:\/\/api.w.org\/{rel}","templated":true}]}}