{"id":9026,"date":"2025-07-01T14:37:07","date_gmt":"2025-07-01T12:37:07","guid":{"rendered":"https:\/\/www.biokari.sk\/produkt\/gal-titok-multivitamin-a-ryby-kolagen-prasok-30-davok\/"},"modified":"2026-04-26T19:01:52","modified_gmt":"2026-04-26T17:01:52","slug":"gal-titok-multivitamin-a-ryby-kolagen-prasok-30-davok","status":"publish","type":"product","link":"https:\/\/www.biokari.sk\/en\/product\/gal-titok-multivitamin-a-ryby-kolagen-prasok-30-davok\/","title":{"rendered":"Gal Titok Multivitam\u00edn a ryb\u00fd kolag\u00e9n pr\u00e1\u0161ok 30 d\u00e1vok"},"content":{"rendered":"<p data-start=\"180\" data-end=\"310\"><strong data-start=\"180\" data-end=\"308\">Dvojica na\u0161ich produktov tvor\u00ed komplexn\u00e9 rie\u0161enie, ktor\u00fdm m\u00f4\u017eete posilni\u0165 svoj organizmus, chr\u00e1ni\u0165 zdravie a podpori\u0165 kr\u00e1su.<\/strong><\/p>\n<p data-start=\"312\" data-end=\"469\">Produkt, ktor\u00fd dr\u017e\u00edte v ruk\u00e1ch, sa usiluje v ka\u017edom detaile splni\u0165 d\u00f4veru, ktor\u00fa prejavujeme v\u017edy, ke\u010f vyber\u00e1me v\u00fd\u017eivu pre seba alebo pre svojich bl\u00edzkych.<\/p>\n<p data-start=\"471\" data-end=\"1232\"><strong data-start=\"471\" data-end=\"493\">TITOK Multivitam\u00edn<\/strong> bol vyvinut\u00fd na z\u00e1klade najnov\u0161\u00edch, no z\u00e1rove\u0148 trv\u00e1cnych vedeck\u00fdch poznatkov. Harm\u00f3niu jeho zlo\u017eenia sme dosiahli iba t\u00fdm, \u017ee sme nepo\u013eavili v prirodzenosti a \u017eivotaschopnosti \u2013 zachovali sme ide\u00e1lne formy, mno\u017estv\u00e1 a pomery vitam\u00ednov, miner\u00e1lnych l\u00e1tok a stopov\u00fdch prvkov, ak\u00e9 sa nach\u00e1dzaj\u00fa v hodnotn\u00fdch potravin\u00e1ch.<br data-start=\"811\" data-end=\"814\" \/>Produkt podporuje kr\u00e1su cel\u00fdm svojim zlo\u017een\u00edm, obsahuje \u017eiviny pre poko\u017eku a k\u013aby, kyselinu hyalur\u00f3nov\u00fa, MSM a vy\u0161\u0161\u00ed obsah krem\u00edka na podporu zdravia nechtov. Nevynechali sme ani jedine\u010dn\u00fd shilajit, odd\u00e1vna cenen\u00fd v indickej, tibetskej a in\u00fdch tradi\u010dn\u00fdch medic\u00ednach ako prostriedok na detoxik\u00e1ciu, posilnenie a omladenie. A tak ako v mnoh\u00fdch oblastiach \u017eivota, d\u00f4le\u017eit\u00e9 bolo aj tu, \u010do v produkte <strong data-start=\"1210\" data-end=\"1218\">nem\u00e1<\/strong> ma\u0165 miesto.<\/p>\n<p data-start=\"1234\" data-end=\"1992\"><strong data-start=\"1234\" data-end=\"1273\">TITOK Ryb\u00ed kolag\u00e9nov\u00e9 peptidy + MSM<\/strong> obsahuj\u00fa franc\u00fazsky Naticol\u00ae kolag\u00e9n z r\u00fdb. Vybrali sme predtr\u00e1ven\u00fa formu s priemernou ve\u013ekos\u0165ou peptidov pod 2000 Daltonov, ktor\u00e1 zabezpe\u010duje r\u00fdchlu a \u00fapln\u00fa vstrebate\u013enos\u0165. A\u017e 95 % kolag\u00e9nu v \u013eudskom tele (vr\u00e1tane kost\u00ed) tvor\u00ed kolag\u00e9n typu I \u2013 pr\u00e1ve tento typ je zast\u00fapen\u00fd v rybom kolag\u00e9ne, ktor\u00fd navy\u0161e neobsahuje Neu5Gc, a preto je vhodn\u00fd aj pre t\u00fdch, ktor\u00ed z d\u00f4vodu pr\u00edsnej autoimunitnej di\u00e9ty musia vyh\u00fdba\u0165 sa potravin\u00e1m zo cicavcov. Ryb\u00ed kolag\u00e9n priaznivo p\u00f4sob\u00ed na pru\u017enos\u0165 a hustotu kost\u00ed, podporuje hydrat\u00e1ciu a elasticitu poko\u017eky, zmier\u0148uje tvorbu vr\u00e1sok a prispieva k spomaleniu \u00fabytku svalovej hmoty i k\u013abovej tekutiny. K denn\u00e9mu pr\u00edjmu 250 mg multivitam\u00ednu sme v tomto n\u00e1poji pridali \u010fal\u0161\u00edch 750 mg MSM.<\/p>\n<p data-start=\"1994\" data-end=\"2164\"><strong data-start=\"1994\" data-end=\"2078\">Spolo\u010dn\u00e9 u\u017e\u00edvanie TITOK Multivitam\u00ednu a TITOK Ryb\u00edch kolag\u00e9nov\u00fdch peptidov + MSM<\/strong> prin\u00e1\u0161a vz\u00e1jomne sa dop\u013a\u0148aj\u00face a zosil\u0148uj\u00face \u00fa\u010dinky \u2013 spolo\u010dne pre kr\u00e1su a zdravie.<\/p>\n<p data-start=\"2166\" data-end=\"2541\"><strong data-start=\"2166\" data-end=\"2211\">Odpor\u00fa\u010dan\u00e9 pou\u017eitie \u2013 TITOK Multivitam\u00edn: <\/strong>Denn\u00e1 d\u00e1vka sa nach\u00e1dza v malom vrec\u00fa\u0161ku, ktor\u00e9 obsahuje 5 pr\u00e1\u0161kov\u00fdch kaps\u00fal a 1 olejov\u00fa kapsulu. U\u017e\u00edva\u0165 po\u010das jedla, ide\u00e1lne pri ra\u0148ajk\u00e1ch alebo obede (nie ve\u010der). V\u0161etky kapsuly je mo\u017en\u00e9 zapi\u0165 naraz, av\u0161ak odpor\u00fa\u010dame dve rovnak\u00e9 \u017elt\u00e9 kapsuly rozdeli\u0165 a u\u017ei\u0165 zvl\u00e1\u0161\u0165 pri dvoch jedl\u00e1ch, aby sa predi\u0161lo tr\u00e1viacemu diskomfortu.<\/p>\n<p data-start=\"2543\" data-end=\"2952\"><strong data-start=\"2543\" data-end=\"2605\">Odpor\u00fa\u010dan\u00e9 pou\u017eitie \u2013 TITOK Ryb\u00ed kolag\u00e9nov\u00e9 peptidy + MSM: <\/strong>Denn\u00e1 d\u00e1vka je 5,75 g (2 kopcovit\u00e9 \u010dajov\u00e9 ly\u017ei\u010dky), teda jedna tridsatina mesa\u010dn\u00e9ho balenia. D\u00e1vkovanie nie je pr\u00edsne \u2013 nevad\u00ed, ak niektor\u00fd de\u0148 prijmete trochu viac alebo menej. M\u00f4\u017eete ich rozpusti\u0165 v \u013eubovo\u013enej tekutine alebo prida\u0165 do rann\u00e9ho smoothie. Pred pou\u017eit\u00edm ob\u010das jemne pretrepte uzavret\u00e9 vrec\u00fa\u0161ko, aby sa zmes dokonale premie\u0161ala.<\/p>\n<p data-start=\"2954\" data-end=\"3120\"><strong data-start=\"2954\" data-end=\"2970\">Warning: <\/strong>Neprekra\u010dujte odpor\u00fa\u010dan\u00fa denn\u00fa d\u00e1vku! V\u00fd\u017eivov\u00fd doplnok nenahr\u00e1dza pestr\u00fa a vyv\u00e1\u017een\u00fa stravu ani zdrav\u00fd \u017eivotn\u00fd \u0161t\u00fdl. Uchov\u00e1vajte mimo dosahu det\u00ed.<\/p>\n\n\n<p><strong>TITOK Multivitamin Lipofil-essencia m\u00e4kk\u00e9 \u017eelat\u00ednov\u00e9 kapsuly (30 ks):<\/strong> extra panensk\u00fd olivov\u00fd olej, d-alfa-tokoferol a zmie\u0161an\u00e9 tokoferoly, extrakt z \u010derven\u00e9ho palmov\u00e9ho ovocia s certifik\u00e1tom MSPO, retinyl-palmit\u00e1t, extrakt zo \u0161alvie, fylochin\u00f3n, olivov\u00fd olej s obsahom 2 % menachin\u00f3nu-7, kolekalciferol; obal kapsuly (\u017eelat\u00edna, zvlh\u010dovadlo: glycerol, voda, karamel, sladidlo: steviol-glykozidy z extraktu listov st\u00e9vie, kry\u0161t\u00e1lov\u00fd vanil\u00edn).<\/p>\n\n\n\n<p><strong>TITOK Multivitamin Hydrofil-essencia tvrd\u00e9 \u017eelat\u00ednov\u00e9 kapsuly (60 ks):<\/strong> d-pantoten\u00e1t v\u00e1penat\u00fd, ak\u00e1ciov\u00e1 vl\u00e1knina ***, zinok-bisglycin\u00e1t, chr\u00f3mov\u00e9 (inakt\u00edvne) kvasnice, tiam\u00edn-mononitr\u00e1t, sel\u00e9nov\u00e9 (inakt\u00edvne) kvasnice, bio extrakt z bambusov\u00fdch v\u00fdhonkov, bio hned\u00e9 morsk\u00e9 riasy, tetraboritan sodn\u00fd, pyridoxal-5-fosf\u00e1t, riboflav\u00edn, pyridox\u00edn-hydrochlorid, tiam\u00edn-hydrochlorid, bio rastlinn\u00fd extrakt (matrica z extraktov plodov amla a guava, listov bazalky posv\u00e4tnej a kari, a extraktu citr\u00f3novej k\u00f4ry), me\u010f-bisglycin\u00e1t, bio extrakt zo semien hor\u010dice, extrakt z \u010dierneho korenia, me\u010f-glukon\u00e1t, biot\u00edn, metyl-L-fol\u00e1t v\u00e1penat\u00e1 so\u013e, metylkobalam\u00edn, molybd\u00e9nan sodn\u00fd, jodid draseln\u00fd, jodi\u010dnan draseln\u00fd; obal kapsuly (\u017eelat\u00edna).<\/p>\n\n\n\n<p><strong>TITOK C-komplex tvrd\u00e9 \u017eelat\u00ednov\u00e9 kapsuly (30 ks):<\/strong> L-askorbov\u00e1 kyselina (vitam\u00edn C), citrusov\u00fd bioflavonoidov\u00fd komplex, extrakt zo semien \u010derven\u00e9ho hrozna, extrakt z \u010dierneho korenia; obal kapsuly (\u017eelat\u00edna).<\/p>\n\n\n\n<p><strong>TITOK Hor\u010d\u00edk-bisglycin\u00e1t tvrd\u00e9 \u017eelat\u00ednov\u00e9 kapsuly (30 ks):<\/strong> hor\u010d\u00edk-bisglycin\u00e1t (\u201efully reacted\u201c); obal kapsuly (\u017eelat\u00edna).<\/p>\n\n\n\n<p><strong>TITOK Kr\u00e1sa tvrd\u00e9 \u017eelat\u00ednov\u00e9 kapsuly (30 ks):<\/strong> hyaluron\u00e1t sodn\u00fd, metylsulfonylmet\u00e1n (MSM), shilajit, bio extrakt z bambusov\u00fdch v\u00fdhonkov; obal kapsuly (\u017eelat\u00edna).<\/p>\n\n\n\n<p><strong>TITOK N\u00e1pojov\u00fd pr\u00e1\u0161ok (173 g):<\/strong> ryb\u00ed kolag\u00e9n, metylsulfonylmet\u00e1n (MSM).<\/p>","protected":false},"excerpt":{"rendered":"<p>Dvojica na\u0161ich produktov tvor\u00ed komplexn\u00e9 rie\u0161enie, ktor\u00fdm m\u00f4\u017eete posilni\u0165 svoj organizmus, chr\u00e1ni\u0165 zdravie a podpori\u0165 kr\u00e1su. Produkt, ktor\u00fd dr\u017e\u00edte v ruk\u00e1ch, sa usiluje v ka\u017edom detaile splni\u0165 d\u00f4veru, ktor\u00fa prejavujeme v\u017edy, ke\u010f vyber\u00e1me v\u00fd\u017eivu pre seba alebo pre svojich bl\u00edzkych. TITOK Multivitam\u00edn bol vyvinut\u00fd na z\u00e1klade najnov\u0161\u00edch, no z\u00e1rove\u0148 trv\u00e1cnych vedeck\u00fdch poznatkov. Harm\u00f3niu jeho zlo\u017eenia [&hellip;]<\/p>","protected":false},"featured_media":10042,"comment_status":"open","ping_status":"closed","template":"","meta":{"inline_featured_image":false},"product_brand":[113],"product_cat":[69,146,140],"product_tag":[],"class_list":{"0":"post-9026","1":"product","2":"type-product","3":"status-publish","4":"has-post-thumbnail","6":"product_brand-gal","7":"product_cat-vyzivove-doplnky","8":"product_cat-klby-a-reuma","9":"product_cat-posilnenie-imunity","11":"first","12":"onbackorder","13":"taxable","14":"shipping-taxable","15":"purchasable","16":"product-type-simple"},"aioseo_notices":[],"_links":{"self":[{"href":"https:\/\/www.biokari.sk\/en\/wp-json\/wp\/v2\/product\/9026","targetHints":{"allow":["GET"]}}],"collection":[{"href":"https:\/\/www.biokari.sk\/en\/wp-json\/wp\/v2\/product"}],"about":[{"href":"https:\/\/www.biokari.sk\/en\/wp-json\/wp\/v2\/types\/product"}],"replies":[{"embeddable":true,"href":"https:\/\/www.biokari.sk\/en\/wp-json\/wp\/v2\/comments?post=9026"}],"wp:featuredmedia":[{"embeddable":true,"href":"https:\/\/www.biokari.sk\/en\/wp-json\/wp\/v2\/media\/10042"}],"wp:attachment":[{"href":"https:\/\/www.biokari.sk\/en\/wp-json\/wp\/v2\/media?parent=9026"}],"wp:term":[{"taxonomy":"product_brand","embeddable":true,"href":"https:\/\/www.biokari.sk\/en\/wp-json\/wp\/v2\/product_brand?post=9026"},{"taxonomy":"product_cat","embeddable":true,"href":"https:\/\/www.biokari.sk\/en\/wp-json\/wp\/v2\/product_cat?post=9026"},{"taxonomy":"product_tag","embeddable":true,"href":"https:\/\/www.biokari.sk\/en\/wp-json\/wp\/v2\/product_tag?post=9026"}],"curies":[{"name":"wp","href":"https:\/\/api.w.org\/{rel}","templated":true}]}}