{"id":9034,"date":"2025-07-01T14:37:09","date_gmt":"2025-07-01T12:37:09","guid":{"rendered":"https:\/\/www.biokari.sk\/produkt\/natur-tanya-gambe-slim-tekutiny-500ml\/"},"modified":"2026-04-20T19:01:59","modified_gmt":"2026-04-20T17:01:59","slug":"natur-tanya-gambe-slim-tekutiny-500ml","status":"publish","type":"product","link":"https:\/\/www.biokari.sk\/en\/product\/natur-tanya-gambe-slim-tekutiny-500ml\/","title":{"rendered":"Natur tanya Gambe slim tekutiny 500ml"},"content":{"rendered":"<p data-start=\"64\" data-end=\"423\"><strong data-start=\"64\" data-end=\"95\">Gambe Slim\u00ae bylinn\u00fd extrakt<\/strong> obsahuje <strong data-start=\"105\" data-end=\"125\">1500 mg kolag\u00e9nu<\/strong> na posilnenie spojivov\u00e9ho tkaniva a byliny na spevnenie cievnych stien, podporu krvn\u00e9ho a lymfatick\u00e9ho obehu. Pri vyv\u00e1\u017eenej strave a zdravom \u017eivotnom \u0161t\u00fdle m\u00f4\u017ee tento doplnok pom\u00f4c\u0165 pri probl\u00e9moch s k\u0155\u010dov\u00fdmi \u017eilami, metli\u010dkov\u00fdmi \u017eilkami, opuchmi n\u00f4h a pri celulit\u00edde sp\u00f4sobenej stagn\u00e1ciou lymfy.<\/p>\n<p data-start=\"425\" data-end=\"605\">Pri k\u00fare (minim\u00e1lne 60 dn\u00ed, maxim\u00e1lne 120 dn\u00ed) zlo\u017eky <strong data-start=\"479\" data-end=\"512\">n\u00e1sobne zvy\u0161uj\u00fa prietok lymfy<\/strong>, prispievaj\u00fa k stimul\u00e1cii krvn\u00e9ho obehu, k spevneniu cievnych stien a spojivov\u00e9ho tkaniva.<\/p>\n<p data-start=\"607\" data-end=\"720\">Pr\u00edpravok sa odpor\u00fa\u010da aj ako doplnok reduk\u010dnej di\u00e9ty zameranej na zn\u00ed\u017eenie obvodu stehien a formovanie postavy.<\/p>\n<p data-start=\"722\" data-end=\"739\"><strong data-start=\"722\" data-end=\"737\">Vedeli ste?<\/strong><\/p>\n<ul data-start=\"740\" data-end=\"1296\">\n<li data-start=\"740\" data-end=\"839\">\n<p data-start=\"742\" data-end=\"839\">Nedostato\u010dn\u00fd lymfatick\u00fd obeh a z neho vypl\u00fdvaj\u00faca celulit\u00edda postihuje pribli\u017ene polovicu \u017eien.<\/p>\n<\/li>\n<li data-start=\"840\" data-end=\"981\">\n<p data-start=\"842\" data-end=\"981\">Pri nadv\u00e1he maj\u00fa nohy, stehn\u00e1 a dokonca aj kolen\u00e1 sklon k \u201est\u013apovitosti\u201c, \u010do m\u00f4\u017ee vies\u0165 nielen k estetick\u00fdm, ale aj zdravotn\u00fdm probl\u00e9mom.<\/p>\n<\/li>\n<li data-start=\"982\" data-end=\"1070\">\n<p data-start=\"984\" data-end=\"1070\">Dobr\u00e1 krvn\u00e1 a lymfatick\u00e1 cirkul\u00e1cia br\u00e1ni vzniku k\u0155\u010dov\u00fdch \u017e\u00edl a metli\u010dkov\u00fdch \u017eiliek.<\/p>\n<\/li>\n<li data-start=\"1071\" data-end=\"1163\">\n<p data-start=\"1073\" data-end=\"1163\">Stagn\u00e1cia lymfy podporuje vznik celulit\u00eddy a tukov\u00fdch vank\u00fa\u0161ikov na stehn\u00e1ch a kolen\u00e1ch.<\/p>\n<\/li>\n<li data-start=\"1164\" data-end=\"1225\">\n<p data-start=\"1166\" data-end=\"1225\">Podpora obehu \u00fa\u010dinne p\u00f4sob\u00ed aj na lok\u00e1lne ukladanie tuku.<\/p>\n<\/li>\n<li data-start=\"1226\" data-end=\"1296\">\n<p data-start=\"1228\" data-end=\"1296\">Lymfatick\u00e1 o\u010dista pom\u00e1ha zv\u00fdrazni\u0165 prirodzen\u00e9 l\u00ednie \u010dlenkov a n\u00f4h.<\/p>\n<\/li>\n<\/ul>\n<p data-start=\"1298\" data-end=\"2226\"><strong data-start=\"1298\" data-end=\"1334\">Zlo\u017eenie v dennej d\u00e1vke (25 ml):<\/strong><br data-start=\"1334\" data-end=\"1337\" \/>\u010disten\u00e1 voda, rastlinn\u00fd glycer\u00edn; hydrolyzovan\u00fd kolag\u00e9n 1,5 g; sladidl\u00e1: frukt\u00f3za, steviol-glykozidy (z listov <em data-start=\"1448\" data-end=\"1475\">Stevia rebaudiana Bertoni<\/em>); glukon\u00e1t draseln\u00fd (drasl\u00edk 60 mg); ar\u00f3my: citr\u00f3n, sladk\u00e9 drievko; regul\u00e1tor kyslosti: kyselina citr\u00f3nov\u00e1; extrakt z \u010derven\u00e9ho vini\u010dov\u00e9ho listu 100 mg (z toho polyfenoly 5 mg); extrakt zo stonky anan\u00e1su 100 mg; extrakt z k\u00f4ry paga\u0161tanu konsk\u00e9ho 67 mg (z toho esc\u00edn 10 mg); konzerva\u010dn\u00e9 l\u00e1tky: sorban draseln\u00fd, benzoan sodn\u00fd; extrakt z hroznov\u00fdch jadier 30 mg (z toho prokyanid\u00edny 3 mg); zahus\u0165ovadlo: xant\u00e1nov\u00e1 guma; extrakt z kore\u0148a p\u00fapavy 20 mg (z toho inul\u00edn 0,4 mg); extrakt z listov hamamelu virg\u00ednskeho 20 mg (z toho polyfenoly 1 mg); extrakt z plodov \u010du\u010doriedky 4,5 mg (z toho antokyanid\u00edny 1,6 mg); extrakt z pupe\u0148a pupe\u010dn\u00edka \u00e1zijsk\u00e9ho 10 mg (z toho asiaticosid 2 mg); extrakt z plodov pestreca mari\u00e1nskeho 0,5 mg (z toho silymar\u00edn 0,4 mg).<\/p>\n<p data-start=\"2228\" data-end=\"2394\"><strong data-start=\"2228\" data-end=\"2252\">Recommended use:<\/strong> 2 \u00d7 denne 12,5 ml, rozpusti\u0165 v malom mno\u017estve tekutiny po jedle (odmerka na vrchu f\u013ea\u0161e). Usadenina je prirodzen\u00e1, pred pou\u017eit\u00edm pretrepa\u0165!<\/p>\n<p data-start=\"2396\" data-end=\"2603\"><strong data-start=\"2396\" data-end=\"2412\">Warning:<\/strong> Nevhodn\u00e9 pre tehotn\u00e9 a doj\u010diace \u017eeny. V pr\u00edpade precitlivenosti na niektor\u00fa zo zlo\u017eiek sa u\u017e\u00edvanie neodpor\u00fa\u010da. V\u00fd\u017eivov\u00fd doplnok nenahr\u00e1dza pestr\u00fa a vyv\u00e1\u017een\u00fa stravu ani zdrav\u00fd \u017eivotn\u00fd \u0161t\u00fdl.<\/p>\n<p data-start=\"2605\" data-end=\"2645\"><strong data-start=\"2605\" data-end=\"2617\">Packaging:<\/strong> 500 ml \/ 20 denn\u00fdch d\u00e1vok<\/p>","protected":false},"excerpt":{"rendered":"<p>Gambe Slim\u00ae bylinn\u00fd extrakt obsahuje 1500 mg kolag\u00e9nu na posilnenie spojivov\u00e9ho tkaniva a byliny na spevnenie cievnych stien, podporu krvn\u00e9ho a lymfatick\u00e9ho obehu. Pri vyv\u00e1\u017eenej strave a zdravom \u017eivotnom \u0161t\u00fdle m\u00f4\u017ee tento doplnok pom\u00f4c\u0165 pri probl\u00e9moch s k\u0155\u010dov\u00fdmi \u017eilami, metli\u010dkov\u00fdmi \u017eilkami, opuchmi n\u00f4h a pri celulit\u00edde sp\u00f4sobenej stagn\u00e1ciou lymfy. Pri k\u00fare (minim\u00e1lne 60 dn\u00ed, maxim\u00e1lne [&hellip;]<\/p>","protected":false},"featured_media":10035,"comment_status":"open","ping_status":"closed","template":"","meta":{"inline_featured_image":false},"product_brand":[],"product_cat":[69],"product_tag":[],"class_list":{"0":"post-9034","1":"product","2":"type-product","3":"status-publish","4":"has-post-thumbnail","6":"product_cat-vyzivove-doplnky","8":"first","9":"onbackorder","10":"taxable","11":"shipping-taxable","12":"purchasable","13":"product-type-simple"},"aioseo_notices":[],"_links":{"self":[{"href":"https:\/\/www.biokari.sk\/en\/wp-json\/wp\/v2\/product\/9034","targetHints":{"allow":["GET"]}}],"collection":[{"href":"https:\/\/www.biokari.sk\/en\/wp-json\/wp\/v2\/product"}],"about":[{"href":"https:\/\/www.biokari.sk\/en\/wp-json\/wp\/v2\/types\/product"}],"replies":[{"embeddable":true,"href":"https:\/\/www.biokari.sk\/en\/wp-json\/wp\/v2\/comments?post=9034"}],"wp:featuredmedia":[{"embeddable":true,"href":"https:\/\/www.biokari.sk\/en\/wp-json\/wp\/v2\/media\/10035"}],"wp:attachment":[{"href":"https:\/\/www.biokari.sk\/en\/wp-json\/wp\/v2\/media?parent=9034"}],"wp:term":[{"taxonomy":"product_brand","embeddable":true,"href":"https:\/\/www.biokari.sk\/en\/wp-json\/wp\/v2\/product_brand?post=9034"},{"taxonomy":"product_cat","embeddable":true,"href":"https:\/\/www.biokari.sk\/en\/wp-json\/wp\/v2\/product_cat?post=9034"},{"taxonomy":"product_tag","embeddable":true,"href":"https:\/\/www.biokari.sk\/en\/wp-json\/wp\/v2\/product_tag?post=9034"}],"curies":[{"name":"wp","href":"https:\/\/api.w.org\/{rel}","templated":true}]}}