{"id":9036,"date":"2025-07-01T14:37:09","date_gmt":"2025-07-01T12:37:09","guid":{"rendered":"https:\/\/www.biokari.sk\/produkt\/gyorgytea-kostihojovy-gel-85ml\/"},"modified":"2026-01-27T08:41:51","modified_gmt":"2026-01-27T07:41:51","slug":"gyorgytea-kostihojovy-gel-85ml","status":"publish","type":"product","link":"https:\/\/www.biokari.sk\/en\/product\/gyorgytea-kostihojovy-gel-85ml\/","title":{"rendered":"Gy\u00f6rgytea Kostihojov\u00fd gel 85ml"},"content":{"rendered":"<p data-start=\"57\" data-end=\"379\"><strong data-start=\"57\" data-end=\"70\">Composition:<\/strong> Aqua, Glycerin, <em data-start=\"87\" data-end=\"109\">Symphytum Officinale<\/em> Extract, Alcohol, Isopropylalcohol, <em data-start=\"146\" data-end=\"168\">Symphytum Officinale<\/em> Extract, <em data-start=\"178\" data-end=\"203\">Capsella Bursa Pastoris<\/em> Extract, Propanediol, Xanthan Gum, Phenoxyethanol a Ethylhexylglycerine, Carrageen, Hydroxyethyl Cellulose, <em data-start=\"312\" data-end=\"336\">Lavandula Angustifolia<\/em> Flower Oil, <em data-start=\"349\" data-end=\"372\">Eucalyptus Citriodora<\/em> Oil.<\/p>\n<p data-start=\"381\" data-end=\"449\"><strong data-start=\"381\" data-end=\"394\">Application:<\/strong> Postihnut\u00e9 miesto jemne natiera\u0165 nieko\u013ekokr\u00e1t denne.<\/p>\n<ul data-start=\"451\" data-end=\"989\">\n<li data-start=\"451\" data-end=\"575\">\n<p data-start=\"453\" data-end=\"575\">Pri <strong data-start=\"457\" data-end=\"474\">bolesti k\u013abov<\/strong> jemne natiera\u0165 oblas\u0165 ramien, lak\u0165ov, z\u00e1p\u00e4st\u00ed, bedier alebo kolien dvakr\u00e1t denne. Necha\u0165 vstreba\u0165.<\/p>\n<\/li>\n<li data-start=\"576\" data-end=\"693\">\n<p data-start=\"578\" data-end=\"693\">Pri <strong data-start=\"582\" data-end=\"612\">\u0165a\u017ekostiach bedrov\u00e9ho k\u013abu<\/strong> nanies\u0165 g\u00e9l v oblasti slab\u00edn, kde sa vstreb\u00e1va lep\u0161ie ne\u017e cez hrub\u00fa svalovinu.<\/p>\n<\/li>\n<li data-start=\"694\" data-end=\"813\">\n<p data-start=\"696\" data-end=\"813\">Po <strong data-start=\"699\" data-end=\"720\">zlomenin\u00e1ch kost\u00ed<\/strong>, po odstr\u00e1nen\u00ed sadry, natiera\u0165 postihnut\u00e9 miesto g\u00e9lom r\u00e1no aj ve\u010der, najmenej dva t\u00fd\u017edne.<\/p>\n<\/li>\n<li data-start=\"814\" data-end=\"989\">\n<p data-start=\"816\" data-end=\"989\">Pri <strong data-start=\"820\" data-end=\"843\">kostn\u00fdch v\u00fdrastkoch<\/strong> na chodidl\u00e1ch alebo ruk\u00e1ch: nanies\u0165 ve\u010der g\u00e9l a prekry\u0165 obv\u00e4zom (dunstov\u00fd obklad), ponecha\u0165 do r\u00e1na. Postup opakova\u0165, a\u017e k\u00fdm v\u00fdrastok nezmizne.<\/p>\n<\/li>\n<\/ul>\n<p data-start=\"991\" data-end=\"1013\"><strong data-start=\"991\" data-end=\"1011\">Contraindications:<\/strong><\/p>\n<ul data-start=\"1014\" data-end=\"1194\">\n<li data-start=\"1014\" data-end=\"1095\">\n<p data-start=\"1016\" data-end=\"1095\">G\u00e9l z kore\u0148a kostihoja (fekete nad\u00e1lyt\u0151) sa nesmie pou\u017e\u00edva\u0165 na otvoren\u00e9 rany.<\/p>\n<\/li>\n<li data-start=\"1096\" data-end=\"1158\">\n<p data-start=\"1098\" data-end=\"1158\">Neodpor\u00fa\u010da sa pou\u017e\u00edva\u0165 dlh\u0161ie ne\u017e 6 t\u00fd\u017ed\u0148ov bez prest\u00e1vky.<\/p>\n<\/li>\n<li data-start=\"1159\" data-end=\"1194\">\n<p data-start=\"1161\" data-end=\"1194\">Nie je vhodn\u00fd pre tehotn\u00e9 \u017eeny.<\/p>\n<\/li>\n<\/ul>\n<p data-start=\"1196\" data-end=\"1214\"><strong data-start=\"1196\" data-end=\"1206\">Volume:<\/strong> 85 ml<\/p>","protected":false},"excerpt":{"rendered":"<p>Zlo\u017eenie: Aqua, Glycerin, Symphytum Officinale Extract, Alcohol, Isopropylalcohol, Symphytum Officinale Extract, Capsella Bursa Pastoris Extract, Propanediol, Xanthan Gum, Phenoxyethanol a Ethylhexylglycerine, Carrageen, Hydroxyethyl Cellulose, Lavandula Angustifolia Flower Oil, Eucalyptus Citriodora Oil. Pou\u017eitie: Postihnut\u00e9 miesto jemne natiera\u0165 nieko\u013ekokr\u00e1t denne. Pri bolesti k\u013abov jemne natiera\u0165 oblas\u0165 ramien, lak\u0165ov, z\u00e1p\u00e4st\u00ed, bedier alebo kolien dvakr\u00e1t denne. Necha\u0165 vstreba\u0165. Pri [&hellip;]<\/p>","protected":false},"featured_media":10031,"comment_status":"open","ping_status":"closed","template":"","meta":{"inline_featured_image":false},"product_brand":[],"product_cat":[148],"product_tag":[],"class_list":{"0":"post-9036","1":"product","2":"type-product","3":"status-publish","4":"has-post-thumbnail","6":"product_cat-liecive-rastliny","8":"first","9":"onbackorder","10":"taxable","11":"shipping-taxable","12":"purchasable","13":"product-type-simple"},"aioseo_notices":[],"_links":{"self":[{"href":"https:\/\/www.biokari.sk\/en\/wp-json\/wp\/v2\/product\/9036","targetHints":{"allow":["GET"]}}],"collection":[{"href":"https:\/\/www.biokari.sk\/en\/wp-json\/wp\/v2\/product"}],"about":[{"href":"https:\/\/www.biokari.sk\/en\/wp-json\/wp\/v2\/types\/product"}],"replies":[{"embeddable":true,"href":"https:\/\/www.biokari.sk\/en\/wp-json\/wp\/v2\/comments?post=9036"}],"wp:featuredmedia":[{"embeddable":true,"href":"https:\/\/www.biokari.sk\/en\/wp-json\/wp\/v2\/media\/10031"}],"wp:attachment":[{"href":"https:\/\/www.biokari.sk\/en\/wp-json\/wp\/v2\/media?parent=9036"}],"wp:term":[{"taxonomy":"product_brand","embeddable":true,"href":"https:\/\/www.biokari.sk\/en\/wp-json\/wp\/v2\/product_brand?post=9036"},{"taxonomy":"product_cat","embeddable":true,"href":"https:\/\/www.biokari.sk\/en\/wp-json\/wp\/v2\/product_cat?post=9036"},{"taxonomy":"product_tag","embeddable":true,"href":"https:\/\/www.biokari.sk\/en\/wp-json\/wp\/v2\/product_tag?post=9036"}],"curies":[{"name":"wp","href":"https:\/\/api.w.org\/{rel}","templated":true}]}}