{"id":9048,"date":"2025-07-01T14:37:12","date_gmt":"2025-07-01T12:37:12","guid":{"rendered":"https:\/\/www.biokari.sk\/produkt\/bioco-multivaitamin-pre-deti-s-prichutou-ceresnou-90ks\/"},"modified":"2026-04-09T19:02:20","modified_gmt":"2026-04-09T17:02:20","slug":"bioco-multivaitamin-pre-deti-s-prichutou-ceresnou-90ks","status":"publish","type":"product","link":"https:\/\/www.biokari.sk\/en\/product\/bioco-multivaitamin-pre-deti-s-prichutou-ceresnou-90ks\/","title":{"rendered":"Bioco Multivaitam\u00edn pre deti s pr\u00edchu\u0165ou \u010dere\u0161\u0148ou 90ks"},"content":{"rendered":"<p data-start=\"364\" data-end=\"448\"><strong data-start=\"364\" data-end=\"393\">Podpora du\u0161evn\u00e9ho v\u00fdvoja:<\/strong> organick\u00e9 \u017eelezo pre rozvoj kognit\u00edvnych schopnost\u00ed. <strong data-start=\"451\" data-end=\"484\">Imunitn\u00fd syst\u00e9m a rast kost\u00ed:<\/strong> vysok\u00fd obsah vitam\u00ednu D prispieva k spr\u00e1vnemu fungovaniu imunitn\u00e9ho syst\u00e9mu a k rastu a v\u00fdvoju kost\u00ed u det\u00ed. <strong data-start=\"598\" data-end=\"620\">Komplexn\u00e1 ochrana:<\/strong> organick\u00fd zinok, vysok\u00e1 d\u00e1vka vitam\u00ednu C, bioakt\u00edvne vitam\u00edny B6 a B12. <strong data-start=\"697\" data-end=\"740\">Okam\u017eite vyu\u017eite\u013en\u00e9 vitam\u00edny skupiny B:<\/strong> vo forme biologicky akt\u00edvnych molek\u00fal, bez potreby \u010fal\u0161ej premeny v organizme.<\/p>\n<h3 data-start=\"823\" data-end=\"840\">Dosage:\u00a0<\/h3>\n<ul data-start=\"841\" data-end=\"990\">\n<li data-start=\"841\" data-end=\"891\">\n<p data-start=\"843\" data-end=\"891\"><strong data-start=\"843\" data-end=\"865\">Deti 6 \u2013 10 rokov:<\/strong> 1 \u017euvacia tableta denne<\/p>\n<\/li>\n<li data-start=\"892\" data-end=\"990\">\n<p data-start=\"894\" data-end=\"990\"><strong data-start=\"894\" data-end=\"917\">Deti 11 \u2013 14 rokov:<\/strong> 2 \u017euvacie tablety denne<br data-start=\"941\" data-end=\"944\" \/>Mo\u017eno po\u017eu\u0165 alebo necha\u0165 rozpusti\u0165 v \u00fastach.<\/p>\n<\/li>\n<\/ul>\n<h3 data-start=\"992\" data-end=\"1017\">Obsah \u00fa\u010dinn\u00fdch l\u00e1tok:<\/h3>\n<div class=\"_tableContainer_1rjym_1\">\n<div class=\"group _tableWrapper_1rjym_13 flex w-fit flex-col-reverse\">\n<table class=\"w-fit min-w-(--thread-content-width)\" data-start=\"1018\" data-end=\"1473\">\n<thead data-start=\"1018\" data-end=\"1074\">\n<tr data-start=\"1018\" data-end=\"1074\">\n<th data-start=\"1018\" data-end=\"1033\" data-col-size=\"sm\">\u00da\u010dinn\u00e1 l\u00e1tka<\/th>\n<th data-start=\"1033\" data-end=\"1045\" data-col-size=\"sm\">1 tableta<\/th>\n<th data-start=\"1045\" data-end=\"1053\" data-col-size=\"sm\">%NRV*<\/th>\n<th data-start=\"1053\" data-end=\"1065\" data-col-size=\"sm\">2 tablety<\/th>\n<th data-start=\"1065\" data-end=\"1074\" data-col-size=\"sm\">%NRV*<\/th>\n<\/tr>\n<\/thead>\n<tbody data-start=\"1132\" data-end=\"1473\">\n<tr data-start=\"1132\" data-end=\"1185\">\n<td data-start=\"1132\" data-end=\"1153\" data-col-size=\"sm\">Vitam\u00edn B6 (P-5-P)<\/td>\n<td data-start=\"1153\" data-end=\"1162\" data-col-size=\"sm\">0,7 mg<\/td>\n<td data-start=\"1162\" data-end=\"1168\" data-col-size=\"sm\">50%<\/td>\n<td data-start=\"1168\" data-end=\"1177\" data-col-size=\"sm\">1,4 mg<\/td>\n<td data-start=\"1177\" data-end=\"1185\" data-col-size=\"sm\">100%<\/td>\n<\/tr>\n<tr data-start=\"1186\" data-end=\"1250\">\n<td data-start=\"1186\" data-end=\"1217\" data-col-size=\"sm\">Vitam\u00edn B12 (metylkobalam\u00edn)<\/td>\n<td data-start=\"1217\" data-end=\"1227\" data-col-size=\"sm\">1,25 \u00b5g<\/td>\n<td data-start=\"1227\" data-end=\"1233\" data-col-size=\"sm\">50%<\/td>\n<td data-start=\"1233\" data-end=\"1242\" data-col-size=\"sm\">2,5 \u00b5g<\/td>\n<td data-start=\"1242\" data-end=\"1250\" data-col-size=\"sm\">100%<\/td>\n<\/tr>\n<tr data-start=\"1251\" data-end=\"1296\">\n<td data-start=\"1251\" data-end=\"1263\" data-col-size=\"sm\">Vitamin C<\/td>\n<td data-start=\"1263\" data-end=\"1272\" data-col-size=\"sm\">300 mg<\/td>\n<td data-start=\"1272\" data-end=\"1279\" data-col-size=\"sm\">375%<\/td>\n<td data-start=\"1279\" data-end=\"1288\" data-col-size=\"sm\">600 mg<\/td>\n<td data-start=\"1288\" data-end=\"1296\" data-col-size=\"sm\">750%<\/td>\n<\/tr>\n<tr data-start=\"1297\" data-end=\"1358\">\n<td data-start=\"1297\" data-end=\"1310\" data-col-size=\"sm\">Vitamin D3<\/td>\n<td data-start=\"1310\" data-end=\"1326\" data-col-size=\"sm\">5 \u00b5g (200 IU)<\/td>\n<td data-start=\"1326\" data-end=\"1333\" data-col-size=\"sm\">100%<\/td>\n<td data-start=\"1333\" data-end=\"1350\" data-col-size=\"sm\">10 \u00b5g (400 IU)<\/td>\n<td data-start=\"1350\" data-end=\"1358\" data-col-size=\"sm\">200%<\/td>\n<\/tr>\n<tr data-start=\"1359\" data-end=\"1417\">\n<td data-start=\"1359\" data-end=\"1386\" data-col-size=\"sm\">\u017delezo (organick\u00e1 forma)<\/td>\n<td data-start=\"1386\" data-end=\"1395\" data-col-size=\"sm\">2,1 mg<\/td>\n<td data-start=\"1395\" data-end=\"1401\" data-col-size=\"sm\">15%<\/td>\n<td data-start=\"1401\" data-end=\"1410\" data-col-size=\"sm\">4,2 mg<\/td>\n<td data-start=\"1410\" data-end=\"1417\" data-col-size=\"sm\">30%<\/td>\n<\/tr>\n<tr data-start=\"1418\" data-end=\"1473\">\n<td data-start=\"1418\" data-end=\"1444\" data-col-size=\"sm\">Zinok (organick\u00e1 forma)<\/td>\n<td data-start=\"1444\" data-end=\"1451\" data-col-size=\"sm\">5 mg<\/td>\n<td data-start=\"1451\" data-end=\"1457\" data-col-size=\"sm\">50%<\/td>\n<td data-start=\"1457\" data-end=\"1465\" data-col-size=\"sm\">10 mg<\/td>\n<td data-start=\"1465\" data-end=\"1473\" data-col-size=\"sm\">100%<\/td>\n<\/tr>\n<\/tbody>\n<\/table>\n<\/div>\n<\/div>\n\n\n<p>*%NRV: referen\u010dn\u00e1 hodnota pr\u00edjmu pre dospel\u00fdch.<\/p>\n\n\n\n<h4 class=\"wp-block-heading\"><strong>Composition<\/strong>: Dextr\u00f3za, sodn\u00e1 so\u013e kyseliny askorbovej, mastn\u00e9 kyseliny (le\u0161tiace l\u00e1tky), kyselina L-askorbov\u00e1, pr\u00edrodn\u00e1 ar\u00f3ma citr\u00f3nu, citr\u00e1t zino\u010dnat\u00fd, oxid kremi\u010dit\u00fd, fumar\u00e1t \u017eeleznat\u00fd, sladidl\u00e1 (sukral\u00f3za, sodn\u00e1 so\u013e cyklamovej kyseliny), pyridoxal-5-fosf\u00e1t, cholekalciferol, metylkobalam\u00edn.<\/h4>\n\n\n\n<h4 class=\"wp-block-heading\"><strong>Storage<\/strong>: Uchov\u00e1vajte mimo dosahu det\u00ed, na suchom a tmavom mieste, pri teplote 15\u201325 \u00b0C. Tablety s\u00fa citliv\u00e9 na vlhkos\u0165, po ka\u017edom pou\u017eit\u00ed d\u00f4kladne uzavrite! Po otvoren\u00ed spotrebujte do 2 mesiacov.<\/h4>\n\n\n\n<h4 class=\"wp-block-heading\"><strong>Notice<\/strong>: V\u00fd\u017eivov\u00fd doplnok nenahr\u00e1dza pestr\u00fa a vyv\u00e1\u017een\u00fa stravu ani zdrav\u00fd \u017eivotn\u00fd \u0161t\u00fdl. Neprekra\u010dujte odpor\u00fa\u010dan\u00fa denn\u00fa d\u00e1vku! Nevhodn\u00e9 pre osoby s alergiou na niektor\u00fa zo zlo\u017eiek. Kv\u00f4li obsahu vitam\u00ednu C a \u017eeleza nepod\u00e1vajte de\u0165om nala\u010dno.<\/h4>\n\n\n\n<p><strong>Packaging:<\/strong> 90ks<\/p>","protected":false},"excerpt":{"rendered":"<p>Podpora du\u0161evn\u00e9ho v\u00fdvoja: organick\u00e9 \u017eelezo pre rozvoj kognit\u00edvnych schopnost\u00ed. Imunitn\u00fd syst\u00e9m a rast kost\u00ed: vysok\u00fd obsah vitam\u00ednu D prispieva k spr\u00e1vnemu fungovaniu imunitn\u00e9ho syst\u00e9mu a k rastu a v\u00fdvoju kost\u00ed u det\u00ed. Komplexn\u00e1 ochrana: organick\u00fd zinok, vysok\u00e1 d\u00e1vka vitam\u00ednu C, bioakt\u00edvne vitam\u00edny B6 a B12. Okam\u017eite vyu\u017eite\u013en\u00e9 vitam\u00edny skupiny B: vo forme biologicky akt\u00edvnych molek\u00fal, [&hellip;]<\/p>","protected":false},"featured_media":10004,"comment_status":"open","ping_status":"closed","template":"","meta":{"inline_featured_image":false},"product_brand":[],"product_cat":[69],"product_tag":[],"class_list":{"0":"post-9048","1":"product","2":"type-product","3":"status-publish","4":"has-post-thumbnail","6":"product_cat-vyzivove-doplnky","8":"first","9":"instock","10":"taxable","11":"shipping-taxable","12":"purchasable","13":"product-type-simple"},"aioseo_notices":[],"_links":{"self":[{"href":"https:\/\/www.biokari.sk\/en\/wp-json\/wp\/v2\/product\/9048","targetHints":{"allow":["GET"]}}],"collection":[{"href":"https:\/\/www.biokari.sk\/en\/wp-json\/wp\/v2\/product"}],"about":[{"href":"https:\/\/www.biokari.sk\/en\/wp-json\/wp\/v2\/types\/product"}],"replies":[{"embeddable":true,"href":"https:\/\/www.biokari.sk\/en\/wp-json\/wp\/v2\/comments?post=9048"}],"wp:featuredmedia":[{"embeddable":true,"href":"https:\/\/www.biokari.sk\/en\/wp-json\/wp\/v2\/media\/10004"}],"wp:attachment":[{"href":"https:\/\/www.biokari.sk\/en\/wp-json\/wp\/v2\/media?parent=9048"}],"wp:term":[{"taxonomy":"product_brand","embeddable":true,"href":"https:\/\/www.biokari.sk\/en\/wp-json\/wp\/v2\/product_brand?post=9048"},{"taxonomy":"product_cat","embeddable":true,"href":"https:\/\/www.biokari.sk\/en\/wp-json\/wp\/v2\/product_cat?post=9048"},{"taxonomy":"product_tag","embeddable":true,"href":"https:\/\/www.biokari.sk\/en\/wp-json\/wp\/v2\/product_tag?post=9048"}],"curies":[{"name":"wp","href":"https:\/\/api.w.org\/{rel}","templated":true}]}}