{"id":9060,"date":"2025-07-01T14:37:15","date_gmt":"2025-07-01T12:37:15","guid":{"rendered":"https:\/\/www.biokari.sk\/produkt\/natur-tanya-komplex-prasok-pre-zeny-30-davok\/"},"modified":"2026-03-28T18:01:25","modified_gmt":"2026-03-28T17:01:25","slug":"natur-tanya-komplex-prasok-pre-zeny-30-davok","status":"publish","type":"product","link":"https:\/\/www.biokari.sk\/en\/product\/natur-tanya-komplex-prasok-pre-zeny-30-davok\/","title":{"rendered":"Natur tanya Komplex pr\u00e1\u0161ok pre \u017een\u00fd 30 d\u00e1vok"},"content":{"rendered":"<p data-start=\"150\" data-end=\"415\"><strong data-start=\"150\" data-end=\"281\">\u0160peci\u00e1lne vyvinut\u00fd komplex pre \u017eeny \u2013 s vysok\u00fdm obsahom mio-inozitolu (2000 mg na d\u00e1vku) a patentovan\u00fdmi bioakt\u00edvnymi zlo\u017ekami.<\/strong><br data-start=\"281\" data-end=\"284\" \/>Pr\u00e1\u0161kov\u00e1 forma s jemnou ovocnou pr\u00edchu\u0165ou, sladen\u00e1 pr\u00edrodnou st\u00e9viou, bez pridan\u00fdch farb\u00edv a konzervantov. Laborat\u00f3rne testovan\u00e9.<\/p>\n<h3 data-start=\"417\" data-end=\"445\">Hlavn\u00e9 v\u00fdhody produktu<\/h3>\n<ul data-start=\"446\" data-end=\"820\">\n<li data-start=\"446\" data-end=\"498\">\n<p data-start=\"448\" data-end=\"498\">\ud83c\udf38 2000 mg pr\u00edrodn\u00e9ho <strong data-start=\"470\" data-end=\"487\">mio-inozitolu<\/strong> na d\u00e1vku<\/p>\n<\/li>\n<li data-start=\"499\" data-end=\"554\">\n<p data-start=\"501\" data-end=\"554\">\ud83c\udf38 Bioakt\u00edvny <strong data-start=\"515\" data-end=\"537\">Quatrefolic\u00ae fol\u00e1t<\/strong> (4. gener\u00e1cia)<\/p>\n<\/li>\n<li data-start=\"555\" data-end=\"584\">\n<p data-start=\"557\" data-end=\"584\">\ud83c\udf38 <strong data-start=\"560\" data-end=\"582\">Maca kore\u0148 extrakt<\/strong><\/p>\n<\/li>\n<li data-start=\"585\" data-end=\"633\">\n<p data-start=\"587\" data-end=\"633\">\ud83c\udf38 Organick\u00fd <strong data-start=\"600\" data-end=\"631\">zinok-bisglycin\u00e1t (Albion\u2122)<\/strong><\/p>\n<\/li>\n<li data-start=\"634\" data-end=\"677\">\n<p data-start=\"636\" data-end=\"677\">\ud83c\udf38 Organick\u00fd <strong data-start=\"649\" data-end=\"675\">sel\u00e9n Selenium SeLECT\u00ae<\/strong><\/p>\n<\/li>\n<li data-start=\"678\" data-end=\"716\">\n<p data-start=\"680\" data-end=\"716\">\ud83c\udf38 Akt\u00edvny <strong data-start=\"691\" data-end=\"705\">vitam\u00edn B6<\/strong> (P-5\u2019-P)<\/p>\n<\/li>\n<li data-start=\"717\" data-end=\"757\">\n<p data-start=\"719\" data-end=\"757\">\ud83c\udf38 Akt\u00edvny <strong data-start=\"730\" data-end=\"755\">vitam\u00edn D3 (Quali-D\u00ae)<\/strong><\/p>\n<\/li>\n<li data-start=\"758\" data-end=\"820\">\n<p data-start=\"760\" data-end=\"820\">\ud83c\udf38 <strong data-start=\"763\" data-end=\"792\">BioPerine\u00ae \u010dierne korenie<\/strong> (\u0161tandardizovan\u00fd piper\u00edn)<\/p>\n<\/li>\n<\/ul>\n<p data-start=\"822\" data-end=\"1005\">\u2705 Bez lakt\u00f3zy, lepku a pridan\u00e9ho cukru<br data-start=\"860\" data-end=\"863\" \/>\u2705 Bez umel\u00fdch farb\u00edv, ar\u00f3m a konzerva\u010dn\u00fdch l\u00e1tok<br data-start=\"911\" data-end=\"914\" \/>\u2705 Vhodn\u00e9 aj po\u010das tehotenstva a doj\u010denia<br data-start=\"954\" data-end=\"957\" \/>\u2705 Laborat\u00f3rne testovan\u00e9, sp\u013a\u0148a v\u0161etky normy E\u00da<\/p>\n<h3 data-start=\"1012\" data-end=\"1045\">Pre koho je produkt ur\u010den\u00fd?<\/h3>\n<ul data-start=\"1046\" data-end=\"1337\">\n<li data-start=\"1046\" data-end=\"1133\">\n<p data-start=\"1048\" data-end=\"1133\">\u017eeny od 18 rokov, ktor\u00e9 chc\u00fa podpori\u0165 hormon\u00e1lnu rovnov\u00e1hu, plodnos\u0165 a reprodukciu,<\/p>\n<\/li>\n<li data-start=\"1134\" data-end=\"1164\">\n<p data-start=\"1136\" data-end=\"1164\">pri pl\u00e1novan\u00ed tehotenstva,<\/p>\n<\/li>\n<li data-start=\"1165\" data-end=\"1217\">\n<p data-start=\"1167\" data-end=\"1217\">pri probl\u00e9moch s men\u0161trua\u010dn\u00fdm cyklom alebo PCOS,<\/p>\n<\/li>\n<li data-start=\"1218\" data-end=\"1261\">\n<p data-start=\"1220\" data-end=\"1261\">na podporu libida a sexu\u00e1lnych funkci\u00ed,<\/p>\n<\/li>\n<li data-start=\"1262\" data-end=\"1337\">\n<p data-start=\"1264\" data-end=\"1337\">\u017eeny, ktor\u00e9 chc\u00fa doplni\u0165 bioakt\u00edvny fol\u00e1t a in\u00e9 k\u013e\u00fa\u010dov\u00e9 mikronutrienty.<\/p>\n<\/li>\n<\/ul>\n<h4 data-start=\"1344\" data-end=\"1371\"><strong>Recommended dosage:<\/strong><\/h4>\n<p data-start=\"1372\" data-end=\"1478\">Daily dose: <strong data-start=\"1385\" data-end=\"1402\">3,37 g pr\u00e1\u0161ku<\/strong> (4 zarovnan\u00e9 odmerky) rozmie\u0161a\u0165 v 1 dl vody a vypi\u0165 kedyko\u013evek po\u010das d\u0148a.<\/p>\n<p data-start=\"1480\" data-end=\"1538\">D\u013a\u017eka u\u017e\u00edvania: <strong data-start=\"1496\" data-end=\"1535\">minim\u00e1lne 60 dn\u00ed, maxim\u00e1lne 120 dn\u00ed<\/strong>.<\/p>\n<h3 data-start=\"1545\" data-end=\"1587\">\u00da\u010dinn\u00e9 l\u00e1tky v dennej d\u00e1vke (3,37 g)<\/h3>\n<ul data-start=\"1588\" data-end=\"2024\">\n<li data-start=\"1588\" data-end=\"1617\">\n<p data-start=\"1590\" data-end=\"1617\"><strong data-start=\"1590\" data-end=\"1606\">Mio-inozitol<\/strong>: 2000 mg<\/p>\n<\/li>\n<li data-start=\"1618\" data-end=\"1665\">\n<p data-start=\"1620\" data-end=\"1665\"><strong data-start=\"1620\" data-end=\"1642\">Quatrefolic\u00ae fol\u00e1t<\/strong>: 400 \u00b5g (200 % NRV*)<\/p>\n<\/li>\n<li data-start=\"1666\" data-end=\"1714\">\n<p data-start=\"1668\" data-end=\"1714\"><strong data-start=\"1668\" data-end=\"1691\">Vitam\u00edn B6 (P-5\u2019-P)<\/strong>: 1,4 mg (100 % NRV*)<\/p>\n<\/li>\n<li data-start=\"1715\" data-end=\"1775\">\n<p data-start=\"1717\" data-end=\"1775\"><strong data-start=\"1717\" data-end=\"1742\">Vitam\u00edn D3 (Quali-D\u00ae)<\/strong>: 50 \u00b5g = 2000 IU (1000 % NRV*)<\/p>\n<\/li>\n<li data-start=\"1776\" data-end=\"1831\">\n<p data-start=\"1778\" data-end=\"1831\"><strong data-start=\"1778\" data-end=\"1809\">Zinok (Albion\u2122 bisglycin\u00e1t)<\/strong>: 20 mg (200 % NRV*)<\/p>\n<\/li>\n<li data-start=\"1832\" data-end=\"1904\">\n<p data-start=\"1834\" data-end=\"1904\"><strong data-start=\"1834\" data-end=\"1879\">Sel\u00e9n (Selenium SeLECT\u00ae L-selenometion\u00edn)<\/strong>: 100 \u00b5g (181,8 % NRV*)<\/p>\n<\/li>\n<li data-start=\"1905\" data-end=\"1943\">\n<p data-start=\"1907\" data-end=\"1943\"><strong data-start=\"1907\" data-end=\"1934\">Maca kore\u0148 extrakt 10:1<\/strong>: 50 mg<\/p>\n<\/li>\n<li data-start=\"1944\" data-end=\"2024\">\n<p data-start=\"1946\" data-end=\"2024\"><strong data-start=\"1946\" data-end=\"1988\">BioPerine\u00ae \u010dierne korenie extrakt 50:1<\/strong>: 2,5 mg \u2013 z toho piper\u00edn 2,375 mg<\/p>\n<\/li>\n<\/ul>\n<p data-start=\"2026\" data-end=\"2077\">*NRV = Referen\u010dn\u00e1 v\u00fd\u017eivov\u00e1 hodnota pre dospel\u00fdch<\/p>\n<h4 data-start=\"2084\" data-end=\"2116\"><strong>Average nutritional values:<\/strong><\/h4>\n<div class=\"_tableContainer_1rjym_1\">\n<div class=\"group _tableWrapper_1rjym_13 flex w-fit flex-col-reverse\">\n<table class=\"w-fit min-w-(--thread-content-width)\" data-start=\"2118\" data-end=\"2447\">\n<thead data-start=\"2118\" data-end=\"2155\">\n<tr data-start=\"2118\" data-end=\"2155\">\n<th data-start=\"2118\" data-end=\"2135\" data-col-size=\"sm\">100 g produktu<\/th>\n<th data-start=\"2135\" data-end=\"2155\" data-col-size=\"sm\">1 d\u00e1vka (3,37 g)<\/th>\n<\/tr>\n<\/thead>\n<tbody data-start=\"2194\" data-end=\"2447\">\n<tr data-start=\"2194\" data-end=\"2243\">\n<td data-start=\"2194\" data-end=\"2224\" data-col-size=\"sm\">Energia: 1504 kJ \/ 353 kcal<\/td>\n<td data-start=\"2224\" data-end=\"2243\" data-col-size=\"sm\">51 kJ \/ 12 kcal<\/td>\n<\/tr>\n<tr data-start=\"2244\" data-end=\"2292\">\n<td data-start=\"2244\" data-end=\"2285\" data-col-size=\"sm\">Tuky: &lt;0,5 g (z toho nas\u00fdten\u00e9: &lt;0,5 g)<\/td>\n<td data-start=\"2285\" data-end=\"2292\" data-col-size=\"sm\">0 g<\/td>\n<\/tr>\n<tr data-start=\"2293\" data-end=\"2362\">\n<td data-start=\"2293\" data-end=\"2333\" data-col-size=\"sm\">Sacharidy: 66 g (z toho cukry: 1,6 g)<\/td>\n<td data-start=\"2333\" data-end=\"2362\" data-col-size=\"sm\">2,2 g (z toho cukry: 0 g)<\/td>\n<\/tr>\n<tr data-start=\"2363\" data-end=\"2391\">\n<td data-start=\"2363\" data-end=\"2381\" data-col-size=\"sm\">Vl\u00e1knina: 3,7 g<\/td>\n<td data-start=\"2381\" data-end=\"2391\" data-col-size=\"sm\">&lt;0,5 g<\/td>\n<\/tr>\n<tr data-start=\"2392\" data-end=\"2422\">\n<td data-start=\"2392\" data-end=\"2412\" data-col-size=\"sm\">Bielkoviny: 1,8 g<\/td>\n<td data-start=\"2412\" data-end=\"2422\" data-col-size=\"sm\">&lt;0,5 g<\/td>\n<\/tr>\n<tr data-start=\"2423\" data-end=\"2447\">\n<td data-start=\"2423\" data-end=\"2437\" data-col-size=\"sm\">So\u013e: 0,68 g<\/td>\n<td data-start=\"2437\" data-end=\"2447\" data-col-size=\"sm\">0,02 g<\/td>\n<\/tr>\n<\/tbody>\n<\/table>\n<\/div>\n<\/div>\n\n\n<h4 class=\"wp-block-heading\"><strong>Composition:<\/strong> Mio-inozitol, regul\u00e1tor kyslosti (kyselina citr\u00f3nov\u00e1), Albion\u2122 zinok-bisglycin\u00e1t, pr\u00edrodn\u00e1 ovocn\u00e1 ar\u00f3ma, maca (Lepidium meyenii) kore\u0148 extrakt 10:1, sladidlo (st\u00e9viov\u00e9 glykozidy), Quali-D\u00ae vitam\u00edn D3 pr\u00edpravok, chlorid sodn\u00fd, L-selenometion\u00edn (Selenium SeLECT\u00ae), BioPerine\u00ae \u010dierne korenie extrakt, pyridox\u00e1l-5\u2019-fosf\u00e1t (akt\u00edvny vitam\u00edn B6), Quatrefolic\u00ae (6S-5-metyl-tetrahydrofol\u00e1t, glukozam\u00ednov\u00e1 so\u013e).<\/h4>\n\n\n\n<h4 class=\"wp-block-heading\"><strong>Upozornenia<\/strong>: Neprekra\u010dujte odpor\u00fa\u010dan\u00fa denn\u00fa d\u00e1vku. V\u00fd\u017eivov\u00fd doplnok sa nesmie pou\u017e\u00edva\u0165 ako n\u00e1hrada pestrej a vyv\u00e1\u017eenej stravy a zdrav\u00e9ho \u017eivotn\u00e9ho \u0161t\u00fdlu. Nevhodn\u00e9 pre osoby mlad\u0161ie ako 18 rokov.Vhodn\u00e9 pre diabetikov, tehotn\u00e9 a doj\u010diace \u017eeny. Pri u\u017e\u00edvan\u00ed liekov na riedenie krvi konzultujte s lek\u00e1rom.<\/h4>\n\n\n\n<h4 class=\"wp-block-heading\"><strong>Storage:<\/strong> Uchov\u00e1vajte v suchu, chlade, mimo dosahu det\u00ed!<\/h4>\n\n\n\n<p><strong>Net weight:<\/strong> 101,1 g (30 d\u00e1vok)<\/p>\n\n\n\n<p><\/p>","protected":false},"excerpt":{"rendered":"<p>\u0160peci\u00e1lne vyvinut\u00fd komplex pre \u017eeny \u2013 s vysok\u00fdm obsahom mio-inozitolu (2000 mg na d\u00e1vku) a patentovan\u00fdmi bioakt\u00edvnymi zlo\u017ekami.Pr\u00e1\u0161kov\u00e1 forma s jemnou ovocnou pr\u00edchu\u0165ou, sladen\u00e1 pr\u00edrodnou st\u00e9viou, bez pridan\u00fdch farb\u00edv a konzervantov. Laborat\u00f3rne testovan\u00e9. Hlavn\u00e9 v\u00fdhody produktu \ud83c\udf38 2000 mg pr\u00edrodn\u00e9ho mio-inozitolu na d\u00e1vku \ud83c\udf38 Bioakt\u00edvny Quatrefolic\u00ae fol\u00e1t (4. gener\u00e1cia) \ud83c\udf38 Maca kore\u0148 extrakt \ud83c\udf38 Organick\u00fd [&hellip;]<\/p>","protected":false},"featured_media":9989,"comment_status":"open","ping_status":"closed","template":"","meta":{"inline_featured_image":false},"product_brand":[],"product_cat":[69],"product_tag":[],"class_list":{"0":"post-9060","1":"product","2":"type-product","3":"status-publish","4":"has-post-thumbnail","6":"product_cat-vyzivove-doplnky","8":"first","9":"instock","10":"taxable","11":"shipping-taxable","12":"purchasable","13":"product-type-simple"},"aioseo_notices":[],"_links":{"self":[{"href":"https:\/\/www.biokari.sk\/en\/wp-json\/wp\/v2\/product\/9060","targetHints":{"allow":["GET"]}}],"collection":[{"href":"https:\/\/www.biokari.sk\/en\/wp-json\/wp\/v2\/product"}],"about":[{"href":"https:\/\/www.biokari.sk\/en\/wp-json\/wp\/v2\/types\/product"}],"replies":[{"embeddable":true,"href":"https:\/\/www.biokari.sk\/en\/wp-json\/wp\/v2\/comments?post=9060"}],"wp:featuredmedia":[{"embeddable":true,"href":"https:\/\/www.biokari.sk\/en\/wp-json\/wp\/v2\/media\/9989"}],"wp:attachment":[{"href":"https:\/\/www.biokari.sk\/en\/wp-json\/wp\/v2\/media?parent=9060"}],"wp:term":[{"taxonomy":"product_brand","embeddable":true,"href":"https:\/\/www.biokari.sk\/en\/wp-json\/wp\/v2\/product_brand?post=9060"},{"taxonomy":"product_cat","embeddable":true,"href":"https:\/\/www.biokari.sk\/en\/wp-json\/wp\/v2\/product_cat?post=9060"},{"taxonomy":"product_tag","embeddable":true,"href":"https:\/\/www.biokari.sk\/en\/wp-json\/wp\/v2\/product_tag?post=9060"}],"curies":[{"name":"wp","href":"https:\/\/api.w.org\/{rel}","templated":true}]}}